
{"id":9123,"date":"2017-10-23T14:17:32","date_gmt":"2017-10-23T14:17:32","guid":{"rendered":"https:\/\/www.valuationtribunal.ie\/faisneis-fuinn\/saorail-faisneise-cosaint-sonrai-agus-ceadunas-maidir-le-hathusaid-faisneise-seirbhise-poibli\/"},"modified":"2023-05-05T16:02:34","modified_gmt":"2023-05-05T16:02:34","slug":"saorail-faisneise-cosaint-sonrai-agus-ceadunas-maidir-le-hathusaid-faisneise-seirbhise-poibli","status":"publish","type":"page","link":"https:\/\/www.valuationtribunal.ie\/ga\/faisneis-fuinn\/saorail-faisneise-cosaint-sonrai-agus-ceadunas-maidir-le-hathusaid-faisneise-seirbhise-poibli\/","title":{"rendered":"Saor\u00e1il Faisn\u00e9ise, Cosaint Sonra\u00ed agus Cead\u00fanas maidir le hAth\u00fas\u00e1id Faisn\u00e9ise Seirbh\u00edse Poibl\u00ed"},"content":{"rendered":"\n<h2 class=\"wp-block-heading\">Saor\u00e1il Faisn\u00e9ise<\/h2>\n\n<p>Le h\u00e9ifeacht \u00f3n 31 Bealtaine 2006, t\u00e1 feidhm ag na hAchtanna um Shaor\u00e1il Faisn\u00e9ise maidir leis an mBinse Luach\u00e1la.<\/p>\n\n<p>Leis an <a href=\"https:\/\/www.oireachtas.ie\/documents\/bills28\/acts\/2014\/a3014.pdf\">Acht um Shaor\u00e1il Faisn\u00e9ise 2014<\/a> (\u201can tAcht um Shaor\u00e1il Faisn\u00e9ise\u201d), buna\u00edtear roinnt ceart t\u00e1bhachtach dl\u00edthi\u00fail do dhaoine at\u00e1 ag iarraidh rochtain a fh\u00e1il ar fhaisn\u00e9is oifigi\u00fail.<\/p>\n\n<p>Cearta reacht\u00fala faoin Acht um Shaor\u00e1il Faisn\u00e9ise:<\/p>\n\n<ul class=\"wp-block-list\"><li>Ceart dl\u00edthi\u00fail do gach duine chun rochtain a fh\u00e1il ar fhaisn\u00e9is a shealbha\u00edonn comhlachta\u00ed poibl\u00ed<\/li><li>Ceart dl\u00edthi\u00fail do gach duine chun faisn\u00e9is oifigi\u00fail a bhaineann leis an duine a chur \u00e1 leas\u00fa i gc\u00e1s ina bhfuil an fhaisn\u00e9is sin neamhioml\u00e1n, m\u00edcheart n\u00f3 m\u00edthreorach<\/li><li>Ceart dl\u00edthi\u00fail chun c\u00faiseanna a fh\u00e1il i leith breitheanna a bhaineann leis an duine at\u00e1 i gceist<\/li><\/ul>\n\n<p>T\u00e1 an tAcht um Shaor\u00e1il Faisn\u00e9ise ceaptha chun ligean do dhaoine den phobal rochtain a fh\u00e1il ar fhaisn\u00e9is a shealbha\u00edonn an Coimisi\u00fan ar faisn\u00e9is \u00ed NACH mB\u00cdONN ar f\u00e1il de ghn\u00e1th tr\u00ed fhoins\u00ed eile Tagann rochtain ar fhaisn\u00e9is faoi Shaor\u00e1il Faisn\u00e9ise faoi r\u00e9ir d\u00edol\u00faint\u00ed \u00e1irithe agus t\u00e1 n\u00f3sanna imeachta agus teorainneacha ama sonracha ann ina leith.<\/p>\n\n<p>Further information on the functions and records and on the rules and practices of the Valuation Tribunal is available in the <a href=\"https:\/\/www.valuationtribunal.ie\/wp-content\/uploads\/2017\/10\/Valuation-Tribunal-FOI-Sections-15-16-Manual-May-2018.pdf\">Sections 15 &amp; 16 Reference Book \u2013 A Guide to Functions, Records, Rules and Practices of the Valuation Tribunal<\/a> published in accordance with\u00a0the Freedom of Information Act.<\/p>\n\n<h3 class=\"wp-block-heading\">Cosaint Sonra\u00ed<\/h3>\n\n<p>The General Data Protection Regulation (GDPR)\u00a0came into effect on 25<sup>th<\/sup>\u00a0May 2018. It provides regulation in relation to personal data including its collection and use by organisations and its protection. You have a right to obtain a copy of any information relating to you kept by the Valuation Tribunal. If you have an enquiry under the Data Protection Act, please contact us, giving as much detail as possible to enable us to locate your records.\u00a0Further information on the data held by the Valuation Tribunal can be found in our <a href=\"https:\/\/www.valuationtribunal.ie\/about-us\/privacy-policy\/\">Privacy Policy<\/a>.<\/p>\n\n<h3 class=\"wp-block-heading\">Cead\u00fanas maidir le hAth\u00fas\u00e1id Faisn\u00e9ise Earn\u00e1la Poibl\u00ed<\/h3>\n\n<p>Rialach\u00e1in na gComhphobal Eorpach (Faisn\u00e9is Earn\u00e1la Poibl\u00ed a Ath\u00fas\u00e1id), 2005 (I.R. Uimh. 279 de 2005)<\/p>\n\n<p>Comhl\u00edonann an Binse Luach\u00e1la na Rialach\u00e1in a bhaineann le Faisn\u00e9is Earn\u00e1la Poibl\u00ed a Ath\u00fas\u00e1id agus spreagaimid ath\u00fas\u00e1id na faisn\u00e9ise a th\u00e1irgimid F\u00e9adtar faisn\u00e9is agus doicim\u00e9id a fhaightear \u00f3n l\u00e1ithre\u00e1n gr\u00e9as\u00e1in seo a at\u00e1irgeadh agus\/n\u00f3 a ath\u00fas\u00e1id, ach sin faoi r\u00e9ir an chead\u00fanais is d\u00e9ana\u00ed maidir le hAth\u00fas\u00e1id Faisn\u00e9ise Earn\u00e1la Poibl\u00ed, ar doicim\u00e9ad \u00e9 at\u00e1 ar f\u00e1il ag <a href=\"http:\/\/www.psi.gov.ie\/\">www.psi.gov.ie<\/a>.<\/p>\n\n<p>T\u00e1 c\u00f3ipcheart ag an mBinse Luach\u00e1la ar an bhfaisn\u00e9is at\u00e1 ar \u00e1r l\u00e1ithre\u00e1n gr\u00e9as\u00e1in. F\u00e9adfaidh t\u00fa an fhaisn\u00e9is ar \u00e1r l\u00e1ithre\u00e1n gr\u00e9as\u00e1in a ath\u00fas\u00e1id saor in aisce. \u00c1ir\u00edonn ath\u00fas\u00e1id c\u00f3ipe\u00e1il, c\u00f3ipeanna a eisi\u00faint don phobal, foilsi\u00fa, craoladh agus aistri\u00fa go teangacha eile. Cl\u00fada\u00edonn s\u00e9 taighde agus staid\u00e9ar neamhthr\u00e1cht\u00e1la freisin. Tagann ath\u00fas\u00e1id faoi r\u00e9ir na gcoinn\u00edollacha seo a leanas: T\u00e1 s\u00e9 de cheangal ort:<\/p>\n\n<ul class=\"wp-block-list\"><li>\u2022 Admh\u00e1il a thabhairt i leith fhoinse na faisn\u00e9ise agus i leith ch\u00f3ipcheart an Bhinse Luach\u00e1la i gc\u00e1s ina sol\u00e1thra\u00edonn t\u00fa an fhaisn\u00e9is do dhaoine eile;<\/li><li>\u2022 An fhaisn\u00e9is a at\u00e1irgeadh go cruinn;<\/li><li>\u2022 Gan an fhaisn\u00e9is a \u00fas\u00e1id ar bhealach m\u00edthreorach;<\/li><li>\u2022 Gan an fhaisn\u00e9is a \u00fas\u00e1id ar mhodh arb \u00e9 is pr\u00edomhchusp\u00f3ir d\u00f3 t\u00e1irge n\u00f3 seirbh\u00eds ar leith a fh\u00f3gairt n\u00f3 a chur chun cinn;<\/li><li>\u2022 Gan an fhaisn\u00e9is a \u00fas\u00e1id ar mhaithe le cusp\u00f3ir\u00ed neamhdhleathacha, m\u00edmhor\u00e1lta, calaoiseacha n\u00f3 m\u00edmhac\u00e1nta n\u00e1 chun tac\u00fa le cusp\u00f3ir\u00ed den s\u00f3rt sin.<\/li><\/ul>\n\n<p>\u2022 N\u00edl dliteanas ar an mBinse Luach\u00e1la i leith aon chaillteanas n\u00f3 dliteanas a bhaineann le hath\u00fas\u00e1id faisn\u00e9ise agus n\u00ed dheimhn\u00edonn s\u00e9 go bhfuil an fhaisn\u00e9is cothrom le d\u00e1ta n\u00f3 saor \u00f3 earr\u00e1id. N\u00ed \u00fadara\u00edonn an Binse Luach\u00e1la d\u2019aon \u00fas\u00e1ideoir cearta eisiacha a bheith aige n\u00f3 aici i leith a chuid faisn\u00e9ise a ath\u00fas\u00e1id.<\/p>\n\n<p>Further information is available in the <a href=\"https:\/\/www.valuationtribunal.ie\/wp-content\/uploads\/2017\/10\/Valuation-Tribunal-FOI-Sections-15-16-Manual-May-2018.pdf\">Sections 15 &amp; 16 Reference Book \u2013 A Guide to Functions, Records, Rules and Practices of the Valuation\u00a0Tribunal<\/a>\u00a0published in accordance with the Freedom of Information Acts.<\/p>\n\n<p>Chun tuilleadh faisn\u00e9ise a fh\u00e1il faoi ath\u00fas\u00e1id na faisn\u00e9ise a choime\u00e1dann an Binse Luach\u00e1la, iarrtar ort dul i dteagmh\u00e1il leis an duine seo a leanas:<\/p>\n\n<p>An Cl\u00e1raitheoir<br\/>Teileaf\u00f3n: 01 676 0130<br\/><a href=\"mailto:info@valuationtribunal.ie\">info@valuationtribunal.ie.<\/a><\/p>\n","protected":false},"excerpt":{"rendered":"<p>Saor\u00e1il Faisn\u00e9ise Le h\u00e9ifeacht \u00f3n 31 Bealtaine 2006, t\u00e1 feidhm ag na hAchtanna um Shaor\u00e1il Faisn\u00e9ise maidir leis an mBinse Luach\u00e1la. Leis an Acht um Shaor\u00e1il Faisn\u00e9ise 2014 (\u201can tAcht um Shaor\u00e1il Faisn\u00e9ise\u201d), buna\u00edtear roinnt ceart t\u00e1bhachtach dl\u00edthi\u00fail do dhaoine at\u00e1 ag iarraidh rochtain a fh\u00e1il ar fhaisn\u00e9is oifigi\u00fail. Cearta reacht\u00fala faoin Acht um Shaor\u00e1il [&hellip;]<\/p>\n","protected":false},"author":2,"featured_media":0,"parent":9016,"menu_order":0,"comment_status":"closed","ping_status":"closed","template":"","meta":{"site-sidebar-layout":"default","site-content-layout":"","ast-site-content-layout":"default","site-content-style":"default","site-sidebar-style":"default","ast-global-header-display":"","ast-banner-title-visibility":"","ast-main-header-display":"","ast-hfb-above-header-display":"","ast-hfb-below-header-display":"","ast-hfb-mobile-header-display":"","site-post-title":"","ast-breadcrumbs-content":"","ast-featured-img":"","footer-sml-layout":"","ast-disable-related-posts":"","theme-transparent-header-meta":"","adv-header-id-meta":"","stick-header-meta":"","header-above-stick-meta":"","header-main-stick-meta":"","header-below-stick-meta":"","astra-migrate-meta-layouts":"default","ast-page-background-enabled":"default","ast-page-background-meta":{"desktop":{"background-color":"var(--ast-global-color-4)","background-image":"","background-repeat":"repeat","background-position":"center center","background-size":"auto","background-attachment":"scroll","background-type":"","background-media":"","overlay-type":"","overlay-color":"","overlay-opacity":"","overlay-gradient":""},"tablet":{"background-color":"","background-image":"","background-repeat":"repeat","background-position":"center center","background-size":"auto","background-attachment":"scroll","background-type":"","background-media":"","overlay-type":"","overlay-color":"","overlay-opacity":"","overlay-gradient":""},"mobile":{"background-color":"","background-image":"","background-repeat":"repeat","background-position":"center center","background-size":"auto","background-attachment":"scroll","background-type":"","background-media":"","overlay-type":"","overlay-color":"","overlay-opacity":"","overlay-gradient":""}},"ast-content-background-meta":{"desktop":{"background-color":"var(--ast-global-color-5)","background-image":"","background-repeat":"repeat","background-position":"center center","background-size":"auto","background-attachment":"scroll","background-type":"","background-media":"","overlay-type":"","overlay-color":"","overlay-opacity":"","overlay-gradient":""},"tablet":{"background-color":"var(--ast-global-color-5)","background-image":"","background-repeat":"repeat","background-position":"center center","background-size":"auto","background-attachment":"scroll","background-type":"","background-media":"","overlay-type":"","overlay-color":"","overlay-opacity":"","overlay-gradient":""},"mobile":{"background-color":"var(--ast-global-color-5)","background-image":"","background-repeat":"repeat","background-position":"center center","background-size":"auto","background-attachment":"scroll","background-type":"","background-media":"","overlay-type":"","overlay-color":"","overlay-opacity":"","overlay-gradient":""}},"footnotes":""},"class_list":["post-9123","page","type-page","status-publish","hentry"],"yoast_head":"<!-- This site is optimized with the Yoast SEO plugin v27.3 - https:\/\/yoast.com\/product\/yoast-seo-wordpress\/ -->\n<title>Saor\u00e1il Faisn\u00e9ise, Cosaint Sonra\u00ed agus Cead\u00fanas maidir le hAth\u00fas\u00e1id Faisn\u00e9ise Seirbh\u00edse Poibl\u00ed - An Binse Luach\u00e1la<\/title>\n<meta name=\"robots\" content=\"index, follow, max-snippet:-1, max-image-preview:large, max-video-preview:-1\" \/>\n<link rel=\"canonical\" href=\"https:\/\/www.valuationtribunal.ie\/ga\/faisneis-fuinn\/saorail-faisneise-cosaint-sonrai-agus-ceadunas-maidir-le-hathusaid-faisneise-seirbhise-poibli\/\" \/>\n<meta property=\"og:locale\" content=\"ga_IE\" \/>\n<meta property=\"og:type\" content=\"article\" \/>\n<meta property=\"og:title\" content=\"Saor\u00e1il Faisn\u00e9ise, Cosaint Sonra\u00ed agus Cead\u00fanas maidir le hAth\u00fas\u00e1id Faisn\u00e9ise Seirbh\u00edse Poibl\u00ed - An Binse Luach\u00e1la\" \/>\n<meta property=\"og:description\" content=\"Saor\u00e1il Faisn\u00e9ise Le h\u00e9ifeacht \u00f3n 31 Bealtaine 2006, t\u00e1 feidhm ag na hAchtanna um Shaor\u00e1il Faisn\u00e9ise maidir leis an mBinse Luach\u00e1la. Leis an Acht um Shaor\u00e1il Faisn\u00e9ise 2014 (\u201can tAcht um Shaor\u00e1il Faisn\u00e9ise\u201d), buna\u00edtear roinnt ceart t\u00e1bhachtach dl\u00edthi\u00fail do dhaoine at\u00e1 ag iarraidh rochtain a fh\u00e1il ar fhaisn\u00e9is oifigi\u00fail. Cearta reacht\u00fala faoin Acht um Shaor\u00e1il [&hellip;]\" \/>\n<meta property=\"og:url\" content=\"https:\/\/www.valuationtribunal.ie\/ga\/faisneis-fuinn\/saorail-faisneise-cosaint-sonrai-agus-ceadunas-maidir-le-hathusaid-faisneise-seirbhise-poibli\/\" \/>\n<meta property=\"og:site_name\" content=\"An Binse Luach\u00e1la\" \/>\n<meta property=\"article:modified_time\" content=\"2023-05-05T16:02:34+00:00\" \/>\n<meta name=\"twitter:label1\" content=\"Est. reading time\" \/>\n\t<meta name=\"twitter:data1\" content=\"4 minutes\" \/>\n<script type=\"application\/ld+json\" class=\"yoast-schema-graph\">{\"@context\":\"https:\\\/\\\/schema.org\",\"@graph\":[{\"@type\":\"WebPage\",\"@id\":\"https:\\\/\\\/www.valuationtribunal.ie\\\/ga\\\/faisneis-fuinn\\\/saorail-faisneise-cosaint-sonrai-agus-ceadunas-maidir-le-hathusaid-faisneise-seirbhise-poibli\\\/\",\"url\":\"https:\\\/\\\/www.valuationtribunal.ie\\\/ga\\\/faisneis-fuinn\\\/saorail-faisneise-cosaint-sonrai-agus-ceadunas-maidir-le-hathusaid-faisneise-seirbhise-poibli\\\/\",\"name\":\"Saor\u00e1il Faisn\u00e9ise, Cosaint Sonra\u00ed agus Cead\u00fanas maidir le hAth\u00fas\u00e1id Faisn\u00e9ise Seirbh\u00edse Poibl\u00ed - An Binse Luach\u00e1la\",\"isPartOf\":{\"@id\":\"https:\\\/\\\/vt.fusio.dev\\\/#website\"},\"datePublished\":\"2017-10-23T14:17:32+00:00\",\"dateModified\":\"2023-05-05T16:02:34+00:00\",\"breadcrumb\":{\"@id\":\"https:\\\/\\\/www.valuationtribunal.ie\\\/ga\\\/faisneis-fuinn\\\/saorail-faisneise-cosaint-sonrai-agus-ceadunas-maidir-le-hathusaid-faisneise-seirbhise-poibli\\\/#breadcrumb\"},\"inLanguage\":\"ga-IE\",\"potentialAction\":[{\"@type\":\"ReadAction\",\"target\":[\"https:\\\/\\\/www.valuationtribunal.ie\\\/ga\\\/faisneis-fuinn\\\/saorail-faisneise-cosaint-sonrai-agus-ceadunas-maidir-le-hathusaid-faisneise-seirbhise-poibli\\\/\"]}]},{\"@type\":\"BreadcrumbList\",\"@id\":\"https:\\\/\\\/www.valuationtribunal.ie\\\/ga\\\/faisneis-fuinn\\\/saorail-faisneise-cosaint-sonrai-agus-ceadunas-maidir-le-hathusaid-faisneise-seirbhise-poibli\\\/#breadcrumb\",\"itemListElement\":[{\"@type\":\"ListItem\",\"position\":1,\"name\":\"Home\",\"item\":\"https:\\\/\\\/www.valuationtribunal.ie\\\/ga\\\/\"},{\"@type\":\"ListItem\",\"position\":2,\"name\":\"Faisn\u00e9is F\u00fainn\",\"item\":\"https:\\\/\\\/vt.fusio.dev\\\/faisneis-fuinn\\\/\"},{\"@type\":\"ListItem\",\"position\":3,\"name\":\"Saor\u00e1il Faisn\u00e9ise, Cosaint Sonra\u00ed agus Cead\u00fanas maidir le hAth\u00fas\u00e1id Faisn\u00e9ise Seirbh\u00edse Poibl\u00ed\"}]},{\"@type\":\"WebSite\",\"@id\":\"https:\\\/\\\/vt.fusio.dev\\\/#website\",\"url\":\"https:\\\/\\\/vt.fusio.dev\\\/\",\"name\":\"An Binse Luach\u00e1la\",\"description\":\"\",\"publisher\":{\"@id\":\"https:\\\/\\\/vt.fusio.dev\\\/#organization\"},\"potentialAction\":[{\"@type\":\"SearchAction\",\"target\":{\"@type\":\"EntryPoint\",\"urlTemplate\":\"https:\\\/\\\/vt.fusio.dev\\\/?s={search_term_string}\"},\"query-input\":{\"@type\":\"PropertyValueSpecification\",\"valueRequired\":true,\"valueName\":\"search_term_string\"}}],\"inLanguage\":\"ga-IE\"},{\"@type\":\"Organization\",\"@id\":\"https:\\\/\\\/vt.fusio.dev\\\/#organization\",\"name\":\"An Binse Luach\u00e1la\",\"url\":\"https:\\\/\\\/vt.fusio.dev\\\/\",\"logo\":{\"@type\":\"ImageObject\",\"inLanguage\":\"ga-IE\",\"@id\":\"https:\\\/\\\/vt.fusio.dev\\\/#\\\/schema\\\/logo\\\/image\\\/\",\"url\":\"https:\\\/\\\/www.valuationtribunal.ie\\\/wp-content\\\/uploads\\\/2017\\\/06\\\/Valuation-Tribunal-Logo-250.jpg\",\"contentUrl\":\"https:\\\/\\\/www.valuationtribunal.ie\\\/wp-content\\\/uploads\\\/2017\\\/06\\\/Valuation-Tribunal-Logo-250.jpg\",\"width\":250,\"height\":72,\"caption\":\"An Binse Luach\u00e1la\"},\"image\":{\"@id\":\"https:\\\/\\\/vt.fusio.dev\\\/#\\\/schema\\\/logo\\\/image\\\/\"}}]}<\/script>\n<!-- \/ Yoast SEO plugin. -->","yoast_head_json":{"title":"Saor\u00e1il Faisn\u00e9ise, Cosaint Sonra\u00ed agus Cead\u00fanas maidir le hAth\u00fas\u00e1id Faisn\u00e9ise Seirbh\u00edse Poibl\u00ed - An Binse Luach\u00e1la","robots":{"index":"index","follow":"follow","max-snippet":"max-snippet:-1","max-image-preview":"max-image-preview:large","max-video-preview":"max-video-preview:-1"},"canonical":"https:\/\/www.valuationtribunal.ie\/ga\/faisneis-fuinn\/saorail-faisneise-cosaint-sonrai-agus-ceadunas-maidir-le-hathusaid-faisneise-seirbhise-poibli\/","og_locale":"ga_IE","og_type":"article","og_title":"Saor\u00e1il Faisn\u00e9ise, Cosaint Sonra\u00ed agus Cead\u00fanas maidir le hAth\u00fas\u00e1id Faisn\u00e9ise Seirbh\u00edse Poibl\u00ed - An Binse Luach\u00e1la","og_description":"Saor\u00e1il Faisn\u00e9ise Le h\u00e9ifeacht \u00f3n 31 Bealtaine 2006, t\u00e1 feidhm ag na hAchtanna um Shaor\u00e1il Faisn\u00e9ise maidir leis an mBinse Luach\u00e1la. Leis an Acht um Shaor\u00e1il Faisn\u00e9ise 2014 (\u201can tAcht um Shaor\u00e1il Faisn\u00e9ise\u201d), buna\u00edtear roinnt ceart t\u00e1bhachtach dl\u00edthi\u00fail do dhaoine at\u00e1 ag iarraidh rochtain a fh\u00e1il ar fhaisn\u00e9is oifigi\u00fail. Cearta reacht\u00fala faoin Acht um Shaor\u00e1il [&hellip;]","og_url":"https:\/\/www.valuationtribunal.ie\/ga\/faisneis-fuinn\/saorail-faisneise-cosaint-sonrai-agus-ceadunas-maidir-le-hathusaid-faisneise-seirbhise-poibli\/","og_site_name":"An Binse Luach\u00e1la","article_modified_time":"2023-05-05T16:02:34+00:00","twitter_misc":{"Est. reading time":"4 minutes"},"schema":{"@context":"https:\/\/schema.org","@graph":[{"@type":"WebPage","@id":"https:\/\/www.valuationtribunal.ie\/ga\/faisneis-fuinn\/saorail-faisneise-cosaint-sonrai-agus-ceadunas-maidir-le-hathusaid-faisneise-seirbhise-poibli\/","url":"https:\/\/www.valuationtribunal.ie\/ga\/faisneis-fuinn\/saorail-faisneise-cosaint-sonrai-agus-ceadunas-maidir-le-hathusaid-faisneise-seirbhise-poibli\/","name":"Saor\u00e1il Faisn\u00e9ise, Cosaint Sonra\u00ed agus Cead\u00fanas maidir le hAth\u00fas\u00e1id Faisn\u00e9ise Seirbh\u00edse Poibl\u00ed - An Binse Luach\u00e1la","isPartOf":{"@id":"https:\/\/vt.fusio.dev\/#website"},"datePublished":"2017-10-23T14:17:32+00:00","dateModified":"2023-05-05T16:02:34+00:00","breadcrumb":{"@id":"https:\/\/www.valuationtribunal.ie\/ga\/faisneis-fuinn\/saorail-faisneise-cosaint-sonrai-agus-ceadunas-maidir-le-hathusaid-faisneise-seirbhise-poibli\/#breadcrumb"},"inLanguage":"ga-IE","potentialAction":[{"@type":"ReadAction","target":["https:\/\/www.valuationtribunal.ie\/ga\/faisneis-fuinn\/saorail-faisneise-cosaint-sonrai-agus-ceadunas-maidir-le-hathusaid-faisneise-seirbhise-poibli\/"]}]},{"@type":"BreadcrumbList","@id":"https:\/\/www.valuationtribunal.ie\/ga\/faisneis-fuinn\/saorail-faisneise-cosaint-sonrai-agus-ceadunas-maidir-le-hathusaid-faisneise-seirbhise-poibli\/#breadcrumb","itemListElement":[{"@type":"ListItem","position":1,"name":"Home","item":"https:\/\/www.valuationtribunal.ie\/ga\/"},{"@type":"ListItem","position":2,"name":"Faisn\u00e9is F\u00fainn","item":"https:\/\/vt.fusio.dev\/faisneis-fuinn\/"},{"@type":"ListItem","position":3,"name":"Saor\u00e1il Faisn\u00e9ise, Cosaint Sonra\u00ed agus Cead\u00fanas maidir le hAth\u00fas\u00e1id Faisn\u00e9ise Seirbh\u00edse Poibl\u00ed"}]},{"@type":"WebSite","@id":"https:\/\/vt.fusio.dev\/#website","url":"https:\/\/vt.fusio.dev\/","name":"An Binse Luach\u00e1la","description":"","publisher":{"@id":"https:\/\/vt.fusio.dev\/#organization"},"potentialAction":[{"@type":"SearchAction","target":{"@type":"EntryPoint","urlTemplate":"https:\/\/vt.fusio.dev\/?s={search_term_string}"},"query-input":{"@type":"PropertyValueSpecification","valueRequired":true,"valueName":"search_term_string"}}],"inLanguage":"ga-IE"},{"@type":"Organization","@id":"https:\/\/vt.fusio.dev\/#organization","name":"An Binse Luach\u00e1la","url":"https:\/\/vt.fusio.dev\/","logo":{"@type":"ImageObject","inLanguage":"ga-IE","@id":"https:\/\/vt.fusio.dev\/#\/schema\/logo\/image\/","url":"https:\/\/www.valuationtribunal.ie\/wp-content\/uploads\/2017\/06\/Valuation-Tribunal-Logo-250.jpg","contentUrl":"https:\/\/www.valuationtribunal.ie\/wp-content\/uploads\/2017\/06\/Valuation-Tribunal-Logo-250.jpg","width":250,"height":72,"caption":"An Binse Luach\u00e1la"},"image":{"@id":"https:\/\/vt.fusio.dev\/#\/schema\/logo\/image\/"}}]}},"_links":{"self":[{"href":"https:\/\/www.valuationtribunal.ie\/ga\/wp-json\/wp\/v2\/pages\/9123","targetHints":{"allow":["GET"]}}],"collection":[{"href":"https:\/\/www.valuationtribunal.ie\/ga\/wp-json\/wp\/v2\/pages"}],"about":[{"href":"https:\/\/www.valuationtribunal.ie\/ga\/wp-json\/wp\/v2\/types\/page"}],"author":[{"embeddable":true,"href":"https:\/\/www.valuationtribunal.ie\/ga\/wp-json\/wp\/v2\/users\/2"}],"replies":[{"embeddable":true,"href":"https:\/\/www.valuationtribunal.ie\/ga\/wp-json\/wp\/v2\/comments?post=9123"}],"version-history":[{"count":2,"href":"https:\/\/www.valuationtribunal.ie\/ga\/wp-json\/wp\/v2\/pages\/9123\/revisions"}],"predecessor-version":[{"id":12794,"href":"https:\/\/www.valuationtribunal.ie\/ga\/wp-json\/wp\/v2\/pages\/9123\/revisions\/12794"}],"up":[{"embeddable":true,"href":"https:\/\/www.valuationtribunal.ie\/ga\/wp-json\/wp\/v2\/pages\/9016"}],"wp:attachment":[{"href":"https:\/\/www.valuationtribunal.ie\/ga\/wp-json\/wp\/v2\/media?parent=9123"}],"curies":[{"name":"wp","href":"https:\/\/api.w.org\/{rel}","templated":true}]}}