
{"id":9119,"date":"2017-10-20T20:35:59","date_gmt":"2017-10-20T20:35:59","guid":{"rendered":"https:\/\/www.valuationtribunal.ie\/an-nos-imeachta-le-linn-eisteachta\/freastal-ar-an-eisteacht\/"},"modified":"2025-10-10T14:28:28","modified_gmt":"2025-10-10T14:28:28","slug":"freastal-ar-an-eisteacht","status":"publish","type":"page","link":"https:\/\/www.valuationtribunal.ie\/ga\/freastal-ar-an-eisteacht\/","title":{"rendered":"Freastal ar an \u00e9isteacht"},"content":{"rendered":"\n<p>Following the Call Over the Tribunal will give you written notice of the hearing date. This notice will confirm when the hearing will take place \u2013 hearings usually start at 10am and take place in the Tribunal offices in Smithfield Hall, Smithfield, Dublin 7. A map to the Tribunal offices is available <strong style=\"font-style: inherit;\"><a style=\"font-style: inherit; font-weight: inherit;\" href=\"https:\/\/www.valuationtribunal.ie\/about-us\/contact-us\/\">here<\/a>.<\/strong><\/p>\n\n\n\n<p>Nuair a leithroinntear d\u00e1ta \u00e9isteachta le haghaidh \u00e9isteachta, b\u00edonn ar na p\u00e1irtithe go l\u00e9ir san \u00e9isteacht lena mbaineann l\u00e1ithri\u00fa ag an am agus ar an d\u00e1ta at\u00e1 socraithe agus n\u00ed ghlacfar le haon iarraidh ar atr\u00e1th\u00fa roimh an \u00e9isteacht sin. Is f\u00e9idir aon iarraidh ar atr\u00e1th\u00fa a dh\u00e9anamh ar l\u00e1 na h\u00e9isteachta chuig an Rann\u00e1n a bhfuil an t-achomharc \u00e1 \u00e9isteacht aige ach n\u00ed d\u00f3cha go gcead\u00f3far iarraidh den s\u00f3rt sin seachas in imthosca at\u00e1 f\u00edor-eisceacht\u00fail. I gc\u00e1s nach l\u00e1ithr\u00edonn ceachtar p\u00e1irt\u00ed ag \u00e9isteacht de chuid an Bhinse, bainfear an t-achomharc den liosta agus dearbh\u00f3far an luach\u00e1il mar at\u00e1 leagtha s\u00edos sa Liosta Luach\u00e1la.<\/p>\n\n\n\n<p>Each party must lodge a <a href=\"https:\/\/www.valuationtribunal.ie\/ga\/ullmhuchan-le-haghaidh-eisteachta\/achoimre-ar-fhianaise\/\"><strong>summary of evidence<\/strong><\/a> on those legal grounds with the Tribunal (4 copies) and exchange it with the other party\/parties two weeks before the hearing date. The purpose of the summary of evidence is to enable the Tribunal and the Valuation Office to understand the main arguments and evidence in your appeal. Please provide a summary of all the points and evidence you wish to raise at the hearing. To assist the Tribunal to get as clear a picture as possible, you should include maps and photographs of the property under appeal and comparison properties.<\/p>\n\n\n\n<p>N\u00ed ghlacfaidh an Binse go fabhrach le haon fhianaise a th\u00edolactar ar l\u00e1 na h\u00e9isteachta ar fianaise \u00ed n\u00e1r tarraing\u00edodh aird uirthi san achoimre agus d\u2019fh\u00e9adfadh s\u00e9 nach nglacfaidh s\u00e9 l\u00e9i ar chor ar bith, sin n\u00f3 d\u2019fh\u00e9adfadh s\u00e9 go gcuirfear an \u00e9isteacht ar atr\u00e1th le gur f\u00e9idir leis an bhFreagr\u00f3ir breithni\u00fa a dh\u00e9anamh uirthi.<\/p>\n\n\n\n<p>I gc\u00e1s ina luaitear forais dhl\u00edthi\u00fala in achomharc, n\u00ed m\u00f3r do gach p\u00e1irt\u00ed aighneacht faoi na forais sin a thaisceadh leis an mBinse (4 ch\u00f3ip) agus \u00ed a mhalart\u00fa leis an bp\u00e1irt\u00ed\/na p\u00e1irtithe eile dh\u00e1 sheachtain roimh dh\u00e1ta na h\u00e9isteachta. Is f\u00e9idir liosta c\u00e1sanna\/\u00fadar\u00e1s a mbearta\u00edtear tagairt a dh\u00e9anamh d\u00f3ibh ag an \u00e9isteacht a chur ag gabh\u00e1il leis an aighneacht sin.<\/p>\n\n\n\n<p>Su\u00edonn an Binse ina Rann\u00e1in ina mb\u00edonn tri\u00far daoine, Leaschathaoirleach amh\u00e1in agus beirt Ghn\u00e1thchomhalta\u00ed. B\u00edonn an Cl\u00e1raitheoir, n\u00f3 Leaschl\u00e1raitheoir, i l\u00e1thair ag gach \u00e9isteacht ar leith agus seoltar na h\u00e9isteachta\u00ed go pr\u00edobh\u00e1ideach.<\/p>\n\n\n\n<p>N\u00ed cheada\u00edtear d\u2019aon duine seachas na p\u00e1irtithe, agus\/n\u00f3 a n-ionadaithe, agus finn\u00e9ithe a bheith i l\u00e1thair. D\u00e9antar \u00e9isteachta\u00ed a thaifeadadh agus, de ghn\u00e1th, eagra\u00edtear mar fhiosr\u00fach\u00e1in iad seachas ar mhodh c\u00f3ras s\u00e1ra\u00edochta.<\/p>\n\n\n\n<p>Go hiond\u00fail, n\u00ed fh\u00f3gra\u00edtear breith an Bhinse le linn na h\u00e9isteachta ach cuirtear in i\u00fal n\u00edos d\u00e9ana\u00ed i scr\u00edbhinn \u00ed. F\u00e9achaimid le breithi\u00fanas an Bhinse a chur chugat laistigh de 6 mh\u00ed \u00f3 dh\u00e1ta na h\u00e9isteachta.<\/p>\n","protected":false},"excerpt":{"rendered":"<p>Following the Call Over the Tribunal will give you written notice of the hearing date. This notice will confirm when the hearing will take place \u2013 hearings usually start at 10am and take place in the Tribunal offices in Smithfield Hall, Smithfield, Dublin 7. A map to the Tribunal offices is available here. Nuair a [&hellip;]<\/p>\n","protected":false},"author":2,"featured_media":0,"parent":0,"menu_order":0,"comment_status":"closed","ping_status":"closed","template":"","meta":{"site-sidebar-layout":"default","site-content-layout":"","ast-site-content-layout":"default","site-content-style":"default","site-sidebar-style":"default","ast-global-header-display":"","ast-banner-title-visibility":"","ast-main-header-display":"","ast-hfb-above-header-display":"","ast-hfb-below-header-display":"","ast-hfb-mobile-header-display":"","site-post-title":"","ast-breadcrumbs-content":"","ast-featured-img":"","footer-sml-layout":"","ast-disable-related-posts":"","theme-transparent-header-meta":"","adv-header-id-meta":"","stick-header-meta":"","header-above-stick-meta":"","header-main-stick-meta":"","header-below-stick-meta":"","astra-migrate-meta-layouts":"set","ast-page-background-enabled":"default","ast-page-background-meta":{"desktop":{"background-color":"var(--ast-global-color-4)","background-image":"","background-repeat":"repeat","background-position":"center center","background-size":"auto","background-attachment":"scroll","background-type":"","background-media":"","overlay-type":"","overlay-color":"","overlay-opacity":"","overlay-gradient":""},"tablet":{"background-color":"","background-image":"","background-repeat":"repeat","background-position":"center center","background-size":"auto","background-attachment":"scroll","background-type":"","background-media":"","overlay-type":"","overlay-color":"","overlay-opacity":"","overlay-gradient":""},"mobile":{"background-color":"","background-image":"","background-repeat":"repeat","background-position":"center center","background-size":"auto","background-attachment":"scroll","background-type":"","background-media":"","overlay-type":"","overlay-color":"","overlay-opacity":"","overlay-gradient":""}},"ast-content-background-meta":{"desktop":{"background-color":"var(--ast-global-color-5)","background-image":"","background-repeat":"repeat","background-position":"center center","background-size":"auto","background-attachment":"scroll","background-type":"","background-media":"","overlay-type":"","overlay-color":"","overlay-opacity":"","overlay-gradient":""},"tablet":{"background-color":"var(--ast-global-color-5)","background-image":"","background-repeat":"repeat","background-position":"center center","background-size":"auto","background-attachment":"scroll","background-type":"","background-media":"","overlay-type":"","overlay-color":"","overlay-opacity":"","overlay-gradient":""},"mobile":{"background-color":"var(--ast-global-color-5)","background-image":"","background-repeat":"repeat","background-position":"center center","background-size":"auto","background-attachment":"scroll","background-type":"","background-media":"","overlay-type":"","overlay-color":"","overlay-opacity":"","overlay-gradient":""}},"footnotes":""},"class_list":["post-9119","page","type-page","status-publish","hentry"],"yoast_head":"<!-- This site is optimized with the Yoast SEO plugin v27.3 - https:\/\/yoast.com\/product\/yoast-seo-wordpress\/ -->\n<title>Freastal ar an \u00e9isteacht - An Binse Luach\u00e1la<\/title>\n<meta name=\"robots\" content=\"index, follow, max-snippet:-1, max-image-preview:large, max-video-preview:-1\" \/>\n<link rel=\"canonical\" href=\"https:\/\/www.valuationtribunal.ie\/ga\/freastal-ar-an-eisteacht\/\" \/>\n<meta property=\"og:locale\" content=\"ga_IE\" \/>\n<meta property=\"og:type\" content=\"article\" \/>\n<meta property=\"og:title\" content=\"Freastal ar an \u00e9isteacht - An Binse Luach\u00e1la\" \/>\n<meta property=\"og:description\" content=\"Following the Call Over the Tribunal will give you written notice of the hearing date. This notice will confirm when the hearing will take place \u2013 hearings usually start at 10am and take place in the Tribunal offices in Smithfield Hall, Smithfield, Dublin 7. A map to the Tribunal offices is available here. Nuair a [&hellip;]\" \/>\n<meta property=\"og:url\" content=\"https:\/\/www.valuationtribunal.ie\/ga\/freastal-ar-an-eisteacht\/\" \/>\n<meta property=\"og:site_name\" content=\"An Binse Luach\u00e1la\" \/>\n<meta property=\"article:modified_time\" content=\"2025-10-10T14:28:28+00:00\" \/>\n<meta name=\"twitter:label1\" content=\"Est. reading time\" \/>\n\t<meta name=\"twitter:data1\" content=\"3 minutes\" \/>\n<script type=\"application\/ld+json\" class=\"yoast-schema-graph\">{\"@context\":\"https:\\\/\\\/schema.org\",\"@graph\":[{\"@type\":\"WebPage\",\"@id\":\"https:\\\/\\\/www.valuationtribunal.ie\\\/ga\\\/freastal-ar-an-eisteacht\\\/\",\"url\":\"https:\\\/\\\/www.valuationtribunal.ie\\\/ga\\\/freastal-ar-an-eisteacht\\\/\",\"name\":\"Freastal ar an \u00e9isteacht - An Binse Luach\u00e1la\",\"isPartOf\":{\"@id\":\"https:\\\/\\\/vt.fusio.dev\\\/#website\"},\"datePublished\":\"2017-10-20T20:35:59+00:00\",\"dateModified\":\"2025-10-10T14:28:28+00:00\",\"breadcrumb\":{\"@id\":\"https:\\\/\\\/www.valuationtribunal.ie\\\/ga\\\/freastal-ar-an-eisteacht\\\/#breadcrumb\"},\"inLanguage\":\"ga-IE\",\"potentialAction\":[{\"@type\":\"ReadAction\",\"target\":[\"https:\\\/\\\/www.valuationtribunal.ie\\\/ga\\\/freastal-ar-an-eisteacht\\\/\"]}]},{\"@type\":\"BreadcrumbList\",\"@id\":\"https:\\\/\\\/www.valuationtribunal.ie\\\/ga\\\/freastal-ar-an-eisteacht\\\/#breadcrumb\",\"itemListElement\":[{\"@type\":\"ListItem\",\"position\":1,\"name\":\"Home\",\"item\":\"https:\\\/\\\/www.valuationtribunal.ie\\\/ga\\\/\"},{\"@type\":\"ListItem\",\"position\":2,\"name\":\"Freastal ar an \u00e9isteacht\"}]},{\"@type\":\"WebSite\",\"@id\":\"https:\\\/\\\/vt.fusio.dev\\\/#website\",\"url\":\"https:\\\/\\\/vt.fusio.dev\\\/\",\"name\":\"An Binse Luach\u00e1la\",\"description\":\"\",\"publisher\":{\"@id\":\"https:\\\/\\\/vt.fusio.dev\\\/#organization\"},\"potentialAction\":[{\"@type\":\"SearchAction\",\"target\":{\"@type\":\"EntryPoint\",\"urlTemplate\":\"https:\\\/\\\/vt.fusio.dev\\\/?s={search_term_string}\"},\"query-input\":{\"@type\":\"PropertyValueSpecification\",\"valueRequired\":true,\"valueName\":\"search_term_string\"}}],\"inLanguage\":\"ga-IE\"},{\"@type\":\"Organization\",\"@id\":\"https:\\\/\\\/vt.fusio.dev\\\/#organization\",\"name\":\"An Binse Luach\u00e1la\",\"url\":\"https:\\\/\\\/vt.fusio.dev\\\/\",\"logo\":{\"@type\":\"ImageObject\",\"inLanguage\":\"ga-IE\",\"@id\":\"https:\\\/\\\/vt.fusio.dev\\\/#\\\/schema\\\/logo\\\/image\\\/\",\"url\":\"https:\\\/\\\/www.valuationtribunal.ie\\\/wp-content\\\/uploads\\\/2017\\\/06\\\/Valuation-Tribunal-Logo-250.jpg\",\"contentUrl\":\"https:\\\/\\\/www.valuationtribunal.ie\\\/wp-content\\\/uploads\\\/2017\\\/06\\\/Valuation-Tribunal-Logo-250.jpg\",\"width\":250,\"height\":72,\"caption\":\"An Binse Luach\u00e1la\"},\"image\":{\"@id\":\"https:\\\/\\\/vt.fusio.dev\\\/#\\\/schema\\\/logo\\\/image\\\/\"}}]}<\/script>\n<!-- \/ Yoast SEO plugin. -->","yoast_head_json":{"title":"Freastal ar an \u00e9isteacht - An Binse Luach\u00e1la","robots":{"index":"index","follow":"follow","max-snippet":"max-snippet:-1","max-image-preview":"max-image-preview:large","max-video-preview":"max-video-preview:-1"},"canonical":"https:\/\/www.valuationtribunal.ie\/ga\/freastal-ar-an-eisteacht\/","og_locale":"ga_IE","og_type":"article","og_title":"Freastal ar an \u00e9isteacht - An Binse Luach\u00e1la","og_description":"Following the Call Over the Tribunal will give you written notice of the hearing date. This notice will confirm when the hearing will take place \u2013 hearings usually start at 10am and take place in the Tribunal offices in Smithfield Hall, Smithfield, Dublin 7. A map to the Tribunal offices is available here. Nuair a [&hellip;]","og_url":"https:\/\/www.valuationtribunal.ie\/ga\/freastal-ar-an-eisteacht\/","og_site_name":"An Binse Luach\u00e1la","article_modified_time":"2025-10-10T14:28:28+00:00","twitter_misc":{"Est. reading time":"3 minutes"},"schema":{"@context":"https:\/\/schema.org","@graph":[{"@type":"WebPage","@id":"https:\/\/www.valuationtribunal.ie\/ga\/freastal-ar-an-eisteacht\/","url":"https:\/\/www.valuationtribunal.ie\/ga\/freastal-ar-an-eisteacht\/","name":"Freastal ar an \u00e9isteacht - An Binse Luach\u00e1la","isPartOf":{"@id":"https:\/\/vt.fusio.dev\/#website"},"datePublished":"2017-10-20T20:35:59+00:00","dateModified":"2025-10-10T14:28:28+00:00","breadcrumb":{"@id":"https:\/\/www.valuationtribunal.ie\/ga\/freastal-ar-an-eisteacht\/#breadcrumb"},"inLanguage":"ga-IE","potentialAction":[{"@type":"ReadAction","target":["https:\/\/www.valuationtribunal.ie\/ga\/freastal-ar-an-eisteacht\/"]}]},{"@type":"BreadcrumbList","@id":"https:\/\/www.valuationtribunal.ie\/ga\/freastal-ar-an-eisteacht\/#breadcrumb","itemListElement":[{"@type":"ListItem","position":1,"name":"Home","item":"https:\/\/www.valuationtribunal.ie\/ga\/"},{"@type":"ListItem","position":2,"name":"Freastal ar an \u00e9isteacht"}]},{"@type":"WebSite","@id":"https:\/\/vt.fusio.dev\/#website","url":"https:\/\/vt.fusio.dev\/","name":"An Binse Luach\u00e1la","description":"","publisher":{"@id":"https:\/\/vt.fusio.dev\/#organization"},"potentialAction":[{"@type":"SearchAction","target":{"@type":"EntryPoint","urlTemplate":"https:\/\/vt.fusio.dev\/?s={search_term_string}"},"query-input":{"@type":"PropertyValueSpecification","valueRequired":true,"valueName":"search_term_string"}}],"inLanguage":"ga-IE"},{"@type":"Organization","@id":"https:\/\/vt.fusio.dev\/#organization","name":"An Binse Luach\u00e1la","url":"https:\/\/vt.fusio.dev\/","logo":{"@type":"ImageObject","inLanguage":"ga-IE","@id":"https:\/\/vt.fusio.dev\/#\/schema\/logo\/image\/","url":"https:\/\/www.valuationtribunal.ie\/wp-content\/uploads\/2017\/06\/Valuation-Tribunal-Logo-250.jpg","contentUrl":"https:\/\/www.valuationtribunal.ie\/wp-content\/uploads\/2017\/06\/Valuation-Tribunal-Logo-250.jpg","width":250,"height":72,"caption":"An Binse Luach\u00e1la"},"image":{"@id":"https:\/\/vt.fusio.dev\/#\/schema\/logo\/image\/"}}]}},"_links":{"self":[{"href":"https:\/\/www.valuationtribunal.ie\/ga\/wp-json\/wp\/v2\/pages\/9119","targetHints":{"allow":["GET"]}}],"collection":[{"href":"https:\/\/www.valuationtribunal.ie\/ga\/wp-json\/wp\/v2\/pages"}],"about":[{"href":"https:\/\/www.valuationtribunal.ie\/ga\/wp-json\/wp\/v2\/types\/page"}],"author":[{"embeddable":true,"href":"https:\/\/www.valuationtribunal.ie\/ga\/wp-json\/wp\/v2\/users\/2"}],"replies":[{"embeddable":true,"href":"https:\/\/www.valuationtribunal.ie\/ga\/wp-json\/wp\/v2\/comments?post=9119"}],"version-history":[{"count":4,"href":"https:\/\/www.valuationtribunal.ie\/ga\/wp-json\/wp\/v2\/pages\/9119\/revisions"}],"predecessor-version":[{"id":16498,"href":"https:\/\/www.valuationtribunal.ie\/ga\/wp-json\/wp\/v2\/pages\/9119\/revisions\/16498"}],"wp:attachment":[{"href":"https:\/\/www.valuationtribunal.ie\/ga\/wp-json\/wp\/v2\/media?parent=9119"}],"curies":[{"name":"wp","href":"https:\/\/api.w.org\/{rel}","templated":true}]}}