
{"id":9116,"date":"2017-10-20T20:32:41","date_gmt":"2017-10-20T20:32:41","guid":{"rendered":"https:\/\/www.valuationtribunal.ie\/ullmhuchan-le-haghaidh-eisteachta\/achoimre-ar-fhianaise\/"},"modified":"2025-10-10T14:25:28","modified_gmt":"2025-10-10T14:25:28","slug":"achoimre-ar-fhianaise","status":"publish","type":"page","link":"https:\/\/www.valuationtribunal.ie\/ga\/ullmhuchan-le-haghaidh-eisteachta\/achoimre-ar-fhianaise\/","title":{"rendered":"Achoimre ar Fhianaise"},"content":{"rendered":"\n<h2 class=\"wp-block-heading\">Achoimre ar Fhianaise in <u>achomhairc Athbhreithnithe\/Athluach\u00e1la<\/u><\/h2>\n\n\n\n<ol class=\"wp-block-list\">\n<li>T\u00e1 s\u00e9 de cheangal ar an d\u00e1 ph\u00e1irt\u00ed in achomharc fianaise a thabhairt le linn na h\u00e9isteachta.<\/li>\n<\/ol>\n\n\n\n<p>Is iad seo a leanas na p\u00e1irtithe in achomharc:<\/p>\n\n\n\n<p><strong>An tAchomharc\u00f3ir<\/strong> (i.e. an duine\/chuideachta\/eagra\u00edocht a dh\u00e9anann an tAchomharc)<\/p>\n\n\n\n<p><strong>An Freagr\u00f3ir<\/strong> (i.e. an Coimisin\u00e9ir Luach\u00e1la)<\/p>\n\n\n\n<ol start=\"2\" class=\"wp-block-list\">\n<li>In advance of the hearing, the Tribunal requires signed written summaries\/precis of evidence from each party. Parties should refer to <a href=\"https:\/\/www.valuationtribunal.ie\/wp-content\/uploads\/2019\/09\/VT-Rules-FINAL-D.Housing-090919.pdf\">Rules 35-43<\/a> to ensure they are familiar with what is required to be included in a precis of evidence. These should contain the material on which you intend to rely at the hearing. Precis of evidence should be clearly tabbed with pagination. NB precis of evidence cannot be submitted by fax.<\/li>\n\n\n\n<li>Is ceart grianghraif agus l\u00e9arsc\u00e1ileanna i leith na nithe seo a leanas a bheith ann i do precis\/d\u2019achoimre ar fhianaise i scr\u00edbhinn freisin:<\/li>\n<\/ol>\n\n\n\n<p>an mhaoin is \u00e1bhar don achomharc<\/p>\n\n\n\n<p><em>agus<\/em><\/p>\n\n\n\n<p>maoin eile a luaitear san fhianaise mar mhaoin inchompar\u00e1ide<\/p>\n\n\n\n<ol start=\"4\" class=\"wp-block-list\">\n<li>N\u00ed m\u00f3r duit <strong>C\u00faig<\/strong> achoimre ar fhianaise a th\u00edolacadh faoin d\u00e1ta &amp; agus faoin am a luaitear i do litir f\u00f3gra, mar a leanas:<\/li>\n<\/ol>\n\n\n\n<p>Tabhair do d\u2019aire, le do thoil: M\u00e1 t\u00e1 d\u2019achomharc le h\u00e9isteacht go fisiceach (seachas tr\u00ed nasc cianda) mar \u00e9isteacht i bpearsa in Oifig\u00ed an Bhinse Luach\u00e1la, iarrfar ort c\u00faig ch\u00f3ip chrua de d\u2019achoimre ar fhianaise a th\u00edolacadh faoin d\u00e1ta &amp; agus faoin am a luaitear i do litir f\u00f3gra, mar a leanas:<\/p>\n\n\n\n<p>N\u00ed m\u00f3r na c\u00faig ch\u00f3ip de d\u2019achoimre a chur chuig:<\/p>\n\n\n\n<pre class=\"wp-block-preformatted\">An Cl\u00e1raitheoir<br>An Binse Luach\u00e1la<br>Halla Mhargadh na Feirme<br>Margadh na Feirme<br>Baile \u00c1tha Cliath 7<br>D07 AEF4<br><\/pre>\n\n\n\n<p>Tabhair do d\u2019aire, le do thoil: M\u00e1 t\u00e1 d\u2019achomharc le h\u00e9isteacht mar \u00c9isteacht Chianda (tr\u00ed Ard\u00e1n Zoom): N\u00ed m\u00f3r duit d\u2019achoimre a th\u00edolacadh le r\u00edomhphost, i bhform\u00e1id PDF, chuig <a href=\"mailto:info@valuationtribunal.ie\">info@valuationtribunal.ie<\/a><\/p>\n\n\n\n<ol start=\"5\" class=\"wp-block-list\">\n<li>For further information, please refer to the <a href=\"https:\/\/www.valuationtribunal.ie\/wp-content\/uploads\/2020\/01\/Valuation-Tribunal-Rules-2019.pdf\">Valuation Tribunal Rules 2019<\/a><\/li>\n<\/ol>\n\n\n\n<p>Thosaigh an Binse Luach\u00e1la ag \u00e9isteacht achomharc go cianda (ar l\u00edne) i m\u00ed I\u00fail 2020. I gc\u00e1s ina gcomhaonta\u00edonn an d\u00e1 ph\u00e1irt\u00ed gur f\u00e9idir an t-achomharc a \u00e9isteacht go cianda (gan aon gh\u00e1 le h\u00e9isteacht fhisiceach in Oifig\u00ed an Bhinse), f\u00e9adfaidh Cathaoirleach an Bhinse d\u2019achomharc a shannadh lena h\u00e9isteacht go cianda.<\/p>\n\n\n\n<p>C\u00e9 nach n-oireann \u00e9isteacht chianda do gach achomharc (b\u00edonn saincheisteanna dl\u00edthi\u00fala i gceist le roinnt acu agus b\u00edonn m\u00e9ideanna m\u00f3ra fianaise ag teast\u00e1il ina leith), f\u00e9achann an Binse le p\u00e1irtithe ar mian leo a n-achomharc a bheith \u00e1 h\u00e9isteacht go cianda a \u00e9asc\u00fa d\u2019fhonn laghd\u00fa a dh\u00e9anamh ar am taistil do na p\u00e1irtithe agus an l\u00edon teoranta seomra\u00ed \u00e9isteachta fisiceacha at\u00e1 ann in\u00e1r n-oifig\u00ed \u00e1 chur i gcuntas.<\/p>\n","protected":false},"excerpt":{"rendered":"<p>Achoimre ar Fhianaise in achomhairc Athbhreithnithe\/Athluach\u00e1la Is iad seo a leanas na p\u00e1irtithe in achomharc: An tAchomharc\u00f3ir (i.e. an duine\/chuideachta\/eagra\u00edocht a dh\u00e9anann an tAchomharc) An Freagr\u00f3ir (i.e. an Coimisin\u00e9ir Luach\u00e1la) an mhaoin is \u00e1bhar don achomharc agus maoin eile a luaitear san fhianaise mar mhaoin inchompar\u00e1ide Tabhair do d\u2019aire, le do thoil: M\u00e1 t\u00e1 d\u2019achomharc [&hellip;]<\/p>\n","protected":false},"author":2,"featured_media":0,"parent":9114,"menu_order":0,"comment_status":"closed","ping_status":"closed","template":"","meta":{"site-sidebar-layout":"default","site-content-layout":"","ast-site-content-layout":"default","site-content-style":"default","site-sidebar-style":"default","ast-global-header-display":"","ast-banner-title-visibility":"","ast-main-header-display":"","ast-hfb-above-header-display":"","ast-hfb-below-header-display":"","ast-hfb-mobile-header-display":"","site-post-title":"","ast-breadcrumbs-content":"","ast-featured-img":"","footer-sml-layout":"","ast-disable-related-posts":"","theme-transparent-header-meta":"","adv-header-id-meta":"","stick-header-meta":"","header-above-stick-meta":"","header-main-stick-meta":"","header-below-stick-meta":"","astra-migrate-meta-layouts":"set","ast-page-background-enabled":"default","ast-page-background-meta":{"desktop":{"background-color":"var(--ast-global-color-4)","background-image":"","background-repeat":"repeat","background-position":"center center","background-size":"auto","background-attachment":"scroll","background-type":"","background-media":"","overlay-type":"","overlay-color":"","overlay-opacity":"","overlay-gradient":""},"tablet":{"background-color":"","background-image":"","background-repeat":"repeat","background-position":"center center","background-size":"auto","background-attachment":"scroll","background-type":"","background-media":"","overlay-type":"","overlay-color":"","overlay-opacity":"","overlay-gradient":""},"mobile":{"background-color":"","background-image":"","background-repeat":"repeat","background-position":"center center","background-size":"auto","background-attachment":"scroll","background-type":"","background-media":"","overlay-type":"","overlay-color":"","overlay-opacity":"","overlay-gradient":""}},"ast-content-background-meta":{"desktop":{"background-color":"var(--ast-global-color-5)","background-image":"","background-repeat":"repeat","background-position":"center center","background-size":"auto","background-attachment":"scroll","background-type":"","background-media":"","overlay-type":"","overlay-color":"","overlay-opacity":"","overlay-gradient":""},"tablet":{"background-color":"var(--ast-global-color-5)","background-image":"","background-repeat":"repeat","background-position":"center center","background-size":"auto","background-attachment":"scroll","background-type":"","background-media":"","overlay-type":"","overlay-color":"","overlay-opacity":"","overlay-gradient":""},"mobile":{"background-color":"var(--ast-global-color-5)","background-image":"","background-repeat":"repeat","background-position":"center center","background-size":"auto","background-attachment":"scroll","background-type":"","background-media":"","overlay-type":"","overlay-color":"","overlay-opacity":"","overlay-gradient":""}},"footnotes":""},"class_list":["post-9116","page","type-page","status-publish","hentry"],"yoast_head":"<!-- This site is optimized with the Yoast SEO plugin v27.3 - https:\/\/yoast.com\/product\/yoast-seo-wordpress\/ -->\n<title>Achoimre ar Fhianaise - An Binse Luach\u00e1la<\/title>\n<meta name=\"robots\" content=\"index, follow, max-snippet:-1, max-image-preview:large, max-video-preview:-1\" \/>\n<link rel=\"canonical\" href=\"https:\/\/www.valuationtribunal.ie\/ga\/ullmhuchan-le-haghaidh-eisteachta\/achoimre-ar-fhianaise\/\" \/>\n<meta property=\"og:locale\" content=\"ga_IE\" \/>\n<meta property=\"og:type\" content=\"article\" \/>\n<meta property=\"og:title\" content=\"Achoimre ar Fhianaise - An Binse Luach\u00e1la\" \/>\n<meta property=\"og:description\" content=\"Achoimre ar Fhianaise in achomhairc Athbhreithnithe\/Athluach\u00e1la Is iad seo a leanas na p\u00e1irtithe in achomharc: An tAchomharc\u00f3ir (i.e. an duine\/chuideachta\/eagra\u00edocht a dh\u00e9anann an tAchomharc) An Freagr\u00f3ir (i.e. an Coimisin\u00e9ir Luach\u00e1la) an mhaoin is \u00e1bhar don achomharc agus maoin eile a luaitear san fhianaise mar mhaoin inchompar\u00e1ide Tabhair do d\u2019aire, le do thoil: M\u00e1 t\u00e1 d\u2019achomharc [&hellip;]\" \/>\n<meta property=\"og:url\" content=\"https:\/\/www.valuationtribunal.ie\/ga\/ullmhuchan-le-haghaidh-eisteachta\/achoimre-ar-fhianaise\/\" \/>\n<meta property=\"og:site_name\" content=\"An Binse Luach\u00e1la\" \/>\n<meta property=\"article:modified_time\" content=\"2025-10-10T14:25:28+00:00\" \/>\n<meta name=\"twitter:label1\" content=\"Est. reading time\" \/>\n\t<meta name=\"twitter:data1\" content=\"2 minutes\" \/>\n<script type=\"application\/ld+json\" class=\"yoast-schema-graph\">{\"@context\":\"https:\\\/\\\/schema.org\",\"@graph\":[{\"@type\":\"WebPage\",\"@id\":\"https:\\\/\\\/www.valuationtribunal.ie\\\/ga\\\/ullmhuchan-le-haghaidh-eisteachta\\\/achoimre-ar-fhianaise\\\/\",\"url\":\"https:\\\/\\\/www.valuationtribunal.ie\\\/ga\\\/ullmhuchan-le-haghaidh-eisteachta\\\/achoimre-ar-fhianaise\\\/\",\"name\":\"Achoimre ar Fhianaise - An Binse Luach\u00e1la\",\"isPartOf\":{\"@id\":\"https:\\\/\\\/vt.fusio.dev\\\/#website\"},\"datePublished\":\"2017-10-20T20:32:41+00:00\",\"dateModified\":\"2025-10-10T14:25:28+00:00\",\"breadcrumb\":{\"@id\":\"https:\\\/\\\/www.valuationtribunal.ie\\\/ga\\\/ullmhuchan-le-haghaidh-eisteachta\\\/achoimre-ar-fhianaise\\\/#breadcrumb\"},\"inLanguage\":\"ga-IE\",\"potentialAction\":[{\"@type\":\"ReadAction\",\"target\":[\"https:\\\/\\\/www.valuationtribunal.ie\\\/ga\\\/ullmhuchan-le-haghaidh-eisteachta\\\/achoimre-ar-fhianaise\\\/\"]}]},{\"@type\":\"BreadcrumbList\",\"@id\":\"https:\\\/\\\/www.valuationtribunal.ie\\\/ga\\\/ullmhuchan-le-haghaidh-eisteachta\\\/achoimre-ar-fhianaise\\\/#breadcrumb\",\"itemListElement\":[{\"@type\":\"ListItem\",\"position\":1,\"name\":\"Home\",\"item\":\"https:\\\/\\\/www.valuationtribunal.ie\\\/ga\\\/\"},{\"@type\":\"ListItem\",\"position\":2,\"name\":\"Ullmh\u00fach\u00e1n le haghaidh \u00e9isteachta\",\"item\":\"https:\\\/\\\/vt.fusio.dev\\\/ga\\\/ullmhuchan-le-haghaidh-eisteachta\\\/\"},{\"@type\":\"ListItem\",\"position\":3,\"name\":\"Achoimre ar Fhianaise\"}]},{\"@type\":\"WebSite\",\"@id\":\"https:\\\/\\\/vt.fusio.dev\\\/#website\",\"url\":\"https:\\\/\\\/vt.fusio.dev\\\/\",\"name\":\"An Binse Luach\u00e1la\",\"description\":\"\",\"publisher\":{\"@id\":\"https:\\\/\\\/vt.fusio.dev\\\/#organization\"},\"potentialAction\":[{\"@type\":\"SearchAction\",\"target\":{\"@type\":\"EntryPoint\",\"urlTemplate\":\"https:\\\/\\\/vt.fusio.dev\\\/?s={search_term_string}\"},\"query-input\":{\"@type\":\"PropertyValueSpecification\",\"valueRequired\":true,\"valueName\":\"search_term_string\"}}],\"inLanguage\":\"ga-IE\"},{\"@type\":\"Organization\",\"@id\":\"https:\\\/\\\/vt.fusio.dev\\\/#organization\",\"name\":\"An Binse Luach\u00e1la\",\"url\":\"https:\\\/\\\/vt.fusio.dev\\\/\",\"logo\":{\"@type\":\"ImageObject\",\"inLanguage\":\"ga-IE\",\"@id\":\"https:\\\/\\\/vt.fusio.dev\\\/#\\\/schema\\\/logo\\\/image\\\/\",\"url\":\"https:\\\/\\\/www.valuationtribunal.ie\\\/wp-content\\\/uploads\\\/2017\\\/06\\\/Valuation-Tribunal-Logo-250.jpg\",\"contentUrl\":\"https:\\\/\\\/www.valuationtribunal.ie\\\/wp-content\\\/uploads\\\/2017\\\/06\\\/Valuation-Tribunal-Logo-250.jpg\",\"width\":250,\"height\":72,\"caption\":\"An Binse Luach\u00e1la\"},\"image\":{\"@id\":\"https:\\\/\\\/vt.fusio.dev\\\/#\\\/schema\\\/logo\\\/image\\\/\"}}]}<\/script>\n<!-- \/ Yoast SEO plugin. -->","yoast_head_json":{"title":"Achoimre ar Fhianaise - An Binse Luach\u00e1la","robots":{"index":"index","follow":"follow","max-snippet":"max-snippet:-1","max-image-preview":"max-image-preview:large","max-video-preview":"max-video-preview:-1"},"canonical":"https:\/\/www.valuationtribunal.ie\/ga\/ullmhuchan-le-haghaidh-eisteachta\/achoimre-ar-fhianaise\/","og_locale":"ga_IE","og_type":"article","og_title":"Achoimre ar Fhianaise - An Binse Luach\u00e1la","og_description":"Achoimre ar Fhianaise in achomhairc Athbhreithnithe\/Athluach\u00e1la Is iad seo a leanas na p\u00e1irtithe in achomharc: An tAchomharc\u00f3ir (i.e. an duine\/chuideachta\/eagra\u00edocht a dh\u00e9anann an tAchomharc) An Freagr\u00f3ir (i.e. an Coimisin\u00e9ir Luach\u00e1la) an mhaoin is \u00e1bhar don achomharc agus maoin eile a luaitear san fhianaise mar mhaoin inchompar\u00e1ide Tabhair do d\u2019aire, le do thoil: M\u00e1 t\u00e1 d\u2019achomharc [&hellip;]","og_url":"https:\/\/www.valuationtribunal.ie\/ga\/ullmhuchan-le-haghaidh-eisteachta\/achoimre-ar-fhianaise\/","og_site_name":"An Binse Luach\u00e1la","article_modified_time":"2025-10-10T14:25:28+00:00","twitter_misc":{"Est. reading time":"2 minutes"},"schema":{"@context":"https:\/\/schema.org","@graph":[{"@type":"WebPage","@id":"https:\/\/www.valuationtribunal.ie\/ga\/ullmhuchan-le-haghaidh-eisteachta\/achoimre-ar-fhianaise\/","url":"https:\/\/www.valuationtribunal.ie\/ga\/ullmhuchan-le-haghaidh-eisteachta\/achoimre-ar-fhianaise\/","name":"Achoimre ar Fhianaise - An Binse Luach\u00e1la","isPartOf":{"@id":"https:\/\/vt.fusio.dev\/#website"},"datePublished":"2017-10-20T20:32:41+00:00","dateModified":"2025-10-10T14:25:28+00:00","breadcrumb":{"@id":"https:\/\/www.valuationtribunal.ie\/ga\/ullmhuchan-le-haghaidh-eisteachta\/achoimre-ar-fhianaise\/#breadcrumb"},"inLanguage":"ga-IE","potentialAction":[{"@type":"ReadAction","target":["https:\/\/www.valuationtribunal.ie\/ga\/ullmhuchan-le-haghaidh-eisteachta\/achoimre-ar-fhianaise\/"]}]},{"@type":"BreadcrumbList","@id":"https:\/\/www.valuationtribunal.ie\/ga\/ullmhuchan-le-haghaidh-eisteachta\/achoimre-ar-fhianaise\/#breadcrumb","itemListElement":[{"@type":"ListItem","position":1,"name":"Home","item":"https:\/\/www.valuationtribunal.ie\/ga\/"},{"@type":"ListItem","position":2,"name":"Ullmh\u00fach\u00e1n le haghaidh \u00e9isteachta","item":"https:\/\/vt.fusio.dev\/ga\/ullmhuchan-le-haghaidh-eisteachta\/"},{"@type":"ListItem","position":3,"name":"Achoimre ar Fhianaise"}]},{"@type":"WebSite","@id":"https:\/\/vt.fusio.dev\/#website","url":"https:\/\/vt.fusio.dev\/","name":"An Binse Luach\u00e1la","description":"","publisher":{"@id":"https:\/\/vt.fusio.dev\/#organization"},"potentialAction":[{"@type":"SearchAction","target":{"@type":"EntryPoint","urlTemplate":"https:\/\/vt.fusio.dev\/?s={search_term_string}"},"query-input":{"@type":"PropertyValueSpecification","valueRequired":true,"valueName":"search_term_string"}}],"inLanguage":"ga-IE"},{"@type":"Organization","@id":"https:\/\/vt.fusio.dev\/#organization","name":"An Binse Luach\u00e1la","url":"https:\/\/vt.fusio.dev\/","logo":{"@type":"ImageObject","inLanguage":"ga-IE","@id":"https:\/\/vt.fusio.dev\/#\/schema\/logo\/image\/","url":"https:\/\/www.valuationtribunal.ie\/wp-content\/uploads\/2017\/06\/Valuation-Tribunal-Logo-250.jpg","contentUrl":"https:\/\/www.valuationtribunal.ie\/wp-content\/uploads\/2017\/06\/Valuation-Tribunal-Logo-250.jpg","width":250,"height":72,"caption":"An Binse Luach\u00e1la"},"image":{"@id":"https:\/\/vt.fusio.dev\/#\/schema\/logo\/image\/"}}]}},"_links":{"self":[{"href":"https:\/\/www.valuationtribunal.ie\/ga\/wp-json\/wp\/v2\/pages\/9116","targetHints":{"allow":["GET"]}}],"collection":[{"href":"https:\/\/www.valuationtribunal.ie\/ga\/wp-json\/wp\/v2\/pages"}],"about":[{"href":"https:\/\/www.valuationtribunal.ie\/ga\/wp-json\/wp\/v2\/types\/page"}],"author":[{"embeddable":true,"href":"https:\/\/www.valuationtribunal.ie\/ga\/wp-json\/wp\/v2\/users\/2"}],"replies":[{"embeddable":true,"href":"https:\/\/www.valuationtribunal.ie\/ga\/wp-json\/wp\/v2\/comments?post=9116"}],"version-history":[{"count":3,"href":"https:\/\/www.valuationtribunal.ie\/ga\/wp-json\/wp\/v2\/pages\/9116\/revisions"}],"predecessor-version":[{"id":16496,"href":"https:\/\/www.valuationtribunal.ie\/ga\/wp-json\/wp\/v2\/pages\/9116\/revisions\/16496"}],"up":[{"embeddable":true,"href":"https:\/\/www.valuationtribunal.ie\/ga\/wp-json\/wp\/v2\/pages\/9114"}],"wp:attachment":[{"href":"https:\/\/www.valuationtribunal.ie\/ga\/wp-json\/wp\/v2\/media?parent=9116"}],"curies":[{"name":"wp","href":"https:\/\/api.w.org\/{rel}","templated":true}]}}