
{"id":9114,"date":"2017-06-02T00:38:02","date_gmt":"2017-06-02T00:38:02","guid":{"rendered":"https:\/\/www.valuationtribunal.ie\/ullmhuchan-le-haghaidh-eisteachta\/"},"modified":"2023-05-05T16:02:38","modified_gmt":"2023-05-05T16:02:38","slug":"ullmhuchan-le-haghaidh-eisteachta","status":"publish","type":"page","link":"https:\/\/www.valuationtribunal.ie\/ga\/ullmhuchan-le-haghaidh-eisteachta\/","title":{"rendered":"Ullmh\u00fach\u00e1n le haghaidh \u00e9isteachta"},"content":{"rendered":"\n<p>Tar \u00e9is d\u00e1ta a bheith comhaontaithe agus gach achoimre ar fhianaise\/gach aighneacht dhl\u00edthi\u00fail a bheith faighte agus malartaithe ar mhodh tr\u00e1th\u00fail (de r\u00e9ir Rialacha an Bhinse Luach\u00e1la), seolfar \u00e9isteacht.<\/p>\n\n<p>Seoltar \u00e9isteachta\u00ed go cianda, in oifig\u00ed an Bhinse Luach\u00e1la i Sr\u00e1id Holles, Baile \u00c1tha Cliath 2, n\u00f3 ar shi\u00fal \u00f3n l\u00e1thair sin in ionad n\u00edos m\u00f3 m\u00e1 t\u00e1 lucht freastail l\u00edonmhar\/l\u00edon m\u00f3r finn\u00e9ithe le bheith ann. Tosa\u00edonn achomhairc ar 10am n\u00f3 ar 2pm.<\/p>\n\n<p>I rith na h\u00e9isteachta, beidh deis ag an achomharc\u00f3ir agus ag an bhfreagr\u00f3ir araon a n-achoimre f\u00e9in ar fhianaise a chur i l\u00e1thair agus an p\u00e1irt\u00ed eile a chroscheisti\u00fa.<\/p>\n\n<p>D\u00e9anfaidh an Rann\u00e1n Binse a bheidh sannta don achomharc lena mbaineann (3 Chomhalta) an \u00e9isteacht a dh\u00fanadh tar \u00e9is deireadh a bheith curtha leis an gceisti\u00fa agus leis an gcroscheisti\u00fa, agus cinnfear an toradh in am tr\u00e1tha.<\/p>\n\n<p>For further details see: <a href=\"https:\/\/www.valuationtribunal.ie\/procedure-at-hearing\/hearing-procedure\/\">Hearing Procedure<\/a> and <a href=\"https:\/\/www.valuationtribunal.ie\/preparing-for-hearing\/summary-of-evidence\/\">Precis of Evidence<\/a><\/p>\n","protected":false},"excerpt":{"rendered":"<p>Tar \u00e9is d\u00e1ta a bheith comhaontaithe agus gach achoimre ar fhianaise\/gach aighneacht dhl\u00edthi\u00fail a bheith faighte agus malartaithe ar mhodh tr\u00e1th\u00fail (de r\u00e9ir Rialacha an Bhinse Luach\u00e1la), seolfar \u00e9isteacht. Seoltar \u00e9isteachta\u00ed go cianda, in oifig\u00ed an Bhinse Luach\u00e1la i Sr\u00e1id Holles, Baile \u00c1tha Cliath 2, n\u00f3 ar shi\u00fal \u00f3n l\u00e1thair sin in ionad n\u00edos m\u00f3 [&hellip;]<\/p>\n","protected":false},"author":2,"featured_media":0,"parent":0,"menu_order":0,"comment_status":"closed","ping_status":"closed","template":"","meta":{"site-sidebar-layout":"default","site-content-layout":"","ast-site-content-layout":"default","site-content-style":"default","site-sidebar-style":"default","ast-global-header-display":"","ast-banner-title-visibility":"","ast-main-header-display":"","ast-hfb-above-header-display":"","ast-hfb-below-header-display":"","ast-hfb-mobile-header-display":"","site-post-title":"","ast-breadcrumbs-content":"","ast-featured-img":"","footer-sml-layout":"","ast-disable-related-posts":"","theme-transparent-header-meta":"","adv-header-id-meta":"","stick-header-meta":"","header-above-stick-meta":"","header-main-stick-meta":"","header-below-stick-meta":"","astra-migrate-meta-layouts":"default","ast-page-background-enabled":"default","ast-page-background-meta":{"desktop":{"background-color":"var(--ast-global-color-4)","background-image":"","background-repeat":"repeat","background-position":"center center","background-size":"auto","background-attachment":"scroll","background-type":"","background-media":"","overlay-type":"","overlay-color":"","overlay-opacity":"","overlay-gradient":""},"tablet":{"background-color":"","background-image":"","background-repeat":"repeat","background-position":"center center","background-size":"auto","background-attachment":"scroll","background-type":"","background-media":"","overlay-type":"","overlay-color":"","overlay-opacity":"","overlay-gradient":""},"mobile":{"background-color":"","background-image":"","background-repeat":"repeat","background-position":"center center","background-size":"auto","background-attachment":"scroll","background-type":"","background-media":"","overlay-type":"","overlay-color":"","overlay-opacity":"","overlay-gradient":""}},"ast-content-background-meta":{"desktop":{"background-color":"var(--ast-global-color-5)","background-image":"","background-repeat":"repeat","background-position":"center center","background-size":"auto","background-attachment":"scroll","background-type":"","background-media":"","overlay-type":"","overlay-color":"","overlay-opacity":"","overlay-gradient":""},"tablet":{"background-color":"var(--ast-global-color-5)","background-image":"","background-repeat":"repeat","background-position":"center center","background-size":"auto","background-attachment":"scroll","background-type":"","background-media":"","overlay-type":"","overlay-color":"","overlay-opacity":"","overlay-gradient":""},"mobile":{"background-color":"var(--ast-global-color-5)","background-image":"","background-repeat":"repeat","background-position":"center center","background-size":"auto","background-attachment":"scroll","background-type":"","background-media":"","overlay-type":"","overlay-color":"","overlay-opacity":"","overlay-gradient":""}},"footnotes":""},"class_list":["post-9114","page","type-page","status-publish","hentry"],"yoast_head":"<!-- This site is optimized with the Yoast SEO plugin v27.3 - https:\/\/yoast.com\/product\/yoast-seo-wordpress\/ -->\n<title>Ullmh\u00fach\u00e1n le haghaidh \u00e9isteachta - An Binse Luach\u00e1la<\/title>\n<meta name=\"robots\" content=\"index, follow, max-snippet:-1, max-image-preview:large, max-video-preview:-1\" \/>\n<link rel=\"canonical\" href=\"https:\/\/www.valuationtribunal.ie\/ga\/ullmhuchan-le-haghaidh-eisteachta\/\" \/>\n<meta property=\"og:locale\" content=\"ga_IE\" \/>\n<meta property=\"og:type\" content=\"article\" \/>\n<meta property=\"og:title\" content=\"Ullmh\u00fach\u00e1n le haghaidh \u00e9isteachta - An Binse Luach\u00e1la\" \/>\n<meta property=\"og:description\" content=\"Tar \u00e9is d\u00e1ta a bheith comhaontaithe agus gach achoimre ar fhianaise\/gach aighneacht dhl\u00edthi\u00fail a bheith faighte agus malartaithe ar mhodh tr\u00e1th\u00fail (de r\u00e9ir Rialacha an Bhinse Luach\u00e1la), seolfar \u00e9isteacht. Seoltar \u00e9isteachta\u00ed go cianda, in oifig\u00ed an Bhinse Luach\u00e1la i Sr\u00e1id Holles, Baile \u00c1tha Cliath 2, n\u00f3 ar shi\u00fal \u00f3n l\u00e1thair sin in ionad n\u00edos m\u00f3 [&hellip;]\" \/>\n<meta property=\"og:url\" content=\"https:\/\/www.valuationtribunal.ie\/ga\/ullmhuchan-le-haghaidh-eisteachta\/\" \/>\n<meta property=\"og:site_name\" content=\"An Binse Luach\u00e1la\" \/>\n<meta property=\"article:modified_time\" content=\"2023-05-05T16:02:38+00:00\" \/>\n<meta name=\"twitter:label1\" content=\"Est. reading time\" \/>\n\t<meta name=\"twitter:data1\" content=\"1 minute\" \/>\n<script type=\"application\/ld+json\" class=\"yoast-schema-graph\">{\"@context\":\"https:\\\/\\\/schema.org\",\"@graph\":[{\"@type\":\"WebPage\",\"@id\":\"https:\\\/\\\/www.valuationtribunal.ie\\\/ga\\\/ullmhuchan-le-haghaidh-eisteachta\\\/\",\"url\":\"https:\\\/\\\/www.valuationtribunal.ie\\\/ga\\\/ullmhuchan-le-haghaidh-eisteachta\\\/\",\"name\":\"Ullmh\u00fach\u00e1n le haghaidh \u00e9isteachta - An Binse Luach\u00e1la\",\"isPartOf\":{\"@id\":\"https:\\\/\\\/vt.fusio.dev\\\/#website\"},\"datePublished\":\"2017-06-02T00:38:02+00:00\",\"dateModified\":\"2023-05-05T16:02:38+00:00\",\"breadcrumb\":{\"@id\":\"https:\\\/\\\/www.valuationtribunal.ie\\\/ga\\\/ullmhuchan-le-haghaidh-eisteachta\\\/#breadcrumb\"},\"inLanguage\":\"ga-IE\",\"potentialAction\":[{\"@type\":\"ReadAction\",\"target\":[\"https:\\\/\\\/www.valuationtribunal.ie\\\/ga\\\/ullmhuchan-le-haghaidh-eisteachta\\\/\"]}]},{\"@type\":\"BreadcrumbList\",\"@id\":\"https:\\\/\\\/www.valuationtribunal.ie\\\/ga\\\/ullmhuchan-le-haghaidh-eisteachta\\\/#breadcrumb\",\"itemListElement\":[{\"@type\":\"ListItem\",\"position\":1,\"name\":\"Home\",\"item\":\"https:\\\/\\\/www.valuationtribunal.ie\\\/ga\\\/\"},{\"@type\":\"ListItem\",\"position\":2,\"name\":\"Ullmh\u00fach\u00e1n le haghaidh \u00e9isteachta\"}]},{\"@type\":\"WebSite\",\"@id\":\"https:\\\/\\\/vt.fusio.dev\\\/#website\",\"url\":\"https:\\\/\\\/vt.fusio.dev\\\/\",\"name\":\"An Binse Luach\u00e1la\",\"description\":\"\",\"publisher\":{\"@id\":\"https:\\\/\\\/vt.fusio.dev\\\/#organization\"},\"potentialAction\":[{\"@type\":\"SearchAction\",\"target\":{\"@type\":\"EntryPoint\",\"urlTemplate\":\"https:\\\/\\\/vt.fusio.dev\\\/?s={search_term_string}\"},\"query-input\":{\"@type\":\"PropertyValueSpecification\",\"valueRequired\":true,\"valueName\":\"search_term_string\"}}],\"inLanguage\":\"ga-IE\"},{\"@type\":\"Organization\",\"@id\":\"https:\\\/\\\/vt.fusio.dev\\\/#organization\",\"name\":\"An Binse Luach\u00e1la\",\"url\":\"https:\\\/\\\/vt.fusio.dev\\\/\",\"logo\":{\"@type\":\"ImageObject\",\"inLanguage\":\"ga-IE\",\"@id\":\"https:\\\/\\\/vt.fusio.dev\\\/#\\\/schema\\\/logo\\\/image\\\/\",\"url\":\"https:\\\/\\\/www.valuationtribunal.ie\\\/wp-content\\\/uploads\\\/2017\\\/06\\\/Valuation-Tribunal-Logo-250.jpg\",\"contentUrl\":\"https:\\\/\\\/www.valuationtribunal.ie\\\/wp-content\\\/uploads\\\/2017\\\/06\\\/Valuation-Tribunal-Logo-250.jpg\",\"width\":250,\"height\":72,\"caption\":\"An Binse Luach\u00e1la\"},\"image\":{\"@id\":\"https:\\\/\\\/vt.fusio.dev\\\/#\\\/schema\\\/logo\\\/image\\\/\"}}]}<\/script>\n<!-- \/ Yoast SEO plugin. -->","yoast_head_json":{"title":"Ullmh\u00fach\u00e1n le haghaidh \u00e9isteachta - An Binse Luach\u00e1la","robots":{"index":"index","follow":"follow","max-snippet":"max-snippet:-1","max-image-preview":"max-image-preview:large","max-video-preview":"max-video-preview:-1"},"canonical":"https:\/\/www.valuationtribunal.ie\/ga\/ullmhuchan-le-haghaidh-eisteachta\/","og_locale":"ga_IE","og_type":"article","og_title":"Ullmh\u00fach\u00e1n le haghaidh \u00e9isteachta - An Binse Luach\u00e1la","og_description":"Tar \u00e9is d\u00e1ta a bheith comhaontaithe agus gach achoimre ar fhianaise\/gach aighneacht dhl\u00edthi\u00fail a bheith faighte agus malartaithe ar mhodh tr\u00e1th\u00fail (de r\u00e9ir Rialacha an Bhinse Luach\u00e1la), seolfar \u00e9isteacht. Seoltar \u00e9isteachta\u00ed go cianda, in oifig\u00ed an Bhinse Luach\u00e1la i Sr\u00e1id Holles, Baile \u00c1tha Cliath 2, n\u00f3 ar shi\u00fal \u00f3n l\u00e1thair sin in ionad n\u00edos m\u00f3 [&hellip;]","og_url":"https:\/\/www.valuationtribunal.ie\/ga\/ullmhuchan-le-haghaidh-eisteachta\/","og_site_name":"An Binse Luach\u00e1la","article_modified_time":"2023-05-05T16:02:38+00:00","twitter_misc":{"Est. reading time":"1 minute"},"schema":{"@context":"https:\/\/schema.org","@graph":[{"@type":"WebPage","@id":"https:\/\/www.valuationtribunal.ie\/ga\/ullmhuchan-le-haghaidh-eisteachta\/","url":"https:\/\/www.valuationtribunal.ie\/ga\/ullmhuchan-le-haghaidh-eisteachta\/","name":"Ullmh\u00fach\u00e1n le haghaidh \u00e9isteachta - An Binse Luach\u00e1la","isPartOf":{"@id":"https:\/\/vt.fusio.dev\/#website"},"datePublished":"2017-06-02T00:38:02+00:00","dateModified":"2023-05-05T16:02:38+00:00","breadcrumb":{"@id":"https:\/\/www.valuationtribunal.ie\/ga\/ullmhuchan-le-haghaidh-eisteachta\/#breadcrumb"},"inLanguage":"ga-IE","potentialAction":[{"@type":"ReadAction","target":["https:\/\/www.valuationtribunal.ie\/ga\/ullmhuchan-le-haghaidh-eisteachta\/"]}]},{"@type":"BreadcrumbList","@id":"https:\/\/www.valuationtribunal.ie\/ga\/ullmhuchan-le-haghaidh-eisteachta\/#breadcrumb","itemListElement":[{"@type":"ListItem","position":1,"name":"Home","item":"https:\/\/www.valuationtribunal.ie\/ga\/"},{"@type":"ListItem","position":2,"name":"Ullmh\u00fach\u00e1n le haghaidh \u00e9isteachta"}]},{"@type":"WebSite","@id":"https:\/\/vt.fusio.dev\/#website","url":"https:\/\/vt.fusio.dev\/","name":"An Binse Luach\u00e1la","description":"","publisher":{"@id":"https:\/\/vt.fusio.dev\/#organization"},"potentialAction":[{"@type":"SearchAction","target":{"@type":"EntryPoint","urlTemplate":"https:\/\/vt.fusio.dev\/?s={search_term_string}"},"query-input":{"@type":"PropertyValueSpecification","valueRequired":true,"valueName":"search_term_string"}}],"inLanguage":"ga-IE"},{"@type":"Organization","@id":"https:\/\/vt.fusio.dev\/#organization","name":"An Binse Luach\u00e1la","url":"https:\/\/vt.fusio.dev\/","logo":{"@type":"ImageObject","inLanguage":"ga-IE","@id":"https:\/\/vt.fusio.dev\/#\/schema\/logo\/image\/","url":"https:\/\/www.valuationtribunal.ie\/wp-content\/uploads\/2017\/06\/Valuation-Tribunal-Logo-250.jpg","contentUrl":"https:\/\/www.valuationtribunal.ie\/wp-content\/uploads\/2017\/06\/Valuation-Tribunal-Logo-250.jpg","width":250,"height":72,"caption":"An Binse Luach\u00e1la"},"image":{"@id":"https:\/\/vt.fusio.dev\/#\/schema\/logo\/image\/"}}]}},"_links":{"self":[{"href":"https:\/\/www.valuationtribunal.ie\/ga\/wp-json\/wp\/v2\/pages\/9114","targetHints":{"allow":["GET"]}}],"collection":[{"href":"https:\/\/www.valuationtribunal.ie\/ga\/wp-json\/wp\/v2\/pages"}],"about":[{"href":"https:\/\/www.valuationtribunal.ie\/ga\/wp-json\/wp\/v2\/types\/page"}],"author":[{"embeddable":true,"href":"https:\/\/www.valuationtribunal.ie\/ga\/wp-json\/wp\/v2\/users\/2"}],"replies":[{"embeddable":true,"href":"https:\/\/www.valuationtribunal.ie\/ga\/wp-json\/wp\/v2\/comments?post=9114"}],"version-history":[{"count":2,"href":"https:\/\/www.valuationtribunal.ie\/ga\/wp-json\/wp\/v2\/pages\/9114\/revisions"}],"predecessor-version":[{"id":12804,"href":"https:\/\/www.valuationtribunal.ie\/ga\/wp-json\/wp\/v2\/pages\/9114\/revisions\/12804"}],"wp:attachment":[{"href":"https:\/\/www.valuationtribunal.ie\/ga\/wp-json\/wp\/v2\/media?parent=9114"}],"curies":[{"name":"wp","href":"https:\/\/api.w.org\/{rel}","templated":true}]}}