
{"id":9070,"date":"2017-06-05T11:44:40","date_gmt":"2017-06-05T11:44:40","guid":{"rendered":"https:\/\/www.valuationtribunal.ie\/dean-teagmhail-linn\/"},"modified":"2026-03-16T15:53:19","modified_gmt":"2026-03-16T15:53:19","slug":"dean-teagmhail-linn","status":"publish","type":"page","link":"https:\/\/www.valuationtribunal.ie\/ga\/dean-teagmhail-linn\/","title":{"rendered":"D\u00e9an teagmh\u00e1il linn"},"content":{"rendered":"\n<div class=\"wp-block-columns is-layout-flex wp-container-core-columns-is-layout-28f84493 wp-block-columns-is-layout-flex\">\n<div class=\"wp-block-column is-layout-flow wp-block-column-is-layout-flow\">\n<div class=\"wp-block-webfactory-map\"><div class=\"wp-block-webfactory-map\"><iframe loading=\"lazy\" title=\"Map\" width=\"100%\" height=\"450px\" src=\"https:\/\/www.google.com\/maps\/embed\/v1\/place?q=Smithfield%20Hall%2C%20Smithfield&amp;maptype=roadmap&amp;zoom=15&amp;key=AIzaSyCQqbqJFRFPSyUuWK4-l470Ksnlw-0GIxw\" frameborder=\"0\"><\/iframe><\/div><\/div>\n<\/div>\n\n\n\n<div class=\"wp-block-column is-layout-flow wp-block-column-is-layout-flow\">\n<div class=\"wp-block-columns is-layout-flex wp-container-core-columns-is-layout-28f84493 wp-block-columns-is-layout-flex\">\n<div class=\"wp-block-column is-layout-flow wp-block-column-is-layout-flow\" style=\"flex-basis:100px\">\n<figure class=\"wp-block-image size-full is-resized\"><a href=\"https:\/\/www.valuationtribunal.ie\/wp-content\/uploads\/2022\/10\/mobile-icon.png\"><img loading=\"lazy\" decoding=\"async\" width=\"608\" height=\"608\" src=\"https:\/\/www.valuationtribunal.ie\/wp-content\/uploads\/2022\/10\/mobile-icon.png\" alt=\"F\u00f3n\" class=\"wp-image-8866\" srcset=\"https:\/\/www.valuationtribunal.ie\/wp-content\/uploads\/2022\/10\/mobile-icon.png 608w, https:\/\/www.valuationtribunal.ie\/wp-content\/uploads\/2022\/10\/mobile-icon-300x300.png 300w, https:\/\/www.valuationtribunal.ie\/wp-content\/uploads\/2022\/10\/mobile-icon-150x150.png 150w, https:\/\/www.valuationtribunal.ie\/wp-content\/uploads\/2022\/10\/mobile-icon-500x500.png 500w, https:\/\/www.valuationtribunal.ie\/wp-content\/uploads\/2022\/10\/mobile-icon-100x100.png 100w\" sizes=\"auto, (max-width: 608px) 100vw, 608px\" \/><\/a><\/figure>\n<\/div>\n\n\n\n<div class=\"wp-block-column is-layout-flow wp-block-column-is-layout-flow\" style=\"flex-basis:66.66%\">\n<h2 class=\"wp-block-heading has-ast-global-color-0-color has-text-color has-medium-font-size\">F\u00f3n<\/h2>\n\n\n\n<p><a href=\"tel:+35316760130\">+353 1 6760130<\/a><\/p>\n<\/div>\n<\/div>\n\n\n\n<div class=\"wp-block-columns is-layout-flex wp-container-core-columns-is-layout-28f84493 wp-block-columns-is-layout-flex\">\n<div class=\"wp-block-column is-layout-flow wp-block-column-is-layout-flow\" style=\"flex-basis:100px\">\n<figure class=\"wp-block-image size-full is-resized\"><a href=\"https:\/\/www.valuationtribunal.ie\/wp-content\/uploads\/2022\/10\/location-address-icon.png\"><img loading=\"lazy\" decoding=\"async\" width=\"608\" height=\"608\" src=\"https:\/\/www.valuationtribunal.ie\/wp-content\/uploads\/2022\/10\/location-address-icon.png\" alt=\"Seoladh\" class=\"wp-image-8864\" srcset=\"https:\/\/www.valuationtribunal.ie\/wp-content\/uploads\/2022\/10\/location-address-icon.png 608w, https:\/\/www.valuationtribunal.ie\/wp-content\/uploads\/2022\/10\/location-address-icon-300x300.png 300w, https:\/\/www.valuationtribunal.ie\/wp-content\/uploads\/2022\/10\/location-address-icon-150x150.png 150w, https:\/\/www.valuationtribunal.ie\/wp-content\/uploads\/2022\/10\/location-address-icon-500x500.png 500w, https:\/\/www.valuationtribunal.ie\/wp-content\/uploads\/2022\/10\/location-address-icon-100x100.png 100w\" sizes=\"auto, (max-width: 608px) 100vw, 608px\" \/><\/a><\/figure>\n<\/div>\n\n\n\n<div class=\"wp-block-column is-layout-flow wp-block-column-is-layout-flow\" style=\"flex-basis:66.66%\">\n<h2 class=\"wp-block-heading has-ast-global-color-0-color has-text-color has-medium-font-size\">Seoladh<\/h2>\n\n\n\n<p>An 6\u00fa hUrl\u00e1r, Halla Mhargadh na Feirme, Margadh na Feirme, Baile \u00c1tha Cliath 7, D07 AEF4<\/p>\n<\/div>\n<\/div>\n\n\n\n<div class=\"wp-block-columns is-layout-flex wp-container-core-columns-is-layout-28f84493 wp-block-columns-is-layout-flex\">\n<div class=\"wp-block-column is-layout-flow wp-block-column-is-layout-flow\" style=\"flex-basis:100px\">\n<figure class=\"wp-block-image size-full is-resized\"><a href=\"https:\/\/www.valuationtribunal.ie\/wp-content\/uploads\/2022\/10\/open-icon.png\"><img loading=\"lazy\" decoding=\"async\" width=\"608\" height=\"608\" src=\"https:\/\/www.valuationtribunal.ie\/wp-content\/uploads\/2022\/10\/open-icon.png\" alt=\"Uaireanta Oibre\" class=\"wp-image-8870\" srcset=\"https:\/\/www.valuationtribunal.ie\/wp-content\/uploads\/2022\/10\/open-icon.png 608w, https:\/\/www.valuationtribunal.ie\/wp-content\/uploads\/2022\/10\/open-icon-300x300.png 300w, https:\/\/www.valuationtribunal.ie\/wp-content\/uploads\/2022\/10\/open-icon-150x150.png 150w, https:\/\/www.valuationtribunal.ie\/wp-content\/uploads\/2022\/10\/open-icon-500x500.png 500w, https:\/\/www.valuationtribunal.ie\/wp-content\/uploads\/2022\/10\/open-icon-100x100.png 100w\" sizes=\"auto, (max-width: 608px) 100vw, 608px\" \/><\/a><\/figure>\n<\/div>\n\n\n\n<div class=\"wp-block-column is-layout-flow wp-block-column-is-layout-flow\" style=\"flex-basis:66.66%\">\n<h2 class=\"wp-block-heading has-ast-global-color-0-color has-text-color has-medium-font-size\">Uaireanta Oibre<\/h2>\n\n\n\n<p>Luan go hAoine: 10.00am go 4.00pm.<\/p>\n<\/div>\n<\/div>\n\n\n\n<div class=\"wp-block-columns is-layout-flex wp-container-core-columns-is-layout-28f84493 wp-block-columns-is-layout-flex\">\n<div class=\"wp-block-column is-layout-flow wp-block-column-is-layout-flow\" style=\"flex-basis:100px\">\n<figure class=\"wp-block-image size-full is-resized\"><a href=\"https:\/\/www.valuationtribunal.ie\/wp-content\/uploads\/2022\/10\/Email-icon.png\"><img loading=\"lazy\" decoding=\"async\" width=\"608\" height=\"608\" src=\"https:\/\/www.valuationtribunal.ie\/wp-content\/uploads\/2022\/10\/Email-icon.png\" alt=\"R\u00edomhphost\" class=\"wp-image-8868\" srcset=\"https:\/\/www.valuationtribunal.ie\/wp-content\/uploads\/2022\/10\/Email-icon.png 608w, https:\/\/www.valuationtribunal.ie\/wp-content\/uploads\/2022\/10\/Email-icon-300x300.png 300w, https:\/\/www.valuationtribunal.ie\/wp-content\/uploads\/2022\/10\/Email-icon-150x150.png 150w, https:\/\/www.valuationtribunal.ie\/wp-content\/uploads\/2022\/10\/Email-icon-500x500.png 500w, https:\/\/www.valuationtribunal.ie\/wp-content\/uploads\/2022\/10\/Email-icon-100x100.png 100w\" sizes=\"auto, (max-width: 608px) 100vw, 608px\" \/><\/a><\/figure>\n<\/div>\n\n\n\n<div class=\"wp-block-column is-layout-flow wp-block-column-is-layout-flow\" style=\"flex-basis:66.66%\">\n<h2 class=\"wp-block-heading has-ast-global-color-0-color has-text-color has-medium-font-size\">R\u00edomhphost<\/h2>\n\n\n\n<p><a href=\"mailto:info@valuationtribunal.ie\">info@valuationtribunal.ie<\/a><\/p>\n<\/div>\n<\/div>\n<\/div>\n<\/div>\n","protected":false},"excerpt":{"rendered":"<p>F\u00f3n +353 1 6760130 Seoladh An 6\u00fa hUrl\u00e1r, Halla Mhargadh na Feirme, Margadh na Feirme, Baile \u00c1tha Cliath 7, D07 AEF4 Uaireanta Oibre Luan go hAoine: 10.00am go 4.00pm. R\u00edomhphost info@valuationtribunal.ie<\/p>\n","protected":false},"author":2,"featured_media":0,"parent":0,"menu_order":0,"comment_status":"closed","ping_status":"closed","template":"","meta":{"site-sidebar-layout":"default","site-content-layout":"","ast-site-content-layout":"default","site-content-style":"default","site-sidebar-style":"default","ast-global-header-display":"","ast-banner-title-visibility":"","ast-main-header-display":"","ast-hfb-above-header-display":"","ast-hfb-below-header-display":"","ast-hfb-mobile-header-display":"","site-post-title":"","ast-breadcrumbs-content":"","ast-featured-img":"","footer-sml-layout":"","ast-disable-related-posts":"","theme-transparent-header-meta":"","adv-header-id-meta":"","stick-header-meta":"","header-above-stick-meta":"","header-main-stick-meta":"","header-below-stick-meta":"","astra-migrate-meta-layouts":"set","ast-page-background-enabled":"default","ast-page-background-meta":{"desktop":{"background-color":"var(--ast-global-color-4)","background-image":"","background-repeat":"repeat","background-position":"center center","background-size":"auto","background-attachment":"scroll","background-type":"","background-media":"","overlay-type":"","overlay-color":"","overlay-opacity":"","overlay-gradient":""},"tablet":{"background-color":"","background-image":"","background-repeat":"repeat","background-position":"center center","background-size":"auto","background-attachment":"scroll","background-type":"","background-media":"","overlay-type":"","overlay-color":"","overlay-opacity":"","overlay-gradient":""},"mobile":{"background-color":"","background-image":"","background-repeat":"repeat","background-position":"center center","background-size":"auto","background-attachment":"scroll","background-type":"","background-media":"","overlay-type":"","overlay-color":"","overlay-opacity":"","overlay-gradient":""}},"ast-content-background-meta":{"desktop":{"background-color":"var(--ast-global-color-5)","background-image":"","background-repeat":"repeat","background-position":"center center","background-size":"auto","background-attachment":"scroll","background-type":"","background-media":"","overlay-type":"","overlay-color":"","overlay-opacity":"","overlay-gradient":""},"tablet":{"background-color":"var(--ast-global-color-5)","background-image":"","background-repeat":"repeat","background-position":"center center","background-size":"auto","background-attachment":"scroll","background-type":"","background-media":"","overlay-type":"","overlay-color":"","overlay-opacity":"","overlay-gradient":""},"mobile":{"background-color":"var(--ast-global-color-5)","background-image":"","background-repeat":"repeat","background-position":"center center","background-size":"auto","background-attachment":"scroll","background-type":"","background-media":"","overlay-type":"","overlay-color":"","overlay-opacity":"","overlay-gradient":""}},"footnotes":""},"class_list":["post-9070","page","type-page","status-publish","hentry"],"yoast_head":"<!-- This site is optimized with the Yoast SEO plugin v27.3 - https:\/\/yoast.com\/product\/yoast-seo-wordpress\/ -->\n<title>D\u00e9an teagmh\u00e1il linn - An Binse Luach\u00e1la<\/title>\n<meta name=\"robots\" content=\"index, follow, max-snippet:-1, max-image-preview:large, max-video-preview:-1\" \/>\n<link rel=\"canonical\" href=\"https:\/\/www.valuationtribunal.ie\/ga\/dean-teagmhail-linn\/\" \/>\n<meta property=\"og:locale\" content=\"ga_IE\" \/>\n<meta property=\"og:type\" content=\"article\" \/>\n<meta property=\"og:title\" content=\"D\u00e9an teagmh\u00e1il linn - An Binse Luach\u00e1la\" \/>\n<meta property=\"og:description\" content=\"F\u00f3n +353 1 6760130 Seoladh An 6\u00fa hUrl\u00e1r, Halla Mhargadh na Feirme, Margadh na Feirme, Baile \u00c1tha Cliath 7, D07 AEF4 Uaireanta Oibre Luan go hAoine: 10.00am go 4.00pm. R\u00edomhphost info@valuationtribunal.ie\" \/>\n<meta property=\"og:url\" content=\"https:\/\/www.valuationtribunal.ie\/ga\/dean-teagmhail-linn\/\" \/>\n<meta property=\"og:site_name\" content=\"An Binse Luach\u00e1la\" \/>\n<meta property=\"article:modified_time\" content=\"2026-03-16T15:53:19+00:00\" \/>\n<meta property=\"og:image\" content=\"https:\/\/www.valuationtribunal.ie\/wp-content\/uploads\/2022\/10\/mobile-icon.png\" \/>\n\t<meta property=\"og:image:width\" content=\"608\" \/>\n\t<meta property=\"og:image:height\" content=\"608\" \/>\n\t<meta property=\"og:image:type\" content=\"image\/png\" \/>\n<meta name=\"twitter:label1\" content=\"Est. reading time\" \/>\n\t<meta name=\"twitter:data1\" content=\"1 minute\" \/>\n<script type=\"application\/ld+json\" class=\"yoast-schema-graph\">{\"@context\":\"https:\\\/\\\/schema.org\",\"@graph\":[{\"@type\":\"WebPage\",\"@id\":\"https:\\\/\\\/www.valuationtribunal.ie\\\/ga\\\/dean-teagmhail-linn\\\/\",\"url\":\"https:\\\/\\\/www.valuationtribunal.ie\\\/ga\\\/dean-teagmhail-linn\\\/\",\"name\":\"D\u00e9an teagmh\u00e1il linn - An Binse Luach\u00e1la\",\"isPartOf\":{\"@id\":\"https:\\\/\\\/vt.fusio.dev\\\/#website\"},\"primaryImageOfPage\":{\"@id\":\"https:\\\/\\\/www.valuationtribunal.ie\\\/ga\\\/dean-teagmhail-linn\\\/#primaryimage\"},\"image\":{\"@id\":\"https:\\\/\\\/www.valuationtribunal.ie\\\/ga\\\/dean-teagmhail-linn\\\/#primaryimage\"},\"thumbnailUrl\":\"https:\\\/\\\/www.valuationtribunal.ie\\\/wp-content\\\/uploads\\\/2022\\\/10\\\/mobile-icon.png\",\"datePublished\":\"2017-06-05T11:44:40+00:00\",\"dateModified\":\"2026-03-16T15:53:19+00:00\",\"breadcrumb\":{\"@id\":\"https:\\\/\\\/www.valuationtribunal.ie\\\/ga\\\/dean-teagmhail-linn\\\/#breadcrumb\"},\"inLanguage\":\"ga-IE\",\"potentialAction\":[{\"@type\":\"ReadAction\",\"target\":[\"https:\\\/\\\/www.valuationtribunal.ie\\\/ga\\\/dean-teagmhail-linn\\\/\"]}]},{\"@type\":\"ImageObject\",\"inLanguage\":\"ga-IE\",\"@id\":\"https:\\\/\\\/www.valuationtribunal.ie\\\/ga\\\/dean-teagmhail-linn\\\/#primaryimage\",\"url\":\"https:\\\/\\\/www.valuationtribunal.ie\\\/wp-content\\\/uploads\\\/2022\\\/10\\\/mobile-icon.png\",\"contentUrl\":\"https:\\\/\\\/www.valuationtribunal.ie\\\/wp-content\\\/uploads\\\/2022\\\/10\\\/mobile-icon.png\"},{\"@type\":\"BreadcrumbList\",\"@id\":\"https:\\\/\\\/www.valuationtribunal.ie\\\/ga\\\/dean-teagmhail-linn\\\/#breadcrumb\",\"itemListElement\":[{\"@type\":\"ListItem\",\"position\":1,\"name\":\"Home\",\"item\":\"https:\\\/\\\/www.valuationtribunal.ie\\\/ga\\\/\"},{\"@type\":\"ListItem\",\"position\":2,\"name\":\"D\u00e9an teagmh\u00e1il linn\"}]},{\"@type\":\"WebSite\",\"@id\":\"https:\\\/\\\/vt.fusio.dev\\\/#website\",\"url\":\"https:\\\/\\\/vt.fusio.dev\\\/\",\"name\":\"An Binse Luach\u00e1la\",\"description\":\"\",\"publisher\":{\"@id\":\"https:\\\/\\\/vt.fusio.dev\\\/#organization\"},\"potentialAction\":[{\"@type\":\"SearchAction\",\"target\":{\"@type\":\"EntryPoint\",\"urlTemplate\":\"https:\\\/\\\/vt.fusio.dev\\\/?s={search_term_string}\"},\"query-input\":{\"@type\":\"PropertyValueSpecification\",\"valueRequired\":true,\"valueName\":\"search_term_string\"}}],\"inLanguage\":\"ga-IE\"},{\"@type\":\"Organization\",\"@id\":\"https:\\\/\\\/vt.fusio.dev\\\/#organization\",\"name\":\"An Binse Luach\u00e1la\",\"url\":\"https:\\\/\\\/vt.fusio.dev\\\/\",\"logo\":{\"@type\":\"ImageObject\",\"inLanguage\":\"ga-IE\",\"@id\":\"https:\\\/\\\/vt.fusio.dev\\\/#\\\/schema\\\/logo\\\/image\\\/\",\"url\":\"https:\\\/\\\/www.valuationtribunal.ie\\\/wp-content\\\/uploads\\\/2017\\\/06\\\/Valuation-Tribunal-Logo-250.jpg\",\"contentUrl\":\"https:\\\/\\\/www.valuationtribunal.ie\\\/wp-content\\\/uploads\\\/2017\\\/06\\\/Valuation-Tribunal-Logo-250.jpg\",\"width\":250,\"height\":72,\"caption\":\"An Binse Luach\u00e1la\"},\"image\":{\"@id\":\"https:\\\/\\\/vt.fusio.dev\\\/#\\\/schema\\\/logo\\\/image\\\/\"}}]}<\/script>\n<!-- \/ Yoast SEO plugin. -->","yoast_head_json":{"title":"D\u00e9an teagmh\u00e1il linn - An Binse Luach\u00e1la","robots":{"index":"index","follow":"follow","max-snippet":"max-snippet:-1","max-image-preview":"max-image-preview:large","max-video-preview":"max-video-preview:-1"},"canonical":"https:\/\/www.valuationtribunal.ie\/ga\/dean-teagmhail-linn\/","og_locale":"ga_IE","og_type":"article","og_title":"D\u00e9an teagmh\u00e1il linn - An Binse Luach\u00e1la","og_description":"F\u00f3n +353 1 6760130 Seoladh An 6\u00fa hUrl\u00e1r, Halla Mhargadh na Feirme, Margadh na Feirme, Baile \u00c1tha Cliath 7, D07 AEF4 Uaireanta Oibre Luan go hAoine: 10.00am go 4.00pm. R\u00edomhphost info@valuationtribunal.ie","og_url":"https:\/\/www.valuationtribunal.ie\/ga\/dean-teagmhail-linn\/","og_site_name":"An Binse Luach\u00e1la","article_modified_time":"2026-03-16T15:53:19+00:00","og_image":[{"width":608,"height":608,"url":"https:\/\/www.valuationtribunal.ie\/wp-content\/uploads\/2022\/10\/mobile-icon.png","type":"image\/png"}],"twitter_misc":{"Est. reading time":"1 minute"},"schema":{"@context":"https:\/\/schema.org","@graph":[{"@type":"WebPage","@id":"https:\/\/www.valuationtribunal.ie\/ga\/dean-teagmhail-linn\/","url":"https:\/\/www.valuationtribunal.ie\/ga\/dean-teagmhail-linn\/","name":"D\u00e9an teagmh\u00e1il linn - An Binse Luach\u00e1la","isPartOf":{"@id":"https:\/\/vt.fusio.dev\/#website"},"primaryImageOfPage":{"@id":"https:\/\/www.valuationtribunal.ie\/ga\/dean-teagmhail-linn\/#primaryimage"},"image":{"@id":"https:\/\/www.valuationtribunal.ie\/ga\/dean-teagmhail-linn\/#primaryimage"},"thumbnailUrl":"https:\/\/www.valuationtribunal.ie\/wp-content\/uploads\/2022\/10\/mobile-icon.png","datePublished":"2017-06-05T11:44:40+00:00","dateModified":"2026-03-16T15:53:19+00:00","breadcrumb":{"@id":"https:\/\/www.valuationtribunal.ie\/ga\/dean-teagmhail-linn\/#breadcrumb"},"inLanguage":"ga-IE","potentialAction":[{"@type":"ReadAction","target":["https:\/\/www.valuationtribunal.ie\/ga\/dean-teagmhail-linn\/"]}]},{"@type":"ImageObject","inLanguage":"ga-IE","@id":"https:\/\/www.valuationtribunal.ie\/ga\/dean-teagmhail-linn\/#primaryimage","url":"https:\/\/www.valuationtribunal.ie\/wp-content\/uploads\/2022\/10\/mobile-icon.png","contentUrl":"https:\/\/www.valuationtribunal.ie\/wp-content\/uploads\/2022\/10\/mobile-icon.png"},{"@type":"BreadcrumbList","@id":"https:\/\/www.valuationtribunal.ie\/ga\/dean-teagmhail-linn\/#breadcrumb","itemListElement":[{"@type":"ListItem","position":1,"name":"Home","item":"https:\/\/www.valuationtribunal.ie\/ga\/"},{"@type":"ListItem","position":2,"name":"D\u00e9an teagmh\u00e1il linn"}]},{"@type":"WebSite","@id":"https:\/\/vt.fusio.dev\/#website","url":"https:\/\/vt.fusio.dev\/","name":"An Binse Luach\u00e1la","description":"","publisher":{"@id":"https:\/\/vt.fusio.dev\/#organization"},"potentialAction":[{"@type":"SearchAction","target":{"@type":"EntryPoint","urlTemplate":"https:\/\/vt.fusio.dev\/?s={search_term_string}"},"query-input":{"@type":"PropertyValueSpecification","valueRequired":true,"valueName":"search_term_string"}}],"inLanguage":"ga-IE"},{"@type":"Organization","@id":"https:\/\/vt.fusio.dev\/#organization","name":"An Binse Luach\u00e1la","url":"https:\/\/vt.fusio.dev\/","logo":{"@type":"ImageObject","inLanguage":"ga-IE","@id":"https:\/\/vt.fusio.dev\/#\/schema\/logo\/image\/","url":"https:\/\/www.valuationtribunal.ie\/wp-content\/uploads\/2017\/06\/Valuation-Tribunal-Logo-250.jpg","contentUrl":"https:\/\/www.valuationtribunal.ie\/wp-content\/uploads\/2017\/06\/Valuation-Tribunal-Logo-250.jpg","width":250,"height":72,"caption":"An Binse Luach\u00e1la"},"image":{"@id":"https:\/\/vt.fusio.dev\/#\/schema\/logo\/image\/"}}]}},"_links":{"self":[{"href":"https:\/\/www.valuationtribunal.ie\/ga\/wp-json\/wp\/v2\/pages\/9070","targetHints":{"allow":["GET"]}}],"collection":[{"href":"https:\/\/www.valuationtribunal.ie\/ga\/wp-json\/wp\/v2\/pages"}],"about":[{"href":"https:\/\/www.valuationtribunal.ie\/ga\/wp-json\/wp\/v2\/types\/page"}],"author":[{"embeddable":true,"href":"https:\/\/www.valuationtribunal.ie\/ga\/wp-json\/wp\/v2\/users\/2"}],"replies":[{"embeddable":true,"href":"https:\/\/www.valuationtribunal.ie\/ga\/wp-json\/wp\/v2\/comments?post=9070"}],"version-history":[{"count":4,"href":"https:\/\/www.valuationtribunal.ie\/ga\/wp-json\/wp\/v2\/pages\/9070\/revisions"}],"predecessor-version":[{"id":18983,"href":"https:\/\/www.valuationtribunal.ie\/ga\/wp-json\/wp\/v2\/pages\/9070\/revisions\/18983"}],"wp:attachment":[{"href":"https:\/\/www.valuationtribunal.ie\/ga\/wp-json\/wp\/v2\/media?parent=9070"}],"curies":[{"name":"wp","href":"https:\/\/api.w.org\/{rel}","templated":true}]}}