
{"id":9063,"date":"2020-03-03T16:41:11","date_gmt":"2020-03-03T16:41:11","guid":{"rendered":"https:\/\/www.valuationtribunal.ie\/faisneis-fuinn\/foilseachain\/"},"modified":"2023-09-15T10:16:30","modified_gmt":"2023-09-15T10:16:30","slug":"foilseachain","status":"publish","type":"page","link":"https:\/\/www.valuationtribunal.ie\/ga\/faisneis-fuinn\/foilseachain\/","title":{"rendered":"Foilseach\u00e1in"},"content":{"rendered":"\n<p><a href=\"https:\/\/www.valuationtribunal.ie\/wp-content\/uploads\/2020\/03\/Valuation-Tribunal-Customer-Charter-2020.docx.pdf\">Cairt Custaim\u00e9ir\u00ed 2020<\/a><\/p>\n\n<p><a href=\"https:\/\/www.valuationtribunal.ie\/wp-content\/uploads\/2023\/06\/Valuation-Tribunal-Policy-and-Procedures-for-Protected-Disclosures-Reporting-2020.pdf\">An Binse Luach\u00e1la &#8211; Beartas agus N\u00f3sanna Imeachta maidir le Tuairisci\u00fa Nochta\u00ed Cosanta 2020<\/a><\/p>\n\n<p><a href=\"https:\/\/www.valuationtribunal.ie\/wp-content\/uploads\/2020\/06\/Valuation-Tribunal-Covid-19-Return-to-Work-Policy-May-2020.pdf\">An Binse Luach\u00e1la &#8211; Beartas maidir le Filleadh ar an Obair tar \u00e9is Covid 19 (Bealtaine 2020)<\/a><\/p>\n\n<p><a href=\"https:\/\/www.valuationtribunal.ie\/wp-content\/uploads\/2020\/06\/Valuation-Tribunal-Employees-Code-Of-Conduct-2020.pdf\">C\u00f3d Iompair Fhostaithe an Bhinse Luach\u00e1la 2020<\/a><\/p>\n\n<p><a href=\"https:\/\/www.valuationtribunal.ie\/wp-content\/uploads\/2020\/07\/VT-Remote-Hearing-Protocol-24-July-2020.pdf\">Pr\u00f3tacail an Bhinse Luach\u00e1la maidir le h\u00c9isteachta\u00ed Cianda <\/a><\/p>\n\n<p><a href=\"https:\/\/www.valuationtribunal.ie\/wp-content\/uploads\/2022\/12\/Valuation-Tribunal-2021-Annual-Report-Final-31.11.22.pdf\">Tuarasc\u00e1il Bhliant\u00fail an Bhinse Luach\u00e1la 2021 \u2013 Leagan B\u00e9arla agus Gaeilge<\/a><\/p>\n\n<p><a href=\"https:\/\/www.valuationtribunal.ie\/wp-content\/uploads\/2021\/10\/Valuation-Tribunal-2020-Annual-Report-2.pdf\">Tuarasc\u00e1il Bhliant\u00fail an Bhinse Luach\u00e1la 2020 \u2013 Leagan B\u00e9arla agus Gaeilge<\/a><\/p>\n\n<p><a href=\"https:\/\/www.valuationtribunal.ie\/wp-content\/uploads\/2021\/02\/Valuation-Tribunal-2019-Annual-Report-English-and-Irish-Version.pdf\">Tuarasc\u00e1il Bhliant\u00fail an Bhinse Luach\u00e1la 2019 &#8211; Leagan B\u00e9arla agus Gaeilge<\/a><\/p>\n\n<p><a href=\"https:\/\/www.valuationtribunal.ie\/wp-content\/uploads\/2021\/04\/Valuation-Tribunal-Strategic-Plan-2021-2023-English-and-Irish-Version.pdf\">Plean Strait\u00e9iseach an Bhinse Luach\u00e1la 2021-2023 &#8211; Leagan B\u00e9arla agus Gaeilge<\/a><\/p>\n","protected":false},"excerpt":{"rendered":"<p>Cairt Custaim\u00e9ir\u00ed 2020 An Binse Luach\u00e1la &#8211; Beartas agus N\u00f3sanna Imeachta maidir le Tuairisci\u00fa Nochta\u00ed Cosanta 2020 An Binse Luach\u00e1la &#8211; Beartas maidir le Filleadh ar an Obair tar \u00e9is Covid 19 (Bealtaine 2020) C\u00f3d Iompair Fhostaithe an Bhinse Luach\u00e1la 2020 Pr\u00f3tacail an Bhinse Luach\u00e1la maidir le h\u00c9isteachta\u00ed Cianda Tuarasc\u00e1il Bhliant\u00fail an Bhinse Luach\u00e1la 2021 [&hellip;]<\/p>\n","protected":false},"author":2,"featured_media":0,"parent":9016,"menu_order":0,"comment_status":"closed","ping_status":"closed","template":"","meta":{"site-sidebar-layout":"default","site-content-layout":"","ast-site-content-layout":"default","site-content-style":"default","site-sidebar-style":"default","ast-global-header-display":"","ast-banner-title-visibility":"","ast-main-header-display":"","ast-hfb-above-header-display":"","ast-hfb-below-header-display":"","ast-hfb-mobile-header-display":"","site-post-title":"","ast-breadcrumbs-content":"","ast-featured-img":"","footer-sml-layout":"","ast-disable-related-posts":"","theme-transparent-header-meta":"","adv-header-id-meta":"","stick-header-meta":"","header-above-stick-meta":"","header-main-stick-meta":"","header-below-stick-meta":"","astra-migrate-meta-layouts":"default","ast-page-background-enabled":"default","ast-page-background-meta":{"desktop":{"background-color":"var(--ast-global-color-4)","background-image":"","background-repeat":"repeat","background-position":"center center","background-size":"auto","background-attachment":"scroll","background-type":"","background-media":"","overlay-type":"","overlay-color":"","overlay-opacity":"","overlay-gradient":""},"tablet":{"background-color":"","background-image":"","background-repeat":"repeat","background-position":"center center","background-size":"auto","background-attachment":"scroll","background-type":"","background-media":"","overlay-type":"","overlay-color":"","overlay-opacity":"","overlay-gradient":""},"mobile":{"background-color":"","background-image":"","background-repeat":"repeat","background-position":"center center","background-size":"auto","background-attachment":"scroll","background-type":"","background-media":"","overlay-type":"","overlay-color":"","overlay-opacity":"","overlay-gradient":""}},"ast-content-background-meta":{"desktop":{"background-color":"var(--ast-global-color-5)","background-image":"","background-repeat":"repeat","background-position":"center center","background-size":"auto","background-attachment":"scroll","background-type":"","background-media":"","overlay-type":"","overlay-color":"","overlay-opacity":"","overlay-gradient":""},"tablet":{"background-color":"var(--ast-global-color-5)","background-image":"","background-repeat":"repeat","background-position":"center center","background-size":"auto","background-attachment":"scroll","background-type":"","background-media":"","overlay-type":"","overlay-color":"","overlay-opacity":"","overlay-gradient":""},"mobile":{"background-color":"var(--ast-global-color-5)","background-image":"","background-repeat":"repeat","background-position":"center center","background-size":"auto","background-attachment":"scroll","background-type":"","background-media":"","overlay-type":"","overlay-color":"","overlay-opacity":"","overlay-gradient":""}},"footnotes":""},"class_list":["post-9063","page","type-page","status-publish","hentry"],"yoast_head":"<!-- This site is optimized with the Yoast SEO plugin v27.3 - https:\/\/yoast.com\/product\/yoast-seo-wordpress\/ -->\n<title>Foilseach\u00e1in - An Binse Luach\u00e1la<\/title>\n<meta name=\"robots\" content=\"index, follow, max-snippet:-1, max-image-preview:large, max-video-preview:-1\" \/>\n<link rel=\"canonical\" href=\"https:\/\/www.valuationtribunal.ie\/ga\/faisneis-fuinn\/foilseachain\/\" \/>\n<meta property=\"og:locale\" content=\"ga_IE\" \/>\n<meta property=\"og:type\" content=\"article\" \/>\n<meta property=\"og:title\" content=\"Foilseach\u00e1in - An Binse Luach\u00e1la\" \/>\n<meta property=\"og:description\" content=\"Cairt Custaim\u00e9ir\u00ed 2020 An Binse Luach\u00e1la &#8211; Beartas agus N\u00f3sanna Imeachta maidir le Tuairisci\u00fa Nochta\u00ed Cosanta 2020 An Binse Luach\u00e1la &#8211; Beartas maidir le Filleadh ar an Obair tar \u00e9is Covid 19 (Bealtaine 2020) C\u00f3d Iompair Fhostaithe an Bhinse Luach\u00e1la 2020 Pr\u00f3tacail an Bhinse Luach\u00e1la maidir le h\u00c9isteachta\u00ed Cianda Tuarasc\u00e1il Bhliant\u00fail an Bhinse Luach\u00e1la 2021 [&hellip;]\" \/>\n<meta property=\"og:url\" content=\"https:\/\/www.valuationtribunal.ie\/ga\/faisneis-fuinn\/foilseachain\/\" \/>\n<meta property=\"og:site_name\" content=\"An Binse Luach\u00e1la\" \/>\n<meta property=\"article:modified_time\" content=\"2023-09-15T10:16:30+00:00\" \/>\n<meta name=\"twitter:label1\" content=\"Est. reading time\" \/>\n\t<meta name=\"twitter:data1\" content=\"1 minute\" \/>\n<script type=\"application\/ld+json\" class=\"yoast-schema-graph\">{\"@context\":\"https:\\\/\\\/schema.org\",\"@graph\":[{\"@type\":\"WebPage\",\"@id\":\"https:\\\/\\\/www.valuationtribunal.ie\\\/ga\\\/faisneis-fuinn\\\/foilseachain\\\/\",\"url\":\"https:\\\/\\\/www.valuationtribunal.ie\\\/ga\\\/faisneis-fuinn\\\/foilseachain\\\/\",\"name\":\"Foilseach\u00e1in - An Binse Luach\u00e1la\",\"isPartOf\":{\"@id\":\"https:\\\/\\\/vt.fusio.dev\\\/#website\"},\"datePublished\":\"2020-03-03T16:41:11+00:00\",\"dateModified\":\"2023-09-15T10:16:30+00:00\",\"breadcrumb\":{\"@id\":\"https:\\\/\\\/www.valuationtribunal.ie\\\/ga\\\/faisneis-fuinn\\\/foilseachain\\\/#breadcrumb\"},\"inLanguage\":\"ga-IE\",\"potentialAction\":[{\"@type\":\"ReadAction\",\"target\":[\"https:\\\/\\\/www.valuationtribunal.ie\\\/ga\\\/faisneis-fuinn\\\/foilseachain\\\/\"]}]},{\"@type\":\"BreadcrumbList\",\"@id\":\"https:\\\/\\\/www.valuationtribunal.ie\\\/ga\\\/faisneis-fuinn\\\/foilseachain\\\/#breadcrumb\",\"itemListElement\":[{\"@type\":\"ListItem\",\"position\":1,\"name\":\"Home\",\"item\":\"https:\\\/\\\/www.valuationtribunal.ie\\\/ga\\\/\"},{\"@type\":\"ListItem\",\"position\":2,\"name\":\"Faisn\u00e9is F\u00fainn\",\"item\":\"https:\\\/\\\/vt.fusio.dev\\\/faisneis-fuinn\\\/\"},{\"@type\":\"ListItem\",\"position\":3,\"name\":\"Foilseach\u00e1in\"}]},{\"@type\":\"WebSite\",\"@id\":\"https:\\\/\\\/vt.fusio.dev\\\/#website\",\"url\":\"https:\\\/\\\/vt.fusio.dev\\\/\",\"name\":\"An Binse Luach\u00e1la\",\"description\":\"\",\"publisher\":{\"@id\":\"https:\\\/\\\/vt.fusio.dev\\\/#organization\"},\"potentialAction\":[{\"@type\":\"SearchAction\",\"target\":{\"@type\":\"EntryPoint\",\"urlTemplate\":\"https:\\\/\\\/vt.fusio.dev\\\/?s={search_term_string}\"},\"query-input\":{\"@type\":\"PropertyValueSpecification\",\"valueRequired\":true,\"valueName\":\"search_term_string\"}}],\"inLanguage\":\"ga-IE\"},{\"@type\":\"Organization\",\"@id\":\"https:\\\/\\\/vt.fusio.dev\\\/#organization\",\"name\":\"An Binse Luach\u00e1la\",\"url\":\"https:\\\/\\\/vt.fusio.dev\\\/\",\"logo\":{\"@type\":\"ImageObject\",\"inLanguage\":\"ga-IE\",\"@id\":\"https:\\\/\\\/vt.fusio.dev\\\/#\\\/schema\\\/logo\\\/image\\\/\",\"url\":\"https:\\\/\\\/www.valuationtribunal.ie\\\/wp-content\\\/uploads\\\/2017\\\/06\\\/Valuation-Tribunal-Logo-250.jpg\",\"contentUrl\":\"https:\\\/\\\/www.valuationtribunal.ie\\\/wp-content\\\/uploads\\\/2017\\\/06\\\/Valuation-Tribunal-Logo-250.jpg\",\"width\":250,\"height\":72,\"caption\":\"An Binse Luach\u00e1la\"},\"image\":{\"@id\":\"https:\\\/\\\/vt.fusio.dev\\\/#\\\/schema\\\/logo\\\/image\\\/\"}}]}<\/script>\n<!-- \/ Yoast SEO plugin. -->","yoast_head_json":{"title":"Foilseach\u00e1in - An Binse Luach\u00e1la","robots":{"index":"index","follow":"follow","max-snippet":"max-snippet:-1","max-image-preview":"max-image-preview:large","max-video-preview":"max-video-preview:-1"},"canonical":"https:\/\/www.valuationtribunal.ie\/ga\/faisneis-fuinn\/foilseachain\/","og_locale":"ga_IE","og_type":"article","og_title":"Foilseach\u00e1in - An Binse Luach\u00e1la","og_description":"Cairt Custaim\u00e9ir\u00ed 2020 An Binse Luach\u00e1la &#8211; Beartas agus N\u00f3sanna Imeachta maidir le Tuairisci\u00fa Nochta\u00ed Cosanta 2020 An Binse Luach\u00e1la &#8211; Beartas maidir le Filleadh ar an Obair tar \u00e9is Covid 19 (Bealtaine 2020) C\u00f3d Iompair Fhostaithe an Bhinse Luach\u00e1la 2020 Pr\u00f3tacail an Bhinse Luach\u00e1la maidir le h\u00c9isteachta\u00ed Cianda Tuarasc\u00e1il Bhliant\u00fail an Bhinse Luach\u00e1la 2021 [&hellip;]","og_url":"https:\/\/www.valuationtribunal.ie\/ga\/faisneis-fuinn\/foilseachain\/","og_site_name":"An Binse Luach\u00e1la","article_modified_time":"2023-09-15T10:16:30+00:00","twitter_misc":{"Est. reading time":"1 minute"},"schema":{"@context":"https:\/\/schema.org","@graph":[{"@type":"WebPage","@id":"https:\/\/www.valuationtribunal.ie\/ga\/faisneis-fuinn\/foilseachain\/","url":"https:\/\/www.valuationtribunal.ie\/ga\/faisneis-fuinn\/foilseachain\/","name":"Foilseach\u00e1in - An Binse Luach\u00e1la","isPartOf":{"@id":"https:\/\/vt.fusio.dev\/#website"},"datePublished":"2020-03-03T16:41:11+00:00","dateModified":"2023-09-15T10:16:30+00:00","breadcrumb":{"@id":"https:\/\/www.valuationtribunal.ie\/ga\/faisneis-fuinn\/foilseachain\/#breadcrumb"},"inLanguage":"ga-IE","potentialAction":[{"@type":"ReadAction","target":["https:\/\/www.valuationtribunal.ie\/ga\/faisneis-fuinn\/foilseachain\/"]}]},{"@type":"BreadcrumbList","@id":"https:\/\/www.valuationtribunal.ie\/ga\/faisneis-fuinn\/foilseachain\/#breadcrumb","itemListElement":[{"@type":"ListItem","position":1,"name":"Home","item":"https:\/\/www.valuationtribunal.ie\/ga\/"},{"@type":"ListItem","position":2,"name":"Faisn\u00e9is F\u00fainn","item":"https:\/\/vt.fusio.dev\/faisneis-fuinn\/"},{"@type":"ListItem","position":3,"name":"Foilseach\u00e1in"}]},{"@type":"WebSite","@id":"https:\/\/vt.fusio.dev\/#website","url":"https:\/\/vt.fusio.dev\/","name":"An Binse Luach\u00e1la","description":"","publisher":{"@id":"https:\/\/vt.fusio.dev\/#organization"},"potentialAction":[{"@type":"SearchAction","target":{"@type":"EntryPoint","urlTemplate":"https:\/\/vt.fusio.dev\/?s={search_term_string}"},"query-input":{"@type":"PropertyValueSpecification","valueRequired":true,"valueName":"search_term_string"}}],"inLanguage":"ga-IE"},{"@type":"Organization","@id":"https:\/\/vt.fusio.dev\/#organization","name":"An Binse Luach\u00e1la","url":"https:\/\/vt.fusio.dev\/","logo":{"@type":"ImageObject","inLanguage":"ga-IE","@id":"https:\/\/vt.fusio.dev\/#\/schema\/logo\/image\/","url":"https:\/\/www.valuationtribunal.ie\/wp-content\/uploads\/2017\/06\/Valuation-Tribunal-Logo-250.jpg","contentUrl":"https:\/\/www.valuationtribunal.ie\/wp-content\/uploads\/2017\/06\/Valuation-Tribunal-Logo-250.jpg","width":250,"height":72,"caption":"An Binse Luach\u00e1la"},"image":{"@id":"https:\/\/vt.fusio.dev\/#\/schema\/logo\/image\/"}}]}},"_links":{"self":[{"href":"https:\/\/www.valuationtribunal.ie\/ga\/wp-json\/wp\/v2\/pages\/9063","targetHints":{"allow":["GET"]}}],"collection":[{"href":"https:\/\/www.valuationtribunal.ie\/ga\/wp-json\/wp\/v2\/pages"}],"about":[{"href":"https:\/\/www.valuationtribunal.ie\/ga\/wp-json\/wp\/v2\/types\/page"}],"author":[{"embeddable":true,"href":"https:\/\/www.valuationtribunal.ie\/ga\/wp-json\/wp\/v2\/users\/2"}],"replies":[{"embeddable":true,"href":"https:\/\/www.valuationtribunal.ie\/ga\/wp-json\/wp\/v2\/comments?post=9063"}],"version-history":[{"count":6,"href":"https:\/\/www.valuationtribunal.ie\/ga\/wp-json\/wp\/v2\/pages\/9063\/revisions"}],"predecessor-version":[{"id":13246,"href":"https:\/\/www.valuationtribunal.ie\/ga\/wp-json\/wp\/v2\/pages\/9063\/revisions\/13246"}],"up":[{"embeddable":true,"href":"https:\/\/www.valuationtribunal.ie\/ga\/wp-json\/wp\/v2\/pages\/9016"}],"wp:attachment":[{"href":"https:\/\/www.valuationtribunal.ie\/ga\/wp-json\/wp\/v2\/media?parent=9063"}],"curies":[{"name":"wp","href":"https:\/\/api.w.org\/{rel}","templated":true}]}}