
{"id":9056,"date":"2017-10-23T14:11:01","date_gmt":"2017-10-23T14:11:01","guid":{"rendered":"https:\/\/www.valuationtribunal.ie\/faisneis-fuinn\/comhaltai\/"},"modified":"2025-01-10T09:10:33","modified_gmt":"2025-01-10T09:10:33","slug":"comhaltai","status":"publish","type":"page","link":"https:\/\/www.valuationtribunal.ie\/ga\/faisneis-fuinn\/comhaltai\/","title":{"rendered":"Comhalta\u00ed"},"content":{"rendered":"\n<p>Ceapann an tAire Tith\u00edochta, Rialtais \u00c1iti\u00fail &amp; Oidhreachta na comhalta\u00ed. Cuims\u00edonn an comhaltas Cathaoirleach, Leas-Chathaoirleach agus Gn\u00e1thchomhalta\u00ed a thagann, go pr\u00edomha, \u00f3 ghairm an dl\u00ed agus \u00f3 ghairm na luach\u00e1la maoine.<\/p>\n\n<p>Ceapach\u00e1in ph\u00e1irtaimseartha a bh\u00edonn ann agus maireann siad tr\u00e9imhse nach faide n\u00e1 c\u00faig bliana. B\u00edonn comhalta\u00ed in-athcheaptha.<\/p>\n\n<h2 class=\"wp-block-heading\">Cathaoirleach<\/h2>\n\n<p>Margaret Nerney &#8211; SC<\/p>\n\n<h2 class=\"wp-block-heading\">Leas-Chathaoirligh (9)<\/h2>\n\n<p class=\"has-text-align-left\"><br\/>John Stewart &#8211; FSCSI, FRICS, MCI Arb<br\/>Hugh Markey &#8211; FRICS, FSCSI<br\/>Majella Twomey &#8211; BL <br\/>Eoin McDermott &#8211; FSCSI, FRICS, ACI Arb <br\/>Dairine Mac Fadden &#8211; Solicitor <br\/>Donal Madigan &#8211; MRICS, MSCSI<br\/>Barra McCabe &#8211; BL, MRICS, MSCSI<br\/>Michael Brennan &#8211; BL, MSCSI<br\/>\u00dana N\u00ed Chath\u00e1in &#8211; BL<\/p>\n\n<h2 class=\"wp-block-heading\">Comhalta\u00ed (24)<\/h2>\n\n<p>Orla Coyne- Solicitor<br\/>Liam Daly &#8211; MSCSI, MRICS<br\/>Claire Hogan &#8211; BL<br\/>Frank O&#8217;Grady \u2013 MA, FSCSI, FRICS, FIABCI<br\/>Kenneth Enright &#8211; Solicitor<br\/>Caroline Murphy \u2013 BL<br\/>Raymond J. Finlay \u2013 FIPAV, MMII, ACI Arb, MCEPI, TRV, PC<br\/>Fergus Keogh \u2013 MSCSI, MRICS<br\/>Allen Morgan \u2013 FSCSI, FRICS<br\/>Annamaria Gallivan, FRICS, FSCSI, MPhil SEE<br\/>Sarah Reid \u2013 BL<br\/>Martin Connolly &#8211; MAgrSc, MSc, MSCSI, FCInstArb<br\/>Eamonn Maguire &#8211; FRICS, FSCSI, VRS, ARB<br\/>Gerard O\u2019Callaghan &#8211; MRICS, MSCSI<br\/>Mema Byrne &#8211; BL<br\/>Thomas (TJ) Kearns &#8211; B.Sc. (Surv), MIRCS<br\/>Brian Meldon &#8211; FSCSI, FRICS, Reg Val, Arb<br\/>Killian O&#8217;Higgins &#8211; FSCSI, FRICS<br\/>Peter Stapleton &#8211; FSCSI, FRICS, Dip Arb <br\/>Fiona McLafferty Solicitor<br\/>Suzy Quirke MSCSI MRICS<br\/>Michelle O&#8217;Gorman BL<br\/>Paul McElearney FSCSI, FRICS, FCI Arb<br\/>Emma Slattery BL <br\/>Avril Sheridan Solicitor<\/p>\n\n<p><\/p>\n\n<p><\/p>\n\n<p><\/p>\n\n<p><\/p>\n\n<p><\/p>\n","protected":false},"excerpt":{"rendered":"<p>Ceapann an tAire Tith\u00edochta, Rialtais \u00c1iti\u00fail &amp; Oidhreachta na comhalta\u00ed. Cuims\u00edonn an comhaltas Cathaoirleach, Leas-Chathaoirleach agus Gn\u00e1thchomhalta\u00ed a thagann, go pr\u00edomha, \u00f3 ghairm an dl\u00ed agus \u00f3 ghairm na luach\u00e1la maoine. Ceapach\u00e1in ph\u00e1irtaimseartha a bh\u00edonn ann agus maireann siad tr\u00e9imhse nach faide n\u00e1 c\u00faig bliana. B\u00edonn comhalta\u00ed in-athcheaptha. Cathaoirleach Margaret Nerney &#8211; SC Leas-Chathaoirligh (9) [&hellip;]<\/p>\n","protected":false},"author":2,"featured_media":0,"parent":9016,"menu_order":0,"comment_status":"closed","ping_status":"closed","template":"","meta":{"site-sidebar-layout":"default","site-content-layout":"","ast-site-content-layout":"default","site-content-style":"default","site-sidebar-style":"default","ast-global-header-display":"","ast-banner-title-visibility":"","ast-main-header-display":"","ast-hfb-above-header-display":"","ast-hfb-below-header-display":"","ast-hfb-mobile-header-display":"","site-post-title":"","ast-breadcrumbs-content":"","ast-featured-img":"","footer-sml-layout":"","ast-disable-related-posts":"","theme-transparent-header-meta":"","adv-header-id-meta":"","stick-header-meta":"","header-above-stick-meta":"","header-main-stick-meta":"","header-below-stick-meta":"","astra-migrate-meta-layouts":"default","ast-page-background-enabled":"default","ast-page-background-meta":{"desktop":{"background-color":"var(--ast-global-color-4)","background-image":"","background-repeat":"repeat","background-position":"center center","background-size":"auto","background-attachment":"scroll","background-type":"","background-media":"","overlay-type":"","overlay-color":"","overlay-opacity":"","overlay-gradient":""},"tablet":{"background-color":"","background-image":"","background-repeat":"repeat","background-position":"center center","background-size":"auto","background-attachment":"scroll","background-type":"","background-media":"","overlay-type":"","overlay-color":"","overlay-opacity":"","overlay-gradient":""},"mobile":{"background-color":"","background-image":"","background-repeat":"repeat","background-position":"center center","background-size":"auto","background-attachment":"scroll","background-type":"","background-media":"","overlay-type":"","overlay-color":"","overlay-opacity":"","overlay-gradient":""}},"ast-content-background-meta":{"desktop":{"background-color":"var(--ast-global-color-5)","background-image":"","background-repeat":"repeat","background-position":"center center","background-size":"auto","background-attachment":"scroll","background-type":"","background-media":"","overlay-type":"","overlay-color":"","overlay-opacity":"","overlay-gradient":""},"tablet":{"background-color":"var(--ast-global-color-5)","background-image":"","background-repeat":"repeat","background-position":"center center","background-size":"auto","background-attachment":"scroll","background-type":"","background-media":"","overlay-type":"","overlay-color":"","overlay-opacity":"","overlay-gradient":""},"mobile":{"background-color":"var(--ast-global-color-5)","background-image":"","background-repeat":"repeat","background-position":"center center","background-size":"auto","background-attachment":"scroll","background-type":"","background-media":"","overlay-type":"","overlay-color":"","overlay-opacity":"","overlay-gradient":""}},"footnotes":""},"class_list":["post-9056","page","type-page","status-publish","hentry"],"yoast_head":"<!-- This site is optimized with the Yoast SEO plugin v27.3 - https:\/\/yoast.com\/product\/yoast-seo-wordpress\/ -->\n<title>Comhalta\u00ed - An Binse Luach\u00e1la<\/title>\n<meta name=\"robots\" content=\"index, follow, max-snippet:-1, max-image-preview:large, max-video-preview:-1\" \/>\n<link rel=\"canonical\" href=\"https:\/\/www.valuationtribunal.ie\/ga\/faisneis-fuinn\/comhaltai\/\" \/>\n<meta property=\"og:locale\" content=\"ga_IE\" \/>\n<meta property=\"og:type\" content=\"article\" \/>\n<meta property=\"og:title\" content=\"Comhalta\u00ed - An Binse Luach\u00e1la\" \/>\n<meta property=\"og:description\" content=\"Ceapann an tAire Tith\u00edochta, Rialtais \u00c1iti\u00fail &amp; Oidhreachta na comhalta\u00ed. Cuims\u00edonn an comhaltas Cathaoirleach, Leas-Chathaoirleach agus Gn\u00e1thchomhalta\u00ed a thagann, go pr\u00edomha, \u00f3 ghairm an dl\u00ed agus \u00f3 ghairm na luach\u00e1la maoine. Ceapach\u00e1in ph\u00e1irtaimseartha a bh\u00edonn ann agus maireann siad tr\u00e9imhse nach faide n\u00e1 c\u00faig bliana. B\u00edonn comhalta\u00ed in-athcheaptha. Cathaoirleach Margaret Nerney &#8211; SC Leas-Chathaoirligh (9) [&hellip;]\" \/>\n<meta property=\"og:url\" content=\"https:\/\/www.valuationtribunal.ie\/ga\/faisneis-fuinn\/comhaltai\/\" \/>\n<meta property=\"og:site_name\" content=\"An Binse Luach\u00e1la\" \/>\n<meta property=\"article:modified_time\" content=\"2025-01-10T09:10:33+00:00\" \/>\n<meta name=\"twitter:label1\" content=\"Est. reading time\" \/>\n\t<meta name=\"twitter:data1\" content=\"1 minute\" \/>\n<script type=\"application\/ld+json\" class=\"yoast-schema-graph\">{\"@context\":\"https:\\\/\\\/schema.org\",\"@graph\":[{\"@type\":\"WebPage\",\"@id\":\"https:\\\/\\\/www.valuationtribunal.ie\\\/ga\\\/faisneis-fuinn\\\/comhaltai\\\/\",\"url\":\"https:\\\/\\\/www.valuationtribunal.ie\\\/ga\\\/faisneis-fuinn\\\/comhaltai\\\/\",\"name\":\"Comhalta\u00ed - An Binse Luach\u00e1la\",\"isPartOf\":{\"@id\":\"https:\\\/\\\/vt.fusio.dev\\\/#website\"},\"datePublished\":\"2017-10-23T14:11:01+00:00\",\"dateModified\":\"2025-01-10T09:10:33+00:00\",\"breadcrumb\":{\"@id\":\"https:\\\/\\\/www.valuationtribunal.ie\\\/ga\\\/faisneis-fuinn\\\/comhaltai\\\/#breadcrumb\"},\"inLanguage\":\"ga-IE\",\"potentialAction\":[{\"@type\":\"ReadAction\",\"target\":[\"https:\\\/\\\/www.valuationtribunal.ie\\\/ga\\\/faisneis-fuinn\\\/comhaltai\\\/\"]}]},{\"@type\":\"BreadcrumbList\",\"@id\":\"https:\\\/\\\/www.valuationtribunal.ie\\\/ga\\\/faisneis-fuinn\\\/comhaltai\\\/#breadcrumb\",\"itemListElement\":[{\"@type\":\"ListItem\",\"position\":1,\"name\":\"Home\",\"item\":\"https:\\\/\\\/www.valuationtribunal.ie\\\/ga\\\/\"},{\"@type\":\"ListItem\",\"position\":2,\"name\":\"Faisn\u00e9is F\u00fainn\",\"item\":\"https:\\\/\\\/vt.fusio.dev\\\/faisneis-fuinn\\\/\"},{\"@type\":\"ListItem\",\"position\":3,\"name\":\"Comhalta\u00ed\"}]},{\"@type\":\"WebSite\",\"@id\":\"https:\\\/\\\/vt.fusio.dev\\\/#website\",\"url\":\"https:\\\/\\\/vt.fusio.dev\\\/\",\"name\":\"An Binse Luach\u00e1la\",\"description\":\"\",\"publisher\":{\"@id\":\"https:\\\/\\\/vt.fusio.dev\\\/#organization\"},\"potentialAction\":[{\"@type\":\"SearchAction\",\"target\":{\"@type\":\"EntryPoint\",\"urlTemplate\":\"https:\\\/\\\/vt.fusio.dev\\\/?s={search_term_string}\"},\"query-input\":{\"@type\":\"PropertyValueSpecification\",\"valueRequired\":true,\"valueName\":\"search_term_string\"}}],\"inLanguage\":\"ga-IE\"},{\"@type\":\"Organization\",\"@id\":\"https:\\\/\\\/vt.fusio.dev\\\/#organization\",\"name\":\"An Binse Luach\u00e1la\",\"url\":\"https:\\\/\\\/vt.fusio.dev\\\/\",\"logo\":{\"@type\":\"ImageObject\",\"inLanguage\":\"ga-IE\",\"@id\":\"https:\\\/\\\/vt.fusio.dev\\\/#\\\/schema\\\/logo\\\/image\\\/\",\"url\":\"https:\\\/\\\/www.valuationtribunal.ie\\\/wp-content\\\/uploads\\\/2017\\\/06\\\/Valuation-Tribunal-Logo-250.jpg\",\"contentUrl\":\"https:\\\/\\\/www.valuationtribunal.ie\\\/wp-content\\\/uploads\\\/2017\\\/06\\\/Valuation-Tribunal-Logo-250.jpg\",\"width\":250,\"height\":72,\"caption\":\"An Binse Luach\u00e1la\"},\"image\":{\"@id\":\"https:\\\/\\\/vt.fusio.dev\\\/#\\\/schema\\\/logo\\\/image\\\/\"}}]}<\/script>\n<!-- \/ Yoast SEO plugin. -->","yoast_head_json":{"title":"Comhalta\u00ed - An Binse Luach\u00e1la","robots":{"index":"index","follow":"follow","max-snippet":"max-snippet:-1","max-image-preview":"max-image-preview:large","max-video-preview":"max-video-preview:-1"},"canonical":"https:\/\/www.valuationtribunal.ie\/ga\/faisneis-fuinn\/comhaltai\/","og_locale":"ga_IE","og_type":"article","og_title":"Comhalta\u00ed - An Binse Luach\u00e1la","og_description":"Ceapann an tAire Tith\u00edochta, Rialtais \u00c1iti\u00fail &amp; Oidhreachta na comhalta\u00ed. Cuims\u00edonn an comhaltas Cathaoirleach, Leas-Chathaoirleach agus Gn\u00e1thchomhalta\u00ed a thagann, go pr\u00edomha, \u00f3 ghairm an dl\u00ed agus \u00f3 ghairm na luach\u00e1la maoine. Ceapach\u00e1in ph\u00e1irtaimseartha a bh\u00edonn ann agus maireann siad tr\u00e9imhse nach faide n\u00e1 c\u00faig bliana. B\u00edonn comhalta\u00ed in-athcheaptha. Cathaoirleach Margaret Nerney &#8211; SC Leas-Chathaoirligh (9) [&hellip;]","og_url":"https:\/\/www.valuationtribunal.ie\/ga\/faisneis-fuinn\/comhaltai\/","og_site_name":"An Binse Luach\u00e1la","article_modified_time":"2025-01-10T09:10:33+00:00","twitter_misc":{"Est. reading time":"1 minute"},"schema":{"@context":"https:\/\/schema.org","@graph":[{"@type":"WebPage","@id":"https:\/\/www.valuationtribunal.ie\/ga\/faisneis-fuinn\/comhaltai\/","url":"https:\/\/www.valuationtribunal.ie\/ga\/faisneis-fuinn\/comhaltai\/","name":"Comhalta\u00ed - An Binse Luach\u00e1la","isPartOf":{"@id":"https:\/\/vt.fusio.dev\/#website"},"datePublished":"2017-10-23T14:11:01+00:00","dateModified":"2025-01-10T09:10:33+00:00","breadcrumb":{"@id":"https:\/\/www.valuationtribunal.ie\/ga\/faisneis-fuinn\/comhaltai\/#breadcrumb"},"inLanguage":"ga-IE","potentialAction":[{"@type":"ReadAction","target":["https:\/\/www.valuationtribunal.ie\/ga\/faisneis-fuinn\/comhaltai\/"]}]},{"@type":"BreadcrumbList","@id":"https:\/\/www.valuationtribunal.ie\/ga\/faisneis-fuinn\/comhaltai\/#breadcrumb","itemListElement":[{"@type":"ListItem","position":1,"name":"Home","item":"https:\/\/www.valuationtribunal.ie\/ga\/"},{"@type":"ListItem","position":2,"name":"Faisn\u00e9is F\u00fainn","item":"https:\/\/vt.fusio.dev\/faisneis-fuinn\/"},{"@type":"ListItem","position":3,"name":"Comhalta\u00ed"}]},{"@type":"WebSite","@id":"https:\/\/vt.fusio.dev\/#website","url":"https:\/\/vt.fusio.dev\/","name":"An Binse Luach\u00e1la","description":"","publisher":{"@id":"https:\/\/vt.fusio.dev\/#organization"},"potentialAction":[{"@type":"SearchAction","target":{"@type":"EntryPoint","urlTemplate":"https:\/\/vt.fusio.dev\/?s={search_term_string}"},"query-input":{"@type":"PropertyValueSpecification","valueRequired":true,"valueName":"search_term_string"}}],"inLanguage":"ga-IE"},{"@type":"Organization","@id":"https:\/\/vt.fusio.dev\/#organization","name":"An Binse Luach\u00e1la","url":"https:\/\/vt.fusio.dev\/","logo":{"@type":"ImageObject","inLanguage":"ga-IE","@id":"https:\/\/vt.fusio.dev\/#\/schema\/logo\/image\/","url":"https:\/\/www.valuationtribunal.ie\/wp-content\/uploads\/2017\/06\/Valuation-Tribunal-Logo-250.jpg","contentUrl":"https:\/\/www.valuationtribunal.ie\/wp-content\/uploads\/2017\/06\/Valuation-Tribunal-Logo-250.jpg","width":250,"height":72,"caption":"An Binse Luach\u00e1la"},"image":{"@id":"https:\/\/vt.fusio.dev\/#\/schema\/logo\/image\/"}}]}},"_links":{"self":[{"href":"https:\/\/www.valuationtribunal.ie\/ga\/wp-json\/wp\/v2\/pages\/9056","targetHints":{"allow":["GET"]}}],"collection":[{"href":"https:\/\/www.valuationtribunal.ie\/ga\/wp-json\/wp\/v2\/pages"}],"about":[{"href":"https:\/\/www.valuationtribunal.ie\/ga\/wp-json\/wp\/v2\/types\/page"}],"author":[{"embeddable":true,"href":"https:\/\/www.valuationtribunal.ie\/ga\/wp-json\/wp\/v2\/users\/2"}],"replies":[{"embeddable":true,"href":"https:\/\/www.valuationtribunal.ie\/ga\/wp-json\/wp\/v2\/comments?post=9056"}],"version-history":[{"count":5,"href":"https:\/\/www.valuationtribunal.ie\/ga\/wp-json\/wp\/v2\/pages\/9056\/revisions"}],"predecessor-version":[{"id":15692,"href":"https:\/\/www.valuationtribunal.ie\/ga\/wp-json\/wp\/v2\/pages\/9056\/revisions\/15692"}],"up":[{"embeddable":true,"href":"https:\/\/www.valuationtribunal.ie\/ga\/wp-json\/wp\/v2\/pages\/9016"}],"wp:attachment":[{"href":"https:\/\/www.valuationtribunal.ie\/ga\/wp-json\/wp\/v2\/media?parent=9056"}],"curies":[{"name":"wp","href":"https:\/\/api.w.org\/{rel}","templated":true}]}}