
{"id":9054,"date":"2017-10-20T20:24:04","date_gmt":"2017-10-20T20:24:04","guid":{"rendered":"https:\/\/www.valuationtribunal.ie\/an-coras-glaoite\/liosta-an-chorais-glaoite\/"},"modified":"2025-01-10T09:16:23","modified_gmt":"2025-01-10T09:16:23","slug":"liosta-an-chorais-glaoite","status":"publish","type":"page","link":"https:\/\/www.valuationtribunal.ie\/ga\/an-coras-glaoite\/liosta-an-chorais-glaoite\/","title":{"rendered":"Liosta an Ch\u00f3rais Glaoite"},"content":{"rendered":"\n<p class=\"has-large-font-size\"><strong>2024<\/strong><\/p>\n\n<p>Chun Glaoch ar Ais roimhe seo agus at\u00e1 le teacht do 2024 a fheice\u00e1il, clice\u00e1il le do thoil ar na d\u00e1ta\u00ed \u00e1bhartha th\u00edos.<\/p>\n\n<p><a href=\"https:\/\/www.valuationtribunal.ie\/wp-content\/uploads\/2024\/01\/31st-January-2024-Callover.pdf\">31-01-2024<\/a><\/p>\n\n<p><a href=\"https:\/\/www.valuationtribunal.ie\/wp-content\/uploads\/2024\/03\/Callover-List-13th-March-2024-at-2pm.pdf\">13-03-2024<\/a><\/p>\n\n<p><a href=\"https:\/\/www.valuationtribunal.ie\/wp-content\/uploads\/2024\/05\/Callover-Wednesday-29th-May-at-10.30am.pdf\">29-05-2024<\/a><\/p>\n\n<p><a href=\"https:\/\/www.valuationtribunal.ie\/wp-content\/uploads\/2024\/07\/22-07-2024.pdf\">22-07-2024<\/a><\/p>\n\n<p><a href=\"https:\/\/www.valuationtribunal.ie\/wp-content\/uploads\/2024\/08\/03-09-2024.pdf\">03-09-2024<\/a><\/p>\n\n<p><a href=\"https:\/\/www.valuationtribunal.ie\/wp-content\/uploads\/2024\/10\/15-10-2024-1.pdf\">15-10-2024<\/a><\/p>\n\n<p><a href=\"https:\/\/www.valuationtribunal.ie\/wp-content\/uploads\/2024\/12\/09-12-2024.pdf\">09-12-2024<\/a><\/p>\n\n<h2 class=\"wp-block-heading\">2023<\/h2>\n\n<p>Chun R\u00e9amh\u00e9isteachta\u00ed cartlannaithe a fheice\u00e1il, clice\u00e1il ar na d\u00e1ta\u00ed \u00e1bhartha th\u00edos le do thoil.<\/p>\n\n<p><\/p>\n\n<p><a href=\"https:\/\/www.valuationtribunal.ie\/wp-content\/uploads\/2022\/12\/Callover-5th-Jan-2023-For-Website.pdf\">05-01-2023<\/a><\/p>\n\n<p><a href=\"https:\/\/www.valuationtribunal.ie\/wp-content\/uploads\/2023\/02\/February-Callover-2023_For_Website.pdf\">24-02-2023<\/a><\/p>\n\n<p><a href=\"https:\/\/www.valuationtribunal.ie\/wp-content\/uploads\/2023\/04\/April-Callover-2023-FOR-WEBSITE-1.pdf\">06-04-2023<\/a><\/p>\n\n<p><a href=\"https:\/\/www.valuationtribunal.ie\/wp-content\/uploads\/2023\/05\/June-1st-Callover.pdf\">01-06-2023<\/a><\/p>\n\n<p><a href=\"https:\/\/www.valuationtribunal.ie\/wp-content\/uploads\/2023\/09\/September-19th-2023-Callover.pdf\">19-09-2023<\/a><\/p>\n\n<p><a href=\"https:\/\/www.valuationtribunal.ie\/wp-content\/uploads\/2023\/10\/October-26th-Callover.pdf\">26-10-2023<\/a><\/p>\n\n<p><a href=\"https:\/\/www.valuationtribunal.ie\/wp-content\/uploads\/2023\/12\/December-2023-Callover-VT-WEBSITE.pdf\">06-12-2023<\/a><\/p>\n\n<p><\/p>\n\n<h2 class=\"wp-block-heading\">2022<\/h2>\n\n<p>Chun R\u00e9amh\u00e9isteachta\u00ed cartlannaithe a fheice\u00e1il, clice\u00e1il ar na d\u00e1ta\u00ed \u00e1bhartha th\u00edos le do thoil.<\/p>\n\n<p><a href=\"https:\/\/www.valuationtribunal.ie\/wp-content\/uploads\/2022\/05\/Jan-27-callover.docx\">27-1-2022<\/a><\/p>\n\n<p><a href=\"https:\/\/www.valuationtribunal.ie\/wp-content\/uploads\/2022\/05\/March-10-Callover.pdf\">10-03-2022<\/a><\/p>\n\n<p><a href=\"https:\/\/www.valuationtribunal.ie\/wp-content\/uploads\/2022\/05\/April-7-callover.pdf\">07-04-2022<\/a><\/p>\n\n<p><a href=\"https:\/\/www.valuationtribunal.ie\/wp-content\/uploads\/2022\/05\/June-2nd-Callover.pdf\">02-06-2022<\/a><\/p>\n\n<p><a href=\"https:\/\/www.valuationtribunal.ie\/wp-content\/uploads\/2022\/06\/July-28-Callover-List.docx\">28-07-2022<\/a><\/p>\n\n<p><a href=\"https:\/\/www.valuationtribunal.ie\/wp-content\/uploads\/2022\/09\/September-22-Callover.docx\">22-9-2022<\/a><\/p>\n\n<p><a href=\"https:\/\/www.valuationtribunal.ie\/wp-content\/uploads\/2022\/11\/November-10-Callover-2022.docx\">10-11-2022<\/a><\/p>\n\n<h2 class=\"wp-block-heading\"><\/h2>\n\n<h2 class=\"wp-block-heading\"><\/h2>\n\n<h2 class=\"wp-block-heading\"><\/h2>\n\n<h2 class=\"wp-block-heading\"><\/h2>\n\n<h2 class=\"wp-block-heading\"><\/h2>\n\n<h2 class=\"wp-block-heading\"><\/h2>\n\n<h2 class=\"wp-block-heading\"><\/h2>\n","protected":false},"excerpt":{"rendered":"<p>2024 Chun Glaoch ar Ais roimhe seo agus at\u00e1 le teacht do 2024 a fheice\u00e1il, clice\u00e1il le do thoil ar na d\u00e1ta\u00ed \u00e1bhartha th\u00edos. 31-01-2024 13-03-2024 29-05-2024 22-07-2024 03-09-2024 15-10-2024 09-12-2024 2023 Chun R\u00e9amh\u00e9isteachta\u00ed cartlannaithe a fheice\u00e1il, clice\u00e1il ar na d\u00e1ta\u00ed \u00e1bhartha th\u00edos le do thoil. 05-01-2023 24-02-2023 06-04-2023 01-06-2023 19-09-2023 26-10-2023 06-12-2023 2022 Chun [&hellip;]<\/p>\n","protected":false},"author":2,"featured_media":0,"parent":9052,"menu_order":0,"comment_status":"closed","ping_status":"closed","template":"","meta":{"site-sidebar-layout":"default","site-content-layout":"","ast-site-content-layout":"default","site-content-style":"default","site-sidebar-style":"default","ast-global-header-display":"","ast-banner-title-visibility":"","ast-main-header-display":"","ast-hfb-above-header-display":"","ast-hfb-below-header-display":"","ast-hfb-mobile-header-display":"","site-post-title":"","ast-breadcrumbs-content":"","ast-featured-img":"","footer-sml-layout":"","ast-disable-related-posts":"","theme-transparent-header-meta":"","adv-header-id-meta":"","stick-header-meta":"","header-above-stick-meta":"","header-main-stick-meta":"","header-below-stick-meta":"","astra-migrate-meta-layouts":"default","ast-page-background-enabled":"default","ast-page-background-meta":{"desktop":{"background-color":"var(--ast-global-color-4)","background-image":"","background-repeat":"repeat","background-position":"center center","background-size":"auto","background-attachment":"scroll","background-type":"","background-media":"","overlay-type":"","overlay-color":"","overlay-opacity":"","overlay-gradient":""},"tablet":{"background-color":"","background-image":"","background-repeat":"repeat","background-position":"center center","background-size":"auto","background-attachment":"scroll","background-type":"","background-media":"","overlay-type":"","overlay-color":"","overlay-opacity":"","overlay-gradient":""},"mobile":{"background-color":"","background-image":"","background-repeat":"repeat","background-position":"center center","background-size":"auto","background-attachment":"scroll","background-type":"","background-media":"","overlay-type":"","overlay-color":"","overlay-opacity":"","overlay-gradient":""}},"ast-content-background-meta":{"desktop":{"background-color":"var(--ast-global-color-5)","background-image":"","background-repeat":"repeat","background-position":"center center","background-size":"auto","background-attachment":"scroll","background-type":"","background-media":"","overlay-type":"","overlay-color":"","overlay-opacity":"","overlay-gradient":""},"tablet":{"background-color":"var(--ast-global-color-5)","background-image":"","background-repeat":"repeat","background-position":"center center","background-size":"auto","background-attachment":"scroll","background-type":"","background-media":"","overlay-type":"","overlay-color":"","overlay-opacity":"","overlay-gradient":""},"mobile":{"background-color":"var(--ast-global-color-5)","background-image":"","background-repeat":"repeat","background-position":"center center","background-size":"auto","background-attachment":"scroll","background-type":"","background-media":"","overlay-type":"","overlay-color":"","overlay-opacity":"","overlay-gradient":""}},"footnotes":""},"class_list":["post-9054","page","type-page","status-publish","hentry"],"yoast_head":"<!-- This site is optimized with the Yoast SEO plugin v27.3 - https:\/\/yoast.com\/product\/yoast-seo-wordpress\/ -->\n<title>Liosta an Ch\u00f3rais Glaoite - An Binse Luach\u00e1la<\/title>\n<meta name=\"robots\" content=\"index, follow, max-snippet:-1, max-image-preview:large, max-video-preview:-1\" \/>\n<link rel=\"canonical\" href=\"https:\/\/www.valuationtribunal.ie\/ga\/an-coras-glaoite\/liosta-an-chorais-glaoite\/\" \/>\n<meta property=\"og:locale\" content=\"ga_IE\" \/>\n<meta property=\"og:type\" content=\"article\" \/>\n<meta property=\"og:title\" content=\"Liosta an Ch\u00f3rais Glaoite - An Binse Luach\u00e1la\" \/>\n<meta property=\"og:description\" content=\"2024 Chun Glaoch ar Ais roimhe seo agus at\u00e1 le teacht do 2024 a fheice\u00e1il, clice\u00e1il le do thoil ar na d\u00e1ta\u00ed \u00e1bhartha th\u00edos. 31-01-2024 13-03-2024 29-05-2024 22-07-2024 03-09-2024 15-10-2024 09-12-2024 2023 Chun R\u00e9amh\u00e9isteachta\u00ed cartlannaithe a fheice\u00e1il, clice\u00e1il ar na d\u00e1ta\u00ed \u00e1bhartha th\u00edos le do thoil. 05-01-2023 24-02-2023 06-04-2023 01-06-2023 19-09-2023 26-10-2023 06-12-2023 2022 Chun [&hellip;]\" \/>\n<meta property=\"og:url\" content=\"https:\/\/www.valuationtribunal.ie\/ga\/an-coras-glaoite\/liosta-an-chorais-glaoite\/\" \/>\n<meta property=\"og:site_name\" content=\"An Binse Luach\u00e1la\" \/>\n<meta property=\"article:modified_time\" content=\"2025-01-10T09:16:23+00:00\" \/>\n<meta name=\"twitter:label1\" content=\"Est. reading time\" \/>\n\t<meta name=\"twitter:data1\" content=\"1 minute\" \/>\n<script type=\"application\/ld+json\" class=\"yoast-schema-graph\">{\"@context\":\"https:\\\/\\\/schema.org\",\"@graph\":[{\"@type\":\"WebPage\",\"@id\":\"https:\\\/\\\/www.valuationtribunal.ie\\\/ga\\\/an-coras-glaoite\\\/liosta-an-chorais-glaoite\\\/\",\"url\":\"https:\\\/\\\/www.valuationtribunal.ie\\\/ga\\\/an-coras-glaoite\\\/liosta-an-chorais-glaoite\\\/\",\"name\":\"Liosta an Ch\u00f3rais Glaoite - An Binse Luach\u00e1la\",\"isPartOf\":{\"@id\":\"https:\\\/\\\/vt.fusio.dev\\\/#website\"},\"datePublished\":\"2017-10-20T20:24:04+00:00\",\"dateModified\":\"2025-01-10T09:16:23+00:00\",\"breadcrumb\":{\"@id\":\"https:\\\/\\\/www.valuationtribunal.ie\\\/ga\\\/an-coras-glaoite\\\/liosta-an-chorais-glaoite\\\/#breadcrumb\"},\"inLanguage\":\"ga-IE\",\"potentialAction\":[{\"@type\":\"ReadAction\",\"target\":[\"https:\\\/\\\/www.valuationtribunal.ie\\\/ga\\\/an-coras-glaoite\\\/liosta-an-chorais-glaoite\\\/\"]}]},{\"@type\":\"BreadcrumbList\",\"@id\":\"https:\\\/\\\/www.valuationtribunal.ie\\\/ga\\\/an-coras-glaoite\\\/liosta-an-chorais-glaoite\\\/#breadcrumb\",\"itemListElement\":[{\"@type\":\"ListItem\",\"position\":1,\"name\":\"Home\",\"item\":\"https:\\\/\\\/www.valuationtribunal.ie\\\/ga\\\/\"},{\"@type\":\"ListItem\",\"position\":2,\"name\":\"An C\u00f3ras Glaoite\",\"item\":\"https:\\\/\\\/vt.fusio.dev\\\/ga\\\/an-coras-glaoite\\\/\"},{\"@type\":\"ListItem\",\"position\":3,\"name\":\"Liosta an Ch\u00f3rais Glaoite\"}]},{\"@type\":\"WebSite\",\"@id\":\"https:\\\/\\\/vt.fusio.dev\\\/#website\",\"url\":\"https:\\\/\\\/vt.fusio.dev\\\/\",\"name\":\"An Binse Luach\u00e1la\",\"description\":\"\",\"publisher\":{\"@id\":\"https:\\\/\\\/vt.fusio.dev\\\/#organization\"},\"potentialAction\":[{\"@type\":\"SearchAction\",\"target\":{\"@type\":\"EntryPoint\",\"urlTemplate\":\"https:\\\/\\\/vt.fusio.dev\\\/?s={search_term_string}\"},\"query-input\":{\"@type\":\"PropertyValueSpecification\",\"valueRequired\":true,\"valueName\":\"search_term_string\"}}],\"inLanguage\":\"ga-IE\"},{\"@type\":\"Organization\",\"@id\":\"https:\\\/\\\/vt.fusio.dev\\\/#organization\",\"name\":\"An Binse Luach\u00e1la\",\"url\":\"https:\\\/\\\/vt.fusio.dev\\\/\",\"logo\":{\"@type\":\"ImageObject\",\"inLanguage\":\"ga-IE\",\"@id\":\"https:\\\/\\\/vt.fusio.dev\\\/#\\\/schema\\\/logo\\\/image\\\/\",\"url\":\"https:\\\/\\\/www.valuationtribunal.ie\\\/wp-content\\\/uploads\\\/2017\\\/06\\\/Valuation-Tribunal-Logo-250.jpg\",\"contentUrl\":\"https:\\\/\\\/www.valuationtribunal.ie\\\/wp-content\\\/uploads\\\/2017\\\/06\\\/Valuation-Tribunal-Logo-250.jpg\",\"width\":250,\"height\":72,\"caption\":\"An Binse Luach\u00e1la\"},\"image\":{\"@id\":\"https:\\\/\\\/vt.fusio.dev\\\/#\\\/schema\\\/logo\\\/image\\\/\"}}]}<\/script>\n<!-- \/ Yoast SEO plugin. -->","yoast_head_json":{"title":"Liosta an Ch\u00f3rais Glaoite - An Binse Luach\u00e1la","robots":{"index":"index","follow":"follow","max-snippet":"max-snippet:-1","max-image-preview":"max-image-preview:large","max-video-preview":"max-video-preview:-1"},"canonical":"https:\/\/www.valuationtribunal.ie\/ga\/an-coras-glaoite\/liosta-an-chorais-glaoite\/","og_locale":"ga_IE","og_type":"article","og_title":"Liosta an Ch\u00f3rais Glaoite - An Binse Luach\u00e1la","og_description":"2024 Chun Glaoch ar Ais roimhe seo agus at\u00e1 le teacht do 2024 a fheice\u00e1il, clice\u00e1il le do thoil ar na d\u00e1ta\u00ed \u00e1bhartha th\u00edos. 31-01-2024 13-03-2024 29-05-2024 22-07-2024 03-09-2024 15-10-2024 09-12-2024 2023 Chun R\u00e9amh\u00e9isteachta\u00ed cartlannaithe a fheice\u00e1il, clice\u00e1il ar na d\u00e1ta\u00ed \u00e1bhartha th\u00edos le do thoil. 05-01-2023 24-02-2023 06-04-2023 01-06-2023 19-09-2023 26-10-2023 06-12-2023 2022 Chun [&hellip;]","og_url":"https:\/\/www.valuationtribunal.ie\/ga\/an-coras-glaoite\/liosta-an-chorais-glaoite\/","og_site_name":"An Binse Luach\u00e1la","article_modified_time":"2025-01-10T09:16:23+00:00","twitter_misc":{"Est. reading time":"1 minute"},"schema":{"@context":"https:\/\/schema.org","@graph":[{"@type":"WebPage","@id":"https:\/\/www.valuationtribunal.ie\/ga\/an-coras-glaoite\/liosta-an-chorais-glaoite\/","url":"https:\/\/www.valuationtribunal.ie\/ga\/an-coras-glaoite\/liosta-an-chorais-glaoite\/","name":"Liosta an Ch\u00f3rais Glaoite - An Binse Luach\u00e1la","isPartOf":{"@id":"https:\/\/vt.fusio.dev\/#website"},"datePublished":"2017-10-20T20:24:04+00:00","dateModified":"2025-01-10T09:16:23+00:00","breadcrumb":{"@id":"https:\/\/www.valuationtribunal.ie\/ga\/an-coras-glaoite\/liosta-an-chorais-glaoite\/#breadcrumb"},"inLanguage":"ga-IE","potentialAction":[{"@type":"ReadAction","target":["https:\/\/www.valuationtribunal.ie\/ga\/an-coras-glaoite\/liosta-an-chorais-glaoite\/"]}]},{"@type":"BreadcrumbList","@id":"https:\/\/www.valuationtribunal.ie\/ga\/an-coras-glaoite\/liosta-an-chorais-glaoite\/#breadcrumb","itemListElement":[{"@type":"ListItem","position":1,"name":"Home","item":"https:\/\/www.valuationtribunal.ie\/ga\/"},{"@type":"ListItem","position":2,"name":"An C\u00f3ras Glaoite","item":"https:\/\/vt.fusio.dev\/ga\/an-coras-glaoite\/"},{"@type":"ListItem","position":3,"name":"Liosta an Ch\u00f3rais Glaoite"}]},{"@type":"WebSite","@id":"https:\/\/vt.fusio.dev\/#website","url":"https:\/\/vt.fusio.dev\/","name":"An Binse Luach\u00e1la","description":"","publisher":{"@id":"https:\/\/vt.fusio.dev\/#organization"},"potentialAction":[{"@type":"SearchAction","target":{"@type":"EntryPoint","urlTemplate":"https:\/\/vt.fusio.dev\/?s={search_term_string}"},"query-input":{"@type":"PropertyValueSpecification","valueRequired":true,"valueName":"search_term_string"}}],"inLanguage":"ga-IE"},{"@type":"Organization","@id":"https:\/\/vt.fusio.dev\/#organization","name":"An Binse Luach\u00e1la","url":"https:\/\/vt.fusio.dev\/","logo":{"@type":"ImageObject","inLanguage":"ga-IE","@id":"https:\/\/vt.fusio.dev\/#\/schema\/logo\/image\/","url":"https:\/\/www.valuationtribunal.ie\/wp-content\/uploads\/2017\/06\/Valuation-Tribunal-Logo-250.jpg","contentUrl":"https:\/\/www.valuationtribunal.ie\/wp-content\/uploads\/2017\/06\/Valuation-Tribunal-Logo-250.jpg","width":250,"height":72,"caption":"An Binse Luach\u00e1la"},"image":{"@id":"https:\/\/vt.fusio.dev\/#\/schema\/logo\/image\/"}}]}},"_links":{"self":[{"href":"https:\/\/www.valuationtribunal.ie\/ga\/wp-json\/wp\/v2\/pages\/9054","targetHints":{"allow":["GET"]}}],"collection":[{"href":"https:\/\/www.valuationtribunal.ie\/ga\/wp-json\/wp\/v2\/pages"}],"about":[{"href":"https:\/\/www.valuationtribunal.ie\/ga\/wp-json\/wp\/v2\/types\/page"}],"author":[{"embeddable":true,"href":"https:\/\/www.valuationtribunal.ie\/ga\/wp-json\/wp\/v2\/users\/2"}],"replies":[{"embeddable":true,"href":"https:\/\/www.valuationtribunal.ie\/ga\/wp-json\/wp\/v2\/comments?post=9054"}],"version-history":[{"count":13,"href":"https:\/\/www.valuationtribunal.ie\/ga\/wp-json\/wp\/v2\/pages\/9054\/revisions"}],"predecessor-version":[{"id":15697,"href":"https:\/\/www.valuationtribunal.ie\/ga\/wp-json\/wp\/v2\/pages\/9054\/revisions\/15697"}],"up":[{"embeddable":true,"href":"https:\/\/www.valuationtribunal.ie\/ga\/wp-json\/wp\/v2\/pages\/9052"}],"wp:attachment":[{"href":"https:\/\/www.valuationtribunal.ie\/ga\/wp-json\/wp\/v2\/media?parent=9054"}],"curies":[{"name":"wp","href":"https:\/\/api.w.org\/{rel}","templated":true}]}}