
{"id":9052,"date":"2017-06-02T00:37:20","date_gmt":"2017-06-02T00:37:20","guid":{"rendered":"https:\/\/www.valuationtribunal.ie\/an-coras-glaoite\/"},"modified":"2023-05-08T08:03:00","modified_gmt":"2023-05-08T08:03:00","slug":"an-coras-glaoite","status":"publish","type":"page","link":"https:\/\/www.valuationtribunal.ie\/ga\/an-coras-glaoite\/","title":{"rendered":"An C\u00f3ras Glaoite"},"content":{"rendered":"\n<p>Tugadh isteach an C\u00f3ras Glaoite chun d\u00e9ile\u00e1il leis an l\u00edon achomharc a bh\u00ed \u00e1 fh\u00e1il ag an mBinse Luach\u00e1la ar l\u00edon \u00e9 a bh\u00ed n\u00edos airde n\u00e1 riamh roimhe sin. N\u00ed m\u00f3r gach achomharc a leagan os comhair an ch\u00f3rais glaoite i dtosach b\u00e1ire sula leithroinntear d\u00e1ta \u00e9isteachta agus n\u00ed m\u00f3r do gach p\u00e1irt\u00ed in achomharc l\u00e1ithri\u00fa i bpearsa nuair a leithroinntear sliot\u00e1n sa ch\u00f3ras glaoite.<\/p>\n\n<p>Is ceart a thuiscint go gceangla\u00edtear ar an d\u00e1 ph\u00e1irt\u00ed in achomharc freastal a dh\u00e9anamh nuair at\u00e1 an c\u00f3ras glaoite a bhaineann leo \u00e1 chur i gcr\u00edch. Sa gc\u00e1s nach bhfuil Achomharc\u00f3ir in ann freastal, ar aon ch\u00fais, n\u00ed m\u00f3r d\u00f3 n\u00f3 di teagmh\u00e1il a dh\u00e9anamh i scr\u00edbhinn le hoifig\u00ed an Bhinse. M\u00e1 tharla\u00edonn neamhfhreastal ar\u00eds agus ar\u00eds eile, bainfear an t-achomharc de chl\u00e1r achomharc an Bhinse.<\/p>\n\n<p>N\u00f3ta: M\u00e1 thagann na p\u00e1irtithe ar chomhaont\u00fa eatarthu f\u00e9in, <u>n\u00ed m\u00f3r daingni\u00fa scr\u00edofa ina leith sin a bheith faighte ag an mBinse sular f\u00e9idir achomharc a bhaint de liosta an ch\u00f3rais glaoite<\/u>. N\u00ed cheada\u00edtear don Achomharc\u00f3ir gan freastal ar an gc\u00f3ras glaoite go dt\u00ed go bhfaightear an daingni\u00fa sin. Ina theannta sin, daingneoidh an Binse an m\u00e9id sin i scr\u00edbhinn m\u00e1 fhaightear comhaont\u00fa \u00f3n d\u00e1 ph\u00e1irt\u00ed.<\/p>\n\n<p>N\u00edl s\u00e9 inghlactha teagmh\u00e1il a dh\u00e9anamh leis an luach\u00e1la\u00ed iomchu\u00ed san Oifig Luach\u00e1la maidir le freastal n\u00f3 maidir le comhaont\u00fa, agus an m\u00e9id sin amh\u00e1in a dh\u00e9anamh, \u00f3s rud \u00e9 nach bhfreastala\u00edonn na luach\u00e1laithe iad f\u00e9in ar an gc\u00f3ras glaoite sa Bhinse c\u00e9 go mb\u00edonn ionadaithe acu lena linn. T\u00e1 an Binse ina comhlacht at\u00e1 neamhsple\u00e1ch go reacht\u00fail ar an Oifig Luach\u00e1la agus, d\u00e1 bhr\u00ed sin, gn\u00edomha\u00edonn s\u00e9 ar bhealach neamhsple\u00e1ch ar fad.<\/p>\n\n<p><strong>To view the appeals to be featured on the next Callover List please <a href=\"https:\/\/www.valuationtribunal.ie\/call-over\/call-over-list\/\">click here<\/a>.<\/strong><\/p>\n","protected":false},"excerpt":{"rendered":"<p>Tugadh isteach an C\u00f3ras Glaoite chun d\u00e9ile\u00e1il leis an l\u00edon achomharc a bh\u00ed \u00e1 fh\u00e1il ag an mBinse Luach\u00e1la ar l\u00edon \u00e9 a bh\u00ed n\u00edos airde n\u00e1 riamh roimhe sin. N\u00ed m\u00f3r gach achomharc a leagan os comhair an ch\u00f3rais glaoite i dtosach b\u00e1ire sula leithroinntear d\u00e1ta \u00e9isteachta agus n\u00ed m\u00f3r do gach p\u00e1irt\u00ed in [&hellip;]<\/p>\n","protected":false},"author":2,"featured_media":0,"parent":0,"menu_order":0,"comment_status":"closed","ping_status":"closed","template":"","meta":{"site-sidebar-layout":"default","site-content-layout":"","ast-site-content-layout":"default","site-content-style":"default","site-sidebar-style":"default","ast-global-header-display":"","ast-banner-title-visibility":"","ast-main-header-display":"","ast-hfb-above-header-display":"","ast-hfb-below-header-display":"","ast-hfb-mobile-header-display":"","site-post-title":"","ast-breadcrumbs-content":"","ast-featured-img":"","footer-sml-layout":"","ast-disable-related-posts":"","theme-transparent-header-meta":"","adv-header-id-meta":"","stick-header-meta":"","header-above-stick-meta":"","header-main-stick-meta":"","header-below-stick-meta":"","astra-migrate-meta-layouts":"default","ast-page-background-enabled":"default","ast-page-background-meta":{"desktop":{"background-color":"var(--ast-global-color-4)","background-image":"","background-repeat":"repeat","background-position":"center center","background-size":"auto","background-attachment":"scroll","background-type":"","background-media":"","overlay-type":"","overlay-color":"","overlay-opacity":"","overlay-gradient":""},"tablet":{"background-color":"","background-image":"","background-repeat":"repeat","background-position":"center center","background-size":"auto","background-attachment":"scroll","background-type":"","background-media":"","overlay-type":"","overlay-color":"","overlay-opacity":"","overlay-gradient":""},"mobile":{"background-color":"","background-image":"","background-repeat":"repeat","background-position":"center center","background-size":"auto","background-attachment":"scroll","background-type":"","background-media":"","overlay-type":"","overlay-color":"","overlay-opacity":"","overlay-gradient":""}},"ast-content-background-meta":{"desktop":{"background-color":"var(--ast-global-color-5)","background-image":"","background-repeat":"repeat","background-position":"center center","background-size":"auto","background-attachment":"scroll","background-type":"","background-media":"","overlay-type":"","overlay-color":"","overlay-opacity":"","overlay-gradient":""},"tablet":{"background-color":"var(--ast-global-color-5)","background-image":"","background-repeat":"repeat","background-position":"center center","background-size":"auto","background-attachment":"scroll","background-type":"","background-media":"","overlay-type":"","overlay-color":"","overlay-opacity":"","overlay-gradient":""},"mobile":{"background-color":"var(--ast-global-color-5)","background-image":"","background-repeat":"repeat","background-position":"center center","background-size":"auto","background-attachment":"scroll","background-type":"","background-media":"","overlay-type":"","overlay-color":"","overlay-opacity":"","overlay-gradient":""}},"footnotes":""},"class_list":["post-9052","page","type-page","status-publish","hentry"],"yoast_head":"<!-- This site is optimized with the Yoast SEO plugin v27.5 - https:\/\/yoast.com\/product\/yoast-seo-wordpress\/ -->\n<title>An C\u00f3ras Glaoite - An Binse Luach\u00e1la<\/title>\n<meta name=\"robots\" content=\"index, follow, max-snippet:-1, max-image-preview:large, max-video-preview:-1\" \/>\n<link rel=\"canonical\" href=\"https:\/\/www.valuationtribunal.ie\/ga\/an-coras-glaoite\/\" \/>\n<meta property=\"og:locale\" content=\"ga_IE\" \/>\n<meta property=\"og:type\" content=\"article\" \/>\n<meta property=\"og:title\" content=\"An C\u00f3ras Glaoite - An Binse Luach\u00e1la\" \/>\n<meta property=\"og:description\" content=\"Tugadh isteach an C\u00f3ras Glaoite chun d\u00e9ile\u00e1il leis an l\u00edon achomharc a bh\u00ed \u00e1 fh\u00e1il ag an mBinse Luach\u00e1la ar l\u00edon \u00e9 a bh\u00ed n\u00edos airde n\u00e1 riamh roimhe sin. N\u00ed m\u00f3r gach achomharc a leagan os comhair an ch\u00f3rais glaoite i dtosach b\u00e1ire sula leithroinntear d\u00e1ta \u00e9isteachta agus n\u00ed m\u00f3r do gach p\u00e1irt\u00ed in [&hellip;]\" \/>\n<meta property=\"og:url\" content=\"https:\/\/www.valuationtribunal.ie\/ga\/an-coras-glaoite\/\" \/>\n<meta property=\"og:site_name\" content=\"An Binse Luach\u00e1la\" \/>\n<meta property=\"article:modified_time\" content=\"2023-05-08T08:03:00+00:00\" \/>\n<meta name=\"twitter:label1\" content=\"Est. reading time\" \/>\n\t<meta name=\"twitter:data1\" content=\"2 minutes\" \/>\n<script type=\"application\/ld+json\" class=\"yoast-schema-graph\">{\"@context\":\"https:\\\/\\\/schema.org\",\"@graph\":[{\"@type\":\"WebPage\",\"@id\":\"https:\\\/\\\/www.valuationtribunal.ie\\\/ga\\\/an-coras-glaoite\\\/\",\"url\":\"https:\\\/\\\/www.valuationtribunal.ie\\\/ga\\\/an-coras-glaoite\\\/\",\"name\":\"An C\u00f3ras Glaoite - An Binse Luach\u00e1la\",\"isPartOf\":{\"@id\":\"https:\\\/\\\/vt.fusio.dev\\\/#website\"},\"datePublished\":\"2017-06-02T00:37:20+00:00\",\"dateModified\":\"2023-05-08T08:03:00+00:00\",\"breadcrumb\":{\"@id\":\"https:\\\/\\\/www.valuationtribunal.ie\\\/ga\\\/an-coras-glaoite\\\/#breadcrumb\"},\"inLanguage\":\"ga-IE\",\"potentialAction\":[{\"@type\":\"ReadAction\",\"target\":[\"https:\\\/\\\/www.valuationtribunal.ie\\\/ga\\\/an-coras-glaoite\\\/\"]}]},{\"@type\":\"BreadcrumbList\",\"@id\":\"https:\\\/\\\/www.valuationtribunal.ie\\\/ga\\\/an-coras-glaoite\\\/#breadcrumb\",\"itemListElement\":[{\"@type\":\"ListItem\",\"position\":1,\"name\":\"Home\",\"item\":\"https:\\\/\\\/www.valuationtribunal.ie\\\/ga\\\/\"},{\"@type\":\"ListItem\",\"position\":2,\"name\":\"An C\u00f3ras Glaoite\"}]},{\"@type\":\"WebSite\",\"@id\":\"https:\\\/\\\/vt.fusio.dev\\\/#website\",\"url\":\"https:\\\/\\\/vt.fusio.dev\\\/\",\"name\":\"An Binse Luach\u00e1la\",\"description\":\"\",\"publisher\":{\"@id\":\"https:\\\/\\\/vt.fusio.dev\\\/#organization\"},\"potentialAction\":[{\"@type\":\"SearchAction\",\"target\":{\"@type\":\"EntryPoint\",\"urlTemplate\":\"https:\\\/\\\/vt.fusio.dev\\\/?s={search_term_string}\"},\"query-input\":{\"@type\":\"PropertyValueSpecification\",\"valueRequired\":true,\"valueName\":\"search_term_string\"}}],\"inLanguage\":\"ga-IE\"},{\"@type\":\"Organization\",\"@id\":\"https:\\\/\\\/vt.fusio.dev\\\/#organization\",\"name\":\"An Binse Luach\u00e1la\",\"url\":\"https:\\\/\\\/vt.fusio.dev\\\/\",\"logo\":{\"@type\":\"ImageObject\",\"inLanguage\":\"ga-IE\",\"@id\":\"https:\\\/\\\/vt.fusio.dev\\\/#\\\/schema\\\/logo\\\/image\\\/\",\"url\":\"https:\\\/\\\/www.valuationtribunal.ie\\\/wp-content\\\/uploads\\\/2017\\\/06\\\/Valuation-Tribunal-Logo-250.jpg\",\"contentUrl\":\"https:\\\/\\\/www.valuationtribunal.ie\\\/wp-content\\\/uploads\\\/2017\\\/06\\\/Valuation-Tribunal-Logo-250.jpg\",\"width\":250,\"height\":72,\"caption\":\"An Binse Luach\u00e1la\"},\"image\":{\"@id\":\"https:\\\/\\\/vt.fusio.dev\\\/#\\\/schema\\\/logo\\\/image\\\/\"}}]}<\/script>\n<!-- \/ Yoast SEO plugin. -->","yoast_head_json":{"title":"An C\u00f3ras Glaoite - An Binse Luach\u00e1la","robots":{"index":"index","follow":"follow","max-snippet":"max-snippet:-1","max-image-preview":"max-image-preview:large","max-video-preview":"max-video-preview:-1"},"canonical":"https:\/\/www.valuationtribunal.ie\/ga\/an-coras-glaoite\/","og_locale":"ga_IE","og_type":"article","og_title":"An C\u00f3ras Glaoite - An Binse Luach\u00e1la","og_description":"Tugadh isteach an C\u00f3ras Glaoite chun d\u00e9ile\u00e1il leis an l\u00edon achomharc a bh\u00ed \u00e1 fh\u00e1il ag an mBinse Luach\u00e1la ar l\u00edon \u00e9 a bh\u00ed n\u00edos airde n\u00e1 riamh roimhe sin. N\u00ed m\u00f3r gach achomharc a leagan os comhair an ch\u00f3rais glaoite i dtosach b\u00e1ire sula leithroinntear d\u00e1ta \u00e9isteachta agus n\u00ed m\u00f3r do gach p\u00e1irt\u00ed in [&hellip;]","og_url":"https:\/\/www.valuationtribunal.ie\/ga\/an-coras-glaoite\/","og_site_name":"An Binse Luach\u00e1la","article_modified_time":"2023-05-08T08:03:00+00:00","twitter_misc":{"Est. reading time":"2 minutes"},"schema":{"@context":"https:\/\/schema.org","@graph":[{"@type":"WebPage","@id":"https:\/\/www.valuationtribunal.ie\/ga\/an-coras-glaoite\/","url":"https:\/\/www.valuationtribunal.ie\/ga\/an-coras-glaoite\/","name":"An C\u00f3ras Glaoite - An Binse Luach\u00e1la","isPartOf":{"@id":"https:\/\/vt.fusio.dev\/#website"},"datePublished":"2017-06-02T00:37:20+00:00","dateModified":"2023-05-08T08:03:00+00:00","breadcrumb":{"@id":"https:\/\/www.valuationtribunal.ie\/ga\/an-coras-glaoite\/#breadcrumb"},"inLanguage":"ga-IE","potentialAction":[{"@type":"ReadAction","target":["https:\/\/www.valuationtribunal.ie\/ga\/an-coras-glaoite\/"]}]},{"@type":"BreadcrumbList","@id":"https:\/\/www.valuationtribunal.ie\/ga\/an-coras-glaoite\/#breadcrumb","itemListElement":[{"@type":"ListItem","position":1,"name":"Home","item":"https:\/\/www.valuationtribunal.ie\/ga\/"},{"@type":"ListItem","position":2,"name":"An C\u00f3ras Glaoite"}]},{"@type":"WebSite","@id":"https:\/\/vt.fusio.dev\/#website","url":"https:\/\/vt.fusio.dev\/","name":"An Binse Luach\u00e1la","description":"","publisher":{"@id":"https:\/\/vt.fusio.dev\/#organization"},"potentialAction":[{"@type":"SearchAction","target":{"@type":"EntryPoint","urlTemplate":"https:\/\/vt.fusio.dev\/?s={search_term_string}"},"query-input":{"@type":"PropertyValueSpecification","valueRequired":true,"valueName":"search_term_string"}}],"inLanguage":"ga-IE"},{"@type":"Organization","@id":"https:\/\/vt.fusio.dev\/#organization","name":"An Binse Luach\u00e1la","url":"https:\/\/vt.fusio.dev\/","logo":{"@type":"ImageObject","inLanguage":"ga-IE","@id":"https:\/\/vt.fusio.dev\/#\/schema\/logo\/image\/","url":"https:\/\/www.valuationtribunal.ie\/wp-content\/uploads\/2017\/06\/Valuation-Tribunal-Logo-250.jpg","contentUrl":"https:\/\/www.valuationtribunal.ie\/wp-content\/uploads\/2017\/06\/Valuation-Tribunal-Logo-250.jpg","width":250,"height":72,"caption":"An Binse Luach\u00e1la"},"image":{"@id":"https:\/\/vt.fusio.dev\/#\/schema\/logo\/image\/"}}]}},"_links":{"self":[{"href":"https:\/\/www.valuationtribunal.ie\/ga\/wp-json\/wp\/v2\/pages\/9052","targetHints":{"allow":["GET"]}}],"collection":[{"href":"https:\/\/www.valuationtribunal.ie\/ga\/wp-json\/wp\/v2\/pages"}],"about":[{"href":"https:\/\/www.valuationtribunal.ie\/ga\/wp-json\/wp\/v2\/types\/page"}],"author":[{"embeddable":true,"href":"https:\/\/www.valuationtribunal.ie\/ga\/wp-json\/wp\/v2\/users\/2"}],"replies":[{"embeddable":true,"href":"https:\/\/www.valuationtribunal.ie\/ga\/wp-json\/wp\/v2\/comments?post=9052"}],"version-history":[{"count":2,"href":"https:\/\/www.valuationtribunal.ie\/ga\/wp-json\/wp\/v2\/pages\/9052\/revisions"}],"predecessor-version":[{"id":12803,"href":"https:\/\/www.valuationtribunal.ie\/ga\/wp-json\/wp\/v2\/pages\/9052\/revisions\/12803"}],"wp:attachment":[{"href":"https:\/\/www.valuationtribunal.ie\/ga\/wp-json\/wp\/v2\/media?parent=9052"}],"curies":[{"name":"wp","href":"https:\/\/api.w.org\/{rel}","templated":true}]}}