
{"id":9032,"date":"2017-10-20T20:12:18","date_gmt":"2017-10-20T20:12:18","guid":{"rendered":"https:\/\/www.valuationtribunal.ie\/achomharc-a-dheanamh\/rialacha-an-bhinse\/"},"modified":"2023-05-05T16:02:53","modified_gmt":"2023-05-05T16:02:53","slug":"rialacha-an-bhinse","status":"publish","type":"page","link":"https:\/\/www.valuationtribunal.ie\/ga\/achomharc-a-dheanamh\/rialacha-an-bhinse\/","title":{"rendered":"Rialacha an Bhinse"},"content":{"rendered":"\n<h2 class=\"wp-block-heading\">Rialacha an Bhinse<\/h2>\n\n<p>Rinneadh Rialacha an Bhinse faoi mh\u00edr 11 den Dara Sceideal a ghabhann leis an Acht Luach\u00e1la 2001 agus th\u00e1inig siad in \u00e9ifeacht ar an 16 Me\u00e1n F\u00f3mhair 2019.<\/p>\n\n<p><a href=\"https:\/\/www.valuationtribunal.ie\/wp-content\/uploads\/2020\/01\/Valuation-Tribunal-Rules-2019.pdf\" target=\"_blank\" rel=\"noreferrer noopener\">Please click here to download the Valuation Tribunal (Appeals) Rules, 2019<\/a>.<\/p>\n\n<p><a href=\"https:\/\/www.valuationtribunal.ie\/wp-content\/uploads\/2022\/05\/Valuation-Act-2001-Appeals-Rules-2008.doc\" target=\"_blank\" rel=\"noreferrer noopener\">For appeals under the 2008 rules, please click here\u00a0where appeals were received prior to the 16th of September, 2019<\/a>.<\/p>\n","protected":false},"excerpt":{"rendered":"<p>Rialacha an Bhinse Rinneadh Rialacha an Bhinse faoi mh\u00edr 11 den Dara Sceideal a ghabhann leis an Acht Luach\u00e1la 2001 agus th\u00e1inig siad in \u00e9ifeacht ar an 16 Me\u00e1n F\u00f3mhair 2019. Please click here to download the Valuation Tribunal (Appeals) Rules, 2019. For appeals under the 2008 rules, please click here\u00a0where appeals were received prior [&hellip;]<\/p>\n","protected":false},"author":2,"featured_media":0,"parent":9015,"menu_order":0,"comment_status":"closed","ping_status":"closed","template":"","meta":{"site-sidebar-layout":"default","site-content-layout":"","ast-site-content-layout":"default","site-content-style":"default","site-sidebar-style":"default","ast-global-header-display":"","ast-banner-title-visibility":"","ast-main-header-display":"","ast-hfb-above-header-display":"","ast-hfb-below-header-display":"","ast-hfb-mobile-header-display":"","site-post-title":"","ast-breadcrumbs-content":"","ast-featured-img":"","footer-sml-layout":"","ast-disable-related-posts":"","theme-transparent-header-meta":"","adv-header-id-meta":"","stick-header-meta":"","header-above-stick-meta":"","header-main-stick-meta":"","header-below-stick-meta":"","astra-migrate-meta-layouts":"default","ast-page-background-enabled":"default","ast-page-background-meta":{"desktop":{"background-color":"var(--ast-global-color-4)","background-image":"","background-repeat":"repeat","background-position":"center center","background-size":"auto","background-attachment":"scroll","background-type":"","background-media":"","overlay-type":"","overlay-color":"","overlay-opacity":"","overlay-gradient":""},"tablet":{"background-color":"","background-image":"","background-repeat":"repeat","background-position":"center center","background-size":"auto","background-attachment":"scroll","background-type":"","background-media":"","overlay-type":"","overlay-color":"","overlay-opacity":"","overlay-gradient":""},"mobile":{"background-color":"","background-image":"","background-repeat":"repeat","background-position":"center center","background-size":"auto","background-attachment":"scroll","background-type":"","background-media":"","overlay-type":"","overlay-color":"","overlay-opacity":"","overlay-gradient":""}},"ast-content-background-meta":{"desktop":{"background-color":"var(--ast-global-color-5)","background-image":"","background-repeat":"repeat","background-position":"center center","background-size":"auto","background-attachment":"scroll","background-type":"","background-media":"","overlay-type":"","overlay-color":"","overlay-opacity":"","overlay-gradient":""},"tablet":{"background-color":"var(--ast-global-color-5)","background-image":"","background-repeat":"repeat","background-position":"center center","background-size":"auto","background-attachment":"scroll","background-type":"","background-media":"","overlay-type":"","overlay-color":"","overlay-opacity":"","overlay-gradient":""},"mobile":{"background-color":"var(--ast-global-color-5)","background-image":"","background-repeat":"repeat","background-position":"center center","background-size":"auto","background-attachment":"scroll","background-type":"","background-media":"","overlay-type":"","overlay-color":"","overlay-opacity":"","overlay-gradient":""}},"footnotes":""},"class_list":["post-9032","page","type-page","status-publish","hentry"],"yoast_head":"<!-- This site is optimized with the Yoast SEO plugin v27.3 - https:\/\/yoast.com\/product\/yoast-seo-wordpress\/ -->\n<title>Rialacha an Bhinse - An Binse Luach\u00e1la<\/title>\n<meta name=\"robots\" content=\"index, follow, max-snippet:-1, max-image-preview:large, max-video-preview:-1\" \/>\n<link rel=\"canonical\" href=\"https:\/\/www.valuationtribunal.ie\/ga\/achomharc-a-dheanamh\/rialacha-an-bhinse\/\" \/>\n<meta property=\"og:locale\" content=\"ga_IE\" \/>\n<meta property=\"og:type\" content=\"article\" \/>\n<meta property=\"og:title\" content=\"Rialacha an Bhinse - An Binse Luach\u00e1la\" \/>\n<meta property=\"og:description\" content=\"Rialacha an Bhinse Rinneadh Rialacha an Bhinse faoi mh\u00edr 11 den Dara Sceideal a ghabhann leis an Acht Luach\u00e1la 2001 agus th\u00e1inig siad in \u00e9ifeacht ar an 16 Me\u00e1n F\u00f3mhair 2019. Please click here to download the Valuation Tribunal (Appeals) Rules, 2019. For appeals under the 2008 rules, please click here\u00a0where appeals were received prior [&hellip;]\" \/>\n<meta property=\"og:url\" content=\"https:\/\/www.valuationtribunal.ie\/ga\/achomharc-a-dheanamh\/rialacha-an-bhinse\/\" \/>\n<meta property=\"og:site_name\" content=\"An Binse Luach\u00e1la\" \/>\n<meta property=\"article:modified_time\" content=\"2023-05-05T16:02:53+00:00\" \/>\n<script type=\"application\/ld+json\" class=\"yoast-schema-graph\">{\"@context\":\"https:\\\/\\\/schema.org\",\"@graph\":[{\"@type\":\"WebPage\",\"@id\":\"https:\\\/\\\/www.valuationtribunal.ie\\\/ga\\\/achomharc-a-dheanamh\\\/rialacha-an-bhinse\\\/\",\"url\":\"https:\\\/\\\/www.valuationtribunal.ie\\\/ga\\\/achomharc-a-dheanamh\\\/rialacha-an-bhinse\\\/\",\"name\":\"Rialacha an Bhinse - An Binse Luach\u00e1la\",\"isPartOf\":{\"@id\":\"https:\\\/\\\/vt.fusio.dev\\\/#website\"},\"datePublished\":\"2017-10-20T20:12:18+00:00\",\"dateModified\":\"2023-05-05T16:02:53+00:00\",\"breadcrumb\":{\"@id\":\"https:\\\/\\\/www.valuationtribunal.ie\\\/ga\\\/achomharc-a-dheanamh\\\/rialacha-an-bhinse\\\/#breadcrumb\"},\"inLanguage\":\"ga-IE\",\"potentialAction\":[{\"@type\":\"ReadAction\",\"target\":[\"https:\\\/\\\/www.valuationtribunal.ie\\\/ga\\\/achomharc-a-dheanamh\\\/rialacha-an-bhinse\\\/\"]}]},{\"@type\":\"BreadcrumbList\",\"@id\":\"https:\\\/\\\/www.valuationtribunal.ie\\\/ga\\\/achomharc-a-dheanamh\\\/rialacha-an-bhinse\\\/#breadcrumb\",\"itemListElement\":[{\"@type\":\"ListItem\",\"position\":1,\"name\":\"Home\",\"item\":\"https:\\\/\\\/www.valuationtribunal.ie\\\/ga\\\/\"},{\"@type\":\"ListItem\",\"position\":2,\"name\":\"Achomharc a Dh\u00e9anamh\",\"item\":\"https:\\\/\\\/vt.fusio.dev\\\/achomharc-a-dheanamh\\\/\"},{\"@type\":\"ListItem\",\"position\":3,\"name\":\"Rialacha an Bhinse\"}]},{\"@type\":\"WebSite\",\"@id\":\"https:\\\/\\\/vt.fusio.dev\\\/#website\",\"url\":\"https:\\\/\\\/vt.fusio.dev\\\/\",\"name\":\"An Binse Luach\u00e1la\",\"description\":\"\",\"publisher\":{\"@id\":\"https:\\\/\\\/vt.fusio.dev\\\/#organization\"},\"potentialAction\":[{\"@type\":\"SearchAction\",\"target\":{\"@type\":\"EntryPoint\",\"urlTemplate\":\"https:\\\/\\\/vt.fusio.dev\\\/?s={search_term_string}\"},\"query-input\":{\"@type\":\"PropertyValueSpecification\",\"valueRequired\":true,\"valueName\":\"search_term_string\"}}],\"inLanguage\":\"ga-IE\"},{\"@type\":\"Organization\",\"@id\":\"https:\\\/\\\/vt.fusio.dev\\\/#organization\",\"name\":\"An Binse Luach\u00e1la\",\"url\":\"https:\\\/\\\/vt.fusio.dev\\\/\",\"logo\":{\"@type\":\"ImageObject\",\"inLanguage\":\"ga-IE\",\"@id\":\"https:\\\/\\\/vt.fusio.dev\\\/#\\\/schema\\\/logo\\\/image\\\/\",\"url\":\"https:\\\/\\\/www.valuationtribunal.ie\\\/wp-content\\\/uploads\\\/2017\\\/06\\\/Valuation-Tribunal-Logo-250.jpg\",\"contentUrl\":\"https:\\\/\\\/www.valuationtribunal.ie\\\/wp-content\\\/uploads\\\/2017\\\/06\\\/Valuation-Tribunal-Logo-250.jpg\",\"width\":250,\"height\":72,\"caption\":\"An Binse Luach\u00e1la\"},\"image\":{\"@id\":\"https:\\\/\\\/vt.fusio.dev\\\/#\\\/schema\\\/logo\\\/image\\\/\"}}]}<\/script>\n<!-- \/ Yoast SEO plugin. -->","yoast_head_json":{"title":"Rialacha an Bhinse - An Binse Luach\u00e1la","robots":{"index":"index","follow":"follow","max-snippet":"max-snippet:-1","max-image-preview":"max-image-preview:large","max-video-preview":"max-video-preview:-1"},"canonical":"https:\/\/www.valuationtribunal.ie\/ga\/achomharc-a-dheanamh\/rialacha-an-bhinse\/","og_locale":"ga_IE","og_type":"article","og_title":"Rialacha an Bhinse - An Binse Luach\u00e1la","og_description":"Rialacha an Bhinse Rinneadh Rialacha an Bhinse faoi mh\u00edr 11 den Dara Sceideal a ghabhann leis an Acht Luach\u00e1la 2001 agus th\u00e1inig siad in \u00e9ifeacht ar an 16 Me\u00e1n F\u00f3mhair 2019. Please click here to download the Valuation Tribunal (Appeals) Rules, 2019. For appeals under the 2008 rules, please click here\u00a0where appeals were received prior [&hellip;]","og_url":"https:\/\/www.valuationtribunal.ie\/ga\/achomharc-a-dheanamh\/rialacha-an-bhinse\/","og_site_name":"An Binse Luach\u00e1la","article_modified_time":"2023-05-05T16:02:53+00:00","schema":{"@context":"https:\/\/schema.org","@graph":[{"@type":"WebPage","@id":"https:\/\/www.valuationtribunal.ie\/ga\/achomharc-a-dheanamh\/rialacha-an-bhinse\/","url":"https:\/\/www.valuationtribunal.ie\/ga\/achomharc-a-dheanamh\/rialacha-an-bhinse\/","name":"Rialacha an Bhinse - An Binse Luach\u00e1la","isPartOf":{"@id":"https:\/\/vt.fusio.dev\/#website"},"datePublished":"2017-10-20T20:12:18+00:00","dateModified":"2023-05-05T16:02:53+00:00","breadcrumb":{"@id":"https:\/\/www.valuationtribunal.ie\/ga\/achomharc-a-dheanamh\/rialacha-an-bhinse\/#breadcrumb"},"inLanguage":"ga-IE","potentialAction":[{"@type":"ReadAction","target":["https:\/\/www.valuationtribunal.ie\/ga\/achomharc-a-dheanamh\/rialacha-an-bhinse\/"]}]},{"@type":"BreadcrumbList","@id":"https:\/\/www.valuationtribunal.ie\/ga\/achomharc-a-dheanamh\/rialacha-an-bhinse\/#breadcrumb","itemListElement":[{"@type":"ListItem","position":1,"name":"Home","item":"https:\/\/www.valuationtribunal.ie\/ga\/"},{"@type":"ListItem","position":2,"name":"Achomharc a Dh\u00e9anamh","item":"https:\/\/vt.fusio.dev\/achomharc-a-dheanamh\/"},{"@type":"ListItem","position":3,"name":"Rialacha an Bhinse"}]},{"@type":"WebSite","@id":"https:\/\/vt.fusio.dev\/#website","url":"https:\/\/vt.fusio.dev\/","name":"An Binse Luach\u00e1la","description":"","publisher":{"@id":"https:\/\/vt.fusio.dev\/#organization"},"potentialAction":[{"@type":"SearchAction","target":{"@type":"EntryPoint","urlTemplate":"https:\/\/vt.fusio.dev\/?s={search_term_string}"},"query-input":{"@type":"PropertyValueSpecification","valueRequired":true,"valueName":"search_term_string"}}],"inLanguage":"ga-IE"},{"@type":"Organization","@id":"https:\/\/vt.fusio.dev\/#organization","name":"An Binse Luach\u00e1la","url":"https:\/\/vt.fusio.dev\/","logo":{"@type":"ImageObject","inLanguage":"ga-IE","@id":"https:\/\/vt.fusio.dev\/#\/schema\/logo\/image\/","url":"https:\/\/www.valuationtribunal.ie\/wp-content\/uploads\/2017\/06\/Valuation-Tribunal-Logo-250.jpg","contentUrl":"https:\/\/www.valuationtribunal.ie\/wp-content\/uploads\/2017\/06\/Valuation-Tribunal-Logo-250.jpg","width":250,"height":72,"caption":"An Binse Luach\u00e1la"},"image":{"@id":"https:\/\/vt.fusio.dev\/#\/schema\/logo\/image\/"}}]}},"_links":{"self":[{"href":"https:\/\/www.valuationtribunal.ie\/ga\/wp-json\/wp\/v2\/pages\/9032","targetHints":{"allow":["GET"]}}],"collection":[{"href":"https:\/\/www.valuationtribunal.ie\/ga\/wp-json\/wp\/v2\/pages"}],"about":[{"href":"https:\/\/www.valuationtribunal.ie\/ga\/wp-json\/wp\/v2\/types\/page"}],"author":[{"embeddable":true,"href":"https:\/\/www.valuationtribunal.ie\/ga\/wp-json\/wp\/v2\/users\/2"}],"replies":[{"embeddable":true,"href":"https:\/\/www.valuationtribunal.ie\/ga\/wp-json\/wp\/v2\/comments?post=9032"}],"version-history":[{"count":3,"href":"https:\/\/www.valuationtribunal.ie\/ga\/wp-json\/wp\/v2\/pages\/9032\/revisions"}],"predecessor-version":[{"id":12801,"href":"https:\/\/www.valuationtribunal.ie\/ga\/wp-json\/wp\/v2\/pages\/9032\/revisions\/12801"}],"up":[{"embeddable":true,"href":"https:\/\/www.valuationtribunal.ie\/ga\/wp-json\/wp\/v2\/pages\/9015"}],"wp:attachment":[{"href":"https:\/\/www.valuationtribunal.ie\/ga\/wp-json\/wp\/v2\/media?parent=9032"}],"curies":[{"name":"wp","href":"https:\/\/api.w.org\/{rel}","templated":true}]}}