
{"id":9026,"date":"2017-10-23T14:15:20","date_gmt":"2017-10-23T14:15:20","guid":{"rendered":"https:\/\/www.valuationtribunal.ie\/faisneis-fuinn\/reachtaiocht\/"},"modified":"2023-05-05T16:02:34","modified_gmt":"2023-05-05T16:02:34","slug":"reachtaiocht","status":"publish","type":"page","link":"https:\/\/www.valuationtribunal.ie\/ga\/faisneis-fuinn\/reachtaiocht\/","title":{"rendered":"Reachta\u00edocht"},"content":{"rendered":"\n<h2 class=\"wp-block-heading\">\u00c9ir\u00edonn dl\u00ednse an Bhinse as na nithe seo a leanas:<\/h2>\n\n<ul class=\"wp-block-list\"><li>\u2022 An tAcht Luach\u00e1la 2001 (Uimh. 13 de 2001) a th\u00e1inig in \u00e9ifeacht ar an 2 Bealtaine 2002<\/li><li>\u2022 An tAcht Luach\u00e1la (Leas\u00fa) 2015 (Uimh. 10 de 2015) a th\u00e1inig in \u00e9ifeacht ar an 23 Aibre\u00e1n 2015<\/li><li>\u2022 An tAcht um L\u00e1ithre\u00e1in Thr\u00e9igthe 1990 (Uimh. 14 de 1990) a th\u00e1inig in \u00e9ifeacht ar an 27 Meitheamh 1990.<\/li><li>\u2022 An tAcht um Athbheochan Uirbeach agus Tithe 2015 (Uimh. 33 de 2015) a th\u00e1inig in \u00e9ifeacht ar an 28 I\u00fail 2015.<\/li><\/ul>\n\n<p><a href=\"http:\/\/www.irishstatutebook.ie\/eli\/2001\/act\/13\/enacted\/en\/html\">An tAcht Luach\u00e1la 2001 <\/a><\/p>\n\n<p><a href=\"http:\/\/www.irishstatutebook.ie\/eli\/2015\/act\/10\/enacted\/en\/pdf\">\u2022 An tAcht Luach\u00e1la (Leas\u00fa) 2015<\/a><\/p>\n\n<p><a href=\"http:\/\/www.irishstatutebook.ie\/1990\/en\/act\/pub\/0014\/index.html\">\u2022 An tAcht um L\u00e1ithre\u00e1in Thr\u00e9igthe<\/a><\/p>\n\n<p><a href=\"http:\/\/www.irishstatutebook.ie\/eli\/2015\/act\/33\/enacted\/en\/pdf\">An tAcht um Athbheochan Uirbeach agus Tithe 2015<\/a><\/p>\n","protected":false},"excerpt":{"rendered":"<p>\u00c9ir\u00edonn dl\u00ednse an Bhinse as na nithe seo a leanas: \u2022 An tAcht Luach\u00e1la 2001 (Uimh. 13 de 2001) a th\u00e1inig in \u00e9ifeacht ar an 2 Bealtaine 2002 \u2022 An tAcht Luach\u00e1la (Leas\u00fa) 2015 (Uimh. 10 de 2015) a th\u00e1inig in \u00e9ifeacht ar an 23 Aibre\u00e1n 2015 \u2022 An tAcht um L\u00e1ithre\u00e1in Thr\u00e9igthe 1990 (Uimh. [&hellip;]<\/p>\n","protected":false},"author":2,"featured_media":0,"parent":9016,"menu_order":0,"comment_status":"closed","ping_status":"closed","template":"","meta":{"site-sidebar-layout":"default","site-content-layout":"","ast-site-content-layout":"default","site-content-style":"default","site-sidebar-style":"default","ast-global-header-display":"","ast-banner-title-visibility":"","ast-main-header-display":"","ast-hfb-above-header-display":"","ast-hfb-below-header-display":"","ast-hfb-mobile-header-display":"","site-post-title":"","ast-breadcrumbs-content":"","ast-featured-img":"","footer-sml-layout":"","ast-disable-related-posts":"","theme-transparent-header-meta":"","adv-header-id-meta":"","stick-header-meta":"","header-above-stick-meta":"","header-main-stick-meta":"","header-below-stick-meta":"","astra-migrate-meta-layouts":"default","ast-page-background-enabled":"default","ast-page-background-meta":{"desktop":{"background-color":"var(--ast-global-color-4)","background-image":"","background-repeat":"repeat","background-position":"center center","background-size":"auto","background-attachment":"scroll","background-type":"","background-media":"","overlay-type":"","overlay-color":"","overlay-opacity":"","overlay-gradient":""},"tablet":{"background-color":"","background-image":"","background-repeat":"repeat","background-position":"center center","background-size":"auto","background-attachment":"scroll","background-type":"","background-media":"","overlay-type":"","overlay-color":"","overlay-opacity":"","overlay-gradient":""},"mobile":{"background-color":"","background-image":"","background-repeat":"repeat","background-position":"center center","background-size":"auto","background-attachment":"scroll","background-type":"","background-media":"","overlay-type":"","overlay-color":"","overlay-opacity":"","overlay-gradient":""}},"ast-content-background-meta":{"desktop":{"background-color":"var(--ast-global-color-5)","background-image":"","background-repeat":"repeat","background-position":"center center","background-size":"auto","background-attachment":"scroll","background-type":"","background-media":"","overlay-type":"","overlay-color":"","overlay-opacity":"","overlay-gradient":""},"tablet":{"background-color":"var(--ast-global-color-5)","background-image":"","background-repeat":"repeat","background-position":"center center","background-size":"auto","background-attachment":"scroll","background-type":"","background-media":"","overlay-type":"","overlay-color":"","overlay-opacity":"","overlay-gradient":""},"mobile":{"background-color":"var(--ast-global-color-5)","background-image":"","background-repeat":"repeat","background-position":"center center","background-size":"auto","background-attachment":"scroll","background-type":"","background-media":"","overlay-type":"","overlay-color":"","overlay-opacity":"","overlay-gradient":""}},"footnotes":""},"class_list":["post-9026","page","type-page","status-publish","hentry"],"yoast_head":"<!-- This site is optimized with the Yoast SEO plugin v27.3 - https:\/\/yoast.com\/product\/yoast-seo-wordpress\/ -->\n<title>Reachta\u00edocht - An Binse Luach\u00e1la<\/title>\n<meta name=\"robots\" content=\"index, follow, max-snippet:-1, max-image-preview:large, max-video-preview:-1\" \/>\n<link rel=\"canonical\" href=\"https:\/\/www.valuationtribunal.ie\/ga\/faisneis-fuinn\/reachtaiocht\/\" \/>\n<meta property=\"og:locale\" content=\"ga_IE\" \/>\n<meta property=\"og:type\" content=\"article\" \/>\n<meta property=\"og:title\" content=\"Reachta\u00edocht - An Binse Luach\u00e1la\" \/>\n<meta property=\"og:description\" content=\"\u00c9ir\u00edonn dl\u00ednse an Bhinse as na nithe seo a leanas: \u2022 An tAcht Luach\u00e1la 2001 (Uimh. 13 de 2001) a th\u00e1inig in \u00e9ifeacht ar an 2 Bealtaine 2002 \u2022 An tAcht Luach\u00e1la (Leas\u00fa) 2015 (Uimh. 10 de 2015) a th\u00e1inig in \u00e9ifeacht ar an 23 Aibre\u00e1n 2015 \u2022 An tAcht um L\u00e1ithre\u00e1in Thr\u00e9igthe 1990 (Uimh. [&hellip;]\" \/>\n<meta property=\"og:url\" content=\"https:\/\/www.valuationtribunal.ie\/ga\/faisneis-fuinn\/reachtaiocht\/\" \/>\n<meta property=\"og:site_name\" content=\"An Binse Luach\u00e1la\" \/>\n<meta property=\"article:modified_time\" content=\"2023-05-05T16:02:34+00:00\" \/>\n<meta name=\"twitter:label1\" content=\"Est. reading time\" \/>\n\t<meta name=\"twitter:data1\" content=\"1 minute\" \/>\n<script type=\"application\/ld+json\" class=\"yoast-schema-graph\">{\"@context\":\"https:\\\/\\\/schema.org\",\"@graph\":[{\"@type\":\"WebPage\",\"@id\":\"https:\\\/\\\/www.valuationtribunal.ie\\\/ga\\\/faisneis-fuinn\\\/reachtaiocht\\\/\",\"url\":\"https:\\\/\\\/www.valuationtribunal.ie\\\/ga\\\/faisneis-fuinn\\\/reachtaiocht\\\/\",\"name\":\"Reachta\u00edocht - An Binse Luach\u00e1la\",\"isPartOf\":{\"@id\":\"https:\\\/\\\/vt.fusio.dev\\\/#website\"},\"datePublished\":\"2017-10-23T14:15:20+00:00\",\"dateModified\":\"2023-05-05T16:02:34+00:00\",\"breadcrumb\":{\"@id\":\"https:\\\/\\\/www.valuationtribunal.ie\\\/ga\\\/faisneis-fuinn\\\/reachtaiocht\\\/#breadcrumb\"},\"inLanguage\":\"ga-IE\",\"potentialAction\":[{\"@type\":\"ReadAction\",\"target\":[\"https:\\\/\\\/www.valuationtribunal.ie\\\/ga\\\/faisneis-fuinn\\\/reachtaiocht\\\/\"]}]},{\"@type\":\"BreadcrumbList\",\"@id\":\"https:\\\/\\\/www.valuationtribunal.ie\\\/ga\\\/faisneis-fuinn\\\/reachtaiocht\\\/#breadcrumb\",\"itemListElement\":[{\"@type\":\"ListItem\",\"position\":1,\"name\":\"Home\",\"item\":\"https:\\\/\\\/www.valuationtribunal.ie\\\/ga\\\/\"},{\"@type\":\"ListItem\",\"position\":2,\"name\":\"Faisn\u00e9is F\u00fainn\",\"item\":\"https:\\\/\\\/vt.fusio.dev\\\/faisneis-fuinn\\\/\"},{\"@type\":\"ListItem\",\"position\":3,\"name\":\"Reachta\u00edocht\"}]},{\"@type\":\"WebSite\",\"@id\":\"https:\\\/\\\/vt.fusio.dev\\\/#website\",\"url\":\"https:\\\/\\\/vt.fusio.dev\\\/\",\"name\":\"An Binse Luach\u00e1la\",\"description\":\"\",\"publisher\":{\"@id\":\"https:\\\/\\\/vt.fusio.dev\\\/#organization\"},\"potentialAction\":[{\"@type\":\"SearchAction\",\"target\":{\"@type\":\"EntryPoint\",\"urlTemplate\":\"https:\\\/\\\/vt.fusio.dev\\\/?s={search_term_string}\"},\"query-input\":{\"@type\":\"PropertyValueSpecification\",\"valueRequired\":true,\"valueName\":\"search_term_string\"}}],\"inLanguage\":\"ga-IE\"},{\"@type\":\"Organization\",\"@id\":\"https:\\\/\\\/vt.fusio.dev\\\/#organization\",\"name\":\"An Binse Luach\u00e1la\",\"url\":\"https:\\\/\\\/vt.fusio.dev\\\/\",\"logo\":{\"@type\":\"ImageObject\",\"inLanguage\":\"ga-IE\",\"@id\":\"https:\\\/\\\/vt.fusio.dev\\\/#\\\/schema\\\/logo\\\/image\\\/\",\"url\":\"https:\\\/\\\/www.valuationtribunal.ie\\\/wp-content\\\/uploads\\\/2017\\\/06\\\/Valuation-Tribunal-Logo-250.jpg\",\"contentUrl\":\"https:\\\/\\\/www.valuationtribunal.ie\\\/wp-content\\\/uploads\\\/2017\\\/06\\\/Valuation-Tribunal-Logo-250.jpg\",\"width\":250,\"height\":72,\"caption\":\"An Binse Luach\u00e1la\"},\"image\":{\"@id\":\"https:\\\/\\\/vt.fusio.dev\\\/#\\\/schema\\\/logo\\\/image\\\/\"}}]}<\/script>\n<!-- \/ Yoast SEO plugin. -->","yoast_head_json":{"title":"Reachta\u00edocht - An Binse Luach\u00e1la","robots":{"index":"index","follow":"follow","max-snippet":"max-snippet:-1","max-image-preview":"max-image-preview:large","max-video-preview":"max-video-preview:-1"},"canonical":"https:\/\/www.valuationtribunal.ie\/ga\/faisneis-fuinn\/reachtaiocht\/","og_locale":"ga_IE","og_type":"article","og_title":"Reachta\u00edocht - An Binse Luach\u00e1la","og_description":"\u00c9ir\u00edonn dl\u00ednse an Bhinse as na nithe seo a leanas: \u2022 An tAcht Luach\u00e1la 2001 (Uimh. 13 de 2001) a th\u00e1inig in \u00e9ifeacht ar an 2 Bealtaine 2002 \u2022 An tAcht Luach\u00e1la (Leas\u00fa) 2015 (Uimh. 10 de 2015) a th\u00e1inig in \u00e9ifeacht ar an 23 Aibre\u00e1n 2015 \u2022 An tAcht um L\u00e1ithre\u00e1in Thr\u00e9igthe 1990 (Uimh. [&hellip;]","og_url":"https:\/\/www.valuationtribunal.ie\/ga\/faisneis-fuinn\/reachtaiocht\/","og_site_name":"An Binse Luach\u00e1la","article_modified_time":"2023-05-05T16:02:34+00:00","twitter_misc":{"Est. reading time":"1 minute"},"schema":{"@context":"https:\/\/schema.org","@graph":[{"@type":"WebPage","@id":"https:\/\/www.valuationtribunal.ie\/ga\/faisneis-fuinn\/reachtaiocht\/","url":"https:\/\/www.valuationtribunal.ie\/ga\/faisneis-fuinn\/reachtaiocht\/","name":"Reachta\u00edocht - An Binse Luach\u00e1la","isPartOf":{"@id":"https:\/\/vt.fusio.dev\/#website"},"datePublished":"2017-10-23T14:15:20+00:00","dateModified":"2023-05-05T16:02:34+00:00","breadcrumb":{"@id":"https:\/\/www.valuationtribunal.ie\/ga\/faisneis-fuinn\/reachtaiocht\/#breadcrumb"},"inLanguage":"ga-IE","potentialAction":[{"@type":"ReadAction","target":["https:\/\/www.valuationtribunal.ie\/ga\/faisneis-fuinn\/reachtaiocht\/"]}]},{"@type":"BreadcrumbList","@id":"https:\/\/www.valuationtribunal.ie\/ga\/faisneis-fuinn\/reachtaiocht\/#breadcrumb","itemListElement":[{"@type":"ListItem","position":1,"name":"Home","item":"https:\/\/www.valuationtribunal.ie\/ga\/"},{"@type":"ListItem","position":2,"name":"Faisn\u00e9is F\u00fainn","item":"https:\/\/vt.fusio.dev\/faisneis-fuinn\/"},{"@type":"ListItem","position":3,"name":"Reachta\u00edocht"}]},{"@type":"WebSite","@id":"https:\/\/vt.fusio.dev\/#website","url":"https:\/\/vt.fusio.dev\/","name":"An Binse Luach\u00e1la","description":"","publisher":{"@id":"https:\/\/vt.fusio.dev\/#organization"},"potentialAction":[{"@type":"SearchAction","target":{"@type":"EntryPoint","urlTemplate":"https:\/\/vt.fusio.dev\/?s={search_term_string}"},"query-input":{"@type":"PropertyValueSpecification","valueRequired":true,"valueName":"search_term_string"}}],"inLanguage":"ga-IE"},{"@type":"Organization","@id":"https:\/\/vt.fusio.dev\/#organization","name":"An Binse Luach\u00e1la","url":"https:\/\/vt.fusio.dev\/","logo":{"@type":"ImageObject","inLanguage":"ga-IE","@id":"https:\/\/vt.fusio.dev\/#\/schema\/logo\/image\/","url":"https:\/\/www.valuationtribunal.ie\/wp-content\/uploads\/2017\/06\/Valuation-Tribunal-Logo-250.jpg","contentUrl":"https:\/\/www.valuationtribunal.ie\/wp-content\/uploads\/2017\/06\/Valuation-Tribunal-Logo-250.jpg","width":250,"height":72,"caption":"An Binse Luach\u00e1la"},"image":{"@id":"https:\/\/vt.fusio.dev\/#\/schema\/logo\/image\/"}}]}},"_links":{"self":[{"href":"https:\/\/www.valuationtribunal.ie\/ga\/wp-json\/wp\/v2\/pages\/9026","targetHints":{"allow":["GET"]}}],"collection":[{"href":"https:\/\/www.valuationtribunal.ie\/ga\/wp-json\/wp\/v2\/pages"}],"about":[{"href":"https:\/\/www.valuationtribunal.ie\/ga\/wp-json\/wp\/v2\/types\/page"}],"author":[{"embeddable":true,"href":"https:\/\/www.valuationtribunal.ie\/ga\/wp-json\/wp\/v2\/users\/2"}],"replies":[{"embeddable":true,"href":"https:\/\/www.valuationtribunal.ie\/ga\/wp-json\/wp\/v2\/comments?post=9026"}],"version-history":[{"count":1,"href":"https:\/\/www.valuationtribunal.ie\/ga\/wp-json\/wp\/v2\/pages\/9026\/revisions"}],"predecessor-version":[{"id":9027,"href":"https:\/\/www.valuationtribunal.ie\/ga\/wp-json\/wp\/v2\/pages\/9026\/revisions\/9027"}],"up":[{"embeddable":true,"href":"https:\/\/www.valuationtribunal.ie\/ga\/wp-json\/wp\/v2\/pages\/9016"}],"wp:attachment":[{"href":"https:\/\/www.valuationtribunal.ie\/ga\/wp-json\/wp\/v2\/media?parent=9026"}],"curies":[{"name":"wp","href":"https:\/\/api.w.org\/{rel}","templated":true}]}}