
{"id":9023,"date":"2017-10-20T20:11:53","date_gmt":"2017-10-20T20:11:53","guid":{"rendered":"https:\/\/www.valuationtribunal.ie\/achomharc-a-dheanamh\/achomharc-a-dheanamh-maidir-le-laithrean-treigthe\/"},"modified":"2025-01-10T09:27:21","modified_gmt":"2025-01-10T09:27:21","slug":"achomharc-a-dheanamh-maidir-le-laithrean-treigthe","status":"publish","type":"page","link":"https:\/\/www.valuationtribunal.ie\/ga\/achomharc-a-dheanamh\/achomharc-a-dheanamh-maidir-le-laithrean-treigthe\/","title":{"rendered":"Achomharc a dh\u00e9anamh maidir le L\u00e1ithre\u00e1n Tr\u00e9igthe"},"content":{"rendered":"\n<h2 class=\"wp-block-heading\">Achomharc a Dh\u00e9anamh<\/h2>\n\n<p>\u00c9ir\u00edonn an ceart chun achomharc a dh\u00e9anamh chuig an mBinse tar \u00e9is d\u2019\u00fadar\u00e1s \u00e1iti\u00fail margadhluach l\u00e1ithre\u00e1in thr\u00e9igthe a chinneadh faoin Acht um L\u00e1ithre\u00e1in Thr\u00e9igthe, 1990, agus f\u00e9adfaidh \u00fain\u00e9ir an l\u00e1ithre\u00e1in thr\u00e9igthe achomharc a dh\u00e9anamh chuig an mBinse i gcoinne chinneadh an mhargadhluacha laistigh de 28 l\u00e1 \u00f3n d\u00e1ta a fhaigheann s\u00e9 n\u00f3 s\u00ed an F\u00f3gra maidir le Cinneadh an Mhargadhluacha \u00f3n \u00dadar\u00e1s \u00c1iti\u00fail. <\/p>\n\n<p>Chun achomharc a dh\u00e9anamh, n\u00edl le d\u00e9anamh ach an <strong><a href=\"https:\/\/www.valuationtribunal.ie\/ga\/cinealacha-achomhairc\/achomharc-maidir-le-laithrean-treigthe\/\">fhoirm Achomhairc Ar L\u00edne maidir le L\u00e1ithre\u00e1n Tr\u00e9igthe<\/a><\/strong> a chomhl\u00e1n\u00fa agus a th\u00edolacadh. B\u00ed cinnte, le do thoil, go dt\u00edolactar an fhoirm sin don Bhinse Luach\u00e1la laistigh den teorainn ama reacht\u00fail (28 l\u00e1) agus go n-\u00edoctar an t\u00e1ille chu\u00ed ag an tr\u00e1th c\u00e9anna.<\/p>\n\n<p>Cuimhnigh gur ceart na <strong><a href=\"https:\/\/www.valuationtribunal.ie\/wp-content\/uploads\/2023\/05\/DS_Guidelines-GA-1.pdf\" target=\"_blank\" rel=\"noreferrer noopener\">Treoirl\u00ednte maidir le Comhl\u00e1n\u00fa F\u00f3gra Achomhairc<\/a><\/strong> a l\u00e9amh roimh an bhfoirm a chomhl\u00e1n\u00fa.<\/p>\n\n<p>Mar mhalairt air sin, is f\u00e9idir leat c\u00f3ip den <strong><a href=\"https:\/\/www.valuationtribunal.ie\/wp-content\/uploads\/2023\/06\/Appeal-Form-D-Derelict-Site-1.pdf\">fhoirm Achomhairc i gcoinne F\u00f3gra maidir le L\u00e1ithre\u00e1n Tr\u00e9igthe<\/a><\/strong> a \u00edosl\u00f3d\u00e1il.<\/p>\n\n<p class=\"has-vivid-red-color has-text-color\"><strong><em>Tar \u00e9is do chomhlachta\u00ed uile na St\u00e1tseirbh\u00edse an Plean \u00cdoca\u00edochta\u00ed N\u00e1isi\u00fanta a chur i bhfeidhm, \u00f3n 1 Ean\u00e1ir 2022 n\u00ed ghlacann an Binse Luach\u00e1la le seiceanna n\u00e1 dr\u00e9achta\u00ed bainc mar \u00edoca\u00edocht ar th\u00e1ill\u00ed achomhairc a thuilleadh. N\u00ed m\u00f3r \u00edoca\u00edochta\u00ed a dh\u00e9anamh go leictreonach, tr\u00edd an bhfoirm achomhairc ar l\u00edne n\u00f3 ar an bhf\u00f3n le c\u00e1rta dochair n\u00f3 c\u00e1rta creidmheasa, n\u00f3 tr\u00edd an R\u00edomhaistri\u00fa Airgid.<\/em><\/strong><\/p>\n\n<p><em>M\u00e1 t\u00e1 aon cheisteanna agat faoin athr\u00fa seo ar an n\u00f3s imeachta, n\u00e1 b\u00edodh aon leisce ort teagmh\u00e1il a dh\u00e9anamh leis an mBinse Luach\u00e1la ag <a href=\"mailto:info@valuationtribunal.ie\">info@valuationtribunal.ie<\/a> n\u00f3 leis an teileaf\u00f3n ag 01 6760130<\/em><\/p>\n\n<figure class=\"wp-block-table\"><table><thead><tr><th>Luach\u00e1il maoine de r\u00e9ir mar a chinn an Freagr\u00f3ir \u00ed<\/th><th><strong>T\u00e1ille Achomhairc<\/strong><\/th><\/tr><\/thead><tbody><tr><td>Luach\u00e1il nach m\u00f3 n\u00e1 \u20ac65,000<\/td><td><strong>\u20ac60<\/strong><\/td><\/tr><tr><td>Luach\u00e1il is m\u00f3 n\u00e1 \u20ac65,000 agus nach m\u00f3 n\u00e1 \u20ac130,000<\/td><td><strong>\u20ac125<\/strong><\/td><\/tr><tr><td>Luach\u00e1il is m\u00f3 n\u00e1 \u20ac130,000<\/td><td><strong>\u20ac190<\/strong><\/td><\/tr><\/tbody><\/table><figcaption class=\"wp-element-caption\"><h4><strong><span style=\"color: #a21d22; font-size: 24px;\">T\u00e1ill\u00ed at\u00e1 in\u00edoctha i leith achomharc chuig an mBinse Luach\u00e1la maidir le L\u00e1ithre\u00e1n Tr\u00e9igthe<\/span><\/strong>:<\/h4><\/figcaption><\/figure>\n","protected":false},"excerpt":{"rendered":"<p>Achomharc a Dh\u00e9anamh \u00c9ir\u00edonn an ceart chun achomharc a dh\u00e9anamh chuig an mBinse tar \u00e9is d\u2019\u00fadar\u00e1s \u00e1iti\u00fail margadhluach l\u00e1ithre\u00e1in thr\u00e9igthe a chinneadh faoin Acht um L\u00e1ithre\u00e1in Thr\u00e9igthe, 1990, agus f\u00e9adfaidh \u00fain\u00e9ir an l\u00e1ithre\u00e1in thr\u00e9igthe achomharc a dh\u00e9anamh chuig an mBinse i gcoinne chinneadh an mhargadhluacha laistigh de 28 l\u00e1 \u00f3n d\u00e1ta a fhaigheann s\u00e9 n\u00f3 [&hellip;]<\/p>\n","protected":false},"author":2,"featured_media":0,"parent":9015,"menu_order":0,"comment_status":"closed","ping_status":"closed","template":"","meta":{"site-sidebar-layout":"default","site-content-layout":"","ast-site-content-layout":"default","site-content-style":"default","site-sidebar-style":"default","ast-global-header-display":"","ast-banner-title-visibility":"","ast-main-header-display":"","ast-hfb-above-header-display":"","ast-hfb-below-header-display":"","ast-hfb-mobile-header-display":"","site-post-title":"","ast-breadcrumbs-content":"","ast-featured-img":"","footer-sml-layout":"","ast-disable-related-posts":"","theme-transparent-header-meta":"","adv-header-id-meta":"","stick-header-meta":"","header-above-stick-meta":"","header-main-stick-meta":"","header-below-stick-meta":"","astra-migrate-meta-layouts":"default","ast-page-background-enabled":"default","ast-page-background-meta":{"desktop":{"background-color":"var(--ast-global-color-4)","background-image":"","background-repeat":"repeat","background-position":"center center","background-size":"auto","background-attachment":"scroll","background-type":"","background-media":"","overlay-type":"","overlay-color":"","overlay-opacity":"","overlay-gradient":""},"tablet":{"background-color":"","background-image":"","background-repeat":"repeat","background-position":"center center","background-size":"auto","background-attachment":"scroll","background-type":"","background-media":"","overlay-type":"","overlay-color":"","overlay-opacity":"","overlay-gradient":""},"mobile":{"background-color":"","background-image":"","background-repeat":"repeat","background-position":"center center","background-size":"auto","background-attachment":"scroll","background-type":"","background-media":"","overlay-type":"","overlay-color":"","overlay-opacity":"","overlay-gradient":""}},"ast-content-background-meta":{"desktop":{"background-color":"var(--ast-global-color-5)","background-image":"","background-repeat":"repeat","background-position":"center center","background-size":"auto","background-attachment":"scroll","background-type":"","background-media":"","overlay-type":"","overlay-color":"","overlay-opacity":"","overlay-gradient":""},"tablet":{"background-color":"var(--ast-global-color-5)","background-image":"","background-repeat":"repeat","background-position":"center center","background-size":"auto","background-attachment":"scroll","background-type":"","background-media":"","overlay-type":"","overlay-color":"","overlay-opacity":"","overlay-gradient":""},"mobile":{"background-color":"var(--ast-global-color-5)","background-image":"","background-repeat":"repeat","background-position":"center center","background-size":"auto","background-attachment":"scroll","background-type":"","background-media":"","overlay-type":"","overlay-color":"","overlay-opacity":"","overlay-gradient":""}},"footnotes":""},"class_list":["post-9023","page","type-page","status-publish","hentry"],"yoast_head":"<!-- This site is optimized with the Yoast SEO plugin v27.3 - https:\/\/yoast.com\/product\/yoast-seo-wordpress\/ -->\n<title>Achomharc a dh\u00e9anamh maidir le L\u00e1ithre\u00e1n Tr\u00e9igthe - An Binse Luach\u00e1la<\/title>\n<meta name=\"robots\" content=\"index, follow, max-snippet:-1, max-image-preview:large, max-video-preview:-1\" \/>\n<link rel=\"canonical\" href=\"https:\/\/www.valuationtribunal.ie\/ga\/achomharc-a-dheanamh\/achomharc-a-dheanamh-maidir-le-laithrean-treigthe\/\" \/>\n<meta property=\"og:locale\" content=\"ga_IE\" \/>\n<meta property=\"og:type\" content=\"article\" \/>\n<meta property=\"og:title\" content=\"Achomharc a dh\u00e9anamh maidir le L\u00e1ithre\u00e1n Tr\u00e9igthe - An Binse Luach\u00e1la\" \/>\n<meta property=\"og:description\" content=\"Achomharc a Dh\u00e9anamh \u00c9ir\u00edonn an ceart chun achomharc a dh\u00e9anamh chuig an mBinse tar \u00e9is d\u2019\u00fadar\u00e1s \u00e1iti\u00fail margadhluach l\u00e1ithre\u00e1in thr\u00e9igthe a chinneadh faoin Acht um L\u00e1ithre\u00e1in Thr\u00e9igthe, 1990, agus f\u00e9adfaidh \u00fain\u00e9ir an l\u00e1ithre\u00e1in thr\u00e9igthe achomharc a dh\u00e9anamh chuig an mBinse i gcoinne chinneadh an mhargadhluacha laistigh de 28 l\u00e1 \u00f3n d\u00e1ta a fhaigheann s\u00e9 n\u00f3 [&hellip;]\" \/>\n<meta property=\"og:url\" content=\"https:\/\/www.valuationtribunal.ie\/ga\/achomharc-a-dheanamh\/achomharc-a-dheanamh-maidir-le-laithrean-treigthe\/\" \/>\n<meta property=\"og:site_name\" content=\"An Binse Luach\u00e1la\" \/>\n<meta property=\"article:modified_time\" content=\"2025-01-10T09:27:21+00:00\" \/>\n<meta name=\"twitter:label1\" content=\"Est. reading time\" \/>\n\t<meta name=\"twitter:data1\" content=\"2 minutes\" \/>\n<script type=\"application\/ld+json\" class=\"yoast-schema-graph\">{\"@context\":\"https:\\\/\\\/schema.org\",\"@graph\":[{\"@type\":\"WebPage\",\"@id\":\"https:\\\/\\\/www.valuationtribunal.ie\\\/ga\\\/achomharc-a-dheanamh\\\/achomharc-a-dheanamh-maidir-le-laithrean-treigthe\\\/\",\"url\":\"https:\\\/\\\/www.valuationtribunal.ie\\\/ga\\\/achomharc-a-dheanamh\\\/achomharc-a-dheanamh-maidir-le-laithrean-treigthe\\\/\",\"name\":\"Achomharc a dh\u00e9anamh maidir le L\u00e1ithre\u00e1n Tr\u00e9igthe - An Binse Luach\u00e1la\",\"isPartOf\":{\"@id\":\"https:\\\/\\\/vt.fusio.dev\\\/#website\"},\"datePublished\":\"2017-10-20T20:11:53+00:00\",\"dateModified\":\"2025-01-10T09:27:21+00:00\",\"breadcrumb\":{\"@id\":\"https:\\\/\\\/www.valuationtribunal.ie\\\/ga\\\/achomharc-a-dheanamh\\\/achomharc-a-dheanamh-maidir-le-laithrean-treigthe\\\/#breadcrumb\"},\"inLanguage\":\"ga-IE\",\"potentialAction\":[{\"@type\":\"ReadAction\",\"target\":[\"https:\\\/\\\/www.valuationtribunal.ie\\\/ga\\\/achomharc-a-dheanamh\\\/achomharc-a-dheanamh-maidir-le-laithrean-treigthe\\\/\"]}]},{\"@type\":\"BreadcrumbList\",\"@id\":\"https:\\\/\\\/www.valuationtribunal.ie\\\/ga\\\/achomharc-a-dheanamh\\\/achomharc-a-dheanamh-maidir-le-laithrean-treigthe\\\/#breadcrumb\",\"itemListElement\":[{\"@type\":\"ListItem\",\"position\":1,\"name\":\"Home\",\"item\":\"https:\\\/\\\/www.valuationtribunal.ie\\\/ga\\\/\"},{\"@type\":\"ListItem\",\"position\":2,\"name\":\"Achomharc a Dh\u00e9anamh\",\"item\":\"https:\\\/\\\/vt.fusio.dev\\\/achomharc-a-dheanamh\\\/\"},{\"@type\":\"ListItem\",\"position\":3,\"name\":\"Achomharc a dh\u00e9anamh maidir le L\u00e1ithre\u00e1n Tr\u00e9igthe\"}]},{\"@type\":\"WebSite\",\"@id\":\"https:\\\/\\\/vt.fusio.dev\\\/#website\",\"url\":\"https:\\\/\\\/vt.fusio.dev\\\/\",\"name\":\"An Binse Luach\u00e1la\",\"description\":\"\",\"publisher\":{\"@id\":\"https:\\\/\\\/vt.fusio.dev\\\/#organization\"},\"potentialAction\":[{\"@type\":\"SearchAction\",\"target\":{\"@type\":\"EntryPoint\",\"urlTemplate\":\"https:\\\/\\\/vt.fusio.dev\\\/?s={search_term_string}\"},\"query-input\":{\"@type\":\"PropertyValueSpecification\",\"valueRequired\":true,\"valueName\":\"search_term_string\"}}],\"inLanguage\":\"ga-IE\"},{\"@type\":\"Organization\",\"@id\":\"https:\\\/\\\/vt.fusio.dev\\\/#organization\",\"name\":\"An Binse Luach\u00e1la\",\"url\":\"https:\\\/\\\/vt.fusio.dev\\\/\",\"logo\":{\"@type\":\"ImageObject\",\"inLanguage\":\"ga-IE\",\"@id\":\"https:\\\/\\\/vt.fusio.dev\\\/#\\\/schema\\\/logo\\\/image\\\/\",\"url\":\"https:\\\/\\\/www.valuationtribunal.ie\\\/wp-content\\\/uploads\\\/2017\\\/06\\\/Valuation-Tribunal-Logo-250.jpg\",\"contentUrl\":\"https:\\\/\\\/www.valuationtribunal.ie\\\/wp-content\\\/uploads\\\/2017\\\/06\\\/Valuation-Tribunal-Logo-250.jpg\",\"width\":250,\"height\":72,\"caption\":\"An Binse Luach\u00e1la\"},\"image\":{\"@id\":\"https:\\\/\\\/vt.fusio.dev\\\/#\\\/schema\\\/logo\\\/image\\\/\"}}]}<\/script>\n<!-- \/ Yoast SEO plugin. -->","yoast_head_json":{"title":"Achomharc a dh\u00e9anamh maidir le L\u00e1ithre\u00e1n Tr\u00e9igthe - An Binse Luach\u00e1la","robots":{"index":"index","follow":"follow","max-snippet":"max-snippet:-1","max-image-preview":"max-image-preview:large","max-video-preview":"max-video-preview:-1"},"canonical":"https:\/\/www.valuationtribunal.ie\/ga\/achomharc-a-dheanamh\/achomharc-a-dheanamh-maidir-le-laithrean-treigthe\/","og_locale":"ga_IE","og_type":"article","og_title":"Achomharc a dh\u00e9anamh maidir le L\u00e1ithre\u00e1n Tr\u00e9igthe - An Binse Luach\u00e1la","og_description":"Achomharc a Dh\u00e9anamh \u00c9ir\u00edonn an ceart chun achomharc a dh\u00e9anamh chuig an mBinse tar \u00e9is d\u2019\u00fadar\u00e1s \u00e1iti\u00fail margadhluach l\u00e1ithre\u00e1in thr\u00e9igthe a chinneadh faoin Acht um L\u00e1ithre\u00e1in Thr\u00e9igthe, 1990, agus f\u00e9adfaidh \u00fain\u00e9ir an l\u00e1ithre\u00e1in thr\u00e9igthe achomharc a dh\u00e9anamh chuig an mBinse i gcoinne chinneadh an mhargadhluacha laistigh de 28 l\u00e1 \u00f3n d\u00e1ta a fhaigheann s\u00e9 n\u00f3 [&hellip;]","og_url":"https:\/\/www.valuationtribunal.ie\/ga\/achomharc-a-dheanamh\/achomharc-a-dheanamh-maidir-le-laithrean-treigthe\/","og_site_name":"An Binse Luach\u00e1la","article_modified_time":"2025-01-10T09:27:21+00:00","twitter_misc":{"Est. reading time":"2 minutes"},"schema":{"@context":"https:\/\/schema.org","@graph":[{"@type":"WebPage","@id":"https:\/\/www.valuationtribunal.ie\/ga\/achomharc-a-dheanamh\/achomharc-a-dheanamh-maidir-le-laithrean-treigthe\/","url":"https:\/\/www.valuationtribunal.ie\/ga\/achomharc-a-dheanamh\/achomharc-a-dheanamh-maidir-le-laithrean-treigthe\/","name":"Achomharc a dh\u00e9anamh maidir le L\u00e1ithre\u00e1n Tr\u00e9igthe - An Binse Luach\u00e1la","isPartOf":{"@id":"https:\/\/vt.fusio.dev\/#website"},"datePublished":"2017-10-20T20:11:53+00:00","dateModified":"2025-01-10T09:27:21+00:00","breadcrumb":{"@id":"https:\/\/www.valuationtribunal.ie\/ga\/achomharc-a-dheanamh\/achomharc-a-dheanamh-maidir-le-laithrean-treigthe\/#breadcrumb"},"inLanguage":"ga-IE","potentialAction":[{"@type":"ReadAction","target":["https:\/\/www.valuationtribunal.ie\/ga\/achomharc-a-dheanamh\/achomharc-a-dheanamh-maidir-le-laithrean-treigthe\/"]}]},{"@type":"BreadcrumbList","@id":"https:\/\/www.valuationtribunal.ie\/ga\/achomharc-a-dheanamh\/achomharc-a-dheanamh-maidir-le-laithrean-treigthe\/#breadcrumb","itemListElement":[{"@type":"ListItem","position":1,"name":"Home","item":"https:\/\/www.valuationtribunal.ie\/ga\/"},{"@type":"ListItem","position":2,"name":"Achomharc a Dh\u00e9anamh","item":"https:\/\/vt.fusio.dev\/achomharc-a-dheanamh\/"},{"@type":"ListItem","position":3,"name":"Achomharc a dh\u00e9anamh maidir le L\u00e1ithre\u00e1n Tr\u00e9igthe"}]},{"@type":"WebSite","@id":"https:\/\/vt.fusio.dev\/#website","url":"https:\/\/vt.fusio.dev\/","name":"An Binse Luach\u00e1la","description":"","publisher":{"@id":"https:\/\/vt.fusio.dev\/#organization"},"potentialAction":[{"@type":"SearchAction","target":{"@type":"EntryPoint","urlTemplate":"https:\/\/vt.fusio.dev\/?s={search_term_string}"},"query-input":{"@type":"PropertyValueSpecification","valueRequired":true,"valueName":"search_term_string"}}],"inLanguage":"ga-IE"},{"@type":"Organization","@id":"https:\/\/vt.fusio.dev\/#organization","name":"An Binse Luach\u00e1la","url":"https:\/\/vt.fusio.dev\/","logo":{"@type":"ImageObject","inLanguage":"ga-IE","@id":"https:\/\/vt.fusio.dev\/#\/schema\/logo\/image\/","url":"https:\/\/www.valuationtribunal.ie\/wp-content\/uploads\/2017\/06\/Valuation-Tribunal-Logo-250.jpg","contentUrl":"https:\/\/www.valuationtribunal.ie\/wp-content\/uploads\/2017\/06\/Valuation-Tribunal-Logo-250.jpg","width":250,"height":72,"caption":"An Binse Luach\u00e1la"},"image":{"@id":"https:\/\/vt.fusio.dev\/#\/schema\/logo\/image\/"}}]}},"_links":{"self":[{"href":"https:\/\/www.valuationtribunal.ie\/ga\/wp-json\/wp\/v2\/pages\/9023","targetHints":{"allow":["GET"]}}],"collection":[{"href":"https:\/\/www.valuationtribunal.ie\/ga\/wp-json\/wp\/v2\/pages"}],"about":[{"href":"https:\/\/www.valuationtribunal.ie\/ga\/wp-json\/wp\/v2\/types\/page"}],"author":[{"embeddable":true,"href":"https:\/\/www.valuationtribunal.ie\/ga\/wp-json\/wp\/v2\/users\/2"}],"replies":[{"embeddable":true,"href":"https:\/\/www.valuationtribunal.ie\/ga\/wp-json\/wp\/v2\/comments?post=9023"}],"version-history":[{"count":9,"href":"https:\/\/www.valuationtribunal.ie\/ga\/wp-json\/wp\/v2\/pages\/9023\/revisions"}],"predecessor-version":[{"id":15699,"href":"https:\/\/www.valuationtribunal.ie\/ga\/wp-json\/wp\/v2\/pages\/9023\/revisions\/15699"}],"up":[{"embeddable":true,"href":"https:\/\/www.valuationtribunal.ie\/ga\/wp-json\/wp\/v2\/pages\/9015"}],"wp:attachment":[{"href":"https:\/\/www.valuationtribunal.ie\/ga\/wp-json\/wp\/v2\/media?parent=9023"}],"curies":[{"name":"wp","href":"https:\/\/api.w.org\/{rel}","templated":true}]}}