
{"id":9021,"date":"2017-10-20T20:11:24","date_gmt":"2017-10-20T20:11:24","guid":{"rendered":"https:\/\/www.valuationtribunal.ie\/achomharc-a-dheanamh\/achomharc-a-dheanamh-maidir-le-hathbhreithniu-2\/"},"modified":"2025-01-10T09:29:34","modified_gmt":"2025-01-10T09:29:34","slug":"achomharc-a-dheanamh-maidir-le-hathbhreithniu-2","status":"publish","type":"page","link":"https:\/\/www.valuationtribunal.ie\/ga\/achomharc-a-dheanamh\/achomharc-a-dheanamh-maidir-le-hathbhreithniu-2\/","title":{"rendered":"Achomharc a Dh\u00e9anamh maidir le hAthbhreithni\u00fa"},"content":{"rendered":"\n<h2 class=\"wp-block-heading\">Achomhairc Athluach\u00e1la<\/h2>\n\n<p>Is \u00e9 at\u00e1 in achomharc athluach\u00e1la n\u00e1 achomharc chuig an mBinse Luach\u00e1la i gcoinne bhreith an Choimisin\u00e9ara maidir le hathluach\u00e1il maoine tr\u00e1cht\u00e1la.<\/p>\n\n<p>Is \u00e9 at\u00e1 in athluach\u00e1il n\u00e1 Liosta Luach\u00e1la cothrom le d\u00e1ta a ullmh\u00fa i leith na maoine tr\u00e1cht\u00e1la agus tionscail go l\u00e9ir at\u00e1 ann laistigh de limist\u00e9ar \u00fadar\u00e1is r\u00e1t\u00fach\u00e1in, ar liosta luach\u00e1la \u00e9 a ullmha\u00edtear faoi threoir luachanna reatha c\u00edosa maoine ar dh\u00e1ta ar leith. D\u00e9antar for\u00e1il ina leith sin i gCuid 5 de na hAchtanna Luach\u00e1la 2001 &#8211; 2015. T\u00e1 athluach\u00e1il na maoine tr\u00e1cht\u00e1la go l\u00e9ir in \u00c9irinn \u00e1 d\u00e9anamh faoi l\u00e1thair ag an gCoimisin\u00e9ir Luach\u00e1la agus t\u00e1 athluach\u00e1il na t\u00edre ar fad le bheith cr\u00edochnaithe sna blianta at\u00e1 d\u00edreach romhainn (agus leanfar den athluach\u00e1il ina dhiaidh sin ar bhonn lean\u00fanach).<\/p>\n\n<p>Is \u00e9 Reval 2023 an ch\u00e9im reatha den Chl\u00e1r N\u00e1isi\u00fanta Athluach\u00e1la Is \u00e9 seo an 2\u00fa Athluach\u00e1il ar limist\u00e9ar \u00fadar\u00e1is r\u00e1t\u00e1la Comhairle Contae Dh\u00fan Laoghaire-R\u00e1th an D\u00fain agus an 1\u00fa Athluach\u00e1il ar limist\u00e9ir na n-\u00fadar\u00e1s r\u00e1t\u00e1la i gComhairl\u00ed Contae an Chl\u00e1ir, Dh\u00fan na nGall, na Gaillimhe, Chiarra\u00ed agus Mhaigh Eo agus Chomhairle Cathrach na Gaillimhe Foilseofar na luach\u00e1lacha nua do na r\u00e9ims\u00ed at\u00e1 faoi athluach\u00e1il i Me\u00e1n F\u00f3mhair 2023 agus beidh siad in \u00e9ifeacht chun cr\u00edocha r\u00e1ta\u00ed \u00f3n 1<sup>\u00fa<\/sup> Ean\u00e1ir 2024.<\/p>\n\n<p>Chun tuilleadh faisn\u00e9ise a fh\u00e1il, tabhair cuairt ar an seoladh idirl\u00edn seo a leanas: <a href=\"https:\/\/www.valoff.ie\/en\/latest-news\/revaluation-of-local-authorities-deferred-until-2023.html\">valoff.ie<\/a>..<\/p>\n\n<h2 class=\"wp-block-heading\">Ceart chun achomharc a dh\u00e9anamh<\/h2>\n\n<p>\u00c9ir\u00edonn an ceart chun achomharc a dh\u00e9anamh chuig an mBinse Luach\u00e1la tar \u00e9is don Choimisin\u00e9ir Luach\u00e1la luach\u00e1il a shocr\u00fa maidir le maoin tr\u00e1cht\u00e1la. M\u00e1 t\u00e1 duine m\u00edsh\u00e1sta leis an luach\u00e1il, is f\u00e9idir achomharc a dh\u00e9anamh chuig an mBinse Luach\u00e1la ach n\u00ed m\u00f3r sin a dh\u00e9anamh laistigh de 28 l\u00e1 \u00f3n d\u00e1ta a eis\u00edonn an Oifig Luach\u00e1la an Deimhni\u00fa Athluach\u00e1la Cr\u00edochnaitheach.<\/p>\n\n<p>T\u00e1 s\u00e9 an-t\u00e1bhachtach a thuiscint gur comhlachta\u00ed ar leithligh iad an Binse Luach\u00e1la agus an Coimisin\u00e9ir Luach\u00e1la\/an Oifig Luach\u00e1la agus t\u00e1 siad neamhsple\u00e1ch ar a ch\u00e9ile. Is \u00e9 an r\u00f3l at\u00e1 ag an mBinse Luach\u00e1la achomhairc i gcoinne bhreitheanna an Choimisin\u00e9ara a \u00e9isteacht.<\/p>\n\n<h2 class=\"wp-block-heading\">Achomharc a Dh\u00e9anamh<\/h2>\n\n<p>Revaluation 2023 is now closed.<\/p>\n\n<p class=\"has-vivid-red-color has-text-color\"><strong><em>Tar \u00e9is do chomhlachta\u00ed uile na St\u00e1tseirbh\u00edse an Plean \u00cdoca\u00edochta\u00ed N\u00e1isi\u00fanta a chur i bhfeidhm, \u00f3n 1 Ean\u00e1ir 2022 n\u00ed ghlacann an Binse Luach\u00e1la le seiceanna n\u00e1 dr\u00e9achta\u00ed bainc mar \u00edoca\u00edocht ar th\u00e1ill\u00ed achomhairc a thuilleadh. N\u00ed m\u00f3r \u00edoca\u00edochta\u00ed a dh\u00e9anamh go leictreonach, tr\u00edd an bhfoirm achomhairc ar l\u00edne n\u00f3 ar an bhf\u00f3n le c\u00e1rta dochair n\u00f3 c\u00e1rta creidmheasa, n\u00f3 tr\u00edd an R\u00edomhaistri\u00fa Airgid.<\/em><\/strong><\/p>\n\n<p><em>M\u00e1 t\u00e1 aon cheisteanna agat faoin athr\u00fa seo ar an n\u00f3s imeachta, n\u00e1 b\u00edodh aon leisce ort teagmh\u00e1il a dh\u00e9anamh leis an mBinse Luach\u00e1la ag <a href=\"mailto:info@valuationtribunal.ie\">info@valuationtribunal.ie<\/a> n\u00f3 leis an teileaf\u00f3n ag 01 6760130<\/em><\/p>\n\n<figure class=\"wp-block-table\"><table><thead><tr><th>Luach\u00e1il maoine de r\u00e9ir mar a chinn an Coimisin\u00e9ir Luach\u00e1la \u00ed<\/th><th><strong>T\u00e1ille Achomhairc<\/strong><\/th><\/tr><\/thead><tbody><tr><td>Luach\u00e1il nach m\u00f3 n\u00e1 \u20ac20,000<\/td><td><strong>\u20ac95<\/strong><\/td><\/tr><tr><td>Luach\u00e1il is m\u00f3 n\u00e1 \u20ac20,000 agus nach m\u00f3 n\u00e1 \u20ac50,000<\/td><td><strong>\u20ac125<\/strong><\/td><\/tr><tr><td>Luach\u00e1il is m\u00f3 n\u00e1 \u20ac50,000 agus nach m\u00f3 n\u00e1 \u20ac250,000<\/td><td><strong>\u20ac300<\/strong><\/td><\/tr><tr><td>Luach\u00e1il is m\u00f3 n\u00e1 \u20ac250,000<\/td><td><strong>\u20ac500<\/strong><\/td><\/tr><\/tbody><\/table><figcaption class=\"wp-element-caption\"><h4><strong><span style=\"color: #a21d22; font-size: 24px;\">T\u00e1ill\u00ed at\u00e1 in\u00edoctha i leith achomhairc athluach\u00e1la chuig an mBinse Luach\u00e1la<\/span><\/strong>:<\/h4><\/figcaption><\/figure>\n","protected":false},"excerpt":{"rendered":"<p>Achomhairc Athluach\u00e1la Is \u00e9 at\u00e1 in achomharc athluach\u00e1la n\u00e1 achomharc chuig an mBinse Luach\u00e1la i gcoinne bhreith an Choimisin\u00e9ara maidir le hathluach\u00e1il maoine tr\u00e1cht\u00e1la. Is \u00e9 at\u00e1 in athluach\u00e1il n\u00e1 Liosta Luach\u00e1la cothrom le d\u00e1ta a ullmh\u00fa i leith na maoine tr\u00e1cht\u00e1la agus tionscail go l\u00e9ir at\u00e1 ann laistigh de limist\u00e9ar \u00fadar\u00e1is r\u00e1t\u00fach\u00e1in, ar liosta [&hellip;]<\/p>\n","protected":false},"author":2,"featured_media":0,"parent":9015,"menu_order":0,"comment_status":"closed","ping_status":"closed","template":"","meta":{"site-sidebar-layout":"default","site-content-layout":"","ast-site-content-layout":"default","site-content-style":"default","site-sidebar-style":"default","ast-global-header-display":"","ast-banner-title-visibility":"","ast-main-header-display":"","ast-hfb-above-header-display":"","ast-hfb-below-header-display":"","ast-hfb-mobile-header-display":"","site-post-title":"","ast-breadcrumbs-content":"","ast-featured-img":"","footer-sml-layout":"","ast-disable-related-posts":"","theme-transparent-header-meta":"","adv-header-id-meta":"","stick-header-meta":"","header-above-stick-meta":"","header-main-stick-meta":"","header-below-stick-meta":"","astra-migrate-meta-layouts":"default","ast-page-background-enabled":"default","ast-page-background-meta":{"desktop":{"background-color":"var(--ast-global-color-4)","background-image":"","background-repeat":"repeat","background-position":"center center","background-size":"auto","background-attachment":"scroll","background-type":"","background-media":"","overlay-type":"","overlay-color":"","overlay-opacity":"","overlay-gradient":""},"tablet":{"background-color":"","background-image":"","background-repeat":"repeat","background-position":"center center","background-size":"auto","background-attachment":"scroll","background-type":"","background-media":"","overlay-type":"","overlay-color":"","overlay-opacity":"","overlay-gradient":""},"mobile":{"background-color":"","background-image":"","background-repeat":"repeat","background-position":"center center","background-size":"auto","background-attachment":"scroll","background-type":"","background-media":"","overlay-type":"","overlay-color":"","overlay-opacity":"","overlay-gradient":""}},"ast-content-background-meta":{"desktop":{"background-color":"var(--ast-global-color-5)","background-image":"","background-repeat":"repeat","background-position":"center center","background-size":"auto","background-attachment":"scroll","background-type":"","background-media":"","overlay-type":"","overlay-color":"","overlay-opacity":"","overlay-gradient":""},"tablet":{"background-color":"var(--ast-global-color-5)","background-image":"","background-repeat":"repeat","background-position":"center center","background-size":"auto","background-attachment":"scroll","background-type":"","background-media":"","overlay-type":"","overlay-color":"","overlay-opacity":"","overlay-gradient":""},"mobile":{"background-color":"var(--ast-global-color-5)","background-image":"","background-repeat":"repeat","background-position":"center center","background-size":"auto","background-attachment":"scroll","background-type":"","background-media":"","overlay-type":"","overlay-color":"","overlay-opacity":"","overlay-gradient":""}},"footnotes":""},"class_list":["post-9021","page","type-page","status-publish","hentry"],"yoast_head":"<!-- This site is optimized with the Yoast SEO plugin v27.5 - https:\/\/yoast.com\/product\/yoast-seo-wordpress\/ -->\n<title>Achomharc a Dh\u00e9anamh maidir le hAthbhreithni\u00fa - An Binse Luach\u00e1la<\/title>\n<meta name=\"robots\" content=\"index, follow, max-snippet:-1, max-image-preview:large, max-video-preview:-1\" \/>\n<link rel=\"canonical\" href=\"https:\/\/www.valuationtribunal.ie\/ga\/achomharc-a-dheanamh\/achomharc-a-dheanamh-maidir-le-hathbhreithniu-2\/\" \/>\n<meta property=\"og:locale\" content=\"ga_IE\" \/>\n<meta property=\"og:type\" content=\"article\" \/>\n<meta property=\"og:title\" content=\"Achomharc a Dh\u00e9anamh maidir le hAthbhreithni\u00fa - An Binse Luach\u00e1la\" \/>\n<meta property=\"og:description\" content=\"Achomhairc Athluach\u00e1la Is \u00e9 at\u00e1 in achomharc athluach\u00e1la n\u00e1 achomharc chuig an mBinse Luach\u00e1la i gcoinne bhreith an Choimisin\u00e9ara maidir le hathluach\u00e1il maoine tr\u00e1cht\u00e1la. Is \u00e9 at\u00e1 in athluach\u00e1il n\u00e1 Liosta Luach\u00e1la cothrom le d\u00e1ta a ullmh\u00fa i leith na maoine tr\u00e1cht\u00e1la agus tionscail go l\u00e9ir at\u00e1 ann laistigh de limist\u00e9ar \u00fadar\u00e1is r\u00e1t\u00fach\u00e1in, ar liosta [&hellip;]\" \/>\n<meta property=\"og:url\" content=\"https:\/\/www.valuationtribunal.ie\/ga\/achomharc-a-dheanamh\/achomharc-a-dheanamh-maidir-le-hathbhreithniu-2\/\" \/>\n<meta property=\"og:site_name\" content=\"An Binse Luach\u00e1la\" \/>\n<meta property=\"article:modified_time\" content=\"2025-01-10T09:29:34+00:00\" \/>\n<meta name=\"twitter:label1\" content=\"Est. reading time\" \/>\n\t<meta name=\"twitter:data1\" content=\"3 minutes\" \/>\n<script type=\"application\/ld+json\" class=\"yoast-schema-graph\">{\"@context\":\"https:\\\/\\\/schema.org\",\"@graph\":[{\"@type\":\"WebPage\",\"@id\":\"https:\\\/\\\/www.valuationtribunal.ie\\\/ga\\\/achomharc-a-dheanamh\\\/achomharc-a-dheanamh-maidir-le-hathbhreithniu-2\\\/\",\"url\":\"https:\\\/\\\/www.valuationtribunal.ie\\\/ga\\\/achomharc-a-dheanamh\\\/achomharc-a-dheanamh-maidir-le-hathbhreithniu-2\\\/\",\"name\":\"Achomharc a Dh\u00e9anamh maidir le hAthbhreithni\u00fa - An Binse Luach\u00e1la\",\"isPartOf\":{\"@id\":\"https:\\\/\\\/vt.fusio.dev\\\/#website\"},\"datePublished\":\"2017-10-20T20:11:24+00:00\",\"dateModified\":\"2025-01-10T09:29:34+00:00\",\"breadcrumb\":{\"@id\":\"https:\\\/\\\/www.valuationtribunal.ie\\\/ga\\\/achomharc-a-dheanamh\\\/achomharc-a-dheanamh-maidir-le-hathbhreithniu-2\\\/#breadcrumb\"},\"inLanguage\":\"ga-IE\",\"potentialAction\":[{\"@type\":\"ReadAction\",\"target\":[\"https:\\\/\\\/www.valuationtribunal.ie\\\/ga\\\/achomharc-a-dheanamh\\\/achomharc-a-dheanamh-maidir-le-hathbhreithniu-2\\\/\"]}]},{\"@type\":\"BreadcrumbList\",\"@id\":\"https:\\\/\\\/www.valuationtribunal.ie\\\/ga\\\/achomharc-a-dheanamh\\\/achomharc-a-dheanamh-maidir-le-hathbhreithniu-2\\\/#breadcrumb\",\"itemListElement\":[{\"@type\":\"ListItem\",\"position\":1,\"name\":\"Home\",\"item\":\"https:\\\/\\\/www.valuationtribunal.ie\\\/ga\\\/\"},{\"@type\":\"ListItem\",\"position\":2,\"name\":\"Achomharc a Dh\u00e9anamh\",\"item\":\"https:\\\/\\\/vt.fusio.dev\\\/achomharc-a-dheanamh\\\/\"},{\"@type\":\"ListItem\",\"position\":3,\"name\":\"Achomharc a Dh\u00e9anamh maidir le hAthbhreithni\u00fa\"}]},{\"@type\":\"WebSite\",\"@id\":\"https:\\\/\\\/vt.fusio.dev\\\/#website\",\"url\":\"https:\\\/\\\/vt.fusio.dev\\\/\",\"name\":\"An Binse Luach\u00e1la\",\"description\":\"\",\"publisher\":{\"@id\":\"https:\\\/\\\/vt.fusio.dev\\\/#organization\"},\"potentialAction\":[{\"@type\":\"SearchAction\",\"target\":{\"@type\":\"EntryPoint\",\"urlTemplate\":\"https:\\\/\\\/vt.fusio.dev\\\/?s={search_term_string}\"},\"query-input\":{\"@type\":\"PropertyValueSpecification\",\"valueRequired\":true,\"valueName\":\"search_term_string\"}}],\"inLanguage\":\"ga-IE\"},{\"@type\":\"Organization\",\"@id\":\"https:\\\/\\\/vt.fusio.dev\\\/#organization\",\"name\":\"An Binse Luach\u00e1la\",\"url\":\"https:\\\/\\\/vt.fusio.dev\\\/\",\"logo\":{\"@type\":\"ImageObject\",\"inLanguage\":\"ga-IE\",\"@id\":\"https:\\\/\\\/vt.fusio.dev\\\/#\\\/schema\\\/logo\\\/image\\\/\",\"url\":\"https:\\\/\\\/www.valuationtribunal.ie\\\/wp-content\\\/uploads\\\/2017\\\/06\\\/Valuation-Tribunal-Logo-250.jpg\",\"contentUrl\":\"https:\\\/\\\/www.valuationtribunal.ie\\\/wp-content\\\/uploads\\\/2017\\\/06\\\/Valuation-Tribunal-Logo-250.jpg\",\"width\":250,\"height\":72,\"caption\":\"An Binse Luach\u00e1la\"},\"image\":{\"@id\":\"https:\\\/\\\/vt.fusio.dev\\\/#\\\/schema\\\/logo\\\/image\\\/\"}}]}<\/script>\n<!-- \/ Yoast SEO plugin. -->","yoast_head_json":{"title":"Achomharc a Dh\u00e9anamh maidir le hAthbhreithni\u00fa - An Binse Luach\u00e1la","robots":{"index":"index","follow":"follow","max-snippet":"max-snippet:-1","max-image-preview":"max-image-preview:large","max-video-preview":"max-video-preview:-1"},"canonical":"https:\/\/www.valuationtribunal.ie\/ga\/achomharc-a-dheanamh\/achomharc-a-dheanamh-maidir-le-hathbhreithniu-2\/","og_locale":"ga_IE","og_type":"article","og_title":"Achomharc a Dh\u00e9anamh maidir le hAthbhreithni\u00fa - An Binse Luach\u00e1la","og_description":"Achomhairc Athluach\u00e1la Is \u00e9 at\u00e1 in achomharc athluach\u00e1la n\u00e1 achomharc chuig an mBinse Luach\u00e1la i gcoinne bhreith an Choimisin\u00e9ara maidir le hathluach\u00e1il maoine tr\u00e1cht\u00e1la. Is \u00e9 at\u00e1 in athluach\u00e1il n\u00e1 Liosta Luach\u00e1la cothrom le d\u00e1ta a ullmh\u00fa i leith na maoine tr\u00e1cht\u00e1la agus tionscail go l\u00e9ir at\u00e1 ann laistigh de limist\u00e9ar \u00fadar\u00e1is r\u00e1t\u00fach\u00e1in, ar liosta [&hellip;]","og_url":"https:\/\/www.valuationtribunal.ie\/ga\/achomharc-a-dheanamh\/achomharc-a-dheanamh-maidir-le-hathbhreithniu-2\/","og_site_name":"An Binse Luach\u00e1la","article_modified_time":"2025-01-10T09:29:34+00:00","twitter_misc":{"Est. reading time":"3 minutes"},"schema":{"@context":"https:\/\/schema.org","@graph":[{"@type":"WebPage","@id":"https:\/\/www.valuationtribunal.ie\/ga\/achomharc-a-dheanamh\/achomharc-a-dheanamh-maidir-le-hathbhreithniu-2\/","url":"https:\/\/www.valuationtribunal.ie\/ga\/achomharc-a-dheanamh\/achomharc-a-dheanamh-maidir-le-hathbhreithniu-2\/","name":"Achomharc a Dh\u00e9anamh maidir le hAthbhreithni\u00fa - An Binse Luach\u00e1la","isPartOf":{"@id":"https:\/\/vt.fusio.dev\/#website"},"datePublished":"2017-10-20T20:11:24+00:00","dateModified":"2025-01-10T09:29:34+00:00","breadcrumb":{"@id":"https:\/\/www.valuationtribunal.ie\/ga\/achomharc-a-dheanamh\/achomharc-a-dheanamh-maidir-le-hathbhreithniu-2\/#breadcrumb"},"inLanguage":"ga-IE","potentialAction":[{"@type":"ReadAction","target":["https:\/\/www.valuationtribunal.ie\/ga\/achomharc-a-dheanamh\/achomharc-a-dheanamh-maidir-le-hathbhreithniu-2\/"]}]},{"@type":"BreadcrumbList","@id":"https:\/\/www.valuationtribunal.ie\/ga\/achomharc-a-dheanamh\/achomharc-a-dheanamh-maidir-le-hathbhreithniu-2\/#breadcrumb","itemListElement":[{"@type":"ListItem","position":1,"name":"Home","item":"https:\/\/www.valuationtribunal.ie\/ga\/"},{"@type":"ListItem","position":2,"name":"Achomharc a Dh\u00e9anamh","item":"https:\/\/vt.fusio.dev\/achomharc-a-dheanamh\/"},{"@type":"ListItem","position":3,"name":"Achomharc a Dh\u00e9anamh maidir le hAthbhreithni\u00fa"}]},{"@type":"WebSite","@id":"https:\/\/vt.fusio.dev\/#website","url":"https:\/\/vt.fusio.dev\/","name":"An Binse Luach\u00e1la","description":"","publisher":{"@id":"https:\/\/vt.fusio.dev\/#organization"},"potentialAction":[{"@type":"SearchAction","target":{"@type":"EntryPoint","urlTemplate":"https:\/\/vt.fusio.dev\/?s={search_term_string}"},"query-input":{"@type":"PropertyValueSpecification","valueRequired":true,"valueName":"search_term_string"}}],"inLanguage":"ga-IE"},{"@type":"Organization","@id":"https:\/\/vt.fusio.dev\/#organization","name":"An Binse Luach\u00e1la","url":"https:\/\/vt.fusio.dev\/","logo":{"@type":"ImageObject","inLanguage":"ga-IE","@id":"https:\/\/vt.fusio.dev\/#\/schema\/logo\/image\/","url":"https:\/\/www.valuationtribunal.ie\/wp-content\/uploads\/2017\/06\/Valuation-Tribunal-Logo-250.jpg","contentUrl":"https:\/\/www.valuationtribunal.ie\/wp-content\/uploads\/2017\/06\/Valuation-Tribunal-Logo-250.jpg","width":250,"height":72,"caption":"An Binse Luach\u00e1la"},"image":{"@id":"https:\/\/vt.fusio.dev\/#\/schema\/logo\/image\/"}}]}},"_links":{"self":[{"href":"https:\/\/www.valuationtribunal.ie\/ga\/wp-json\/wp\/v2\/pages\/9021","targetHints":{"allow":["GET"]}}],"collection":[{"href":"https:\/\/www.valuationtribunal.ie\/ga\/wp-json\/wp\/v2\/pages"}],"about":[{"href":"https:\/\/www.valuationtribunal.ie\/ga\/wp-json\/wp\/v2\/types\/page"}],"author":[{"embeddable":true,"href":"https:\/\/www.valuationtribunal.ie\/ga\/wp-json\/wp\/v2\/users\/2"}],"replies":[{"embeddable":true,"href":"https:\/\/www.valuationtribunal.ie\/ga\/wp-json\/wp\/v2\/comments?post=9021"}],"version-history":[{"count":23,"href":"https:\/\/www.valuationtribunal.ie\/ga\/wp-json\/wp\/v2\/pages\/9021\/revisions"}],"predecessor-version":[{"id":14677,"href":"https:\/\/www.valuationtribunal.ie\/ga\/wp-json\/wp\/v2\/pages\/9021\/revisions\/14677"}],"up":[{"embeddable":true,"href":"https:\/\/www.valuationtribunal.ie\/ga\/wp-json\/wp\/v2\/pages\/9015"}],"wp:attachment":[{"href":"https:\/\/www.valuationtribunal.ie\/ga\/wp-json\/wp\/v2\/media?parent=9021"}],"curies":[{"name":"wp","href":"https:\/\/api.w.org\/{rel}","templated":true}]}}