
{"id":9019,"date":"2017-10-20T20:10:53","date_gmt":"2017-10-20T20:10:53","guid":{"rendered":"https:\/\/www.valuationtribunal.ie\/achomharc-a-dheanamh\/achomharc-a-dheanamh-maidir-le-hathbhreithniu\/"},"modified":"2023-11-27T14:28:30","modified_gmt":"2023-11-27T14:28:30","slug":"achomharc-a-dheanamh-maidir-le-hathbhreithniu","status":"publish","type":"page","link":"https:\/\/www.valuationtribunal.ie\/ga\/achomharc-a-dheanamh\/achomharc-a-dheanamh-maidir-le-hathbhreithniu\/","title":{"rendered":"Achomharc a Dh\u00e9anamh maidir le hAthbhreithni\u00fa"},"content":{"rendered":"\n<h2 class=\"wp-block-heading\">Achomhairc maidir le hAthbhreithni\u00fa<\/h2>\n\n\n\n<p>Is \u00e9 at\u00e1 in achomharc maidir le hathbhreithni\u00fa n\u00e1 achomharc chuig an mBinse Luach\u00e1la i gcoinne bhreith an Choimisin\u00e9ara Luach\u00e1la i nd\u00e1il le hathbhreithni\u00fa ar luach\u00e1il maoine tr\u00e1cht\u00e1la faoi Chuid 6 de na hAchtanna Luach\u00e1la 2001 &#8211; 2015 (arna leas\u00fa).<\/p>\n\n\n\n<h2 class=\"wp-block-heading\">Ceart chun achomharc a dh\u00e9anamh<\/h2>\n\n\n\n<p>\u00c9ir\u00edonn an ceart chun achomharc a dh\u00e9anamh chuig an mBinse Luach\u00e1la tar \u00e9is don Choimisin\u00e9ir Luach\u00e1la luach\u00e1il a shocr\u00fa maidir le maoin tr\u00e1cht\u00e1la. M\u00e1 t\u00e1 duine a nd\u00e9anann an luach\u00e1il difear d\u00f3 n\u00f3 di m\u00edsh\u00e1sta leis an luach\u00e1il, is f\u00e9idir leis n\u00f3 l\u00e9i achomharc i gcoinne na breithe sin a dh\u00e9anamh chuig an mBinse Luach\u00e1la laistigh de 28 l\u00e1 \u00f3 dh\u00e1ta eisi\u00fana an deimhnithe luach\u00e1la.<\/p>\n\n\n\n<p>T\u00e1 s\u00e9 an-t\u00e1bhachtach a thuiscint gur comhlachta\u00ed ar leithligh iad an Binse Luach\u00e1la agus an Coimisin\u00e9ir Luach\u00e1la\/an Oifig Luach\u00e1la agus t\u00e1 siad neamhsple\u00e1ch ar a ch\u00e9ile. Is \u00e9 an r\u00f3l at\u00e1 ag an mBinse Luach\u00e1la achomhairc i gcoinne bhreitheanna an Choimisin\u00e9ara a \u00e9isteacht.<\/p>\n\n\n\n<p>Mar thoradh ar an bpr\u00f3iseas athluach\u00e1la at\u00e1 ar si\u00fal faoi l\u00e1thair, <span style=\"text-decoration: underline;\">t\u00e1 dh\u00e1 chatag\u00f3ir achomhairc ann anois a mh\u00e9id a bhaineann le hathbhreithni\u00fa<\/span>. Is ionann an modh ina nd\u00e9anann duine achomharc sa d\u00e1 chatag\u00f3ir sin ach t\u00e1 Foirmeacha F\u00f3gra Achomhairc agus T\u00e1bla\u00ed T\u00e1ill\u00ed \u00e9ags\u00fala ann.<\/p>\n\n\n\n<h3 class=\"wp-block-heading\">Athbhreithni\u00fa Caighde\u00e1nach<\/h3>\n\n\n\n<p>Nuair at\u00e1 achomharc \u00e1 dh\u00e9anamh i gcoinne luach\u00e1il maoine tr\u00e1cht\u00e1la at\u00e1 suite i limist\u00e9ar \u00dadar\u00e1is R\u00e1t\u00fach\u00e1in nach bhfuil an pr\u00f3iseas Athluach\u00e1la curtha i gcr\u00edch maidir leis f\u00f3s (<strong>i.e.<\/strong> Cathair Chorca\u00ed, Contae Chorca\u00ed <strong><span style=\"text-decoration: underline;\">amh\u00e1in<\/span><\/strong>), iarrtar ort an fhoirm maidir le hAchomhairc Ar L\u00edne i gcoinne <a href=\"https:\/\/www.valuationtribunal.ie\/ga\/cinealacha-achomhairc\/achomharc-maidir-le-hathbhreithniu-caighdeanach\/\"><strong>Athbhreithni\u00fa Caighde\u00e1nach a chomhl\u00e1n\u00fa<\/strong><\/a>.<\/p>\n\n\n\n<p>N\u00f3, mar mhalairt orthu sin, is f\u00e9idir leat an <strong><a href=\"https:\/\/www.valuationtribunal.ie\/wp-content\/uploads\/2023\/05\/Appeal-Form-F-Standard-Revision-Appeal-GA-1.pdf\">fhoirm F\u00f3gra Athbhreithnithe um Achomhairc Chaighde\u00e1naigh<\/a><\/strong> a \u00edosl\u00f3d\u00e1il.<\/p>\n\n\n\n<h3 class=\"wp-block-heading\">Athbhreithni\u00fa Iar-Athluach\u00e1la (PR)<\/h3>\n\n\n\n<p>Nuair at\u00e1 achomharc \u00e1 dh\u00e9anamh i gcoinne luach\u00e1il maoine tr\u00e1cht\u00e1la at\u00e1 suite i limist\u00e9ar \u00dadar\u00e1is R\u00e1t\u00fach\u00e1in a bhfuil an pr\u00f3iseas Athluach\u00e1la curtha i gcr\u00edch maidir leis cheana f\u00e9in (<strong>Gach contae<\/strong> <strong><u>gan iad seo a leanas a \u00e1ireamh<\/u><\/strong>: Cathair Chorca\u00ed, Contae Chorca\u00ed\u00a0), iarrtar ort an fhoirm maidir le hAchomhairc Ar L\u00edne i gcoinne <strong><a href=\"https:\/\/www.valuationtribunal.ie\/ga\/cinealacha-achomhairc\/achomharc-athluachala-iar-luachail\/\">Athbhreithni\u00fa (Iar-Athbhreithni\u00fa) a chomhl\u00e1n\u00fa<\/a><\/strong>.<\/p>\n\n\n\n<p>N\u00f3, mar mhalairt air sin, is f\u00e9idir leat an <strong><a href=\"https:\/\/www.valuationtribunal.ie\/wp-content\/uploads\/2023\/05\/Appeal-Form-B-Post-Revaluation-Revision-Appeal-Revised-GA.pdf\">fhoirm F\u00f3gra Athbhreithnithe um Achomhairc (Iar-Athluach\u00e1il)<\/a><\/strong> a \u00edosl\u00f3d\u00e1il.<\/p>\n\n\n\n<h2 class=\"wp-block-heading\">Achomharc a Dh\u00e9anamh<\/h2>\n\n\n\n<p>Chun achomharc a dh\u00e9anamh, comhl\u00e1naigh an fhoirm Achomhairc Ar L\u00edne iomchu\u00ed thuas agus seol \u00ed chuig an mBinse Luach\u00e1la laistigh den teorainn ama reacht\u00fail, is \u00e9 sin, 28 l\u00e1 \u00f3n d\u00e1ta a eis\u00edonn an Coimisin\u00e9ir Luach\u00e1la an Deimhni\u00fa Luach\u00e1la n\u00f3 an F\u00f3gra Luach\u00e1la. N\u00ed m\u00f3r an t\u00e1ille chu\u00ed a \u00edoc i gcomhthr\u00e1th le d\u00e9anamh an achomhairc. Cuimhnigh gur ceart na <strong><a href=\"https:\/\/www.valuationtribunal.ie\/wp-content\/uploads\/2023\/05\/Revision-Revaluation-Guidlines-for-completing-NOA-GA-2.pdf\" target=\"_blank\" rel=\"noreferrer noopener\">Treoirl\u00ednte maidir le Comhl\u00e1n\u00fa F\u00f3gra Achomhairc<\/a><\/strong> a l\u00e9amh roimh an bhfoirm a chomhl\u00e1n\u00fa.<\/p>\n\n\n\n<p class=\"has-vivid-red-color has-text-color\"><strong><em>Tar \u00e9is do chomhlachta\u00ed uile na St\u00e1tseirbh\u00edse an Plean \u00cdoca\u00edochta\u00ed N\u00e1isi\u00fanta a chur i bhfeidhm, \u00f3n 1 Ean\u00e1ir 2022 n\u00ed ghlacann an Binse Luach\u00e1la le seiceanna n\u00e1 dr\u00e9achta\u00ed bainc mar \u00edoca\u00edocht ar th\u00e1ill\u00ed achomhairc a thuilleadh. N\u00ed m\u00f3r \u00edoca\u00edochta\u00ed a dh\u00e9anamh go leictreonach, tr\u00edd an bhfoirm achomhairc ar l\u00edne n\u00f3 ar an bhf\u00f3n le c\u00e1rta dochair n\u00f3 c\u00e1rta creidmheasa, n\u00f3 tr\u00edd an R\u00edomhaistri\u00fa Airgid.<\/em><\/strong><\/p>\n\n\n\n<p><em>M\u00e1 t\u00e1 aon cheisteanna agat faoin athr\u00fa seo ar an n\u00f3s imeachta, n\u00e1 b\u00edodh aon leisce ort teagmh\u00e1il a dh\u00e9anamh leis an mBinse Luach\u00e1la ag <a href=\"mailto:info@valuationtribunal.ie\">info@valuationtribunal.ie<\/a> n\u00f3 leis an teileaf\u00f3n ag 01 6760130<\/em><\/p>\n\n\n\n<h3 class=\"wp-block-heading\"><a href=\"https:\/\/www.valuationtribunal.ie\/wp-content\/uploads\/2017\/10\/Appeal-Form-F-Standard-Revision-Appeal.pdf\">ACHOMHARC MAIDIR LE hATHBHREITHNI\u00da CAIGHDE\u00c1NACH<\/a><\/h3>\n\n\n\n<figure class=\"wp-block-table is-style-regular caption-top\"><table><thead><tr><th>Luach\u00e1il maoine mar at\u00e1 luaite ar an Deimhni\u00fa Luach\u00e1la n\u00f3 ar an bhFoirm Luach\u00e1la<\/th><th><strong>T\u00e1ille Achomhairc<\/strong><\/th><\/tr><\/thead><tbody><tr><td>Luach\u00e1il nach m\u00f3 n\u00e1 \u20ac50<\/td><td><strong>\u20ac95<\/strong><\/td><\/tr><tr><td>Luach\u00e1il is m\u00f3 n\u00e1 \u20ac50 agus nach m\u00f3 n\u00e1 \u20ac150<\/td><td><strong>\u20ac125<\/strong><\/td><\/tr><tr><td>Luach\u00e1il is m\u00f3 n\u00e1 \u20ac150 agus nach m\u00f3 n\u00e1 \u20ac650<\/td><td><strong>\u20ac300<\/strong><\/td><\/tr><tr><td>Luach\u00e1il is m\u00f3 n\u00e1 \u20ac650<\/td><td><strong>\u20ac500<\/strong><\/td><\/tr><\/tbody><\/table><figcaption class=\"wp-element-caption\"><span style=\"color: #a21d22; font-size: 24px;\">T\u00e1ill\u00ed at\u00e1 in\u00edoctha i leith achomhairc chuig an mBinse Luach\u00e1la maidir le <span style=\"text-decoration: underline;\">hAthbhreithni\u00fa Caighde\u00e1nach<\/span>:<\/span><\/figcaption><\/figure>\n\n\n\n<h3 class=\"wp-block-heading\"><a href=\"https:\/\/www.valuationtribunal.ie\/wp-content\/uploads\/2017\/10\/Appeal-Form-B-Post-Revaluation-Revision-Appeal.pdf\">F\u00d3GRA ACHOMHAIRC I gCOINNE ATHBHREITHNI\u00da (IAR-ATHBHREITHNI\u00da)<\/a><\/h3>\n\n\n\n<figure class=\"wp-block-table is-style-regular caption-top\"><table><thead><tr><th>Luach\u00e1il maoine mar at\u00e1 luaite ar an Deimhni\u00fa Luach\u00e1la n\u00f3 ar an bhFoirm Luach\u00e1la<\/th><th><strong>T\u00e1ille Achomhairc<\/strong><\/th><\/tr><\/thead><tbody><tr><td>Luach\u00e1il nach m\u00f3 n\u00e1 \u20ac20,000<\/td><td><strong>\u20ac95<\/strong><\/td><\/tr><tr><td>Luach\u00e1il is m\u00f3 n\u00e1 \u20ac20,000 agus nach m\u00f3 n\u00e1 \u20ac50,000<\/td><td><strong>\u20ac125<\/strong><\/td><\/tr><tr><td>Luach\u00e1il is m\u00f3 n\u00e1 \u20ac50,000 agus nach m\u00f3 n\u00e1 \u20ac250,000<\/td><td><strong>\u20ac300<\/strong><\/td><\/tr><tr><td>Luach\u00e1il is m\u00f3 n\u00e1 \u20ac250,000<\/td><td><strong>\u20ac500<\/strong><\/td><\/tr><\/tbody><\/table><figcaption class=\"wp-element-caption\"><span style=\"color: #a21d22; font-size: 24px;\">T\u00e1ill\u00ed at\u00e1 in\u00edoctha i leith achomhairc chuig an mBinse Luach\u00e1la maidir le hAthbhreithni\u00fa (Iar-Athbhreithni\u00fa):<\/span><\/figcaption><\/figure>\n","protected":false},"excerpt":{"rendered":"<p>Achomhairc maidir le hAthbhreithni\u00fa Is \u00e9 at\u00e1 in achomharc maidir le hathbhreithni\u00fa n\u00e1 achomharc chuig an mBinse Luach\u00e1la i gcoinne bhreith an Choimisin\u00e9ara Luach\u00e1la i nd\u00e1il le hathbhreithni\u00fa ar luach\u00e1il maoine tr\u00e1cht\u00e1la faoi Chuid 6 de na hAchtanna Luach\u00e1la 2001 &#8211; 2015 (arna leas\u00fa). Ceart chun achomharc a dh\u00e9anamh \u00c9ir\u00edonn an ceart chun achomharc a [&hellip;]<\/p>\n","protected":false},"author":2,"featured_media":0,"parent":9015,"menu_order":0,"comment_status":"closed","ping_status":"closed","template":"","meta":{"site-sidebar-layout":"default","site-content-layout":"","ast-site-content-layout":"default","site-content-style":"default","site-sidebar-style":"default","ast-global-header-display":"","ast-banner-title-visibility":"","ast-main-header-display":"","ast-hfb-above-header-display":"","ast-hfb-below-header-display":"","ast-hfb-mobile-header-display":"","site-post-title":"","ast-breadcrumbs-content":"","ast-featured-img":"","footer-sml-layout":"","ast-disable-related-posts":"","theme-transparent-header-meta":"","adv-header-id-meta":"","stick-header-meta":"","header-above-stick-meta":"","header-main-stick-meta":"","header-below-stick-meta":"","astra-migrate-meta-layouts":"set","ast-page-background-enabled":"default","ast-page-background-meta":{"desktop":{"background-color":"var(--ast-global-color-4)","background-image":"","background-repeat":"repeat","background-position":"center center","background-size":"auto","background-attachment":"scroll","background-type":"","background-media":"","overlay-type":"","overlay-color":"","overlay-opacity":"","overlay-gradient":""},"tablet":{"background-color":"","background-image":"","background-repeat":"repeat","background-position":"center center","background-size":"auto","background-attachment":"scroll","background-type":"","background-media":"","overlay-type":"","overlay-color":"","overlay-opacity":"","overlay-gradient":""},"mobile":{"background-color":"","background-image":"","background-repeat":"repeat","background-position":"center center","background-size":"auto","background-attachment":"scroll","background-type":"","background-media":"","overlay-type":"","overlay-color":"","overlay-opacity":"","overlay-gradient":""}},"ast-content-background-meta":{"desktop":{"background-color":"var(--ast-global-color-5)","background-image":"","background-repeat":"repeat","background-position":"center center","background-size":"auto","background-attachment":"scroll","background-type":"","background-media":"","overlay-type":"","overlay-color":"","overlay-opacity":"","overlay-gradient":""},"tablet":{"background-color":"var(--ast-global-color-5)","background-image":"","background-repeat":"repeat","background-position":"center center","background-size":"auto","background-attachment":"scroll","background-type":"","background-media":"","overlay-type":"","overlay-color":"","overlay-opacity":"","overlay-gradient":""},"mobile":{"background-color":"var(--ast-global-color-5)","background-image":"","background-repeat":"repeat","background-position":"center center","background-size":"auto","background-attachment":"scroll","background-type":"","background-media":"","overlay-type":"","overlay-color":"","overlay-opacity":"","overlay-gradient":""}},"footnotes":""},"class_list":["post-9019","page","type-page","status-publish","hentry"],"yoast_head":"<!-- This site is optimized with the Yoast SEO plugin v27.3 - https:\/\/yoast.com\/product\/yoast-seo-wordpress\/ -->\n<title>Achomharc a Dh\u00e9anamh maidir le hAthbhreithni\u00fa - An Binse Luach\u00e1la<\/title>\n<meta name=\"robots\" content=\"index, follow, max-snippet:-1, max-image-preview:large, max-video-preview:-1\" \/>\n<link rel=\"canonical\" href=\"https:\/\/www.valuationtribunal.ie\/ga\/achomharc-a-dheanamh\/achomharc-a-dheanamh-maidir-le-hathbhreithniu\/\" \/>\n<meta property=\"og:locale\" content=\"ga_IE\" \/>\n<meta property=\"og:type\" content=\"article\" \/>\n<meta property=\"og:title\" content=\"Achomharc a Dh\u00e9anamh maidir le hAthbhreithni\u00fa - An Binse Luach\u00e1la\" \/>\n<meta property=\"og:description\" content=\"Achomhairc maidir le hAthbhreithni\u00fa Is \u00e9 at\u00e1 in achomharc maidir le hathbhreithni\u00fa n\u00e1 achomharc chuig an mBinse Luach\u00e1la i gcoinne bhreith an Choimisin\u00e9ara Luach\u00e1la i nd\u00e1il le hathbhreithni\u00fa ar luach\u00e1il maoine tr\u00e1cht\u00e1la faoi Chuid 6 de na hAchtanna Luach\u00e1la 2001 &#8211; 2015 (arna leas\u00fa). Ceart chun achomharc a dh\u00e9anamh \u00c9ir\u00edonn an ceart chun achomharc a [&hellip;]\" \/>\n<meta property=\"og:url\" content=\"https:\/\/www.valuationtribunal.ie\/ga\/achomharc-a-dheanamh\/achomharc-a-dheanamh-maidir-le-hathbhreithniu\/\" \/>\n<meta property=\"og:site_name\" content=\"An Binse Luach\u00e1la\" \/>\n<meta property=\"article:modified_time\" content=\"2023-11-27T14:28:30+00:00\" \/>\n<meta name=\"twitter:label1\" content=\"Est. reading time\" \/>\n\t<meta name=\"twitter:data1\" content=\"3 minutes\" \/>\n<script type=\"application\/ld+json\" class=\"yoast-schema-graph\">{\"@context\":\"https:\\\/\\\/schema.org\",\"@graph\":[{\"@type\":\"WebPage\",\"@id\":\"https:\\\/\\\/www.valuationtribunal.ie\\\/ga\\\/achomharc-a-dheanamh\\\/achomharc-a-dheanamh-maidir-le-hathbhreithniu\\\/\",\"url\":\"https:\\\/\\\/www.valuationtribunal.ie\\\/ga\\\/achomharc-a-dheanamh\\\/achomharc-a-dheanamh-maidir-le-hathbhreithniu\\\/\",\"name\":\"Achomharc a Dh\u00e9anamh maidir le hAthbhreithni\u00fa - An Binse Luach\u00e1la\",\"isPartOf\":{\"@id\":\"https:\\\/\\\/vt.fusio.dev\\\/#website\"},\"datePublished\":\"2017-10-20T20:10:53+00:00\",\"dateModified\":\"2023-11-27T14:28:30+00:00\",\"breadcrumb\":{\"@id\":\"https:\\\/\\\/www.valuationtribunal.ie\\\/ga\\\/achomharc-a-dheanamh\\\/achomharc-a-dheanamh-maidir-le-hathbhreithniu\\\/#breadcrumb\"},\"inLanguage\":\"ga-IE\",\"potentialAction\":[{\"@type\":\"ReadAction\",\"target\":[\"https:\\\/\\\/www.valuationtribunal.ie\\\/ga\\\/achomharc-a-dheanamh\\\/achomharc-a-dheanamh-maidir-le-hathbhreithniu\\\/\"]}]},{\"@type\":\"BreadcrumbList\",\"@id\":\"https:\\\/\\\/www.valuationtribunal.ie\\\/ga\\\/achomharc-a-dheanamh\\\/achomharc-a-dheanamh-maidir-le-hathbhreithniu\\\/#breadcrumb\",\"itemListElement\":[{\"@type\":\"ListItem\",\"position\":1,\"name\":\"Home\",\"item\":\"https:\\\/\\\/www.valuationtribunal.ie\\\/ga\\\/\"},{\"@type\":\"ListItem\",\"position\":2,\"name\":\"Achomharc a Dh\u00e9anamh\",\"item\":\"https:\\\/\\\/vt.fusio.dev\\\/achomharc-a-dheanamh\\\/\"},{\"@type\":\"ListItem\",\"position\":3,\"name\":\"Achomharc a Dh\u00e9anamh maidir le hAthbhreithni\u00fa\"}]},{\"@type\":\"WebSite\",\"@id\":\"https:\\\/\\\/vt.fusio.dev\\\/#website\",\"url\":\"https:\\\/\\\/vt.fusio.dev\\\/\",\"name\":\"An Binse Luach\u00e1la\",\"description\":\"\",\"publisher\":{\"@id\":\"https:\\\/\\\/vt.fusio.dev\\\/#organization\"},\"potentialAction\":[{\"@type\":\"SearchAction\",\"target\":{\"@type\":\"EntryPoint\",\"urlTemplate\":\"https:\\\/\\\/vt.fusio.dev\\\/?s={search_term_string}\"},\"query-input\":{\"@type\":\"PropertyValueSpecification\",\"valueRequired\":true,\"valueName\":\"search_term_string\"}}],\"inLanguage\":\"ga-IE\"},{\"@type\":\"Organization\",\"@id\":\"https:\\\/\\\/vt.fusio.dev\\\/#organization\",\"name\":\"An Binse Luach\u00e1la\",\"url\":\"https:\\\/\\\/vt.fusio.dev\\\/\",\"logo\":{\"@type\":\"ImageObject\",\"inLanguage\":\"ga-IE\",\"@id\":\"https:\\\/\\\/vt.fusio.dev\\\/#\\\/schema\\\/logo\\\/image\\\/\",\"url\":\"https:\\\/\\\/www.valuationtribunal.ie\\\/wp-content\\\/uploads\\\/2017\\\/06\\\/Valuation-Tribunal-Logo-250.jpg\",\"contentUrl\":\"https:\\\/\\\/www.valuationtribunal.ie\\\/wp-content\\\/uploads\\\/2017\\\/06\\\/Valuation-Tribunal-Logo-250.jpg\",\"width\":250,\"height\":72,\"caption\":\"An Binse Luach\u00e1la\"},\"image\":{\"@id\":\"https:\\\/\\\/vt.fusio.dev\\\/#\\\/schema\\\/logo\\\/image\\\/\"}}]}<\/script>\n<!-- \/ Yoast SEO plugin. -->","yoast_head_json":{"title":"Achomharc a Dh\u00e9anamh maidir le hAthbhreithni\u00fa - An Binse Luach\u00e1la","robots":{"index":"index","follow":"follow","max-snippet":"max-snippet:-1","max-image-preview":"max-image-preview:large","max-video-preview":"max-video-preview:-1"},"canonical":"https:\/\/www.valuationtribunal.ie\/ga\/achomharc-a-dheanamh\/achomharc-a-dheanamh-maidir-le-hathbhreithniu\/","og_locale":"ga_IE","og_type":"article","og_title":"Achomharc a Dh\u00e9anamh maidir le hAthbhreithni\u00fa - An Binse Luach\u00e1la","og_description":"Achomhairc maidir le hAthbhreithni\u00fa Is \u00e9 at\u00e1 in achomharc maidir le hathbhreithni\u00fa n\u00e1 achomharc chuig an mBinse Luach\u00e1la i gcoinne bhreith an Choimisin\u00e9ara Luach\u00e1la i nd\u00e1il le hathbhreithni\u00fa ar luach\u00e1il maoine tr\u00e1cht\u00e1la faoi Chuid 6 de na hAchtanna Luach\u00e1la 2001 &#8211; 2015 (arna leas\u00fa). Ceart chun achomharc a dh\u00e9anamh \u00c9ir\u00edonn an ceart chun achomharc a [&hellip;]","og_url":"https:\/\/www.valuationtribunal.ie\/ga\/achomharc-a-dheanamh\/achomharc-a-dheanamh-maidir-le-hathbhreithniu\/","og_site_name":"An Binse Luach\u00e1la","article_modified_time":"2023-11-27T14:28:30+00:00","twitter_misc":{"Est. reading time":"3 minutes"},"schema":{"@context":"https:\/\/schema.org","@graph":[{"@type":"WebPage","@id":"https:\/\/www.valuationtribunal.ie\/ga\/achomharc-a-dheanamh\/achomharc-a-dheanamh-maidir-le-hathbhreithniu\/","url":"https:\/\/www.valuationtribunal.ie\/ga\/achomharc-a-dheanamh\/achomharc-a-dheanamh-maidir-le-hathbhreithniu\/","name":"Achomharc a Dh\u00e9anamh maidir le hAthbhreithni\u00fa - An Binse Luach\u00e1la","isPartOf":{"@id":"https:\/\/vt.fusio.dev\/#website"},"datePublished":"2017-10-20T20:10:53+00:00","dateModified":"2023-11-27T14:28:30+00:00","breadcrumb":{"@id":"https:\/\/www.valuationtribunal.ie\/ga\/achomharc-a-dheanamh\/achomharc-a-dheanamh-maidir-le-hathbhreithniu\/#breadcrumb"},"inLanguage":"ga-IE","potentialAction":[{"@type":"ReadAction","target":["https:\/\/www.valuationtribunal.ie\/ga\/achomharc-a-dheanamh\/achomharc-a-dheanamh-maidir-le-hathbhreithniu\/"]}]},{"@type":"BreadcrumbList","@id":"https:\/\/www.valuationtribunal.ie\/ga\/achomharc-a-dheanamh\/achomharc-a-dheanamh-maidir-le-hathbhreithniu\/#breadcrumb","itemListElement":[{"@type":"ListItem","position":1,"name":"Home","item":"https:\/\/www.valuationtribunal.ie\/ga\/"},{"@type":"ListItem","position":2,"name":"Achomharc a Dh\u00e9anamh","item":"https:\/\/vt.fusio.dev\/achomharc-a-dheanamh\/"},{"@type":"ListItem","position":3,"name":"Achomharc a Dh\u00e9anamh maidir le hAthbhreithni\u00fa"}]},{"@type":"WebSite","@id":"https:\/\/vt.fusio.dev\/#website","url":"https:\/\/vt.fusio.dev\/","name":"An Binse Luach\u00e1la","description":"","publisher":{"@id":"https:\/\/vt.fusio.dev\/#organization"},"potentialAction":[{"@type":"SearchAction","target":{"@type":"EntryPoint","urlTemplate":"https:\/\/vt.fusio.dev\/?s={search_term_string}"},"query-input":{"@type":"PropertyValueSpecification","valueRequired":true,"valueName":"search_term_string"}}],"inLanguage":"ga-IE"},{"@type":"Organization","@id":"https:\/\/vt.fusio.dev\/#organization","name":"An Binse Luach\u00e1la","url":"https:\/\/vt.fusio.dev\/","logo":{"@type":"ImageObject","inLanguage":"ga-IE","@id":"https:\/\/vt.fusio.dev\/#\/schema\/logo\/image\/","url":"https:\/\/www.valuationtribunal.ie\/wp-content\/uploads\/2017\/06\/Valuation-Tribunal-Logo-250.jpg","contentUrl":"https:\/\/www.valuationtribunal.ie\/wp-content\/uploads\/2017\/06\/Valuation-Tribunal-Logo-250.jpg","width":250,"height":72,"caption":"An Binse Luach\u00e1la"},"image":{"@id":"https:\/\/vt.fusio.dev\/#\/schema\/logo\/image\/"}}]}},"_links":{"self":[{"href":"https:\/\/www.valuationtribunal.ie\/ga\/wp-json\/wp\/v2\/pages\/9019","targetHints":{"allow":["GET"]}}],"collection":[{"href":"https:\/\/www.valuationtribunal.ie\/ga\/wp-json\/wp\/v2\/pages"}],"about":[{"href":"https:\/\/www.valuationtribunal.ie\/ga\/wp-json\/wp\/v2\/types\/page"}],"author":[{"embeddable":true,"href":"https:\/\/www.valuationtribunal.ie\/ga\/wp-json\/wp\/v2\/users\/2"}],"replies":[{"embeddable":true,"href":"https:\/\/www.valuationtribunal.ie\/ga\/wp-json\/wp\/v2\/comments?post=9019"}],"version-history":[{"count":10,"href":"https:\/\/www.valuationtribunal.ie\/ga\/wp-json\/wp\/v2\/pages\/9019\/revisions"}],"predecessor-version":[{"id":14680,"href":"https:\/\/www.valuationtribunal.ie\/ga\/wp-json\/wp\/v2\/pages\/9019\/revisions\/14680"}],"up":[{"embeddable":true,"href":"https:\/\/www.valuationtribunal.ie\/ga\/wp-json\/wp\/v2\/pages\/9015"}],"wp:attachment":[{"href":"https:\/\/www.valuationtribunal.ie\/ga\/wp-json\/wp\/v2\/media?parent=9019"}],"curies":[{"name":"wp","href":"https:\/\/api.w.org\/{rel}","templated":true}]}}