
{"id":9017,"date":"2017-10-20T20:15:32","date_gmt":"2017-10-20T20:15:32","guid":{"rendered":"https:\/\/www.valuationtribunal.ie\/achomharc-a-dheanamh\/an-proiseas-achomhairc\/"},"modified":"2023-05-05T16:02:44","modified_gmt":"2023-05-05T16:02:44","slug":"an-proiseas-achomhairc","status":"publish","type":"page","link":"https:\/\/www.valuationtribunal.ie\/ga\/achomharc-a-dheanamh\/an-proiseas-achomhairc\/","title":{"rendered":"An Pr\u00f3iseas Achomhairc"},"content":{"rendered":"\n<p>Is f\u00e9idir achomharc i gcoinne na luach\u00e1la ar mhaoin tr\u00e1cht\u00e1la a dh\u00e9anamh ar l\u00edne n\u00f3 tr\u00edd an bpost. Caithfidh Foirm F\u00f3gra Achomhairc a bheith curtha isteach laistigh de 28 l\u00e1 f\u00e9ilire \u00f3 dh\u00e1ta an Deimhnithe Luach\u00e1la Deiridh arna eisi\u00faint ag an Oifig Luach\u00e1la.<\/p>\n\n<p>Maidir leis an bhF\u00f3gra Achomhairc a chuirtear chuig an mBinse:<\/p>\n\n<ul class=\"wp-block-list\">\n<li>n\u00ed m\u00f3r forais ioml\u00e1na an achomhairc a leagan amach ann;<\/li>\n\n\n\n<li>n\u00ed m\u00f3r an t\u00e1ille fhorordaithe chu\u00ed a bheith \u00edoctha ina leith (ar l\u00edne n\u00f3 ar an teileaf\u00f3n)<\/li>\n\n\n\n<li>n\u00ed m\u00f3r gurb \u00e9 an f\u00f3gra bunaidh s\u00ednithe \u00e9<\/li>\n\n\n\n<li>n\u00ed fh\u00e9adfar f\u00f3gra achomhairc a leas\u00fa gan cead a fh\u00e1il \u00f3n mBinse.<\/li>\n<\/ul>\n\n<p>F\u00e9adfaidh t\u00fa d\u2019achomharc a thaisceadh ar l\u00edne n\u00f3 leis an bpost (ach n\u00ed m\u00f3r an \u00edoca\u00edocht ina leith a dh\u00e9anamh ar l\u00edne n\u00f3 leis an teileaf\u00f3n).<\/p>\n\n<p>Cl\u00e1r\u00f3idh an Binse d\u2019achomharc agus sannfaidh s\u00e9 uimhir don achomharc.<\/p>\n\n<p>D\u00e9anfaidh an Binse admh\u00e1il maidir le d\u2019Fh\u00f3gra Achomhairc a bheith faighte a sheoladh chugat le r\u00edomhphost. San admh\u00e1il sin:<\/p>\n\n<ul class=\"wp-block-list\">\n<li>tabharfar \u00e1r gcuid mionsonra\u00ed teagmh\u00e1la; agus<\/li>\n\n\n\n<li>taispe\u00e1nfar an fhaisn\u00e9is at\u00e1 againn faoi d\u2019achomharc, lena n-\u00e1ir\u00edtear uimhir an achomhairc, agus is ceart duit an uimhir sin a lua m\u00e1 dh\u00e9anann t\u00fa teagmh\u00e1il linn faoi d\u2019achomharc; agus<\/li>\n\n\n\n<li>iarrfar ort a chur in i\u00fal d\u00fainn an mbearta\u00edonn t\u00fa ionada\u00ed dl\u00edthi\u00fail a bheith in \u00e9ineacht leat ag an \u00e9isteacht agus an mbeidh g\u00e1 le h\u00e9isteacht fhada, dar leat; agus<\/li>\n\n\n\n<li>include an information sheet setting out the requirements regarding summaries of evidence for appeals to the Tribunal and a copy of the <a href=\"https:\/\/www.valuationtribunal.ie\/wp-content\/uploads\/2019\/09\/VT-Rules-FINAL-D.Housing-090919.pdf\">rules.<\/a><\/li>\n<\/ul>\n\n<p>D\u00e9anfaidh an Binse c\u00f3ip den Fh\u00f3gra Achomhairc a sheirbhe\u00e1il ar an \u00e1ititheoir (i gc\u00e1s nach \u00e9 n\u00f3 \u00ed an tAchomharc\u00f3ir \u00e9 n\u00f3 \u00ed), ar an \u00fadar\u00e1s r\u00e1t\u00fach\u00e1in agus ar an gCoimisin\u00e9ir Luach\u00e1la.<\/p>\n\n<p>\u00d3s rud \u00e9 nach bhfuil rochtain ag an mBinse Luach\u00e1la ar Dheimhnithe Luach\u00e1la, d\u00e9anfaidh an Coimisin\u00e9ir Luach\u00e1la, tar \u00e9is achomharc a fh\u00e1il, bail\u00edocht an achomhairc a dhaingni\u00fa ag f\u00e9achaint don d\u00e1ta a d\u2019eisigh an Coimisin\u00e9ir Luach\u00e1la an Deimhni\u00fa Luach\u00e1la cr\u00edochnaitheach, lena chinnti\u00fa gur t\u00edolacadh an t-achomharc laistigh de 28 l\u00e1 \u00f3 dh\u00e1ta eisithe an Deimhni\u00fa Luach\u00e1la.<\/p>\n\n<p>Tiocfaidh achomhairc os comhair ch\u00f3ras glaoite tr\u00e9imhsi\u00fail an Bhinse Luach\u00e1la ar mhaithe le d\u00e1ta \u00e9isteachta a leithroinnt. N\u00ed m\u00f3r do gach p\u00e1irt\u00ed in achomharc l\u00e1ithri\u00fa i bpearsa (n\u00f3 tr\u00ed nasc cianda ar l\u00edne) nuair a leithroinntear sliot\u00e1n ar an gc\u00f3ras glaoite. Rachaidh an Binse i dteagmh\u00e1il leat go foirmi\u00fail chun an d\u00e1ta freastail at\u00e1 socraithe faoin gc\u00f3ras glaoite a chur in i\u00fal duit.<\/p>\n\n<p>Sula sanntar d\u00e1ta an ch\u00f3rais glaoite, eiseoidh an Binse Luach\u00e1la treoracha chuig na p\u00e1irtithe, ar treoracha iad ina leagfar amach na teorainneacha ama a bhaineann le fianaise a th\u00edolacadh don Bhinse. Tabhair do d\u2019aire le do thoil, go bhf\u00e9adfadh s\u00e9 tarl\u00fa, i gc\u00e1s nach gclo\u00edtear leis na teorainneacha ama a leagtar s\u00edos, go scriosfar achomharc cheal ionch\u00faisimh.<\/p>\n\n<p>Parties to an appeal should familiarise themselves with the <a href=\"https:\/\/www.valuationtribunal.ie\/wp-content\/uploads\/2019\/09\/VT-Rules-FINAL-D.Housing-090919.pdf\">Valuation Tribunal Rules 2019<\/a>, particularly:<\/p>\n\n<ul class=\"wp-block-list\">\n<li>Rialacha 23-27 (Forais Achomhairc)<\/li>\n\n\n\n<li>Riail 34 (Teorainneacha Ama)<\/li>\n\n\n\n<li>Rialacha 35 &#8211; 43 (Achoimre ar an bhFianaise)<\/li>\n\n\n\n<li>Rialacha 44 &#8211; 51 (Aighneachta\u00ed Dl\u00edthi\u00fala)<\/li>\n<\/ul>\n\n<p><a href=\"https:\/\/www.valuationtribunal.ie\/wp-content\/uploads\/2022\/07\/Appeals-Process-Graphic.png\"><img decoding=\"async\" src=\"https:\/\/www.valuationtribunal.ie\/wp-content\/uploads\/2022\/07\/Appeals-Process-Graphic.png\"\/><\/a><\/p>\n","protected":false},"excerpt":{"rendered":"<p>Is f\u00e9idir achomharc i gcoinne na luach\u00e1la ar mhaoin tr\u00e1cht\u00e1la a dh\u00e9anamh ar l\u00edne n\u00f3 tr\u00edd an bpost. Caithfidh Foirm F\u00f3gra Achomhairc a bheith curtha isteach laistigh de 28 l\u00e1 f\u00e9ilire \u00f3 dh\u00e1ta an Deimhnithe Luach\u00e1la Deiridh arna eisi\u00faint ag an Oifig Luach\u00e1la. Maidir leis an bhF\u00f3gra Achomhairc a chuirtear chuig an mBinse: F\u00e9adfaidh t\u00fa [&hellip;]<\/p>\n","protected":false},"author":2,"featured_media":0,"parent":9015,"menu_order":0,"comment_status":"closed","ping_status":"closed","template":"","meta":{"site-sidebar-layout":"default","site-content-layout":"","ast-site-content-layout":"default","site-content-style":"default","site-sidebar-style":"default","ast-global-header-display":"","ast-banner-title-visibility":"","ast-main-header-display":"","ast-hfb-above-header-display":"","ast-hfb-below-header-display":"","ast-hfb-mobile-header-display":"","site-post-title":"","ast-breadcrumbs-content":"","ast-featured-img":"","footer-sml-layout":"","ast-disable-related-posts":"","theme-transparent-header-meta":"","adv-header-id-meta":"","stick-header-meta":"","header-above-stick-meta":"","header-main-stick-meta":"","header-below-stick-meta":"","astra-migrate-meta-layouts":"default","ast-page-background-enabled":"default","ast-page-background-meta":{"desktop":{"background-color":"var(--ast-global-color-4)","background-image":"","background-repeat":"repeat","background-position":"center center","background-size":"auto","background-attachment":"scroll","background-type":"","background-media":"","overlay-type":"","overlay-color":"","overlay-opacity":"","overlay-gradient":""},"tablet":{"background-color":"","background-image":"","background-repeat":"repeat","background-position":"center center","background-size":"auto","background-attachment":"scroll","background-type":"","background-media":"","overlay-type":"","overlay-color":"","overlay-opacity":"","overlay-gradient":""},"mobile":{"background-color":"","background-image":"","background-repeat":"repeat","background-position":"center center","background-size":"auto","background-attachment":"scroll","background-type":"","background-media":"","overlay-type":"","overlay-color":"","overlay-opacity":"","overlay-gradient":""}},"ast-content-background-meta":{"desktop":{"background-color":"var(--ast-global-color-5)","background-image":"","background-repeat":"repeat","background-position":"center center","background-size":"auto","background-attachment":"scroll","background-type":"","background-media":"","overlay-type":"","overlay-color":"","overlay-opacity":"","overlay-gradient":""},"tablet":{"background-color":"var(--ast-global-color-5)","background-image":"","background-repeat":"repeat","background-position":"center center","background-size":"auto","background-attachment":"scroll","background-type":"","background-media":"","overlay-type":"","overlay-color":"","overlay-opacity":"","overlay-gradient":""},"mobile":{"background-color":"var(--ast-global-color-5)","background-image":"","background-repeat":"repeat","background-position":"center center","background-size":"auto","background-attachment":"scroll","background-type":"","background-media":"","overlay-type":"","overlay-color":"","overlay-opacity":"","overlay-gradient":""}},"footnotes":""},"class_list":["post-9017","page","type-page","status-publish","hentry"],"yoast_head":"<!-- This site is optimized with the Yoast SEO plugin v27.3 - https:\/\/yoast.com\/product\/yoast-seo-wordpress\/ -->\n<title>An Pr\u00f3iseas Achomhairc - An Binse Luach\u00e1la<\/title>\n<meta name=\"robots\" content=\"index, follow, max-snippet:-1, max-image-preview:large, max-video-preview:-1\" \/>\n<link rel=\"canonical\" href=\"https:\/\/www.valuationtribunal.ie\/ga\/achomharc-a-dheanamh\/an-proiseas-achomhairc\/\" \/>\n<meta property=\"og:locale\" content=\"ga_IE\" \/>\n<meta property=\"og:type\" content=\"article\" \/>\n<meta property=\"og:title\" content=\"An Pr\u00f3iseas Achomhairc - An Binse Luach\u00e1la\" \/>\n<meta property=\"og:description\" content=\"Is f\u00e9idir achomharc i gcoinne na luach\u00e1la ar mhaoin tr\u00e1cht\u00e1la a dh\u00e9anamh ar l\u00edne n\u00f3 tr\u00edd an bpost. Caithfidh Foirm F\u00f3gra Achomhairc a bheith curtha isteach laistigh de 28 l\u00e1 f\u00e9ilire \u00f3 dh\u00e1ta an Deimhnithe Luach\u00e1la Deiridh arna eisi\u00faint ag an Oifig Luach\u00e1la. Maidir leis an bhF\u00f3gra Achomhairc a chuirtear chuig an mBinse: F\u00e9adfaidh t\u00fa [&hellip;]\" \/>\n<meta property=\"og:url\" content=\"https:\/\/www.valuationtribunal.ie\/ga\/achomharc-a-dheanamh\/an-proiseas-achomhairc\/\" \/>\n<meta property=\"og:site_name\" content=\"An Binse Luach\u00e1la\" \/>\n<meta property=\"article:modified_time\" content=\"2023-05-05T16:02:44+00:00\" \/>\n<meta property=\"og:image\" content=\"https:\/\/vt.fusio.dev\/wp-content\/uploads\/2022\/07\/Appeals-Process-Graphic.png\" \/>\n<meta name=\"twitter:label1\" content=\"Est. reading time\" \/>\n\t<meta name=\"twitter:data1\" content=\"3 minutes\" \/>\n<script type=\"application\/ld+json\" class=\"yoast-schema-graph\">{\"@context\":\"https:\\\/\\\/schema.org\",\"@graph\":[{\"@type\":\"WebPage\",\"@id\":\"https:\\\/\\\/www.valuationtribunal.ie\\\/ga\\\/achomharc-a-dheanamh\\\/an-proiseas-achomhairc\\\/\",\"url\":\"https:\\\/\\\/www.valuationtribunal.ie\\\/ga\\\/achomharc-a-dheanamh\\\/an-proiseas-achomhairc\\\/\",\"name\":\"An Pr\u00f3iseas Achomhairc - An Binse Luach\u00e1la\",\"isPartOf\":{\"@id\":\"https:\\\/\\\/vt.fusio.dev\\\/#website\"},\"primaryImageOfPage\":{\"@id\":\"https:\\\/\\\/www.valuationtribunal.ie\\\/ga\\\/achomharc-a-dheanamh\\\/an-proiseas-achomhairc\\\/#primaryimage\"},\"image\":{\"@id\":\"https:\\\/\\\/www.valuationtribunal.ie\\\/ga\\\/achomharc-a-dheanamh\\\/an-proiseas-achomhairc\\\/#primaryimage\"},\"thumbnailUrl\":\"https:\\\/\\\/www.valuationtribunal.ie\\\/wp-content\\\/uploads\\\/2022\\\/07\\\/Appeals-Process-Graphic.png\",\"datePublished\":\"2017-10-20T20:15:32+00:00\",\"dateModified\":\"2023-05-05T16:02:44+00:00\",\"breadcrumb\":{\"@id\":\"https:\\\/\\\/www.valuationtribunal.ie\\\/ga\\\/achomharc-a-dheanamh\\\/an-proiseas-achomhairc\\\/#breadcrumb\"},\"inLanguage\":\"ga-IE\",\"potentialAction\":[{\"@type\":\"ReadAction\",\"target\":[\"https:\\\/\\\/www.valuationtribunal.ie\\\/ga\\\/achomharc-a-dheanamh\\\/an-proiseas-achomhairc\\\/\"]}]},{\"@type\":\"ImageObject\",\"inLanguage\":\"ga-IE\",\"@id\":\"https:\\\/\\\/www.valuationtribunal.ie\\\/ga\\\/achomharc-a-dheanamh\\\/an-proiseas-achomhairc\\\/#primaryimage\",\"url\":\"https:\\\/\\\/www.valuationtribunal.ie\\\/wp-content\\\/uploads\\\/2022\\\/07\\\/Appeals-Process-Graphic.png\",\"contentUrl\":\"https:\\\/\\\/www.valuationtribunal.ie\\\/wp-content\\\/uploads\\\/2022\\\/07\\\/Appeals-Process-Graphic.png\"},{\"@type\":\"BreadcrumbList\",\"@id\":\"https:\\\/\\\/www.valuationtribunal.ie\\\/ga\\\/achomharc-a-dheanamh\\\/an-proiseas-achomhairc\\\/#breadcrumb\",\"itemListElement\":[{\"@type\":\"ListItem\",\"position\":1,\"name\":\"Home\",\"item\":\"https:\\\/\\\/www.valuationtribunal.ie\\\/ga\\\/\"},{\"@type\":\"ListItem\",\"position\":2,\"name\":\"Achomharc a Dh\u00e9anamh\",\"item\":\"https:\\\/\\\/vt.fusio.dev\\\/achomharc-a-dheanamh\\\/\"},{\"@type\":\"ListItem\",\"position\":3,\"name\":\"An Pr\u00f3iseas Achomhairc\"}]},{\"@type\":\"WebSite\",\"@id\":\"https:\\\/\\\/vt.fusio.dev\\\/#website\",\"url\":\"https:\\\/\\\/vt.fusio.dev\\\/\",\"name\":\"An Binse Luach\u00e1la\",\"description\":\"\",\"publisher\":{\"@id\":\"https:\\\/\\\/vt.fusio.dev\\\/#organization\"},\"potentialAction\":[{\"@type\":\"SearchAction\",\"target\":{\"@type\":\"EntryPoint\",\"urlTemplate\":\"https:\\\/\\\/vt.fusio.dev\\\/?s={search_term_string}\"},\"query-input\":{\"@type\":\"PropertyValueSpecification\",\"valueRequired\":true,\"valueName\":\"search_term_string\"}}],\"inLanguage\":\"ga-IE\"},{\"@type\":\"Organization\",\"@id\":\"https:\\\/\\\/vt.fusio.dev\\\/#organization\",\"name\":\"An Binse Luach\u00e1la\",\"url\":\"https:\\\/\\\/vt.fusio.dev\\\/\",\"logo\":{\"@type\":\"ImageObject\",\"inLanguage\":\"ga-IE\",\"@id\":\"https:\\\/\\\/vt.fusio.dev\\\/#\\\/schema\\\/logo\\\/image\\\/\",\"url\":\"https:\\\/\\\/www.valuationtribunal.ie\\\/wp-content\\\/uploads\\\/2017\\\/06\\\/Valuation-Tribunal-Logo-250.jpg\",\"contentUrl\":\"https:\\\/\\\/www.valuationtribunal.ie\\\/wp-content\\\/uploads\\\/2017\\\/06\\\/Valuation-Tribunal-Logo-250.jpg\",\"width\":250,\"height\":72,\"caption\":\"An Binse Luach\u00e1la\"},\"image\":{\"@id\":\"https:\\\/\\\/vt.fusio.dev\\\/#\\\/schema\\\/logo\\\/image\\\/\"}}]}<\/script>\n<!-- \/ Yoast SEO plugin. -->","yoast_head_json":{"title":"An Pr\u00f3iseas Achomhairc - An Binse Luach\u00e1la","robots":{"index":"index","follow":"follow","max-snippet":"max-snippet:-1","max-image-preview":"max-image-preview:large","max-video-preview":"max-video-preview:-1"},"canonical":"https:\/\/www.valuationtribunal.ie\/ga\/achomharc-a-dheanamh\/an-proiseas-achomhairc\/","og_locale":"ga_IE","og_type":"article","og_title":"An Pr\u00f3iseas Achomhairc - An Binse Luach\u00e1la","og_description":"Is f\u00e9idir achomharc i gcoinne na luach\u00e1la ar mhaoin tr\u00e1cht\u00e1la a dh\u00e9anamh ar l\u00edne n\u00f3 tr\u00edd an bpost. Caithfidh Foirm F\u00f3gra Achomhairc a bheith curtha isteach laistigh de 28 l\u00e1 f\u00e9ilire \u00f3 dh\u00e1ta an Deimhnithe Luach\u00e1la Deiridh arna eisi\u00faint ag an Oifig Luach\u00e1la. Maidir leis an bhF\u00f3gra Achomhairc a chuirtear chuig an mBinse: F\u00e9adfaidh t\u00fa [&hellip;]","og_url":"https:\/\/www.valuationtribunal.ie\/ga\/achomharc-a-dheanamh\/an-proiseas-achomhairc\/","og_site_name":"An Binse Luach\u00e1la","article_modified_time":"2023-05-05T16:02:44+00:00","og_image":[{"url":"https:\/\/vt.fusio.dev\/wp-content\/uploads\/2022\/07\/Appeals-Process-Graphic.png","type":"","width":"","height":""}],"twitter_misc":{"Est. reading time":"3 minutes"},"schema":{"@context":"https:\/\/schema.org","@graph":[{"@type":"WebPage","@id":"https:\/\/www.valuationtribunal.ie\/ga\/achomharc-a-dheanamh\/an-proiseas-achomhairc\/","url":"https:\/\/www.valuationtribunal.ie\/ga\/achomharc-a-dheanamh\/an-proiseas-achomhairc\/","name":"An Pr\u00f3iseas Achomhairc - An Binse Luach\u00e1la","isPartOf":{"@id":"https:\/\/vt.fusio.dev\/#website"},"primaryImageOfPage":{"@id":"https:\/\/www.valuationtribunal.ie\/ga\/achomharc-a-dheanamh\/an-proiseas-achomhairc\/#primaryimage"},"image":{"@id":"https:\/\/www.valuationtribunal.ie\/ga\/achomharc-a-dheanamh\/an-proiseas-achomhairc\/#primaryimage"},"thumbnailUrl":"https:\/\/www.valuationtribunal.ie\/wp-content\/uploads\/2022\/07\/Appeals-Process-Graphic.png","datePublished":"2017-10-20T20:15:32+00:00","dateModified":"2023-05-05T16:02:44+00:00","breadcrumb":{"@id":"https:\/\/www.valuationtribunal.ie\/ga\/achomharc-a-dheanamh\/an-proiseas-achomhairc\/#breadcrumb"},"inLanguage":"ga-IE","potentialAction":[{"@type":"ReadAction","target":["https:\/\/www.valuationtribunal.ie\/ga\/achomharc-a-dheanamh\/an-proiseas-achomhairc\/"]}]},{"@type":"ImageObject","inLanguage":"ga-IE","@id":"https:\/\/www.valuationtribunal.ie\/ga\/achomharc-a-dheanamh\/an-proiseas-achomhairc\/#primaryimage","url":"https:\/\/www.valuationtribunal.ie\/wp-content\/uploads\/2022\/07\/Appeals-Process-Graphic.png","contentUrl":"https:\/\/www.valuationtribunal.ie\/wp-content\/uploads\/2022\/07\/Appeals-Process-Graphic.png"},{"@type":"BreadcrumbList","@id":"https:\/\/www.valuationtribunal.ie\/ga\/achomharc-a-dheanamh\/an-proiseas-achomhairc\/#breadcrumb","itemListElement":[{"@type":"ListItem","position":1,"name":"Home","item":"https:\/\/www.valuationtribunal.ie\/ga\/"},{"@type":"ListItem","position":2,"name":"Achomharc a Dh\u00e9anamh","item":"https:\/\/vt.fusio.dev\/achomharc-a-dheanamh\/"},{"@type":"ListItem","position":3,"name":"An Pr\u00f3iseas Achomhairc"}]},{"@type":"WebSite","@id":"https:\/\/vt.fusio.dev\/#website","url":"https:\/\/vt.fusio.dev\/","name":"An Binse Luach\u00e1la","description":"","publisher":{"@id":"https:\/\/vt.fusio.dev\/#organization"},"potentialAction":[{"@type":"SearchAction","target":{"@type":"EntryPoint","urlTemplate":"https:\/\/vt.fusio.dev\/?s={search_term_string}"},"query-input":{"@type":"PropertyValueSpecification","valueRequired":true,"valueName":"search_term_string"}}],"inLanguage":"ga-IE"},{"@type":"Organization","@id":"https:\/\/vt.fusio.dev\/#organization","name":"An Binse Luach\u00e1la","url":"https:\/\/vt.fusio.dev\/","logo":{"@type":"ImageObject","inLanguage":"ga-IE","@id":"https:\/\/vt.fusio.dev\/#\/schema\/logo\/image\/","url":"https:\/\/www.valuationtribunal.ie\/wp-content\/uploads\/2017\/06\/Valuation-Tribunal-Logo-250.jpg","contentUrl":"https:\/\/www.valuationtribunal.ie\/wp-content\/uploads\/2017\/06\/Valuation-Tribunal-Logo-250.jpg","width":250,"height":72,"caption":"An Binse Luach\u00e1la"},"image":{"@id":"https:\/\/vt.fusio.dev\/#\/schema\/logo\/image\/"}}]}},"_links":{"self":[{"href":"https:\/\/www.valuationtribunal.ie\/ga\/wp-json\/wp\/v2\/pages\/9017","targetHints":{"allow":["GET"]}}],"collection":[{"href":"https:\/\/www.valuationtribunal.ie\/ga\/wp-json\/wp\/v2\/pages"}],"about":[{"href":"https:\/\/www.valuationtribunal.ie\/ga\/wp-json\/wp\/v2\/types\/page"}],"author":[{"embeddable":true,"href":"https:\/\/www.valuationtribunal.ie\/ga\/wp-json\/wp\/v2\/users\/2"}],"replies":[{"embeddable":true,"href":"https:\/\/www.valuationtribunal.ie\/ga\/wp-json\/wp\/v2\/comments?post=9017"}],"version-history":[{"count":9,"href":"https:\/\/www.valuationtribunal.ie\/ga\/wp-json\/wp\/v2\/pages\/9017\/revisions"}],"predecessor-version":[{"id":12800,"href":"https:\/\/www.valuationtribunal.ie\/ga\/wp-json\/wp\/v2\/pages\/9017\/revisions\/12800"}],"up":[{"embeddable":true,"href":"https:\/\/www.valuationtribunal.ie\/ga\/wp-json\/wp\/v2\/pages\/9015"}],"wp:attachment":[{"href":"https:\/\/www.valuationtribunal.ie\/ga\/wp-json\/wp\/v2\/media?parent=9017"}],"curies":[{"name":"wp","href":"https:\/\/api.w.org\/{rel}","templated":true}]}}