
{"id":9016,"date":"2017-06-05T15:49:01","date_gmt":"2017-06-05T15:49:01","guid":{"rendered":"https:\/\/www.valuationtribunal.ie\/faisneis-fuinn\/"},"modified":"2017-06-05T15:49:01","modified_gmt":"2017-06-05T15:49:01","slug":"faisneis-fuinn","status":"publish","type":"page","link":"https:\/\/www.valuationtribunal.ie\/ga\/faisneis-fuinn\/","title":{"rendered":"Faisn\u00e9is F\u00fainn"},"content":{"rendered":"<p>&nbsp;<\/p>\n<h4>An Binse Luach\u00e1la<\/h4>\n<p>T\u00e1 an Binse ina chomhlacht neamhsple\u00e1ch a buna\u00edodh faoin Acht Luach\u00e1la 1988 agus a buana\u00edodh leis na hAchtanna Luach\u00e1la 2001 &#8211; 2015 chun cinneadh a dh\u00e9anamh faoi achomhairc i gcoinne breitheanna de chuid an Choimisin\u00e9ara Luach\u00e1la maidir le luach\u00e1il a dh\u00e9antar ar mhaoin tr\u00e1cht\u00e1la chun cr\u00edocha r\u00e1t\u00fach\u00e1in. Is comhlachta\u00ed ar leithligh iad an Binse Luach\u00e1la agus an Coimisin\u00e9ir Luach\u00e1la\/an Oifig Luach\u00e1la agus t\u00e1 siad neamhsple\u00e1ch ar a ch\u00e9ile.<\/p>\n<p>Is f\u00e9idir achomharc faoin Acht Luach\u00e1la a dh\u00e9anamh chuig an mBinse ar fhoras chandam na luach\u00e1la a dh\u00e9antar ar mhaoin n\u00f3 ar fhoras inr\u00e1taitheacht maoine. F\u00e9adfaidh an Binse achomharc a dh\u00edchead\u00fa agus, ar an d\u00f3igh sin, breith an Choimisin\u00e9ara a dhaingni\u00fa; g\u00e9illeadh d\u2019achomharc agus luach\u00e1il na maoine a leas\u00fa; breith a thabhairt \u00e1 r\u00e1 gur ceart an mhaoin lena mbaineann an t-achomharc a \u00e1ireamh sa liosta luach\u00e1la n\u00f3 a eisiamh \u00f3n liosta sin.<\/p>\n<p>T\u00e1 cumhacht ag an mBinse freisin, faoi alt 22 den Acht um L\u00e1ithre\u00e1in Thr\u00e9igthe 1990 agus faoi alt 13 den Acht um Athbheochan Uirbeach agus Tithe 2015, chun achomhairc \u00f3 \u00fain\u00e9ir\u00ed tal\u00fan uirb\u00ed i gcoinne cinnt\u00ed i leith margadhluach talamh den s\u00f3rt sin, arna chinneadh ag \u00fadar\u00e1s \u00e1iti\u00fail, a \u00e9isteacht. Is f\u00e9idir achomharc a dh\u00e9anamh chuig an mBinse faoin Acht sin ar fhorais a bhaineann leis an margadhluach a chinneann an t-\u00fadar\u00e1s \u00e1iti\u00fail.<\/p>\n<p>Faoi r\u00e9ir an chirt chun achomharc a dh\u00e9anamh chuig an Ard-Ch\u00fairt ar phonc dl\u00ed, is breith chr\u00edochnaitheach \u00ed breith an Bhinse.<\/p>\n<h4>Sainord\u00fa<\/h4>\n<p>Is \u00e9 sainord\u00fa Oifig an Bhinse Luach\u00e1la an taca\u00edocht riarach\u00e1in agus cl\u00e9ireachais go l\u00e9ir a bhfuil g\u00e1 l\u00e9i a shol\u00e1thar don Bhinse Luach\u00e1la i leith chomhl\u00edonadh a oibleag\u00e1id\u00ed reacht\u00fala faoi na hAchtanna Luach\u00e1la 2001 &#8211; 2015, faoin Acht um L\u00e1ithre\u00e1in Thr\u00e9igthe 1990 &amp; faoin Acht um Athbheochan Uirbeach agus Tithe 2015.<\/p>\n<h4>R\u00e1iteas Misin<\/h4>\n<p>T\u00e1 oifig an Bhinse Luach\u00e1la tiomanta i leith taca\u00edocht \u00e9ifeacht\u00fail \u00e9ifeachtach a shol\u00e1thar don Bhinse maidir le comhl\u00edonadh a oibleag\u00e1id\u00ed reacht\u00fala agus maidir le seirbh\u00eds ardchaighde\u00e1in neamhchlaonta a chur ar f\u00e1il do gach p\u00e1irt\u00ed i bpr\u00f3iseas achomhairc an Bhinse.<\/p>\n","protected":false},"excerpt":{"rendered":"<p>&nbsp; An Binse Luach\u00e1la T\u00e1 an Binse ina chomhlacht neamhsple\u00e1ch a buna\u00edodh faoin Acht Luach\u00e1la 1988 agus a buana\u00edodh leis na hAchtanna Luach\u00e1la 2001 &#8211; 2015 chun cinneadh a dh\u00e9anamh faoi achomhairc i gcoinne breitheanna de chuid an Choimisin\u00e9ara Luach\u00e1la maidir le luach\u00e1il a dh\u00e9antar ar mhaoin tr\u00e1cht\u00e1la chun cr\u00edocha r\u00e1t\u00fach\u00e1in. Is comhlachta\u00ed ar leithligh [&hellip;]<\/p>\n","protected":false},"author":2,"featured_media":0,"parent":0,"menu_order":0,"comment_status":"closed","ping_status":"closed","template":"","meta":{"site-sidebar-layout":"default","site-content-layout":"","ast-site-content-layout":"default","site-content-style":"default","site-sidebar-style":"default","ast-global-header-display":"","ast-banner-title-visibility":"","ast-main-header-display":"","ast-hfb-above-header-display":"","ast-hfb-below-header-display":"","ast-hfb-mobile-header-display":"","site-post-title":"","ast-breadcrumbs-content":"","ast-featured-img":"","footer-sml-layout":"","ast-disable-related-posts":"","theme-transparent-header-meta":"","adv-header-id-meta":"","stick-header-meta":"","header-above-stick-meta":"","header-main-stick-meta":"","header-below-stick-meta":"","astra-migrate-meta-layouts":"default","ast-page-background-enabled":"default","ast-page-background-meta":{"desktop":{"background-color":"var(--ast-global-color-4)","background-image":"","background-repeat":"repeat","background-position":"center center","background-size":"auto","background-attachment":"scroll","background-type":"","background-media":"","overlay-type":"","overlay-color":"","overlay-opacity":"","overlay-gradient":""},"tablet":{"background-color":"","background-image":"","background-repeat":"repeat","background-position":"center center","background-size":"auto","background-attachment":"scroll","background-type":"","background-media":"","overlay-type":"","overlay-color":"","overlay-opacity":"","overlay-gradient":""},"mobile":{"background-color":"","background-image":"","background-repeat":"repeat","background-position":"center center","background-size":"auto","background-attachment":"scroll","background-type":"","background-media":"","overlay-type":"","overlay-color":"","overlay-opacity":"","overlay-gradient":""}},"ast-content-background-meta":{"desktop":{"background-color":"var(--ast-global-color-5)","background-image":"","background-repeat":"repeat","background-position":"center center","background-size":"auto","background-attachment":"scroll","background-type":"","background-media":"","overlay-type":"","overlay-color":"","overlay-opacity":"","overlay-gradient":""},"tablet":{"background-color":"var(--ast-global-color-5)","background-image":"","background-repeat":"repeat","background-position":"center center","background-size":"auto","background-attachment":"scroll","background-type":"","background-media":"","overlay-type":"","overlay-color":"","overlay-opacity":"","overlay-gradient":""},"mobile":{"background-color":"var(--ast-global-color-5)","background-image":"","background-repeat":"repeat","background-position":"center center","background-size":"auto","background-attachment":"scroll","background-type":"","background-media":"","overlay-type":"","overlay-color":"","overlay-opacity":"","overlay-gradient":""}},"footnotes":""},"class_list":["post-9016","page","type-page","status-publish","hentry"],"yoast_head":"<!-- This site is optimized with the Yoast SEO plugin v27.3 - https:\/\/yoast.com\/product\/yoast-seo-wordpress\/ -->\n<title>Faisn\u00e9is F\u00fainn - An Binse Luach\u00e1la<\/title>\n<meta name=\"robots\" content=\"index, follow, max-snippet:-1, max-image-preview:large, max-video-preview:-1\" \/>\n<link rel=\"canonical\" href=\"https:\/\/www.valuationtribunal.ie\/ga\/faisneis-fuinn\/\" \/>\n<meta property=\"og:locale\" content=\"ga_IE\" \/>\n<meta property=\"og:type\" content=\"article\" \/>\n<meta property=\"og:title\" content=\"Faisn\u00e9is F\u00fainn - An Binse Luach\u00e1la\" \/>\n<meta property=\"og:description\" content=\"&nbsp; An Binse Luach\u00e1la T\u00e1 an Binse ina chomhlacht neamhsple\u00e1ch a buna\u00edodh faoin Acht Luach\u00e1la 1988 agus a buana\u00edodh leis na hAchtanna Luach\u00e1la 2001 &#8211; 2015 chun cinneadh a dh\u00e9anamh faoi achomhairc i gcoinne breitheanna de chuid an Choimisin\u00e9ara Luach\u00e1la maidir le luach\u00e1il a dh\u00e9antar ar mhaoin tr\u00e1cht\u00e1la chun cr\u00edocha r\u00e1t\u00fach\u00e1in. Is comhlachta\u00ed ar leithligh [&hellip;]\" \/>\n<meta property=\"og:url\" content=\"https:\/\/www.valuationtribunal.ie\/ga\/faisneis-fuinn\/\" \/>\n<meta property=\"og:site_name\" content=\"An Binse Luach\u00e1la\" \/>\n<meta name=\"twitter:label1\" content=\"Est. reading time\" \/>\n\t<meta name=\"twitter:data1\" content=\"2 minutes\" \/>\n<script type=\"application\/ld+json\" class=\"yoast-schema-graph\">{\"@context\":\"https:\\\/\\\/schema.org\",\"@graph\":[{\"@type\":\"WebPage\",\"@id\":\"https:\\\/\\\/www.valuationtribunal.ie\\\/ga\\\/faisneis-fuinn\\\/\",\"url\":\"https:\\\/\\\/www.valuationtribunal.ie\\\/ga\\\/faisneis-fuinn\\\/\",\"name\":\"Faisn\u00e9is F\u00fainn - An Binse Luach\u00e1la\",\"isPartOf\":{\"@id\":\"https:\\\/\\\/vt.fusio.dev\\\/#website\"},\"datePublished\":\"2017-06-05T15:49:01+00:00\",\"breadcrumb\":{\"@id\":\"https:\\\/\\\/www.valuationtribunal.ie\\\/ga\\\/faisneis-fuinn\\\/#breadcrumb\"},\"inLanguage\":\"ga-IE\",\"potentialAction\":[{\"@type\":\"ReadAction\",\"target\":[\"https:\\\/\\\/www.valuationtribunal.ie\\\/ga\\\/faisneis-fuinn\\\/\"]}]},{\"@type\":\"BreadcrumbList\",\"@id\":\"https:\\\/\\\/www.valuationtribunal.ie\\\/ga\\\/faisneis-fuinn\\\/#breadcrumb\",\"itemListElement\":[{\"@type\":\"ListItem\",\"position\":1,\"name\":\"Home\",\"item\":\"https:\\\/\\\/www.valuationtribunal.ie\\\/ga\\\/\"},{\"@type\":\"ListItem\",\"position\":2,\"name\":\"Faisn\u00e9is F\u00fainn\"}]},{\"@type\":\"WebSite\",\"@id\":\"https:\\\/\\\/vt.fusio.dev\\\/#website\",\"url\":\"https:\\\/\\\/vt.fusio.dev\\\/\",\"name\":\"An Binse Luach\u00e1la\",\"description\":\"\",\"publisher\":{\"@id\":\"https:\\\/\\\/vt.fusio.dev\\\/#organization\"},\"potentialAction\":[{\"@type\":\"SearchAction\",\"target\":{\"@type\":\"EntryPoint\",\"urlTemplate\":\"https:\\\/\\\/vt.fusio.dev\\\/?s={search_term_string}\"},\"query-input\":{\"@type\":\"PropertyValueSpecification\",\"valueRequired\":true,\"valueName\":\"search_term_string\"}}],\"inLanguage\":\"ga-IE\"},{\"@type\":\"Organization\",\"@id\":\"https:\\\/\\\/vt.fusio.dev\\\/#organization\",\"name\":\"An Binse Luach\u00e1la\",\"url\":\"https:\\\/\\\/vt.fusio.dev\\\/\",\"logo\":{\"@type\":\"ImageObject\",\"inLanguage\":\"ga-IE\",\"@id\":\"https:\\\/\\\/vt.fusio.dev\\\/#\\\/schema\\\/logo\\\/image\\\/\",\"url\":\"https:\\\/\\\/www.valuationtribunal.ie\\\/wp-content\\\/uploads\\\/2017\\\/06\\\/Valuation-Tribunal-Logo-250.jpg\",\"contentUrl\":\"https:\\\/\\\/www.valuationtribunal.ie\\\/wp-content\\\/uploads\\\/2017\\\/06\\\/Valuation-Tribunal-Logo-250.jpg\",\"width\":250,\"height\":72,\"caption\":\"An Binse Luach\u00e1la\"},\"image\":{\"@id\":\"https:\\\/\\\/vt.fusio.dev\\\/#\\\/schema\\\/logo\\\/image\\\/\"}}]}<\/script>\n<!-- \/ Yoast SEO plugin. -->","yoast_head_json":{"title":"Faisn\u00e9is F\u00fainn - An Binse Luach\u00e1la","robots":{"index":"index","follow":"follow","max-snippet":"max-snippet:-1","max-image-preview":"max-image-preview:large","max-video-preview":"max-video-preview:-1"},"canonical":"https:\/\/www.valuationtribunal.ie\/ga\/faisneis-fuinn\/","og_locale":"ga_IE","og_type":"article","og_title":"Faisn\u00e9is F\u00fainn - An Binse Luach\u00e1la","og_description":"&nbsp; An Binse Luach\u00e1la T\u00e1 an Binse ina chomhlacht neamhsple\u00e1ch a buna\u00edodh faoin Acht Luach\u00e1la 1988 agus a buana\u00edodh leis na hAchtanna Luach\u00e1la 2001 &#8211; 2015 chun cinneadh a dh\u00e9anamh faoi achomhairc i gcoinne breitheanna de chuid an Choimisin\u00e9ara Luach\u00e1la maidir le luach\u00e1il a dh\u00e9antar ar mhaoin tr\u00e1cht\u00e1la chun cr\u00edocha r\u00e1t\u00fach\u00e1in. Is comhlachta\u00ed ar leithligh [&hellip;]","og_url":"https:\/\/www.valuationtribunal.ie\/ga\/faisneis-fuinn\/","og_site_name":"An Binse Luach\u00e1la","twitter_misc":{"Est. reading time":"2 minutes"},"schema":{"@context":"https:\/\/schema.org","@graph":[{"@type":"WebPage","@id":"https:\/\/www.valuationtribunal.ie\/ga\/faisneis-fuinn\/","url":"https:\/\/www.valuationtribunal.ie\/ga\/faisneis-fuinn\/","name":"Faisn\u00e9is F\u00fainn - An Binse Luach\u00e1la","isPartOf":{"@id":"https:\/\/vt.fusio.dev\/#website"},"datePublished":"2017-06-05T15:49:01+00:00","breadcrumb":{"@id":"https:\/\/www.valuationtribunal.ie\/ga\/faisneis-fuinn\/#breadcrumb"},"inLanguage":"ga-IE","potentialAction":[{"@type":"ReadAction","target":["https:\/\/www.valuationtribunal.ie\/ga\/faisneis-fuinn\/"]}]},{"@type":"BreadcrumbList","@id":"https:\/\/www.valuationtribunal.ie\/ga\/faisneis-fuinn\/#breadcrumb","itemListElement":[{"@type":"ListItem","position":1,"name":"Home","item":"https:\/\/www.valuationtribunal.ie\/ga\/"},{"@type":"ListItem","position":2,"name":"Faisn\u00e9is F\u00fainn"}]},{"@type":"WebSite","@id":"https:\/\/vt.fusio.dev\/#website","url":"https:\/\/vt.fusio.dev\/","name":"An Binse Luach\u00e1la","description":"","publisher":{"@id":"https:\/\/vt.fusio.dev\/#organization"},"potentialAction":[{"@type":"SearchAction","target":{"@type":"EntryPoint","urlTemplate":"https:\/\/vt.fusio.dev\/?s={search_term_string}"},"query-input":{"@type":"PropertyValueSpecification","valueRequired":true,"valueName":"search_term_string"}}],"inLanguage":"ga-IE"},{"@type":"Organization","@id":"https:\/\/vt.fusio.dev\/#organization","name":"An Binse Luach\u00e1la","url":"https:\/\/vt.fusio.dev\/","logo":{"@type":"ImageObject","inLanguage":"ga-IE","@id":"https:\/\/vt.fusio.dev\/#\/schema\/logo\/image\/","url":"https:\/\/www.valuationtribunal.ie\/wp-content\/uploads\/2017\/06\/Valuation-Tribunal-Logo-250.jpg","contentUrl":"https:\/\/www.valuationtribunal.ie\/wp-content\/uploads\/2017\/06\/Valuation-Tribunal-Logo-250.jpg","width":250,"height":72,"caption":"An Binse Luach\u00e1la"},"image":{"@id":"https:\/\/vt.fusio.dev\/#\/schema\/logo\/image\/"}}]}},"_links":{"self":[{"href":"https:\/\/www.valuationtribunal.ie\/ga\/wp-json\/wp\/v2\/pages\/9016","targetHints":{"allow":["GET"]}}],"collection":[{"href":"https:\/\/www.valuationtribunal.ie\/ga\/wp-json\/wp\/v2\/pages"}],"about":[{"href":"https:\/\/www.valuationtribunal.ie\/ga\/wp-json\/wp\/v2\/types\/page"}],"author":[{"embeddable":true,"href":"https:\/\/www.valuationtribunal.ie\/ga\/wp-json\/wp\/v2\/users\/2"}],"replies":[{"embeddable":true,"href":"https:\/\/www.valuationtribunal.ie\/ga\/wp-json\/wp\/v2\/comments?post=9016"}],"version-history":[{"count":0,"href":"https:\/\/www.valuationtribunal.ie\/ga\/wp-json\/wp\/v2\/pages\/9016\/revisions"}],"wp:attachment":[{"href":"https:\/\/www.valuationtribunal.ie\/ga\/wp-json\/wp\/v2\/media?parent=9016"}],"curies":[{"name":"wp","href":"https:\/\/api.w.org\/{rel}","templated":true}]}}