
{"id":9011,"date":"2018-12-06T09:48:50","date_gmt":"2018-12-06T09:48:50","guid":{"rendered":"https:\/\/www.valuationtribunal.ie\/cinealacha-achomhairc\/luachail-uileghabhalach\/"},"modified":"2023-05-05T16:02:35","modified_gmt":"2023-05-05T16:02:35","slug":"luachail-uileghabhalach","status":"publish","type":"page","link":"https:\/\/www.valuationtribunal.ie\/ga\/cinealacha-achomhairc\/luachail-uileghabhalach\/","title":{"rendered":"Luach\u00e1il Uileghabh\u00e1lach"},"content":{"rendered":"\n<p>Is \u00e9 at\u00e1 i luach\u00e1lacha uileghabh\u00e1lacha n\u00e1 luach\u00e1lacha a dh\u00e9antar maidir le gn\u00f3thais f\u00f3ntais phoibl\u00ed ainmnithe \u00e1irithe sa St\u00e1t. D\u00e9antar luach\u00e1lacha uileghabh\u00e1lacha de r\u00e9ir thimthriall c\u00faig bliana mar a fhor\u00e1iltear le halt 53(6) den Acht Luach\u00e1la 2001, arna leas\u00fa leis an Acht Luach\u00e1la (Leas\u00fa) 2015. Baintear \u00fas\u00e1id as pr\u00f3iseas na luach\u00e1la uileghabh\u00e1la\u00ed i ndl\u00edns\u00ed eile dl\u00ed choitinn freisin agus is bealach \u00e9ifeacht\u00fail \u00e9 chun gn\u00f3thais f\u00f3ntais phoibl\u00ed a ngabhann l\u00edonra n\u00e1isi\u00fanta n\u00f3 r\u00e9igi\u00fanach leo a luach\u00e1il.<\/p>\n\n<p>N\u00ed bhaineann pr\u00f3iseas na luach\u00e1lacha uileghabh\u00e1lacha ach amh\u00e1in leis an l\u00edonra fisiceach a \u00e1it\u00edonn an gn\u00f3thas f\u00f3ntais phoibl\u00ed at\u00e1 i gceist agus \u00fas\u00e1idtear \u00e9 ar mhaithe le pr\u00edomhchr\u00edocha n\u00f3 pr\u00edomhchusp\u00f3ir\u00ed an ghn\u00f3thais amhail sol\u00e1thar leictreachais n\u00f3 g\u00e1is n\u00f3 sol\u00e1thar seirbh\u00eds\u00ed teileachumars\u00e1ide n\u00f3 seirbh\u00eds\u00ed iompair phoibl\u00ed. Cl\u00fada\u00edonn na luach\u00e1lacha uileghabh\u00e1lacha na l\u00edonra\u00ed fisiceacha agus na c\u00f3rais fhisiceacha go l\u00e9ir amhail p\u00edbl\u00ednte, l\u00ednte iarnr\u00f3id, c\u00e1bla\u00ed, cuaill\u00ed, posta\u00ed, p\u00edol\u00f3in, sreangacha agus gach d\u00e9anmhas agus foirgneamh foghabh\u00e1lach eile a \u00fas\u00e1ideann an f\u00f3ntas agus a bhfuil g\u00e1 leo chun an tseirbh\u00eds a shol\u00e1thar \u00f3n bpointe tosaigh go dt\u00ed an tomhalt\u00f3ir. T\u00e1 s\u00e9 t\u00e1bhachtach a thuiscint nach n-\u00e1ir\u00edonn luach\u00e1il uileghabh\u00e1lach an luach\u00e1il a dh\u00e9antar ar mhaoin eile amhail aonaid mhiond\u00edola n\u00f3 oifig\u00ed n\u00f3 sp\u00e1s tionscail a \u00e1it\u00edonn an gn\u00f3thas agus nach n-\u00fas\u00e1ideann s\u00e9 ar mhaithe leis na cusp\u00f3ir\u00ed thuas. D\u00e9antar an mhaoine eile sin a oibr\u00edonn an f\u00f3ntas poibl\u00ed a luach\u00e1il ar leithligh \u00f3n gcreat luach\u00e1la uileghabh\u00e1la\u00ed agus ar an modh c\u00e9anna ina nd\u00e9antar luach\u00e1il ar mhaoin ar le gn\u00f3tha\u00ed eile \u00ed.<\/p>\n","protected":false},"excerpt":{"rendered":"<p>Is \u00e9 at\u00e1 i luach\u00e1lacha uileghabh\u00e1lacha n\u00e1 luach\u00e1lacha a dh\u00e9antar maidir le gn\u00f3thais f\u00f3ntais phoibl\u00ed ainmnithe \u00e1irithe sa St\u00e1t. D\u00e9antar luach\u00e1lacha uileghabh\u00e1lacha de r\u00e9ir thimthriall c\u00faig bliana mar a fhor\u00e1iltear le halt 53(6) den Acht Luach\u00e1la 2001, arna leas\u00fa leis an Acht Luach\u00e1la (Leas\u00fa) 2015. Baintear \u00fas\u00e1id as pr\u00f3iseas na luach\u00e1la uileghabh\u00e1la\u00ed i ndl\u00edns\u00ed eile [&hellip;]<\/p>\n","protected":false},"author":2,"featured_media":0,"parent":8992,"menu_order":0,"comment_status":"closed","ping_status":"closed","template":"","meta":{"site-sidebar-layout":"default","site-content-layout":"","ast-site-content-layout":"default","site-content-style":"default","site-sidebar-style":"default","ast-global-header-display":"","ast-banner-title-visibility":"","ast-main-header-display":"","ast-hfb-above-header-display":"","ast-hfb-below-header-display":"","ast-hfb-mobile-header-display":"","site-post-title":"","ast-breadcrumbs-content":"","ast-featured-img":"","footer-sml-layout":"","ast-disable-related-posts":"","theme-transparent-header-meta":"","adv-header-id-meta":"","stick-header-meta":"","header-above-stick-meta":"","header-main-stick-meta":"","header-below-stick-meta":"","astra-migrate-meta-layouts":"default","ast-page-background-enabled":"default","ast-page-background-meta":{"desktop":{"background-color":"var(--ast-global-color-4)","background-image":"","background-repeat":"repeat","background-position":"center center","background-size":"auto","background-attachment":"scroll","background-type":"","background-media":"","overlay-type":"","overlay-color":"","overlay-opacity":"","overlay-gradient":""},"tablet":{"background-color":"","background-image":"","background-repeat":"repeat","background-position":"center center","background-size":"auto","background-attachment":"scroll","background-type":"","background-media":"","overlay-type":"","overlay-color":"","overlay-opacity":"","overlay-gradient":""},"mobile":{"background-color":"","background-image":"","background-repeat":"repeat","background-position":"center center","background-size":"auto","background-attachment":"scroll","background-type":"","background-media":"","overlay-type":"","overlay-color":"","overlay-opacity":"","overlay-gradient":""}},"ast-content-background-meta":{"desktop":{"background-color":"var(--ast-global-color-5)","background-image":"","background-repeat":"repeat","background-position":"center center","background-size":"auto","background-attachment":"scroll","background-type":"","background-media":"","overlay-type":"","overlay-color":"","overlay-opacity":"","overlay-gradient":""},"tablet":{"background-color":"var(--ast-global-color-5)","background-image":"","background-repeat":"repeat","background-position":"center center","background-size":"auto","background-attachment":"scroll","background-type":"","background-media":"","overlay-type":"","overlay-color":"","overlay-opacity":"","overlay-gradient":""},"mobile":{"background-color":"var(--ast-global-color-5)","background-image":"","background-repeat":"repeat","background-position":"center center","background-size":"auto","background-attachment":"scroll","background-type":"","background-media":"","overlay-type":"","overlay-color":"","overlay-opacity":"","overlay-gradient":""}},"footnotes":""},"class_list":["post-9011","page","type-page","status-publish","hentry"],"yoast_head":"<!-- This site is optimized with the Yoast SEO plugin v27.3 - https:\/\/yoast.com\/product\/yoast-seo-wordpress\/ -->\n<title>Luach\u00e1il Uileghabh\u00e1lach - An Binse Luach\u00e1la<\/title>\n<meta name=\"robots\" content=\"index, follow, max-snippet:-1, max-image-preview:large, max-video-preview:-1\" \/>\n<link rel=\"canonical\" href=\"https:\/\/www.valuationtribunal.ie\/ga\/cinealacha-achomhairc\/luachail-uileghabhalach\/\" \/>\n<meta property=\"og:locale\" content=\"ga_IE\" \/>\n<meta property=\"og:type\" content=\"article\" \/>\n<meta property=\"og:title\" content=\"Luach\u00e1il Uileghabh\u00e1lach - An Binse Luach\u00e1la\" \/>\n<meta property=\"og:description\" content=\"Is \u00e9 at\u00e1 i luach\u00e1lacha uileghabh\u00e1lacha n\u00e1 luach\u00e1lacha a dh\u00e9antar maidir le gn\u00f3thais f\u00f3ntais phoibl\u00ed ainmnithe \u00e1irithe sa St\u00e1t. D\u00e9antar luach\u00e1lacha uileghabh\u00e1lacha de r\u00e9ir thimthriall c\u00faig bliana mar a fhor\u00e1iltear le halt 53(6) den Acht Luach\u00e1la 2001, arna leas\u00fa leis an Acht Luach\u00e1la (Leas\u00fa) 2015. Baintear \u00fas\u00e1id as pr\u00f3iseas na luach\u00e1la uileghabh\u00e1la\u00ed i ndl\u00edns\u00ed eile [&hellip;]\" \/>\n<meta property=\"og:url\" content=\"https:\/\/www.valuationtribunal.ie\/ga\/cinealacha-achomhairc\/luachail-uileghabhalach\/\" \/>\n<meta property=\"og:site_name\" content=\"An Binse Luach\u00e1la\" \/>\n<meta property=\"article:modified_time\" content=\"2023-05-05T16:02:35+00:00\" \/>\n<meta name=\"twitter:label1\" content=\"Est. reading time\" \/>\n\t<meta name=\"twitter:data1\" content=\"2 minutes\" \/>\n<script type=\"application\/ld+json\" class=\"yoast-schema-graph\">{\"@context\":\"https:\\\/\\\/schema.org\",\"@graph\":[{\"@type\":\"WebPage\",\"@id\":\"https:\\\/\\\/www.valuationtribunal.ie\\\/ga\\\/cinealacha-achomhairc\\\/luachail-uileghabhalach\\\/\",\"url\":\"https:\\\/\\\/www.valuationtribunal.ie\\\/ga\\\/cinealacha-achomhairc\\\/luachail-uileghabhalach\\\/\",\"name\":\"Luach\u00e1il Uileghabh\u00e1lach - An Binse Luach\u00e1la\",\"isPartOf\":{\"@id\":\"https:\\\/\\\/vt.fusio.dev\\\/#website\"},\"datePublished\":\"2018-12-06T09:48:50+00:00\",\"dateModified\":\"2023-05-05T16:02:35+00:00\",\"breadcrumb\":{\"@id\":\"https:\\\/\\\/www.valuationtribunal.ie\\\/ga\\\/cinealacha-achomhairc\\\/luachail-uileghabhalach\\\/#breadcrumb\"},\"inLanguage\":\"ga-IE\",\"potentialAction\":[{\"@type\":\"ReadAction\",\"target\":[\"https:\\\/\\\/www.valuationtribunal.ie\\\/ga\\\/cinealacha-achomhairc\\\/luachail-uileghabhalach\\\/\"]}]},{\"@type\":\"BreadcrumbList\",\"@id\":\"https:\\\/\\\/www.valuationtribunal.ie\\\/ga\\\/cinealacha-achomhairc\\\/luachail-uileghabhalach\\\/#breadcrumb\",\"itemListElement\":[{\"@type\":\"ListItem\",\"position\":1,\"name\":\"Home\",\"item\":\"https:\\\/\\\/www.valuationtribunal.ie\\\/ga\\\/\"},{\"@type\":\"ListItem\",\"position\":2,\"name\":\"Cine\u00e1lacha Achomhairc\",\"item\":\"https:\\\/\\\/vt.fusio.dev\\\/ga\\\/cinealacha-achomhairc\\\/\"},{\"@type\":\"ListItem\",\"position\":3,\"name\":\"Luach\u00e1il Uileghabh\u00e1lach\"}]},{\"@type\":\"WebSite\",\"@id\":\"https:\\\/\\\/vt.fusio.dev\\\/#website\",\"url\":\"https:\\\/\\\/vt.fusio.dev\\\/\",\"name\":\"An Binse Luach\u00e1la\",\"description\":\"\",\"publisher\":{\"@id\":\"https:\\\/\\\/vt.fusio.dev\\\/#organization\"},\"potentialAction\":[{\"@type\":\"SearchAction\",\"target\":{\"@type\":\"EntryPoint\",\"urlTemplate\":\"https:\\\/\\\/vt.fusio.dev\\\/?s={search_term_string}\"},\"query-input\":{\"@type\":\"PropertyValueSpecification\",\"valueRequired\":true,\"valueName\":\"search_term_string\"}}],\"inLanguage\":\"ga-IE\"},{\"@type\":\"Organization\",\"@id\":\"https:\\\/\\\/vt.fusio.dev\\\/#organization\",\"name\":\"An Binse Luach\u00e1la\",\"url\":\"https:\\\/\\\/vt.fusio.dev\\\/\",\"logo\":{\"@type\":\"ImageObject\",\"inLanguage\":\"ga-IE\",\"@id\":\"https:\\\/\\\/vt.fusio.dev\\\/#\\\/schema\\\/logo\\\/image\\\/\",\"url\":\"https:\\\/\\\/www.valuationtribunal.ie\\\/wp-content\\\/uploads\\\/2017\\\/06\\\/Valuation-Tribunal-Logo-250.jpg\",\"contentUrl\":\"https:\\\/\\\/www.valuationtribunal.ie\\\/wp-content\\\/uploads\\\/2017\\\/06\\\/Valuation-Tribunal-Logo-250.jpg\",\"width\":250,\"height\":72,\"caption\":\"An Binse Luach\u00e1la\"},\"image\":{\"@id\":\"https:\\\/\\\/vt.fusio.dev\\\/#\\\/schema\\\/logo\\\/image\\\/\"}}]}<\/script>\n<!-- \/ Yoast SEO plugin. -->","yoast_head_json":{"title":"Luach\u00e1il Uileghabh\u00e1lach - An Binse Luach\u00e1la","robots":{"index":"index","follow":"follow","max-snippet":"max-snippet:-1","max-image-preview":"max-image-preview:large","max-video-preview":"max-video-preview:-1"},"canonical":"https:\/\/www.valuationtribunal.ie\/ga\/cinealacha-achomhairc\/luachail-uileghabhalach\/","og_locale":"ga_IE","og_type":"article","og_title":"Luach\u00e1il Uileghabh\u00e1lach - An Binse Luach\u00e1la","og_description":"Is \u00e9 at\u00e1 i luach\u00e1lacha uileghabh\u00e1lacha n\u00e1 luach\u00e1lacha a dh\u00e9antar maidir le gn\u00f3thais f\u00f3ntais phoibl\u00ed ainmnithe \u00e1irithe sa St\u00e1t. D\u00e9antar luach\u00e1lacha uileghabh\u00e1lacha de r\u00e9ir thimthriall c\u00faig bliana mar a fhor\u00e1iltear le halt 53(6) den Acht Luach\u00e1la 2001, arna leas\u00fa leis an Acht Luach\u00e1la (Leas\u00fa) 2015. Baintear \u00fas\u00e1id as pr\u00f3iseas na luach\u00e1la uileghabh\u00e1la\u00ed i ndl\u00edns\u00ed eile [&hellip;]","og_url":"https:\/\/www.valuationtribunal.ie\/ga\/cinealacha-achomhairc\/luachail-uileghabhalach\/","og_site_name":"An Binse Luach\u00e1la","article_modified_time":"2023-05-05T16:02:35+00:00","twitter_misc":{"Est. reading time":"2 minutes"},"schema":{"@context":"https:\/\/schema.org","@graph":[{"@type":"WebPage","@id":"https:\/\/www.valuationtribunal.ie\/ga\/cinealacha-achomhairc\/luachail-uileghabhalach\/","url":"https:\/\/www.valuationtribunal.ie\/ga\/cinealacha-achomhairc\/luachail-uileghabhalach\/","name":"Luach\u00e1il Uileghabh\u00e1lach - An Binse Luach\u00e1la","isPartOf":{"@id":"https:\/\/vt.fusio.dev\/#website"},"datePublished":"2018-12-06T09:48:50+00:00","dateModified":"2023-05-05T16:02:35+00:00","breadcrumb":{"@id":"https:\/\/www.valuationtribunal.ie\/ga\/cinealacha-achomhairc\/luachail-uileghabhalach\/#breadcrumb"},"inLanguage":"ga-IE","potentialAction":[{"@type":"ReadAction","target":["https:\/\/www.valuationtribunal.ie\/ga\/cinealacha-achomhairc\/luachail-uileghabhalach\/"]}]},{"@type":"BreadcrumbList","@id":"https:\/\/www.valuationtribunal.ie\/ga\/cinealacha-achomhairc\/luachail-uileghabhalach\/#breadcrumb","itemListElement":[{"@type":"ListItem","position":1,"name":"Home","item":"https:\/\/www.valuationtribunal.ie\/ga\/"},{"@type":"ListItem","position":2,"name":"Cine\u00e1lacha Achomhairc","item":"https:\/\/vt.fusio.dev\/ga\/cinealacha-achomhairc\/"},{"@type":"ListItem","position":3,"name":"Luach\u00e1il Uileghabh\u00e1lach"}]},{"@type":"WebSite","@id":"https:\/\/vt.fusio.dev\/#website","url":"https:\/\/vt.fusio.dev\/","name":"An Binse Luach\u00e1la","description":"","publisher":{"@id":"https:\/\/vt.fusio.dev\/#organization"},"potentialAction":[{"@type":"SearchAction","target":{"@type":"EntryPoint","urlTemplate":"https:\/\/vt.fusio.dev\/?s={search_term_string}"},"query-input":{"@type":"PropertyValueSpecification","valueRequired":true,"valueName":"search_term_string"}}],"inLanguage":"ga-IE"},{"@type":"Organization","@id":"https:\/\/vt.fusio.dev\/#organization","name":"An Binse Luach\u00e1la","url":"https:\/\/vt.fusio.dev\/","logo":{"@type":"ImageObject","inLanguage":"ga-IE","@id":"https:\/\/vt.fusio.dev\/#\/schema\/logo\/image\/","url":"https:\/\/www.valuationtribunal.ie\/wp-content\/uploads\/2017\/06\/Valuation-Tribunal-Logo-250.jpg","contentUrl":"https:\/\/www.valuationtribunal.ie\/wp-content\/uploads\/2017\/06\/Valuation-Tribunal-Logo-250.jpg","width":250,"height":72,"caption":"An Binse Luach\u00e1la"},"image":{"@id":"https:\/\/vt.fusio.dev\/#\/schema\/logo\/image\/"}}]}},"_links":{"self":[{"href":"https:\/\/www.valuationtribunal.ie\/ga\/wp-json\/wp\/v2\/pages\/9011","targetHints":{"allow":["GET"]}}],"collection":[{"href":"https:\/\/www.valuationtribunal.ie\/ga\/wp-json\/wp\/v2\/pages"}],"about":[{"href":"https:\/\/www.valuationtribunal.ie\/ga\/wp-json\/wp\/v2\/types\/page"}],"author":[{"embeddable":true,"href":"https:\/\/www.valuationtribunal.ie\/ga\/wp-json\/wp\/v2\/users\/2"}],"replies":[{"embeddable":true,"href":"https:\/\/www.valuationtribunal.ie\/ga\/wp-json\/wp\/v2\/comments?post=9011"}],"version-history":[{"count":1,"href":"https:\/\/www.valuationtribunal.ie\/ga\/wp-json\/wp\/v2\/pages\/9011\/revisions"}],"predecessor-version":[{"id":9012,"href":"https:\/\/www.valuationtribunal.ie\/ga\/wp-json\/wp\/v2\/pages\/9011\/revisions\/9012"}],"up":[{"embeddable":true,"href":"https:\/\/www.valuationtribunal.ie\/ga\/wp-json\/wp\/v2\/pages\/8992"}],"wp:attachment":[{"href":"https:\/\/www.valuationtribunal.ie\/ga\/wp-json\/wp\/v2\/media?parent=9011"}],"curies":[{"name":"wp","href":"https:\/\/api.w.org\/{rel}","templated":true}]}}