
{"id":9009,"date":"2017-12-01T13:41:41","date_gmt":"2017-12-01T13:41:41","guid":{"rendered":"https:\/\/www.valuationtribunal.ie\/cinealacha-achomhairc\/laithreain-fholmha\/"},"modified":"2023-05-05T16:02:35","modified_gmt":"2023-05-05T16:02:35","slug":"laithreain-fholmha","status":"publish","type":"page","link":"https:\/\/www.valuationtribunal.ie\/ga\/cinealacha-achomhairc\/laithreain-fholmha\/","title":{"rendered":"L\u00e1ithre\u00e1in Fholmha"},"content":{"rendered":"\n<p>Is f\u00e9idir le h\u00fain\u00e9ir L\u00e1ithre\u00e1in Fholaimh achomharc a dh\u00e9anamh chuig an mBinse Luach\u00e1la i gcoinne chinneadh an \u00fadar\u00e1is \u00e1iti\u00fail i leith mhargadhluach an l\u00e1ithre\u00e1in sin.<\/p>\n\n<ul class=\"wp-block-list\"><li>De r\u00e9ir alt 13(1) den Acht um Athbheochan Uirbeach agus Tithe, 2015, is f\u00e9idir le h\u00fain\u00e9ir tal\u00fan uirb\u00ed achomharc a dh\u00e9anamh chuig an mBinse Luach\u00e1la i gcoinne cinneadh a dh\u00e9anann \u00dadar\u00e1s \u00c1iti\u00fail maidir le margadhluach l\u00e1ithre\u00e1in faoin Acht.<\/li><li>T\u00e1 s\u00e9 de chumhacht ag an mBinse d\u00e9ile\u00e1il le cinneadh an mhargadhluacha faoin Acht seo, agus leis sin amh\u00e1in, d\u2019fhonn an tobhach l\u00e1ithre\u00e1n tr\u00e9igthe a fhorchuireann an t-\u00fadar\u00e1s \u00e1iti\u00fail a r\u00edomh.<\/li><li>N\u00edl cumhacht aige d\u00e9ile\u00e1il le haon saincheisteanna eile a \u00e9ir\u00edonn idir na p\u00e1irtithe.<\/li><li>N\u00ed \u00e1bhar \u00e9 a bh\u00edonn le cinneadh ag an mBinse an cheist i dtaobh ar comhl\u00edonadh ceanglais an Achta i nd\u00e1il le taifeadadh l\u00e1ithre\u00e1n i gCl\u00e1r na L\u00e1ithre\u00e1n Folamh.<\/li><li>N\u00edl cumhacht ag an mBinse chun breithni\u00fa a dh\u00e9anamh ar thuairim\u00ed \u00fain\u00e9ara maoine agus \u00fadar\u00e1is \u00e1iti\u00fail faoi c\u00e9 acu at\u00e1 n\u00f3 nach bhfuil l\u00e1ithre\u00e1n ar leith folamh. Is \u00e1bhar \u00e9 sin at\u00e1 le r\u00e9iteach ag an \u00fain\u00e9ir maoine agus ag an \u00fadar\u00e1s \u00e1iti\u00fail eatarthu f\u00e9in agus n\u00edl aon r\u00f3l ag an mBinse maidir leis.<\/li><\/ul>\n\n<p>For further information regarding making appeals to the Tribunal in relation to\u00a0Vacant Sites,\u00a0<a href=\"https:\/\/www.valuationtribunal.ie\/making-an-appeal\/making-vacant-site-appeal\/\"><strong>click here<\/strong><\/a><\/p>\n","protected":false},"excerpt":{"rendered":"<p>Is f\u00e9idir le h\u00fain\u00e9ir L\u00e1ithre\u00e1in Fholaimh achomharc a dh\u00e9anamh chuig an mBinse Luach\u00e1la i gcoinne chinneadh an \u00fadar\u00e1is \u00e1iti\u00fail i leith mhargadhluach an l\u00e1ithre\u00e1in sin. De r\u00e9ir alt 13(1) den Acht um Athbheochan Uirbeach agus Tithe, 2015, is f\u00e9idir le h\u00fain\u00e9ir tal\u00fan uirb\u00ed achomharc a dh\u00e9anamh chuig an mBinse Luach\u00e1la i gcoinne cinneadh a dh\u00e9anann [&hellip;]<\/p>\n","protected":false},"author":88,"featured_media":0,"parent":8992,"menu_order":0,"comment_status":"closed","ping_status":"closed","template":"","meta":{"site-sidebar-layout":"default","site-content-layout":"","ast-site-content-layout":"default","site-content-style":"default","site-sidebar-style":"default","ast-global-header-display":"","ast-banner-title-visibility":"","ast-main-header-display":"","ast-hfb-above-header-display":"","ast-hfb-below-header-display":"","ast-hfb-mobile-header-display":"","site-post-title":"","ast-breadcrumbs-content":"","ast-featured-img":"","footer-sml-layout":"","ast-disable-related-posts":"","theme-transparent-header-meta":"","adv-header-id-meta":"","stick-header-meta":"","header-above-stick-meta":"","header-main-stick-meta":"","header-below-stick-meta":"","astra-migrate-meta-layouts":"default","ast-page-background-enabled":"default","ast-page-background-meta":{"desktop":{"background-color":"var(--ast-global-color-4)","background-image":"","background-repeat":"repeat","background-position":"center center","background-size":"auto","background-attachment":"scroll","background-type":"","background-media":"","overlay-type":"","overlay-color":"","overlay-opacity":"","overlay-gradient":""},"tablet":{"background-color":"","background-image":"","background-repeat":"repeat","background-position":"center center","background-size":"auto","background-attachment":"scroll","background-type":"","background-media":"","overlay-type":"","overlay-color":"","overlay-opacity":"","overlay-gradient":""},"mobile":{"background-color":"","background-image":"","background-repeat":"repeat","background-position":"center center","background-size":"auto","background-attachment":"scroll","background-type":"","background-media":"","overlay-type":"","overlay-color":"","overlay-opacity":"","overlay-gradient":""}},"ast-content-background-meta":{"desktop":{"background-color":"var(--ast-global-color-5)","background-image":"","background-repeat":"repeat","background-position":"center center","background-size":"auto","background-attachment":"scroll","background-type":"","background-media":"","overlay-type":"","overlay-color":"","overlay-opacity":"","overlay-gradient":""},"tablet":{"background-color":"var(--ast-global-color-5)","background-image":"","background-repeat":"repeat","background-position":"center center","background-size":"auto","background-attachment":"scroll","background-type":"","background-media":"","overlay-type":"","overlay-color":"","overlay-opacity":"","overlay-gradient":""},"mobile":{"background-color":"var(--ast-global-color-5)","background-image":"","background-repeat":"repeat","background-position":"center center","background-size":"auto","background-attachment":"scroll","background-type":"","background-media":"","overlay-type":"","overlay-color":"","overlay-opacity":"","overlay-gradient":""}},"footnotes":""},"class_list":["post-9009","page","type-page","status-publish","hentry"],"yoast_head":"<!-- This site is optimized with the Yoast SEO plugin v27.3 - https:\/\/yoast.com\/product\/yoast-seo-wordpress\/ -->\n<title>L\u00e1ithre\u00e1in Fholmha - An Binse Luach\u00e1la<\/title>\n<meta name=\"robots\" content=\"index, follow, max-snippet:-1, max-image-preview:large, max-video-preview:-1\" \/>\n<link rel=\"canonical\" href=\"https:\/\/www.valuationtribunal.ie\/ga\/cinealacha-achomhairc\/laithreain-fholmha\/\" \/>\n<meta property=\"og:locale\" content=\"ga_IE\" \/>\n<meta property=\"og:type\" content=\"article\" \/>\n<meta property=\"og:title\" content=\"L\u00e1ithre\u00e1in Fholmha - An Binse Luach\u00e1la\" \/>\n<meta property=\"og:description\" content=\"Is f\u00e9idir le h\u00fain\u00e9ir L\u00e1ithre\u00e1in Fholaimh achomharc a dh\u00e9anamh chuig an mBinse Luach\u00e1la i gcoinne chinneadh an \u00fadar\u00e1is \u00e1iti\u00fail i leith mhargadhluach an l\u00e1ithre\u00e1in sin. De r\u00e9ir alt 13(1) den Acht um Athbheochan Uirbeach agus Tithe, 2015, is f\u00e9idir le h\u00fain\u00e9ir tal\u00fan uirb\u00ed achomharc a dh\u00e9anamh chuig an mBinse Luach\u00e1la i gcoinne cinneadh a dh\u00e9anann [&hellip;]\" \/>\n<meta property=\"og:url\" content=\"https:\/\/www.valuationtribunal.ie\/ga\/cinealacha-achomhairc\/laithreain-fholmha\/\" \/>\n<meta property=\"og:site_name\" content=\"An Binse Luach\u00e1la\" \/>\n<meta property=\"article:modified_time\" content=\"2023-05-05T16:02:35+00:00\" \/>\n<meta name=\"twitter:label1\" content=\"Est. reading time\" \/>\n\t<meta name=\"twitter:data1\" content=\"1 minute\" \/>\n<script type=\"application\/ld+json\" class=\"yoast-schema-graph\">{\"@context\":\"https:\\\/\\\/schema.org\",\"@graph\":[{\"@type\":\"WebPage\",\"@id\":\"https:\\\/\\\/www.valuationtribunal.ie\\\/ga\\\/cinealacha-achomhairc\\\/laithreain-fholmha\\\/\",\"url\":\"https:\\\/\\\/www.valuationtribunal.ie\\\/ga\\\/cinealacha-achomhairc\\\/laithreain-fholmha\\\/\",\"name\":\"L\u00e1ithre\u00e1in Fholmha - An Binse Luach\u00e1la\",\"isPartOf\":{\"@id\":\"https:\\\/\\\/vt.fusio.dev\\\/#website\"},\"datePublished\":\"2017-12-01T13:41:41+00:00\",\"dateModified\":\"2023-05-05T16:02:35+00:00\",\"breadcrumb\":{\"@id\":\"https:\\\/\\\/www.valuationtribunal.ie\\\/ga\\\/cinealacha-achomhairc\\\/laithreain-fholmha\\\/#breadcrumb\"},\"inLanguage\":\"ga-IE\",\"potentialAction\":[{\"@type\":\"ReadAction\",\"target\":[\"https:\\\/\\\/www.valuationtribunal.ie\\\/ga\\\/cinealacha-achomhairc\\\/laithreain-fholmha\\\/\"]}]},{\"@type\":\"BreadcrumbList\",\"@id\":\"https:\\\/\\\/www.valuationtribunal.ie\\\/ga\\\/cinealacha-achomhairc\\\/laithreain-fholmha\\\/#breadcrumb\",\"itemListElement\":[{\"@type\":\"ListItem\",\"position\":1,\"name\":\"Home\",\"item\":\"https:\\\/\\\/www.valuationtribunal.ie\\\/ga\\\/\"},{\"@type\":\"ListItem\",\"position\":2,\"name\":\"Cine\u00e1lacha Achomhairc\",\"item\":\"https:\\\/\\\/vt.fusio.dev\\\/ga\\\/cinealacha-achomhairc\\\/\"},{\"@type\":\"ListItem\",\"position\":3,\"name\":\"L\u00e1ithre\u00e1in Fholmha\"}]},{\"@type\":\"WebSite\",\"@id\":\"https:\\\/\\\/vt.fusio.dev\\\/#website\",\"url\":\"https:\\\/\\\/vt.fusio.dev\\\/\",\"name\":\"An Binse Luach\u00e1la\",\"description\":\"\",\"publisher\":{\"@id\":\"https:\\\/\\\/vt.fusio.dev\\\/#organization\"},\"potentialAction\":[{\"@type\":\"SearchAction\",\"target\":{\"@type\":\"EntryPoint\",\"urlTemplate\":\"https:\\\/\\\/vt.fusio.dev\\\/?s={search_term_string}\"},\"query-input\":{\"@type\":\"PropertyValueSpecification\",\"valueRequired\":true,\"valueName\":\"search_term_string\"}}],\"inLanguage\":\"ga-IE\"},{\"@type\":\"Organization\",\"@id\":\"https:\\\/\\\/vt.fusio.dev\\\/#organization\",\"name\":\"An Binse Luach\u00e1la\",\"url\":\"https:\\\/\\\/vt.fusio.dev\\\/\",\"logo\":{\"@type\":\"ImageObject\",\"inLanguage\":\"ga-IE\",\"@id\":\"https:\\\/\\\/vt.fusio.dev\\\/#\\\/schema\\\/logo\\\/image\\\/\",\"url\":\"https:\\\/\\\/www.valuationtribunal.ie\\\/wp-content\\\/uploads\\\/2017\\\/06\\\/Valuation-Tribunal-Logo-250.jpg\",\"contentUrl\":\"https:\\\/\\\/www.valuationtribunal.ie\\\/wp-content\\\/uploads\\\/2017\\\/06\\\/Valuation-Tribunal-Logo-250.jpg\",\"width\":250,\"height\":72,\"caption\":\"An Binse Luach\u00e1la\"},\"image\":{\"@id\":\"https:\\\/\\\/vt.fusio.dev\\\/#\\\/schema\\\/logo\\\/image\\\/\"}}]}<\/script>\n<!-- \/ Yoast SEO plugin. -->","yoast_head_json":{"title":"L\u00e1ithre\u00e1in Fholmha - An Binse Luach\u00e1la","robots":{"index":"index","follow":"follow","max-snippet":"max-snippet:-1","max-image-preview":"max-image-preview:large","max-video-preview":"max-video-preview:-1"},"canonical":"https:\/\/www.valuationtribunal.ie\/ga\/cinealacha-achomhairc\/laithreain-fholmha\/","og_locale":"ga_IE","og_type":"article","og_title":"L\u00e1ithre\u00e1in Fholmha - An Binse Luach\u00e1la","og_description":"Is f\u00e9idir le h\u00fain\u00e9ir L\u00e1ithre\u00e1in Fholaimh achomharc a dh\u00e9anamh chuig an mBinse Luach\u00e1la i gcoinne chinneadh an \u00fadar\u00e1is \u00e1iti\u00fail i leith mhargadhluach an l\u00e1ithre\u00e1in sin. De r\u00e9ir alt 13(1) den Acht um Athbheochan Uirbeach agus Tithe, 2015, is f\u00e9idir le h\u00fain\u00e9ir tal\u00fan uirb\u00ed achomharc a dh\u00e9anamh chuig an mBinse Luach\u00e1la i gcoinne cinneadh a dh\u00e9anann [&hellip;]","og_url":"https:\/\/www.valuationtribunal.ie\/ga\/cinealacha-achomhairc\/laithreain-fholmha\/","og_site_name":"An Binse Luach\u00e1la","article_modified_time":"2023-05-05T16:02:35+00:00","twitter_misc":{"Est. reading time":"1 minute"},"schema":{"@context":"https:\/\/schema.org","@graph":[{"@type":"WebPage","@id":"https:\/\/www.valuationtribunal.ie\/ga\/cinealacha-achomhairc\/laithreain-fholmha\/","url":"https:\/\/www.valuationtribunal.ie\/ga\/cinealacha-achomhairc\/laithreain-fholmha\/","name":"L\u00e1ithre\u00e1in Fholmha - An Binse Luach\u00e1la","isPartOf":{"@id":"https:\/\/vt.fusio.dev\/#website"},"datePublished":"2017-12-01T13:41:41+00:00","dateModified":"2023-05-05T16:02:35+00:00","breadcrumb":{"@id":"https:\/\/www.valuationtribunal.ie\/ga\/cinealacha-achomhairc\/laithreain-fholmha\/#breadcrumb"},"inLanguage":"ga-IE","potentialAction":[{"@type":"ReadAction","target":["https:\/\/www.valuationtribunal.ie\/ga\/cinealacha-achomhairc\/laithreain-fholmha\/"]}]},{"@type":"BreadcrumbList","@id":"https:\/\/www.valuationtribunal.ie\/ga\/cinealacha-achomhairc\/laithreain-fholmha\/#breadcrumb","itemListElement":[{"@type":"ListItem","position":1,"name":"Home","item":"https:\/\/www.valuationtribunal.ie\/ga\/"},{"@type":"ListItem","position":2,"name":"Cine\u00e1lacha Achomhairc","item":"https:\/\/vt.fusio.dev\/ga\/cinealacha-achomhairc\/"},{"@type":"ListItem","position":3,"name":"L\u00e1ithre\u00e1in Fholmha"}]},{"@type":"WebSite","@id":"https:\/\/vt.fusio.dev\/#website","url":"https:\/\/vt.fusio.dev\/","name":"An Binse Luach\u00e1la","description":"","publisher":{"@id":"https:\/\/vt.fusio.dev\/#organization"},"potentialAction":[{"@type":"SearchAction","target":{"@type":"EntryPoint","urlTemplate":"https:\/\/vt.fusio.dev\/?s={search_term_string}"},"query-input":{"@type":"PropertyValueSpecification","valueRequired":true,"valueName":"search_term_string"}}],"inLanguage":"ga-IE"},{"@type":"Organization","@id":"https:\/\/vt.fusio.dev\/#organization","name":"An Binse Luach\u00e1la","url":"https:\/\/vt.fusio.dev\/","logo":{"@type":"ImageObject","inLanguage":"ga-IE","@id":"https:\/\/vt.fusio.dev\/#\/schema\/logo\/image\/","url":"https:\/\/www.valuationtribunal.ie\/wp-content\/uploads\/2017\/06\/Valuation-Tribunal-Logo-250.jpg","contentUrl":"https:\/\/www.valuationtribunal.ie\/wp-content\/uploads\/2017\/06\/Valuation-Tribunal-Logo-250.jpg","width":250,"height":72,"caption":"An Binse Luach\u00e1la"},"image":{"@id":"https:\/\/vt.fusio.dev\/#\/schema\/logo\/image\/"}}]}},"_links":{"self":[{"href":"https:\/\/www.valuationtribunal.ie\/ga\/wp-json\/wp\/v2\/pages\/9009","targetHints":{"allow":["GET"]}}],"collection":[{"href":"https:\/\/www.valuationtribunal.ie\/ga\/wp-json\/wp\/v2\/pages"}],"about":[{"href":"https:\/\/www.valuationtribunal.ie\/ga\/wp-json\/wp\/v2\/types\/page"}],"author":[{"embeddable":true,"href":"https:\/\/www.valuationtribunal.ie\/ga\/wp-json\/wp\/v2\/users\/88"}],"replies":[{"embeddable":true,"href":"https:\/\/www.valuationtribunal.ie\/ga\/wp-json\/wp\/v2\/comments?post=9009"}],"version-history":[{"count":2,"href":"https:\/\/www.valuationtribunal.ie\/ga\/wp-json\/wp\/v2\/pages\/9009\/revisions"}],"predecessor-version":[{"id":12799,"href":"https:\/\/www.valuationtribunal.ie\/ga\/wp-json\/wp\/v2\/pages\/9009\/revisions\/12799"}],"up":[{"embeddable":true,"href":"https:\/\/www.valuationtribunal.ie\/ga\/wp-json\/wp\/v2\/pages\/8992"}],"wp:attachment":[{"href":"https:\/\/www.valuationtribunal.ie\/ga\/wp-json\/wp\/v2\/media?parent=9009"}],"curies":[{"name":"wp","href":"https:\/\/api.w.org\/{rel}","templated":true}]}}