
{"id":8998,"date":"2017-10-20T20:01:31","date_gmt":"2017-10-20T20:01:31","guid":{"rendered":"https:\/\/www.valuationtribunal.ie\/cinealacha-achomhairc\/athbhreithniu\/"},"modified":"2023-05-05T16:02:35","modified_gmt":"2023-05-05T16:02:35","slug":"athbhreithniu","status":"publish","type":"page","link":"https:\/\/www.valuationtribunal.ie\/ga\/cinealacha-achomhairc\/athbhreithniu\/","title":{"rendered":"Athbhreithni\u00fa"},"content":{"rendered":"\n<p>Is \u00e9 at\u00e1 in \u201cAthbhreithni\u00fa\u201d n\u00e1 an modh ina bhf\u00e9adtar luach\u00e1il maoin ar leith a mheas idir athluach\u00e1lacha limist\u00e9ar an \u00fadar\u00e1is r\u00e1t\u00fach\u00e1in ioml\u00e1in ina bhfuil an mhaoin sin suite. T\u00e1 an reachta\u00edocht lena riala\u00edtear luach\u00e1lacha leagtha amach i gCuid 6 de na hAchtanna Luach\u00e1la 2001 &#8211; 2015 (arna leas\u00fa).<\/p>\n\n<p>F\u00e9adfaidh \u00e1ititheoir maoine, sealbh\u00f3ir leasa sa mhaoin sin, n\u00f3 an t\u00dadar\u00e1s \u00c1iti\u00fail ar ina limist\u00e9ir \u00fadar\u00e1is r\u00e1t\u00fach\u00e1in at\u00e1 an mhaoin ar leith suite iarratas a dh\u00e9anamh chuig an gCoimisin\u00e9ir Luach\u00e1la chun luach\u00e1il maoine a chur \u00e1 hathbhreithni\u00fa. D\u2019fh\u00e9adfadh s\u00e9 gurb \u00e9 a leanfadh as iarratas ar Athbhreithni\u00fa n\u00e1 m\u00e9ad\u00fa n\u00f3 laghd\u00fa ar an luach\u00e1il n\u00f3 an luach\u00e1il a fh\u00e1g\u00e1il gan athr\u00fa. T\u00e1 forais an-sonrach ann nach m\u00f3r iad a chomhl\u00edonadh sular f\u00e9idir luach\u00e1il a athbhreithni\u00fa, ar forais iad at\u00e1 leagtha amach sa reachta\u00edocht.<\/p>\n\n<p>For detailed information regarding making appeals to the Tribunal in relation to Revision, <a href=\"https:\/\/www.valuationtribunal.ie\/making-an-appeal\/making-revision-appeal\/\"><strong>click here<\/strong><\/a><\/p>\n","protected":false},"excerpt":{"rendered":"<p>Is \u00e9 at\u00e1 in \u201cAthbhreithni\u00fa\u201d n\u00e1 an modh ina bhf\u00e9adtar luach\u00e1il maoin ar leith a mheas idir athluach\u00e1lacha limist\u00e9ar an \u00fadar\u00e1is r\u00e1t\u00fach\u00e1in ioml\u00e1in ina bhfuil an mhaoin sin suite. T\u00e1 an reachta\u00edocht lena riala\u00edtear luach\u00e1lacha leagtha amach i gCuid 6 de na hAchtanna Luach\u00e1la 2001 &#8211; 2015 (arna leas\u00fa). F\u00e9adfaidh \u00e1ititheoir maoine, sealbh\u00f3ir leasa sa [&hellip;]<\/p>\n","protected":false},"author":2,"featured_media":0,"parent":8992,"menu_order":0,"comment_status":"closed","ping_status":"closed","template":"","meta":{"site-sidebar-layout":"default","site-content-layout":"","ast-site-content-layout":"default","site-content-style":"default","site-sidebar-style":"default","ast-global-header-display":"","ast-banner-title-visibility":"","ast-main-header-display":"","ast-hfb-above-header-display":"","ast-hfb-below-header-display":"","ast-hfb-mobile-header-display":"","site-post-title":"","ast-breadcrumbs-content":"","ast-featured-img":"","footer-sml-layout":"","ast-disable-related-posts":"","theme-transparent-header-meta":"","adv-header-id-meta":"","stick-header-meta":"","header-above-stick-meta":"","header-main-stick-meta":"","header-below-stick-meta":"","astra-migrate-meta-layouts":"default","ast-page-background-enabled":"default","ast-page-background-meta":{"desktop":{"background-color":"var(--ast-global-color-4)","background-image":"","background-repeat":"repeat","background-position":"center center","background-size":"auto","background-attachment":"scroll","background-type":"","background-media":"","overlay-type":"","overlay-color":"","overlay-opacity":"","overlay-gradient":""},"tablet":{"background-color":"","background-image":"","background-repeat":"repeat","background-position":"center center","background-size":"auto","background-attachment":"scroll","background-type":"","background-media":"","overlay-type":"","overlay-color":"","overlay-opacity":"","overlay-gradient":""},"mobile":{"background-color":"","background-image":"","background-repeat":"repeat","background-position":"center center","background-size":"auto","background-attachment":"scroll","background-type":"","background-media":"","overlay-type":"","overlay-color":"","overlay-opacity":"","overlay-gradient":""}},"ast-content-background-meta":{"desktop":{"background-color":"var(--ast-global-color-5)","background-image":"","background-repeat":"repeat","background-position":"center center","background-size":"auto","background-attachment":"scroll","background-type":"","background-media":"","overlay-type":"","overlay-color":"","overlay-opacity":"","overlay-gradient":""},"tablet":{"background-color":"var(--ast-global-color-5)","background-image":"","background-repeat":"repeat","background-position":"center center","background-size":"auto","background-attachment":"scroll","background-type":"","background-media":"","overlay-type":"","overlay-color":"","overlay-opacity":"","overlay-gradient":""},"mobile":{"background-color":"var(--ast-global-color-5)","background-image":"","background-repeat":"repeat","background-position":"center center","background-size":"auto","background-attachment":"scroll","background-type":"","background-media":"","overlay-type":"","overlay-color":"","overlay-opacity":"","overlay-gradient":""}},"footnotes":""},"class_list":["post-8998","page","type-page","status-publish","hentry"],"yoast_head":"<!-- This site is optimized with the Yoast SEO plugin v27.3 - https:\/\/yoast.com\/product\/yoast-seo-wordpress\/ -->\n<title>Athbhreithni\u00fa - An Binse Luach\u00e1la<\/title>\n<meta name=\"robots\" content=\"index, follow, max-snippet:-1, max-image-preview:large, max-video-preview:-1\" \/>\n<link rel=\"canonical\" href=\"https:\/\/www.valuationtribunal.ie\/ga\/cinealacha-achomhairc\/athbhreithniu\/\" \/>\n<meta property=\"og:locale\" content=\"ga_IE\" \/>\n<meta property=\"og:type\" content=\"article\" \/>\n<meta property=\"og:title\" content=\"Athbhreithni\u00fa - An Binse Luach\u00e1la\" \/>\n<meta property=\"og:description\" content=\"Is \u00e9 at\u00e1 in \u201cAthbhreithni\u00fa\u201d n\u00e1 an modh ina bhf\u00e9adtar luach\u00e1il maoin ar leith a mheas idir athluach\u00e1lacha limist\u00e9ar an \u00fadar\u00e1is r\u00e1t\u00fach\u00e1in ioml\u00e1in ina bhfuil an mhaoin sin suite. T\u00e1 an reachta\u00edocht lena riala\u00edtear luach\u00e1lacha leagtha amach i gCuid 6 de na hAchtanna Luach\u00e1la 2001 &#8211; 2015 (arna leas\u00fa). F\u00e9adfaidh \u00e1ititheoir maoine, sealbh\u00f3ir leasa sa [&hellip;]\" \/>\n<meta property=\"og:url\" content=\"https:\/\/www.valuationtribunal.ie\/ga\/cinealacha-achomhairc\/athbhreithniu\/\" \/>\n<meta property=\"og:site_name\" content=\"An Binse Luach\u00e1la\" \/>\n<meta property=\"article:modified_time\" content=\"2023-05-05T16:02:35+00:00\" \/>\n<meta name=\"twitter:label1\" content=\"Est. reading time\" \/>\n\t<meta name=\"twitter:data1\" content=\"1 minute\" \/>\n<script type=\"application\/ld+json\" class=\"yoast-schema-graph\">{\"@context\":\"https:\\\/\\\/schema.org\",\"@graph\":[{\"@type\":\"WebPage\",\"@id\":\"https:\\\/\\\/www.valuationtribunal.ie\\\/ga\\\/cinealacha-achomhairc\\\/athbhreithniu\\\/\",\"url\":\"https:\\\/\\\/www.valuationtribunal.ie\\\/ga\\\/cinealacha-achomhairc\\\/athbhreithniu\\\/\",\"name\":\"Athbhreithni\u00fa - An Binse Luach\u00e1la\",\"isPartOf\":{\"@id\":\"https:\\\/\\\/vt.fusio.dev\\\/#website\"},\"datePublished\":\"2017-10-20T20:01:31+00:00\",\"dateModified\":\"2023-05-05T16:02:35+00:00\",\"breadcrumb\":{\"@id\":\"https:\\\/\\\/www.valuationtribunal.ie\\\/ga\\\/cinealacha-achomhairc\\\/athbhreithniu\\\/#breadcrumb\"},\"inLanguage\":\"ga-IE\",\"potentialAction\":[{\"@type\":\"ReadAction\",\"target\":[\"https:\\\/\\\/www.valuationtribunal.ie\\\/ga\\\/cinealacha-achomhairc\\\/athbhreithniu\\\/\"]}]},{\"@type\":\"BreadcrumbList\",\"@id\":\"https:\\\/\\\/www.valuationtribunal.ie\\\/ga\\\/cinealacha-achomhairc\\\/athbhreithniu\\\/#breadcrumb\",\"itemListElement\":[{\"@type\":\"ListItem\",\"position\":1,\"name\":\"Home\",\"item\":\"https:\\\/\\\/www.valuationtribunal.ie\\\/ga\\\/\"},{\"@type\":\"ListItem\",\"position\":2,\"name\":\"Cine\u00e1lacha Achomhairc\",\"item\":\"https:\\\/\\\/vt.fusio.dev\\\/ga\\\/cinealacha-achomhairc\\\/\"},{\"@type\":\"ListItem\",\"position\":3,\"name\":\"Athbhreithni\u00fa\"}]},{\"@type\":\"WebSite\",\"@id\":\"https:\\\/\\\/vt.fusio.dev\\\/#website\",\"url\":\"https:\\\/\\\/vt.fusio.dev\\\/\",\"name\":\"An Binse Luach\u00e1la\",\"description\":\"\",\"publisher\":{\"@id\":\"https:\\\/\\\/vt.fusio.dev\\\/#organization\"},\"potentialAction\":[{\"@type\":\"SearchAction\",\"target\":{\"@type\":\"EntryPoint\",\"urlTemplate\":\"https:\\\/\\\/vt.fusio.dev\\\/?s={search_term_string}\"},\"query-input\":{\"@type\":\"PropertyValueSpecification\",\"valueRequired\":true,\"valueName\":\"search_term_string\"}}],\"inLanguage\":\"ga-IE\"},{\"@type\":\"Organization\",\"@id\":\"https:\\\/\\\/vt.fusio.dev\\\/#organization\",\"name\":\"An Binse Luach\u00e1la\",\"url\":\"https:\\\/\\\/vt.fusio.dev\\\/\",\"logo\":{\"@type\":\"ImageObject\",\"inLanguage\":\"ga-IE\",\"@id\":\"https:\\\/\\\/vt.fusio.dev\\\/#\\\/schema\\\/logo\\\/image\\\/\",\"url\":\"https:\\\/\\\/www.valuationtribunal.ie\\\/wp-content\\\/uploads\\\/2017\\\/06\\\/Valuation-Tribunal-Logo-250.jpg\",\"contentUrl\":\"https:\\\/\\\/www.valuationtribunal.ie\\\/wp-content\\\/uploads\\\/2017\\\/06\\\/Valuation-Tribunal-Logo-250.jpg\",\"width\":250,\"height\":72,\"caption\":\"An Binse Luach\u00e1la\"},\"image\":{\"@id\":\"https:\\\/\\\/vt.fusio.dev\\\/#\\\/schema\\\/logo\\\/image\\\/\"}}]}<\/script>\n<!-- \/ Yoast SEO plugin. -->","yoast_head_json":{"title":"Athbhreithni\u00fa - An Binse Luach\u00e1la","robots":{"index":"index","follow":"follow","max-snippet":"max-snippet:-1","max-image-preview":"max-image-preview:large","max-video-preview":"max-video-preview:-1"},"canonical":"https:\/\/www.valuationtribunal.ie\/ga\/cinealacha-achomhairc\/athbhreithniu\/","og_locale":"ga_IE","og_type":"article","og_title":"Athbhreithni\u00fa - An Binse Luach\u00e1la","og_description":"Is \u00e9 at\u00e1 in \u201cAthbhreithni\u00fa\u201d n\u00e1 an modh ina bhf\u00e9adtar luach\u00e1il maoin ar leith a mheas idir athluach\u00e1lacha limist\u00e9ar an \u00fadar\u00e1is r\u00e1t\u00fach\u00e1in ioml\u00e1in ina bhfuil an mhaoin sin suite. T\u00e1 an reachta\u00edocht lena riala\u00edtear luach\u00e1lacha leagtha amach i gCuid 6 de na hAchtanna Luach\u00e1la 2001 &#8211; 2015 (arna leas\u00fa). F\u00e9adfaidh \u00e1ititheoir maoine, sealbh\u00f3ir leasa sa [&hellip;]","og_url":"https:\/\/www.valuationtribunal.ie\/ga\/cinealacha-achomhairc\/athbhreithniu\/","og_site_name":"An Binse Luach\u00e1la","article_modified_time":"2023-05-05T16:02:35+00:00","twitter_misc":{"Est. reading time":"1 minute"},"schema":{"@context":"https:\/\/schema.org","@graph":[{"@type":"WebPage","@id":"https:\/\/www.valuationtribunal.ie\/ga\/cinealacha-achomhairc\/athbhreithniu\/","url":"https:\/\/www.valuationtribunal.ie\/ga\/cinealacha-achomhairc\/athbhreithniu\/","name":"Athbhreithni\u00fa - An Binse Luach\u00e1la","isPartOf":{"@id":"https:\/\/vt.fusio.dev\/#website"},"datePublished":"2017-10-20T20:01:31+00:00","dateModified":"2023-05-05T16:02:35+00:00","breadcrumb":{"@id":"https:\/\/www.valuationtribunal.ie\/ga\/cinealacha-achomhairc\/athbhreithniu\/#breadcrumb"},"inLanguage":"ga-IE","potentialAction":[{"@type":"ReadAction","target":["https:\/\/www.valuationtribunal.ie\/ga\/cinealacha-achomhairc\/athbhreithniu\/"]}]},{"@type":"BreadcrumbList","@id":"https:\/\/www.valuationtribunal.ie\/ga\/cinealacha-achomhairc\/athbhreithniu\/#breadcrumb","itemListElement":[{"@type":"ListItem","position":1,"name":"Home","item":"https:\/\/www.valuationtribunal.ie\/ga\/"},{"@type":"ListItem","position":2,"name":"Cine\u00e1lacha Achomhairc","item":"https:\/\/vt.fusio.dev\/ga\/cinealacha-achomhairc\/"},{"@type":"ListItem","position":3,"name":"Athbhreithni\u00fa"}]},{"@type":"WebSite","@id":"https:\/\/vt.fusio.dev\/#website","url":"https:\/\/vt.fusio.dev\/","name":"An Binse Luach\u00e1la","description":"","publisher":{"@id":"https:\/\/vt.fusio.dev\/#organization"},"potentialAction":[{"@type":"SearchAction","target":{"@type":"EntryPoint","urlTemplate":"https:\/\/vt.fusio.dev\/?s={search_term_string}"},"query-input":{"@type":"PropertyValueSpecification","valueRequired":true,"valueName":"search_term_string"}}],"inLanguage":"ga-IE"},{"@type":"Organization","@id":"https:\/\/vt.fusio.dev\/#organization","name":"An Binse Luach\u00e1la","url":"https:\/\/vt.fusio.dev\/","logo":{"@type":"ImageObject","inLanguage":"ga-IE","@id":"https:\/\/vt.fusio.dev\/#\/schema\/logo\/image\/","url":"https:\/\/www.valuationtribunal.ie\/wp-content\/uploads\/2017\/06\/Valuation-Tribunal-Logo-250.jpg","contentUrl":"https:\/\/www.valuationtribunal.ie\/wp-content\/uploads\/2017\/06\/Valuation-Tribunal-Logo-250.jpg","width":250,"height":72,"caption":"An Binse Luach\u00e1la"},"image":{"@id":"https:\/\/vt.fusio.dev\/#\/schema\/logo\/image\/"}}]}},"_links":{"self":[{"href":"https:\/\/www.valuationtribunal.ie\/ga\/wp-json\/wp\/v2\/pages\/8998","targetHints":{"allow":["GET"]}}],"collection":[{"href":"https:\/\/www.valuationtribunal.ie\/ga\/wp-json\/wp\/v2\/pages"}],"about":[{"href":"https:\/\/www.valuationtribunal.ie\/ga\/wp-json\/wp\/v2\/types\/page"}],"author":[{"embeddable":true,"href":"https:\/\/www.valuationtribunal.ie\/ga\/wp-json\/wp\/v2\/users\/2"}],"replies":[{"embeddable":true,"href":"https:\/\/www.valuationtribunal.ie\/ga\/wp-json\/wp\/v2\/comments?post=8998"}],"version-history":[{"count":4,"href":"https:\/\/www.valuationtribunal.ie\/ga\/wp-json\/wp\/v2\/pages\/8998\/revisions"}],"predecessor-version":[{"id":12797,"href":"https:\/\/www.valuationtribunal.ie\/ga\/wp-json\/wp\/v2\/pages\/8998\/revisions\/12797"}],"up":[{"embeddable":true,"href":"https:\/\/www.valuationtribunal.ie\/ga\/wp-json\/wp\/v2\/pages\/8992"}],"wp:attachment":[{"href":"https:\/\/www.valuationtribunal.ie\/ga\/wp-json\/wp\/v2\/media?parent=8998"}],"curies":[{"name":"wp","href":"https:\/\/api.w.org\/{rel}","templated":true}]}}