
{"id":8881,"date":"2015-01-22T22:08:00","date_gmt":"2015-01-22T22:08:00","guid":{"rendered":"https:\/\/www.valuationtribunal.ie\/baile\/"},"modified":"2025-01-02T11:34:35","modified_gmt":"2025-01-02T11:34:35","slug":"baile","status":"publish","type":"page","link":"https:\/\/www.valuationtribunal.ie\/ga\/","title":{"rendered":"Baile"},"content":{"rendered":"\n<div class=\"inherit-container-width wp-block-group alignfull is-layout-constrained wp-container-core-group-is-layout-da976f36 wp-block-group-is-layout-constrained\" style=\"padding-top:0px;padding-right:0px;padding-bottom:0px;padding-left:0px\"><div class=\"n2_clear\"><ss3-force-full-width data-overflow-x=\"body\" data-horizontal-selector=\"body\"><div class=\"n2-section-smartslider fitvidsignore  n2_clear\" data-ssid=\"2\"><div id=\"n2-ss-2-align\" class=\"n2-ss-align\"><div class=\"n2-padding\"><div id=\"n2-ss-2\" data-creator=\"Smart Slider 3\" data-responsive=\"fullwidth\" class=\"n2-ss-slider n2-ow n2-has-hover n2notransition  \">\n        <div class=\"n2-ss-slider-1 n2-ow\">\n            <div class=\"n2-ss-slider-2 n2-ow\">\n                <div class=\"n2-ss-slide-backgrounds n2-ow-all\"><div class=\"n2-ss-slide-background\" data-public-id=\"1\" data-mode=\"fill\"><div data-color=\"RGBA(255,255,255,0)\" style=\"background-color: RGBA(255,255,255,0);\" class=\"n2-ss-slide-background-color\"><\/div><\/div><\/div>                <div class=\"n2-ss-slider-3 n2-ow\">\n                    <svg xmlns=\"http:\/\/www.w3.org\/2000\/svg\" viewBox=\"0 0 1200 400\" data-related-device=\"desktopPortrait\" class=\"n2-ow n2-ss-preserve-size n2-ss-preserve-size--slider n2-ss-slide-limiter\"><\/svg><div data-first=\"1\" data-slide-duration=\"0\" data-id=\"3\" data-slide-public-id=\"1\" data-title=\"Slide\" class=\"n2-ss-slide n2-ow  n2-ss-slide-3\"><div role=\"note\" class=\"n2-ss-slide--focus\" tabindex=\"-1\">Slide<\/div><div class=\"n2-ss-layers-container n2-ss-slide-limiter n2-ow\"><div class=\"n2-ss-layer n2-ow n-uc-pvMi3YBkgP58\" data-sstype=\"slide\" data-pm=\"default\"><div class=\"n2-ss-layer n2-ow n-uc-2qD0GpBQV6Nk\" data-pm=\"default\" data-sstype=\"content\" data-hasbackground=\"1\"><div class=\"n2-ss-section-main-content n2-ss-layer-with-background n2-ss-layer-content n2-ow n-uc-2qD0GpBQV6Nk-inner\"><div class=\"n2-ss-layer n2-ow n-uc-fkVrPuWPaWKu\" data-pm=\"normal\" data-sstype=\"layer\"><div class=\"n2-ss-item-content n2-ss-text n2-ow-all\"><div class=\"\"><p class=\"n2-font-e94ed8bef96c6fecfc048b79a5854877-paragraph  n2-style-cfe407a9ff36457a31c2d55a0f070553-heading  \">&#8220;We are committed to providing efficient and effective support to the Tribunal in the fulfillment of its statutory obligations and to delivering a high-quality and impartial service to all parties in the Tribunal process.&#8221;<\/p>\n<\/div><\/div><\/div><\/div><\/div><\/div><\/div><\/div>                <\/div>\n                            <\/div>\n        <\/div>\n        <\/div><ss3-loader><\/ss3-loader><\/div><\/div><div class=\"n2_clear\"><\/div><\/div><\/ss3-force-full-width><\/div><\/div>\n\n<div class=\"wp-block-columns is-layout-flex wp-container-core-columns-is-layout-28f84493 wp-block-columns-is-layout-flex\">\n<div class=\"wp-block-column is-layout-flow wp-block-column-is-layout-flow\"><a href=\"https:\/\/www.valuationtribunal.ie\/about-us\/what-we-do\/\"    class=\"wp-block-tiptip-hyperlink-group-block\" >\n<div class=\"wp-block-cover aligncenter has-custom-content-position is-position-bottom-center\" style=\"padding-top:5px;padding-right:5px;padding-bottom:5px;padding-left:5px\"><span aria-hidden=\"true\" class=\"wp-block-cover__background has-background-dim-0 has-background-dim\"><\/span><img loading=\"lazy\" decoding=\"async\" width=\"571\" height=\"656\" class=\"wp-block-cover__image-background wp-image-772\" alt=\"\" src=\"https:\/\/www.valuationtribunal.ie\/wp-content\/uploads\/2018\/01\/gavel.jpg\" style=\"object-position:50% 50%\" data-object-fit=\"cover\" data-object-position=\"50% 50%\" srcset=\"https:\/\/www.valuationtribunal.ie\/wp-content\/uploads\/2018\/01\/gavel.jpg 571w, https:\/\/www.valuationtribunal.ie\/wp-content\/uploads\/2018\/01\/gavel-500x574.jpg 500w, https:\/\/www.valuationtribunal.ie\/wp-content\/uploads\/2018\/01\/gavel-261x300.jpg 261w, https:\/\/www.valuationtribunal.ie\/wp-content\/uploads\/2018\/01\/gavel-127x146.jpg 127w, https:\/\/www.valuationtribunal.ie\/wp-content\/uploads\/2018\/01\/gavel-44x50.jpg 44w, https:\/\/www.valuationtribunal.ie\/wp-content\/uploads\/2018\/01\/gavel-65x75.jpg 65w\" sizes=\"auto, (max-width: 571px) 100vw, 571px\" \/><div class=\"wp-block-cover__inner-container is-layout-flow wp-block-cover-is-layout-flow\">\n<figure class=\"wp-block-image aligncenter size-full\"><img loading=\"lazy\" decoding=\"async\" width=\"102\" height=\"105\" src=\"https:\/\/www.valuationtribunal.ie\/wp-content\/uploads\/2015\/01\/about-us1.png\" alt=\"\" class=\"wp-image-592\" srcset=\"https:\/\/www.valuationtribunal.ie\/wp-content\/uploads\/2015\/01\/about-us1.png 102w, https:\/\/www.valuationtribunal.ie\/wp-content\/uploads\/2015\/01\/about-us1-50x50.png 50w, https:\/\/www.valuationtribunal.ie\/wp-content\/uploads\/2015\/01\/about-us1-73x75.png 73w\" sizes=\"auto, (max-width: 102px) 100vw, 102px\" \/><\/figure>\n\n\n\n<h2 class=\"wp-block-heading has-text-align-center is-resized has-large-font-size has-ast-global-color-5-color has-text-color\">Faisn\u00e9is<br\/>F\u00fainn<\/h2>\n\n\n\n<p class=\"has-text-align-center has-ast-global-color-4-color has-text-color has-link-color wp-elements-e4a95183552acf73ff2cf4a4a2db26b3\">Faisn\u00e9is faoi oifig an Bhinse Luach\u00e1la agus faoin\u00e1r gcuid feidhmeanna.<\/p>\n<\/div><\/div>\n<\/a><\/div>\n\n\n\n<div class=\"wp-block-column is-layout-flow wp-block-column-is-layout-flow\"><a href=\"https:\/\/www.valuationtribunal.ie\/making-an-appeal\/appeals-process\/\"    class=\"wp-block-tiptip-hyperlink-group-block\" >\n<div class=\"wp-block-cover aligncenter has-custom-content-position is-position-bottom-center\" style=\"padding-top:5px;padding-right:5px;padding-bottom:5px;padding-left:5px\"><span aria-hidden=\"true\" class=\"wp-block-cover__background has-background-dim-0 has-background-dim\"><\/span><img loading=\"lazy\" decoding=\"async\" width=\"571\" height=\"656\" class=\"wp-block-cover__image-background wp-image-772\" alt=\"\" src=\"https:\/\/www.valuationtribunal.ie\/wp-content\/uploads\/2018\/01\/gavel.jpg\" style=\"object-position:50% 50%\" data-object-fit=\"cover\" data-object-position=\"50% 50%\" srcset=\"https:\/\/www.valuationtribunal.ie\/wp-content\/uploads\/2018\/01\/gavel.jpg 571w, https:\/\/www.valuationtribunal.ie\/wp-content\/uploads\/2018\/01\/gavel-500x574.jpg 500w, https:\/\/www.valuationtribunal.ie\/wp-content\/uploads\/2018\/01\/gavel-261x300.jpg 261w, https:\/\/www.valuationtribunal.ie\/wp-content\/uploads\/2018\/01\/gavel-127x146.jpg 127w, https:\/\/www.valuationtribunal.ie\/wp-content\/uploads\/2018\/01\/gavel-44x50.jpg 44w, https:\/\/www.valuationtribunal.ie\/wp-content\/uploads\/2018\/01\/gavel-65x75.jpg 65w\" sizes=\"auto, (max-width: 571px) 100vw, 571px\" \/><div class=\"wp-block-cover__inner-container is-layout-flow wp-block-cover-is-layout-flow\">\n<figure class=\"wp-block-image aligncenter size-full\"><img loading=\"lazy\" decoding=\"async\" width=\"102\" height=\"105\" src=\"https:\/\/www.valuationtribunal.ie\/wp-content\/uploads\/2015\/01\/Appeals-icon.png\" alt=\"\" class=\"wp-image-605\" srcset=\"https:\/\/www.valuationtribunal.ie\/wp-content\/uploads\/2015\/01\/Appeals-icon.png 102w, https:\/\/www.valuationtribunal.ie\/wp-content\/uploads\/2015\/01\/Appeals-icon-50x50.png 50w, https:\/\/www.valuationtribunal.ie\/wp-content\/uploads\/2015\/01\/Appeals-icon-73x75.png 73w\" sizes=\"auto, (max-width: 102px) 100vw, 102px\" \/><\/figure>\n\n\n\n<h2 class=\"wp-block-heading has-text-align-center is-resized has-large-font-size has-ast-global-color-5-color has-text-color\">Ar L\u00edne<br\/>Achomhairc<\/h2>\n\n\n\n<p class=\"has-text-align-center has-white-color has-text-color has-link-color wp-elements-6911a92ed5a8f55990eaae5204e22e21\">Faisn\u00e9is a d\u2019fh\u00e9adfadh a bheith c\u00fantach i leith d\u2019achomhairc<\/p>\n<\/div><\/div>\n<\/a><\/div>\n\n\n\n<div class=\"wp-block-column is-layout-flow wp-block-column-is-layout-flow\"><a href=\"https:\/\/www.valuationtribunal.ie\/useful-information\/\"    class=\"wp-block-tiptip-hyperlink-group-block\" >\n<div class=\"wp-block-cover aligncenter has-custom-content-position is-position-bottom-center\" style=\"padding-top:5px;padding-right:5px;padding-bottom:5px;padding-left:5px\"><span aria-hidden=\"true\" class=\"wp-block-cover__background has-background-dim-0 has-background-dim\"><\/span><img loading=\"lazy\" decoding=\"async\" width=\"571\" height=\"656\" class=\"wp-block-cover__image-background wp-image-772\" alt=\"\" src=\"https:\/\/www.valuationtribunal.ie\/wp-content\/uploads\/2018\/01\/gavel.jpg\" style=\"object-position:50% 50%\" data-object-fit=\"cover\" data-object-position=\"50% 50%\" srcset=\"https:\/\/www.valuationtribunal.ie\/wp-content\/uploads\/2018\/01\/gavel.jpg 571w, https:\/\/www.valuationtribunal.ie\/wp-content\/uploads\/2018\/01\/gavel-500x574.jpg 500w, https:\/\/www.valuationtribunal.ie\/wp-content\/uploads\/2018\/01\/gavel-261x300.jpg 261w, https:\/\/www.valuationtribunal.ie\/wp-content\/uploads\/2018\/01\/gavel-127x146.jpg 127w, https:\/\/www.valuationtribunal.ie\/wp-content\/uploads\/2018\/01\/gavel-44x50.jpg 44w, https:\/\/www.valuationtribunal.ie\/wp-content\/uploads\/2018\/01\/gavel-65x75.jpg 65w\" sizes=\"auto, (max-width: 571px) 100vw, 571px\" \/><div class=\"wp-block-cover__inner-container is-layout-flow wp-block-cover-is-layout-flow\">\n<figure class=\"wp-block-image aligncenter size-full\"><img loading=\"lazy\" decoding=\"async\" width=\"102\" height=\"105\" src=\"https:\/\/www.valuationtribunal.ie\/wp-content\/uploads\/2015\/01\/Useful-Information1.png\" alt=\"\" class=\"wp-image-600\" srcset=\"https:\/\/www.valuationtribunal.ie\/wp-content\/uploads\/2015\/01\/Useful-Information1.png 102w, https:\/\/www.valuationtribunal.ie\/wp-content\/uploads\/2015\/01\/Useful-Information1-50x50.png 50w, https:\/\/www.valuationtribunal.ie\/wp-content\/uploads\/2015\/01\/Useful-Information1-73x75.png 73w\" sizes=\"auto, (max-width: 102px) 100vw, 102px\" \/><\/figure>\n\n\n\n<h2 class=\"wp-block-heading has-text-align-center is-resized has-large-font-size has-ast-global-color-5-color has-text-color\">Faisn\u00e9is<br\/>\u00das\u00e1ideach<\/h2>\n\n\n\n<p class=\"has-text-align-center has-white-color has-text-color has-link-color wp-elements-62713e956c0cc86b4efe603bbf70616e\">Faisn\u00e9is a d\u2019fh\u00e9adfadh a bheith c\u00fantach i leith d\u2019achomhairc.<\/p>\n<\/div><\/div>\n<\/a><\/div>\n\n\n\n<div class=\"wp-block-column is-layout-flow wp-block-column-is-layout-flow\"><a href=\"https:\/\/www.valuationtribunal.ie\/judgments\/\"    class=\"wp-block-tiptip-hyperlink-group-block\" >\n<div class=\"wp-block-cover aligncenter has-custom-content-position is-position-bottom-center\" style=\"padding-top:5px;padding-right:5px;padding-bottom:5px;padding-left:5px\"><span aria-hidden=\"true\" class=\"wp-block-cover__background has-background-dim-0 has-background-dim\"><\/span><img loading=\"lazy\" decoding=\"async\" width=\"571\" height=\"656\" class=\"wp-block-cover__image-background wp-image-772\" alt=\"\" src=\"https:\/\/www.valuationtribunal.ie\/wp-content\/uploads\/2018\/01\/gavel.jpg\" style=\"object-position:50% 50%\" data-object-fit=\"cover\" data-object-position=\"50% 50%\" srcset=\"https:\/\/www.valuationtribunal.ie\/wp-content\/uploads\/2018\/01\/gavel.jpg 571w, https:\/\/www.valuationtribunal.ie\/wp-content\/uploads\/2018\/01\/gavel-500x574.jpg 500w, https:\/\/www.valuationtribunal.ie\/wp-content\/uploads\/2018\/01\/gavel-261x300.jpg 261w, https:\/\/www.valuationtribunal.ie\/wp-content\/uploads\/2018\/01\/gavel-127x146.jpg 127w, https:\/\/www.valuationtribunal.ie\/wp-content\/uploads\/2018\/01\/gavel-44x50.jpg 44w, https:\/\/www.valuationtribunal.ie\/wp-content\/uploads\/2018\/01\/gavel-65x75.jpg 65w\" sizes=\"auto, (max-width: 571px) 100vw, 571px\" \/><div class=\"wp-block-cover__inner-container is-layout-flow wp-block-cover-is-layout-flow\">\n<div style=\"height:35px\" aria-hidden=\"true\" class=\"wp-block-spacer\"><\/div>\n\n\n\n<figure class=\"wp-block-image aligncenter size-full is-resized\"><img loading=\"lazy\" decoding=\"async\" width=\"102\" height=\"105\" src=\"https:\/\/www.valuationtribunal.ie\/wp-content\/uploads\/2015\/01\/Judgments1.png\" alt=\"\" class=\"wp-image-603\" srcset=\"https:\/\/www.valuationtribunal.ie\/wp-content\/uploads\/2015\/01\/Judgments1.png 102w, https:\/\/www.valuationtribunal.ie\/wp-content\/uploads\/2015\/01\/Judgments1-50x50.png 50w, https:\/\/www.valuationtribunal.ie\/wp-content\/uploads\/2015\/01\/Judgments1-73x75.png 73w\" sizes=\"auto, (max-width: 102px) 100vw, 102px\" \/><\/figure>\n\n\n\n<h2 class=\"wp-block-heading has-text-align-center has-ast-global-color-5-color has-text-color has-link-color has-large-font-size wp-elements-9d9d4d30a7379827c8c1b994b670173e\" style=\"font-style:normal;font-weight:600\">Breithi\u00fanais<\/h2>\n\n\n\n<div style=\"height:36px\" aria-hidden=\"true\" class=\"wp-block-spacer\"><\/div>\n\n\n\n<p class=\"has-text-align-center has-ast-global-color-4-color has-text-color has-link-color wp-elements-fb7acfc97b5adda27c73b6a244a8106d\">Breitheanna an Bhinse.<\/p>\n<\/div><\/div>\n<\/a><\/div>\n<\/div>\n\n<div class=\"inherit-container-width wp-block-group alignfull has-ast-global-color-0-background-color has-background is-layout-constrained wp-block-group-is-layout-constrained\">\n<p class=\"has-text-align-center has-ast-global-color-5-color has-text-color has-medium-font-size\">T\u00e1imid tiomanta i leith taca\u00edocht \u00e9ifeacht\u00fail \u00e9ifeachtach a shol\u00e1thar don Bhinse a \u00e9isteann achomhairc i gcoinne breitheanna de chuid an Choimisin\u00e9ara Luach\u00e1la maidir le luach\u00e1il agus athluach\u00e1il a dh\u00e9antar ar mhaoin tr\u00e1cht\u00e1la chun cr\u00edocha r\u00e1t\u00fach\u00e1in faoi na hAchtanna Luach\u00e1la 2001 &#8211; 2015 (arna leas\u00fa). \u00c9isteann s\u00e9 achomhairc a dh\u00e9anann \u00fain\u00e9ir\u00ed l\u00e1ithre\u00e1n tr\u00e9igthe i gcoinne cinneadh \u00fadar\u00e1s \u00e1iti\u00fail, faoin Acht um L\u00e1ithre\u00e1in Thr\u00e9igthe, 1990, maidir le margadhluachanna na l\u00e1ithre\u00e1n sin. Ina theannta sin, d\u00e9anann achomhairc maidir le L\u00e1ithre\u00e1in Fholmha a \u00e9isteacht de r\u00e9ir alt 13(1) den Acht um Athbheochan Uirbeach agus Tithe, 2015.<\/p>\n<\/div>\n","protected":false},"excerpt":{"rendered":"<p>T\u00e1imid tiomanta i leith taca\u00edocht \u00e9ifeacht\u00fail \u00e9ifeachtach a shol\u00e1thar don Bhinse a \u00e9isteann achomhairc i gcoinne breitheanna de chuid an Choimisin\u00e9ara Luach\u00e1la maidir le luach\u00e1il agus athluach\u00e1il a dh\u00e9antar ar mhaoin tr\u00e1cht\u00e1la chun cr\u00edocha r\u00e1t\u00fach\u00e1in faoi na hAchtanna Luach\u00e1la 2001 &#8211; 2015 (arna leas\u00fa). \u00c9isteann s\u00e9 achomhairc a dh\u00e9anann \u00fain\u00e9ir\u00ed l\u00e1ithre\u00e1n tr\u00e9igthe i gcoinne cinneadh [&hellip;]<\/p>\n","protected":false},"author":88,"featured_media":0,"parent":0,"menu_order":0,"comment_status":"closed","ping_status":"open","template":"","meta":{"site-sidebar-layout":"default","site-content-layout":"","ast-site-content-layout":"default","site-content-style":"default","site-sidebar-style":"default","ast-global-header-display":"","ast-banner-title-visibility":"","ast-main-header-display":"","ast-hfb-above-header-display":"","ast-hfb-below-header-display":"","ast-hfb-mobile-header-display":"","site-post-title":"disabled","ast-breadcrumbs-content":"","ast-featured-img":"","footer-sml-layout":"","ast-disable-related-posts":"","theme-transparent-header-meta":"","adv-header-id-meta":"","stick-header-meta":"","header-above-stick-meta":"","header-main-stick-meta":"","header-below-stick-meta":"","astra-migrate-meta-layouts":"default","ast-page-background-enabled":"default","ast-page-background-meta":{"desktop":{"background-color":"var(--ast-global-color-4)","background-image":"","background-repeat":"repeat","background-position":"center center","background-size":"auto","background-attachment":"scroll","background-type":"","background-media":"","overlay-type":"","overlay-color":"","overlay-opacity":"","overlay-gradient":""},"tablet":{"background-color":"","background-image":"","background-repeat":"repeat","background-position":"center center","background-size":"auto","background-attachment":"scroll","background-type":"","background-media":"","overlay-type":"","overlay-color":"","overlay-opacity":"","overlay-gradient":""},"mobile":{"background-color":"","background-image":"","background-repeat":"repeat","background-position":"center center","background-size":"auto","background-attachment":"scroll","background-type":"","background-media":"","overlay-type":"","overlay-color":"","overlay-opacity":"","overlay-gradient":""}},"ast-content-background-meta":{"desktop":{"background-color":"var(--ast-global-color-5)","background-image":"","background-repeat":"repeat","background-position":"center center","background-size":"auto","background-attachment":"scroll","background-type":"","background-media":"","overlay-type":"","overlay-color":"","overlay-opacity":"","overlay-gradient":""},"tablet":{"background-color":"var(--ast-global-color-5)","background-image":"","background-repeat":"repeat","background-position":"center center","background-size":"auto","background-attachment":"scroll","background-type":"","background-media":"","overlay-type":"","overlay-color":"","overlay-opacity":"","overlay-gradient":""},"mobile":{"background-color":"var(--ast-global-color-5)","background-image":"","background-repeat":"repeat","background-position":"center center","background-size":"auto","background-attachment":"scroll","background-type":"","background-media":"","overlay-type":"","overlay-color":"","overlay-opacity":"","overlay-gradient":""}},"footnotes":""},"class_list":["post-8881","page","type-page","status-publish","hentry"],"yoast_head":"<!-- This site is optimized with the Yoast SEO plugin v27.3 - https:\/\/yoast.com\/product\/yoast-seo-wordpress\/ -->\n<title>Baile - An Binse Luach\u00e1la<\/title>\n<meta name=\"robots\" content=\"index, follow, max-snippet:-1, max-image-preview:large, max-video-preview:-1\" \/>\n<link rel=\"canonical\" href=\"https:\/\/www.valuationtribunal.ie\/ga\/\" \/>\n<meta property=\"og:locale\" content=\"ga_IE\" \/>\n<meta property=\"og:type\" content=\"article\" \/>\n<meta property=\"og:title\" content=\"Baile - An Binse Luach\u00e1la\" \/>\n<meta property=\"og:description\" content=\"T\u00e1imid tiomanta i leith taca\u00edocht \u00e9ifeacht\u00fail \u00e9ifeachtach a shol\u00e1thar don Bhinse a \u00e9isteann achomhairc i gcoinne breitheanna de chuid an Choimisin\u00e9ara Luach\u00e1la maidir le luach\u00e1il agus athluach\u00e1il a dh\u00e9antar ar mhaoin tr\u00e1cht\u00e1la chun cr\u00edocha r\u00e1t\u00fach\u00e1in faoi na hAchtanna Luach\u00e1la 2001 &#8211; 2015 (arna leas\u00fa). \u00c9isteann s\u00e9 achomhairc a dh\u00e9anann \u00fain\u00e9ir\u00ed l\u00e1ithre\u00e1n tr\u00e9igthe i gcoinne cinneadh [&hellip;]\" \/>\n<meta property=\"og:url\" content=\"https:\/\/www.valuationtribunal.ie\/ga\/\" \/>\n<meta property=\"og:site_name\" content=\"An Binse Luach\u00e1la\" \/>\n<meta property=\"article:modified_time\" content=\"2025-01-02T11:34:35+00:00\" \/>\n<meta property=\"og:image\" content=\"https:\/\/www.valuationtribunal.ie\/wp-content\/uploads\/2018\/01\/gavel.jpg\" \/>\n\t<meta property=\"og:image:width\" content=\"571\" \/>\n\t<meta property=\"og:image:height\" content=\"656\" \/>\n\t<meta property=\"og:image:type\" content=\"image\/jpeg\" \/>\n<meta name=\"twitter:label1\" content=\"Est. reading time\" \/>\n\t<meta name=\"twitter:data1\" content=\"1 minute\" \/>\n<script type=\"application\/ld+json\" class=\"yoast-schema-graph\">{\"@context\":\"https:\\\/\\\/schema.org\",\"@graph\":[{\"@type\":\"WebPage\",\"@id\":\"https:\\\/\\\/www.valuationtribunal.ie\\\/ga\\\/\",\"url\":\"https:\\\/\\\/www.valuationtribunal.ie\\\/ga\\\/\",\"name\":\"Baile - An Binse Luach\u00e1la\",\"isPartOf\":{\"@id\":\"https:\\\/\\\/vt.fusio.dev\\\/#website\"},\"primaryImageOfPage\":{\"@id\":\"https:\\\/\\\/www.valuationtribunal.ie\\\/ga\\\/#primaryimage\"},\"image\":{\"@id\":\"https:\\\/\\\/www.valuationtribunal.ie\\\/ga\\\/#primaryimage\"},\"thumbnailUrl\":\"https:\\\/\\\/www.valuationtribunal.ie\\\/wp-content\\\/uploads\\\/2018\\\/01\\\/gavel.jpg\",\"datePublished\":\"2015-01-22T22:08:00+00:00\",\"dateModified\":\"2025-01-02T11:34:35+00:00\",\"breadcrumb\":{\"@id\":\"https:\\\/\\\/www.valuationtribunal.ie\\\/ga\\\/#breadcrumb\"},\"inLanguage\":\"ga-IE\",\"potentialAction\":[{\"@type\":\"ReadAction\",\"target\":[\"https:\\\/\\\/www.valuationtribunal.ie\\\/ga\\\/\"]}]},{\"@type\":\"ImageObject\",\"inLanguage\":\"ga-IE\",\"@id\":\"https:\\\/\\\/www.valuationtribunal.ie\\\/ga\\\/#primaryimage\",\"url\":\"https:\\\/\\\/www.valuationtribunal.ie\\\/wp-content\\\/uploads\\\/2018\\\/01\\\/gavel.jpg\",\"contentUrl\":\"https:\\\/\\\/www.valuationtribunal.ie\\\/wp-content\\\/uploads\\\/2018\\\/01\\\/gavel.jpg\"},{\"@type\":\"BreadcrumbList\",\"@id\":\"https:\\\/\\\/www.valuationtribunal.ie\\\/ga\\\/#breadcrumb\",\"itemListElement\":[{\"@type\":\"ListItem\",\"position\":1,\"name\":\"Home\",\"item\":\"https:\\\/\\\/www.valuationtribunal.ie\\\/ga\\\/\"},{\"@type\":\"ListItem\",\"position\":2,\"name\":\"Baile\"}]},{\"@type\":\"WebSite\",\"@id\":\"https:\\\/\\\/vt.fusio.dev\\\/#website\",\"url\":\"https:\\\/\\\/vt.fusio.dev\\\/\",\"name\":\"An Binse Luach\u00e1la\",\"description\":\"\",\"publisher\":{\"@id\":\"https:\\\/\\\/vt.fusio.dev\\\/#organization\"},\"potentialAction\":[{\"@type\":\"SearchAction\",\"target\":{\"@type\":\"EntryPoint\",\"urlTemplate\":\"https:\\\/\\\/vt.fusio.dev\\\/?s={search_term_string}\"},\"query-input\":{\"@type\":\"PropertyValueSpecification\",\"valueRequired\":true,\"valueName\":\"search_term_string\"}}],\"inLanguage\":\"ga-IE\"},{\"@type\":\"Organization\",\"@id\":\"https:\\\/\\\/vt.fusio.dev\\\/#organization\",\"name\":\"An Binse Luach\u00e1la\",\"url\":\"https:\\\/\\\/vt.fusio.dev\\\/\",\"logo\":{\"@type\":\"ImageObject\",\"inLanguage\":\"ga-IE\",\"@id\":\"https:\\\/\\\/vt.fusio.dev\\\/#\\\/schema\\\/logo\\\/image\\\/\",\"url\":\"https:\\\/\\\/www.valuationtribunal.ie\\\/wp-content\\\/uploads\\\/2017\\\/06\\\/Valuation-Tribunal-Logo-250.jpg\",\"contentUrl\":\"https:\\\/\\\/www.valuationtribunal.ie\\\/wp-content\\\/uploads\\\/2017\\\/06\\\/Valuation-Tribunal-Logo-250.jpg\",\"width\":250,\"height\":72,\"caption\":\"An Binse Luach\u00e1la\"},\"image\":{\"@id\":\"https:\\\/\\\/vt.fusio.dev\\\/#\\\/schema\\\/logo\\\/image\\\/\"}}]}<\/script>\n<!-- \/ Yoast SEO plugin. -->","yoast_head_json":{"title":"Baile - An Binse Luach\u00e1la","robots":{"index":"index","follow":"follow","max-snippet":"max-snippet:-1","max-image-preview":"max-image-preview:large","max-video-preview":"max-video-preview:-1"},"canonical":"https:\/\/www.valuationtribunal.ie\/ga\/","og_locale":"ga_IE","og_type":"article","og_title":"Baile - An Binse Luach\u00e1la","og_description":"T\u00e1imid tiomanta i leith taca\u00edocht \u00e9ifeacht\u00fail \u00e9ifeachtach a shol\u00e1thar don Bhinse a \u00e9isteann achomhairc i gcoinne breitheanna de chuid an Choimisin\u00e9ara Luach\u00e1la maidir le luach\u00e1il agus athluach\u00e1il a dh\u00e9antar ar mhaoin tr\u00e1cht\u00e1la chun cr\u00edocha r\u00e1t\u00fach\u00e1in faoi na hAchtanna Luach\u00e1la 2001 &#8211; 2015 (arna leas\u00fa). \u00c9isteann s\u00e9 achomhairc a dh\u00e9anann \u00fain\u00e9ir\u00ed l\u00e1ithre\u00e1n tr\u00e9igthe i gcoinne cinneadh [&hellip;]","og_url":"https:\/\/www.valuationtribunal.ie\/ga\/","og_site_name":"An Binse Luach\u00e1la","article_modified_time":"2025-01-02T11:34:35+00:00","og_image":[{"width":571,"height":656,"url":"https:\/\/www.valuationtribunal.ie\/wp-content\/uploads\/2018\/01\/gavel.jpg","type":"image\/jpeg"}],"twitter_misc":{"Est. reading time":"1 minute"},"schema":{"@context":"https:\/\/schema.org","@graph":[{"@type":"WebPage","@id":"https:\/\/www.valuationtribunal.ie\/ga\/","url":"https:\/\/www.valuationtribunal.ie\/ga\/","name":"Baile - An Binse Luach\u00e1la","isPartOf":{"@id":"https:\/\/vt.fusio.dev\/#website"},"primaryImageOfPage":{"@id":"https:\/\/www.valuationtribunal.ie\/ga\/#primaryimage"},"image":{"@id":"https:\/\/www.valuationtribunal.ie\/ga\/#primaryimage"},"thumbnailUrl":"https:\/\/www.valuationtribunal.ie\/wp-content\/uploads\/2018\/01\/gavel.jpg","datePublished":"2015-01-22T22:08:00+00:00","dateModified":"2025-01-02T11:34:35+00:00","breadcrumb":{"@id":"https:\/\/www.valuationtribunal.ie\/ga\/#breadcrumb"},"inLanguage":"ga-IE","potentialAction":[{"@type":"ReadAction","target":["https:\/\/www.valuationtribunal.ie\/ga\/"]}]},{"@type":"ImageObject","inLanguage":"ga-IE","@id":"https:\/\/www.valuationtribunal.ie\/ga\/#primaryimage","url":"https:\/\/www.valuationtribunal.ie\/wp-content\/uploads\/2018\/01\/gavel.jpg","contentUrl":"https:\/\/www.valuationtribunal.ie\/wp-content\/uploads\/2018\/01\/gavel.jpg"},{"@type":"BreadcrumbList","@id":"https:\/\/www.valuationtribunal.ie\/ga\/#breadcrumb","itemListElement":[{"@type":"ListItem","position":1,"name":"Home","item":"https:\/\/www.valuationtribunal.ie\/ga\/"},{"@type":"ListItem","position":2,"name":"Baile"}]},{"@type":"WebSite","@id":"https:\/\/vt.fusio.dev\/#website","url":"https:\/\/vt.fusio.dev\/","name":"An Binse Luach\u00e1la","description":"","publisher":{"@id":"https:\/\/vt.fusio.dev\/#organization"},"potentialAction":[{"@type":"SearchAction","target":{"@type":"EntryPoint","urlTemplate":"https:\/\/vt.fusio.dev\/?s={search_term_string}"},"query-input":{"@type":"PropertyValueSpecification","valueRequired":true,"valueName":"search_term_string"}}],"inLanguage":"ga-IE"},{"@type":"Organization","@id":"https:\/\/vt.fusio.dev\/#organization","name":"An Binse Luach\u00e1la","url":"https:\/\/vt.fusio.dev\/","logo":{"@type":"ImageObject","inLanguage":"ga-IE","@id":"https:\/\/vt.fusio.dev\/#\/schema\/logo\/image\/","url":"https:\/\/www.valuationtribunal.ie\/wp-content\/uploads\/2017\/06\/Valuation-Tribunal-Logo-250.jpg","contentUrl":"https:\/\/www.valuationtribunal.ie\/wp-content\/uploads\/2017\/06\/Valuation-Tribunal-Logo-250.jpg","width":250,"height":72,"caption":"An Binse Luach\u00e1la"},"image":{"@id":"https:\/\/vt.fusio.dev\/#\/schema\/logo\/image\/"}}]}},"_links":{"self":[{"href":"https:\/\/www.valuationtribunal.ie\/ga\/wp-json\/wp\/v2\/pages\/8881","targetHints":{"allow":["GET"]}}],"collection":[{"href":"https:\/\/www.valuationtribunal.ie\/ga\/wp-json\/wp\/v2\/pages"}],"about":[{"href":"https:\/\/www.valuationtribunal.ie\/ga\/wp-json\/wp\/v2\/types\/page"}],"author":[{"embeddable":true,"href":"https:\/\/www.valuationtribunal.ie\/ga\/wp-json\/wp\/v2\/users\/88"}],"replies":[{"embeddable":true,"href":"https:\/\/www.valuationtribunal.ie\/ga\/wp-json\/wp\/v2\/comments?post=8881"}],"version-history":[{"count":39,"href":"https:\/\/www.valuationtribunal.ie\/ga\/wp-json\/wp\/v2\/pages\/8881\/revisions"}],"predecessor-version":[{"id":15684,"href":"https:\/\/www.valuationtribunal.ie\/ga\/wp-json\/wp\/v2\/pages\/8881\/revisions\/15684"}],"wp:attachment":[{"href":"https:\/\/www.valuationtribunal.ie\/ga\/wp-json\/wp\/v2\/media?parent=8881"}],"curies":[{"name":"wp","href":"https:\/\/api.w.org\/{rel}","templated":true}]}}