
{"id":12743,"date":"2023-05-03T08:15:16","date_gmt":"2023-05-03T08:15:16","guid":{"rendered":"https:\/\/www.valuationtribunal.ie\/faisneis-usaideach\/"},"modified":"2023-05-10T09:07:53","modified_gmt":"2023-05-10T09:07:53","slug":"faisneis-usaideach","status":"publish","type":"page","link":"https:\/\/www.valuationtribunal.ie\/ga\/faisneis-usaideach\/","title":{"rendered":"Faisn\u00e9is \u00das\u00e1ideach"},"content":{"rendered":"\n<div class=\"wp-block-columns is-layout-flex wp-container-core-columns-is-layout-28f84493 wp-block-columns-is-layout-flex\">\n<div class=\"wp-block-column is-layout-flow wp-block-column-is-layout-flow\"><a href=\"https:\/\/www.valuationtribunal.ie\/faq-frequently-asked-questions\/\"    class=\"wp-block-tiptip-hyperlink-group-block\" >\n<div class=\"wp-block-cover aligncenter has-custom-content-position is-position-bottom-center\" style=\"padding-top:5px;padding-right:5px;padding-bottom:5px;padding-left:5px\"><span aria-hidden=\"true\" class=\"wp-block-cover__background has-background-dim-0 has-background-dim\"><\/span><img loading=\"lazy\" decoding=\"async\" width=\"571\" height=\"656\" class=\"wp-block-cover__image-background wp-image-772\" alt=\"\" src=\"https:\/\/www.valuationtribunal.ie\/wp-content\/uploads\/2018\/01\/gavel.jpg\" style=\"object-position:50% 50%\" data-object-fit=\"cover\" data-object-position=\"50% 50%\" srcset=\"https:\/\/www.valuationtribunal.ie\/wp-content\/uploads\/2018\/01\/gavel.jpg 571w, https:\/\/www.valuationtribunal.ie\/wp-content\/uploads\/2018\/01\/gavel-500x574.jpg 500w, https:\/\/www.valuationtribunal.ie\/wp-content\/uploads\/2018\/01\/gavel-261x300.jpg 261w, https:\/\/www.valuationtribunal.ie\/wp-content\/uploads\/2018\/01\/gavel-127x146.jpg 127w, https:\/\/www.valuationtribunal.ie\/wp-content\/uploads\/2018\/01\/gavel-44x50.jpg 44w, https:\/\/www.valuationtribunal.ie\/wp-content\/uploads\/2018\/01\/gavel-65x75.jpg 65w\" sizes=\"auto, (max-width: 571px) 100vw, 571px\" \/><div class=\"wp-block-cover__inner-container is-layout-flow wp-block-cover-is-layout-flow\">\n\n<figure class=\"wp-block-image aligncenter size-full is-resized\"><span href=\"https:\/\/www.valuationtribunal.ie\/wp-content\/uploads\/2015\/01\/Judgments1.png\"><img loading=\"lazy\" decoding=\"async\" src=\"https:\/\/www.valuationtribunal.ie\/wp-content\/uploads\/2015\/01\/Judgments1.png\" alt=\"\" class=\"wp-image-603\" width=\"51\" height=\"53\" srcset=\"https:\/\/www.valuationtribunal.ie\/wp-content\/uploads\/2015\/01\/Judgments1.png 102w, https:\/\/www.valuationtribunal.ie\/wp-content\/uploads\/2015\/01\/Judgments1-73x75.png 73w\" sizes=\"auto, (max-width: 51px) 100vw, 51px\" \/><\/span><\/figure>\n\n\n\n\n<div style=\"height:35px\" aria-hidden=\"true\" class=\"wp-block-spacer\"><\/div>\n\n\n\n<h2 class=\"wp-block-heading has-text-align-center has-large-font-size\" style=\"font-style:normal;font-weight:600\">CC<\/h2>\n\n\n\n<div style=\"height:36px\" aria-hidden=\"true\" class=\"wp-block-spacer\"><\/div>\n\n\n\n<p class=\"has-text-align-center\">Ceisteanna Coitianta.<\/p>\n<\/div><\/div>\n<\/a><\/div>\n\n\n\n<div class=\"wp-block-column is-layout-flow wp-block-column-is-layout-flow\"><a href=\"https:\/\/www.valuationtribunal.ie\/making-an-appeal\/appeals-process\/\"    class=\"wp-block-tiptip-hyperlink-group-block\" >\n<div class=\"wp-block-cover aligncenter has-custom-content-position is-position-bottom-center\" style=\"padding-top:5px;padding-right:5px;padding-bottom:5px;padding-left:5px\"><span aria-hidden=\"true\" class=\"wp-block-cover__background has-background-dim-0 has-background-dim\"><\/span><img loading=\"lazy\" decoding=\"async\" width=\"571\" height=\"656\" class=\"wp-block-cover__image-background wp-image-773\" alt=\"\" src=\"https:\/\/www.valuationtribunal.ie\/wp-content\/uploads\/2018\/01\/businessman.jpg\" style=\"object-position:50% 50%\" data-object-fit=\"cover\" data-object-position=\"50% 50%\" srcset=\"https:\/\/www.valuationtribunal.ie\/wp-content\/uploads\/2018\/01\/businessman.jpg 571w, https:\/\/www.valuationtribunal.ie\/wp-content\/uploads\/2018\/01\/businessman-500x574.jpg 500w, https:\/\/www.valuationtribunal.ie\/wp-content\/uploads\/2018\/01\/businessman-261x300.jpg 261w, https:\/\/www.valuationtribunal.ie\/wp-content\/uploads\/2018\/01\/businessman-127x146.jpg 127w, https:\/\/www.valuationtribunal.ie\/wp-content\/uploads\/2018\/01\/businessman-44x50.jpg 44w, https:\/\/www.valuationtribunal.ie\/wp-content\/uploads\/2018\/01\/businessman-65x75.jpg 65w\" sizes=\"auto, (max-width: 571px) 100vw, 571px\" \/><div class=\"wp-block-cover__inner-container is-layout-flow wp-block-cover-is-layout-flow\">\n\n<figure class=\"wp-block-image aligncenter size-full is-resized\"><span href=\"https:\/\/www.valuationtribunal.ie\/wp-content\/uploads\/2015\/01\/about-us1.png\"><img loading=\"lazy\" decoding=\"async\" src=\"https:\/\/www.valuationtribunal.ie\/wp-content\/uploads\/2015\/01\/about-us1.png\" alt=\"\" class=\"wp-image-592\" width=\"51\" height=\"53\" srcset=\"https:\/\/www.valuationtribunal.ie\/wp-content\/uploads\/2015\/01\/about-us1.png 102w, https:\/\/www.valuationtribunal.ie\/wp-content\/uploads\/2015\/01\/about-us1-73x75.png 73w\" sizes=\"auto, (max-width: 51px) 100vw, 51px\" \/><\/span><\/figure>\n\n\n\n\n<h2 class=\"wp-block-heading has-text-align-center has-large-font-size\" style=\"font-style:normal;font-weight:600\">An Pr\u00f3iseas<\/h2>\n\n\n\n<h2 class=\"wp-block-heading has-text-align-center has-large-font-size\" style=\"font-style:normal;font-weight:600\">Achomhairc<\/h2>\n\n\n\n<p class=\"has-text-align-center\">Eolas faoin<br\/> bPr\u00f3iseas Achomharc.<\/p>\n<\/div><\/div>\n<\/a><\/div>\n\n\n\n<div class=\"wp-block-column is-layout-flow wp-block-column-is-layout-flow\"><a href=\"https:\/\/www.valuationtribunal.ie\/procedure-at-hearing\/\"    class=\"wp-block-tiptip-hyperlink-group-block\" >\n<div class=\"wp-block-cover aligncenter has-custom-content-position is-position-bottom-center\" style=\"padding-top:5px;padding-right:5px;padding-bottom:5px;padding-left:5px\"><span aria-hidden=\"true\" class=\"wp-block-cover__background has-background-dim-0 has-background-dim\"><\/span><img loading=\"lazy\" decoding=\"async\" width=\"571\" height=\"656\" class=\"wp-block-cover__image-background wp-image-775\" alt=\"\" src=\"https:\/\/www.valuationtribunal.ie\/wp-content\/uploads\/2018\/01\/signature.jpg\" style=\"object-position:50% 50%\" data-object-fit=\"cover\" data-object-position=\"50% 50%\" srcset=\"https:\/\/www.valuationtribunal.ie\/wp-content\/uploads\/2018\/01\/signature.jpg 571w, https:\/\/www.valuationtribunal.ie\/wp-content\/uploads\/2018\/01\/signature-500x574.jpg 500w, https:\/\/www.valuationtribunal.ie\/wp-content\/uploads\/2018\/01\/signature-261x300.jpg 261w, https:\/\/www.valuationtribunal.ie\/wp-content\/uploads\/2018\/01\/signature-127x146.jpg 127w, https:\/\/www.valuationtribunal.ie\/wp-content\/uploads\/2018\/01\/signature-44x50.jpg 44w, https:\/\/www.valuationtribunal.ie\/wp-content\/uploads\/2018\/01\/signature-65x75.jpg 65w\" sizes=\"auto, (max-width: 571px) 100vw, 571px\" \/><div class=\"wp-block-cover__inner-container is-layout-flow wp-block-cover-is-layout-flow\">\n\n<figure class=\"wp-block-image aligncenter size-full is-resized\"><span href=\"https:\/\/www.valuationtribunal.ie\/wp-content\/uploads\/2015\/01\/Appeals-icon.png\"><img loading=\"lazy\" decoding=\"async\" src=\"https:\/\/www.valuationtribunal.ie\/wp-content\/uploads\/2015\/01\/Appeals-icon.png\" alt=\"\" class=\"wp-image-605\" width=\"51\" height=\"53\" srcset=\"https:\/\/www.valuationtribunal.ie\/wp-content\/uploads\/2015\/01\/Appeals-icon.png 102w, https:\/\/www.valuationtribunal.ie\/wp-content\/uploads\/2015\/01\/Appeals-icon-73x75.png 73w\" sizes=\"auto, (max-width: 51px) 100vw, 51px\" \/><\/span><\/figure>\n\n\n\n\n<h2 class=\"wp-block-heading has-text-align-center has-large-font-size\" style=\"font-style:normal;font-weight:600\">An N\u00f3s Imeachta<\/h2>\n\n\n\n<h2 class=\"wp-block-heading has-text-align-center has-large-font-size\" style=\"font-style:normal;font-weight:600\">le linn \u00c9isteachta<\/h2>\n\n\n\n<p class=\"has-text-align-center\">Eolas faoi na N\u00f3sanna Imeachta ag an \u00c9isteacht.<\/p>\n<\/div><\/div>\n<\/a><\/div>\n\n\n\n<div class=\"wp-block-column is-layout-flow wp-block-column-is-layout-flow\"><a href=\"https:\/\/www.valuationtribunal.ie\/preparing-for-hearing\/summary-of-evidence\/\"    class=\"wp-block-tiptip-hyperlink-group-block\" >\n<div class=\"wp-block-cover aligncenter has-custom-content-position is-position-bottom-center\" style=\"padding-top:5px;padding-right:5px;padding-bottom:5px;padding-left:5px\"><span aria-hidden=\"true\" class=\"wp-block-cover__background has-background-dim-0 has-background-dim\"><\/span><img loading=\"lazy\" decoding=\"async\" width=\"571\" height=\"656\" class=\"wp-block-cover__image-background wp-image-774\" alt=\"\" src=\"https:\/\/www.valuationtribunal.ie\/wp-content\/uploads\/2018\/01\/laptop.jpg\" style=\"object-position:50% 50%\" data-object-fit=\"cover\" data-object-position=\"50% 50%\" srcset=\"https:\/\/www.valuationtribunal.ie\/wp-content\/uploads\/2018\/01\/laptop.jpg 571w, https:\/\/www.valuationtribunal.ie\/wp-content\/uploads\/2018\/01\/laptop-500x574.jpg 500w, https:\/\/www.valuationtribunal.ie\/wp-content\/uploads\/2018\/01\/laptop-261x300.jpg 261w, https:\/\/www.valuationtribunal.ie\/wp-content\/uploads\/2018\/01\/laptop-127x146.jpg 127w, https:\/\/www.valuationtribunal.ie\/wp-content\/uploads\/2018\/01\/laptop-44x50.jpg 44w, https:\/\/www.valuationtribunal.ie\/wp-content\/uploads\/2018\/01\/laptop-65x75.jpg 65w\" sizes=\"auto, (max-width: 571px) 100vw, 571px\" \/><div class=\"wp-block-cover__inner-container is-layout-flow wp-block-cover-is-layout-flow\">\n\n<figure class=\"wp-block-image aligncenter size-full is-resized\"><span href=\"https:\/\/www.valuationtribunal.ie\/wp-content\/uploads\/2015\/01\/Useful-Information1.png\"><img loading=\"lazy\" decoding=\"async\" src=\"https:\/\/www.valuationtribunal.ie\/wp-content\/uploads\/2015\/01\/Useful-Information1.png\" alt=\"\" class=\"wp-image-600\" width=\"51\" height=\"53\" srcset=\"https:\/\/www.valuationtribunal.ie\/wp-content\/uploads\/2015\/01\/Useful-Information1.png 102w, https:\/\/www.valuationtribunal.ie\/wp-content\/uploads\/2015\/01\/Useful-Information1-73x75.png 73w\" sizes=\"auto, (max-width: 51px) 100vw, 51px\" \/><\/span><\/figure>\n\n\n\n\n<h2 class=\"wp-block-heading has-text-align-center has-large-font-size\" style=\"font-style:normal;font-weight:600\">Achoimre ar<\/h2>\n\n\n\n<h2 class=\"wp-block-heading has-text-align-center has-large-font-size\" style=\"font-style:normal;font-weight:600\">Fhianaise<\/h2>\n\n\n\n<p class=\"has-text-align-center\">Eolas faoi Fhianaise a Chur Isteach roimh Achomharc.<\/p>\n<\/div><\/div>\n<\/a><\/div>\n<\/div>\n","protected":false},"excerpt":{"rendered":"","protected":false},"author":88,"featured_media":0,"parent":0,"menu_order":0,"comment_status":"closed","ping_status":"closed","template":"","meta":{"site-sidebar-layout":"default","site-content-layout":"","ast-site-content-layout":"default","site-content-style":"default","site-sidebar-style":"default","ast-global-header-display":"","ast-banner-title-visibility":"","ast-main-header-display":"","ast-hfb-above-header-display":"","ast-hfb-below-header-display":"","ast-hfb-mobile-header-display":"","site-post-title":"","ast-breadcrumbs-content":"","ast-featured-img":"","footer-sml-layout":"","ast-disable-related-posts":"","theme-transparent-header-meta":"","adv-header-id-meta":"","stick-header-meta":"","header-above-stick-meta":"","header-main-stick-meta":"","header-below-stick-meta":"","astra-migrate-meta-layouts":"default","ast-page-background-enabled":"default","ast-page-background-meta":{"desktop":{"background-color":"var(--ast-global-color-4)","background-image":"","background-repeat":"repeat","background-position":"center center","background-size":"auto","background-attachment":"scroll","background-type":"","background-media":"","overlay-type":"","overlay-color":"","overlay-opacity":"","overlay-gradient":""},"tablet":{"background-color":"","background-image":"","background-repeat":"repeat","background-position":"center center","background-size":"auto","background-attachment":"scroll","background-type":"","background-media":"","overlay-type":"","overlay-color":"","overlay-opacity":"","overlay-gradient":""},"mobile":{"background-color":"","background-image":"","background-repeat":"repeat","background-position":"center center","background-size":"auto","background-attachment":"scroll","background-type":"","background-media":"","overlay-type":"","overlay-color":"","overlay-opacity":"","overlay-gradient":""}},"ast-content-background-meta":{"desktop":{"background-color":"var(--ast-global-color-5)","background-image":"","background-repeat":"repeat","background-position":"center center","background-size":"auto","background-attachment":"scroll","background-type":"","background-media":"","overlay-type":"","overlay-color":"","overlay-opacity":"","overlay-gradient":""},"tablet":{"background-color":"var(--ast-global-color-5)","background-image":"","background-repeat":"repeat","background-position":"center center","background-size":"auto","background-attachment":"scroll","background-type":"","background-media":"","overlay-type":"","overlay-color":"","overlay-opacity":"","overlay-gradient":""},"mobile":{"background-color":"var(--ast-global-color-5)","background-image":"","background-repeat":"repeat","background-position":"center center","background-size":"auto","background-attachment":"scroll","background-type":"","background-media":"","overlay-type":"","overlay-color":"","overlay-opacity":"","overlay-gradient":""}},"footnotes":""},"class_list":["post-12743","page","type-page","status-publish","hentry"],"yoast_head":"<!-- This site is optimized with the Yoast SEO plugin v27.3 - https:\/\/yoast.com\/product\/yoast-seo-wordpress\/ -->\n<title>Faisn\u00e9is \u00das\u00e1ideach - An Binse Luach\u00e1la<\/title>\n<meta name=\"robots\" content=\"index, follow, max-snippet:-1, max-image-preview:large, max-video-preview:-1\" \/>\n<link rel=\"canonical\" href=\"https:\/\/www.valuationtribunal.ie\/ga\/faisneis-usaideach\/\" \/>\n<meta property=\"og:locale\" content=\"ga_IE\" \/>\n<meta property=\"og:type\" content=\"article\" \/>\n<meta property=\"og:title\" content=\"Faisn\u00e9is \u00das\u00e1ideach - An Binse Luach\u00e1la\" \/>\n<meta property=\"og:url\" content=\"https:\/\/www.valuationtribunal.ie\/ga\/faisneis-usaideach\/\" \/>\n<meta property=\"og:site_name\" content=\"An Binse Luach\u00e1la\" \/>\n<meta property=\"article:modified_time\" content=\"2023-05-10T09:07:53+00:00\" \/>\n<meta property=\"og:image\" content=\"https:\/\/vt.fusio.dev\/wp-content\/uploads\/2018\/01\/gavel.jpg\" \/>\n<script type=\"application\/ld+json\" class=\"yoast-schema-graph\">{\"@context\":\"https:\\\/\\\/schema.org\",\"@graph\":[{\"@type\":\"WebPage\",\"@id\":\"https:\\\/\\\/www.valuationtribunal.ie\\\/ga\\\/faisneis-usaideach\\\/\",\"url\":\"https:\\\/\\\/www.valuationtribunal.ie\\\/ga\\\/faisneis-usaideach\\\/\",\"name\":\"Faisn\u00e9is \u00das\u00e1ideach - An Binse Luach\u00e1la\",\"isPartOf\":{\"@id\":\"https:\\\/\\\/vt.fusio.dev\\\/#website\"},\"primaryImageOfPage\":{\"@id\":\"https:\\\/\\\/www.valuationtribunal.ie\\\/ga\\\/faisneis-usaideach\\\/#primaryimage\"},\"image\":{\"@id\":\"https:\\\/\\\/www.valuationtribunal.ie\\\/ga\\\/faisneis-usaideach\\\/#primaryimage\"},\"thumbnailUrl\":\"https:\\\/\\\/www.valuationtribunal.ie\\\/wp-content\\\/uploads\\\/2018\\\/01\\\/gavel.jpg\",\"datePublished\":\"2023-05-03T08:15:16+00:00\",\"dateModified\":\"2023-05-10T09:07:53+00:00\",\"breadcrumb\":{\"@id\":\"https:\\\/\\\/www.valuationtribunal.ie\\\/ga\\\/faisneis-usaideach\\\/#breadcrumb\"},\"inLanguage\":\"ga-IE\",\"potentialAction\":[{\"@type\":\"ReadAction\",\"target\":[\"https:\\\/\\\/www.valuationtribunal.ie\\\/ga\\\/faisneis-usaideach\\\/\"]}]},{\"@type\":\"ImageObject\",\"inLanguage\":\"ga-IE\",\"@id\":\"https:\\\/\\\/www.valuationtribunal.ie\\\/ga\\\/faisneis-usaideach\\\/#primaryimage\",\"url\":\"https:\\\/\\\/www.valuationtribunal.ie\\\/wp-content\\\/uploads\\\/2018\\\/01\\\/gavel.jpg\",\"contentUrl\":\"https:\\\/\\\/www.valuationtribunal.ie\\\/wp-content\\\/uploads\\\/2018\\\/01\\\/gavel.jpg\"},{\"@type\":\"BreadcrumbList\",\"@id\":\"https:\\\/\\\/www.valuationtribunal.ie\\\/ga\\\/faisneis-usaideach\\\/#breadcrumb\",\"itemListElement\":[{\"@type\":\"ListItem\",\"position\":1,\"name\":\"Home\",\"item\":\"https:\\\/\\\/www.valuationtribunal.ie\\\/ga\\\/\"},{\"@type\":\"ListItem\",\"position\":2,\"name\":\"Faisn\u00e9is \u00das\u00e1ideach\"}]},{\"@type\":\"WebSite\",\"@id\":\"https:\\\/\\\/vt.fusio.dev\\\/#website\",\"url\":\"https:\\\/\\\/vt.fusio.dev\\\/\",\"name\":\"An Binse Luach\u00e1la\",\"description\":\"\",\"publisher\":{\"@id\":\"https:\\\/\\\/vt.fusio.dev\\\/#organization\"},\"potentialAction\":[{\"@type\":\"SearchAction\",\"target\":{\"@type\":\"EntryPoint\",\"urlTemplate\":\"https:\\\/\\\/vt.fusio.dev\\\/?s={search_term_string}\"},\"query-input\":{\"@type\":\"PropertyValueSpecification\",\"valueRequired\":true,\"valueName\":\"search_term_string\"}}],\"inLanguage\":\"ga-IE\"},{\"@type\":\"Organization\",\"@id\":\"https:\\\/\\\/vt.fusio.dev\\\/#organization\",\"name\":\"An Binse Luach\u00e1la\",\"url\":\"https:\\\/\\\/vt.fusio.dev\\\/\",\"logo\":{\"@type\":\"ImageObject\",\"inLanguage\":\"ga-IE\",\"@id\":\"https:\\\/\\\/vt.fusio.dev\\\/#\\\/schema\\\/logo\\\/image\\\/\",\"url\":\"https:\\\/\\\/www.valuationtribunal.ie\\\/wp-content\\\/uploads\\\/2017\\\/06\\\/Valuation-Tribunal-Logo-250.jpg\",\"contentUrl\":\"https:\\\/\\\/www.valuationtribunal.ie\\\/wp-content\\\/uploads\\\/2017\\\/06\\\/Valuation-Tribunal-Logo-250.jpg\",\"width\":250,\"height\":72,\"caption\":\"An Binse Luach\u00e1la\"},\"image\":{\"@id\":\"https:\\\/\\\/vt.fusio.dev\\\/#\\\/schema\\\/logo\\\/image\\\/\"}}]}<\/script>\n<!-- \/ Yoast SEO plugin. -->","yoast_head_json":{"title":"Faisn\u00e9is \u00das\u00e1ideach - An Binse Luach\u00e1la","robots":{"index":"index","follow":"follow","max-snippet":"max-snippet:-1","max-image-preview":"max-image-preview:large","max-video-preview":"max-video-preview:-1"},"canonical":"https:\/\/www.valuationtribunal.ie\/ga\/faisneis-usaideach\/","og_locale":"ga_IE","og_type":"article","og_title":"Faisn\u00e9is \u00das\u00e1ideach - An Binse Luach\u00e1la","og_url":"https:\/\/www.valuationtribunal.ie\/ga\/faisneis-usaideach\/","og_site_name":"An Binse Luach\u00e1la","article_modified_time":"2023-05-10T09:07:53+00:00","og_image":[{"url":"https:\/\/vt.fusio.dev\/wp-content\/uploads\/2018\/01\/gavel.jpg","type":"","width":"","height":""}],"schema":{"@context":"https:\/\/schema.org","@graph":[{"@type":"WebPage","@id":"https:\/\/www.valuationtribunal.ie\/ga\/faisneis-usaideach\/","url":"https:\/\/www.valuationtribunal.ie\/ga\/faisneis-usaideach\/","name":"Faisn\u00e9is \u00das\u00e1ideach - An Binse Luach\u00e1la","isPartOf":{"@id":"https:\/\/vt.fusio.dev\/#website"},"primaryImageOfPage":{"@id":"https:\/\/www.valuationtribunal.ie\/ga\/faisneis-usaideach\/#primaryimage"},"image":{"@id":"https:\/\/www.valuationtribunal.ie\/ga\/faisneis-usaideach\/#primaryimage"},"thumbnailUrl":"https:\/\/www.valuationtribunal.ie\/wp-content\/uploads\/2018\/01\/gavel.jpg","datePublished":"2023-05-03T08:15:16+00:00","dateModified":"2023-05-10T09:07:53+00:00","breadcrumb":{"@id":"https:\/\/www.valuationtribunal.ie\/ga\/faisneis-usaideach\/#breadcrumb"},"inLanguage":"ga-IE","potentialAction":[{"@type":"ReadAction","target":["https:\/\/www.valuationtribunal.ie\/ga\/faisneis-usaideach\/"]}]},{"@type":"ImageObject","inLanguage":"ga-IE","@id":"https:\/\/www.valuationtribunal.ie\/ga\/faisneis-usaideach\/#primaryimage","url":"https:\/\/www.valuationtribunal.ie\/wp-content\/uploads\/2018\/01\/gavel.jpg","contentUrl":"https:\/\/www.valuationtribunal.ie\/wp-content\/uploads\/2018\/01\/gavel.jpg"},{"@type":"BreadcrumbList","@id":"https:\/\/www.valuationtribunal.ie\/ga\/faisneis-usaideach\/#breadcrumb","itemListElement":[{"@type":"ListItem","position":1,"name":"Home","item":"https:\/\/www.valuationtribunal.ie\/ga\/"},{"@type":"ListItem","position":2,"name":"Faisn\u00e9is \u00das\u00e1ideach"}]},{"@type":"WebSite","@id":"https:\/\/vt.fusio.dev\/#website","url":"https:\/\/vt.fusio.dev\/","name":"An Binse Luach\u00e1la","description":"","publisher":{"@id":"https:\/\/vt.fusio.dev\/#organization"},"potentialAction":[{"@type":"SearchAction","target":{"@type":"EntryPoint","urlTemplate":"https:\/\/vt.fusio.dev\/?s={search_term_string}"},"query-input":{"@type":"PropertyValueSpecification","valueRequired":true,"valueName":"search_term_string"}}],"inLanguage":"ga-IE"},{"@type":"Organization","@id":"https:\/\/vt.fusio.dev\/#organization","name":"An Binse Luach\u00e1la","url":"https:\/\/vt.fusio.dev\/","logo":{"@type":"ImageObject","inLanguage":"ga-IE","@id":"https:\/\/vt.fusio.dev\/#\/schema\/logo\/image\/","url":"https:\/\/www.valuationtribunal.ie\/wp-content\/uploads\/2017\/06\/Valuation-Tribunal-Logo-250.jpg","contentUrl":"https:\/\/www.valuationtribunal.ie\/wp-content\/uploads\/2017\/06\/Valuation-Tribunal-Logo-250.jpg","width":250,"height":72,"caption":"An Binse Luach\u00e1la"},"image":{"@id":"https:\/\/vt.fusio.dev\/#\/schema\/logo\/image\/"}}]}},"_links":{"self":[{"href":"https:\/\/www.valuationtribunal.ie\/ga\/wp-json\/wp\/v2\/pages\/12743","targetHints":{"allow":["GET"]}}],"collection":[{"href":"https:\/\/www.valuationtribunal.ie\/ga\/wp-json\/wp\/v2\/pages"}],"about":[{"href":"https:\/\/www.valuationtribunal.ie\/ga\/wp-json\/wp\/v2\/types\/page"}],"author":[{"embeddable":true,"href":"https:\/\/www.valuationtribunal.ie\/ga\/wp-json\/wp\/v2\/users\/88"}],"replies":[{"embeddable":true,"href":"https:\/\/www.valuationtribunal.ie\/ga\/wp-json\/wp\/v2\/comments?post=12743"}],"version-history":[{"count":3,"href":"https:\/\/www.valuationtribunal.ie\/ga\/wp-json\/wp\/v2\/pages\/12743\/revisions"}],"predecessor-version":[{"id":12759,"href":"https:\/\/www.valuationtribunal.ie\/ga\/wp-json\/wp\/v2\/pages\/12743\/revisions\/12759"}],"wp:attachment":[{"href":"https:\/\/www.valuationtribunal.ie\/ga\/wp-json\/wp\/v2\/media?parent=12743"}],"curies":[{"name":"wp","href":"https:\/\/api.w.org\/{rel}","templated":true}]}}