
{"id":12659,"date":"2017-10-20T20:36:30","date_gmt":"2017-10-20T20:36:30","guid":{"rendered":"https:\/\/www.valuationtribunal.ie\/an-nos-imeachta-le-linn-eisteachta-2\/"},"modified":"2023-05-05T16:02:39","modified_gmt":"2023-05-05T16:02:39","slug":"an-nos-imeachta-le-linn-eisteachta","status":"publish","type":"page","link":"https:\/\/www.valuationtribunal.ie\/ga\/an-nos-imeachta-le-linn-eisteachta\/","title":{"rendered":"An N\u00f3s Imeachta le linn \u00c9isteachta"},"content":{"rendered":"\n<p>\u00c9isteann Rann\u00e1n de chuid an Bhinse gach achomharc ar leith. B\u00edonn tri\u00far comhalta\u00ed ann i Rann\u00e1n agus n\u00ed m\u00f3r gur Cathaoirleach an Bhinse \u00e9 n\u00f3 \u00ed duine amh\u00e1in acu sin n\u00f3 n\u00ed m\u00f3r \u00e9 n\u00f3 \u00ed a bheith ina Leaschathaoirleach de chuid an Bhinse. Le linn \u00e9isteacht achomhairc, tugann gach p\u00e1irt\u00ed fianaise faoi mhionn agus cuireann siad a n-achoimre ar fhianaise i l\u00e1thair chun tac\u00fa lena gc\u00e1s agus d\u00e9anann an p\u00e1irt\u00ed\/na p\u00e1irtithe eile croscheisti\u00fa agus d\u00e9antar croscheisti\u00fa air\/uirthi\/orthu.<\/p>\n\n<p>Ceada\u00edtear do ph\u00e1irtithe r\u00e1iteas tosaigh a dh\u00e9anamh. Tugann an tAchomharc\u00f3ir fianaise ar dt\u00fas agus f\u00e9adfaidh an Binse agus an Freagr\u00f3ir (ionada\u00ed an Choimisin\u00e9ara Luach\u00e1la) ceisteanna a chur ar an Achomharc\u00f3ir agus\/n\u00f3 ar a bhfinn\u00e9. Tugann an Freagr\u00f3ir fianaise ansin agus f\u00e9adfaidh an Binse agus an tAchomharc\u00f3ir ceisteanna a chur ar an bhFreagr\u00f3ir agus\/n\u00f3 ar a bhfinn\u00e9. Nuair at\u00e1 tabhairt na fianaise curtha i gcr\u00edch, fiafr\u00f3idh an Binse den d\u00e1 ph\u00e1irt\u00ed an mian leo achoimre a thabhairt ar a gc\u00e1s. Seoltar \u00e9isteachta\u00ed achomhairc go pr\u00edobh\u00e1ideach.<\/p>\n\n<p>Tar \u00e9is na h\u00e9isteachta, eis\u00edonn an Binse breith r\u00e9as\u00fanaithe ina leagtar amach a chuid fionnachtana agus an bonn lena bhreith agus, m\u00e1 bhaineann an t-\u00e1bhar le c\u00farsa\u00ed candaim, d\u00e9antar mionsonra\u00ed faoi r\u00edomh na luach\u00e1la a leagan amach sa bhreith freisin. Tugtar c\u00f3ip scr\u00edofa do gach p\u00e1irt\u00ed agus, in am tr\u00e1tha, cuirtear ar ar l\u00e1ithre\u00e1n gr\u00e9as\u00e1in an Bhinse \u00ed.<\/p>\n\n<p>I gc\u00e1s nach bhfuil ceachtar p\u00e1irt\u00ed s\u00e1sta le cinneadh an Bhinse ar phonc dl\u00ed, f\u00e9adfaidh s\u00e9 n\u00f3 s\u00ed a iarraidh ar Chathaoirleach an Bhinse c\u00e1s a shonr\u00fa agus a sh\u00edni\u00fa chun tuairim na hArd-Ch\u00fairte a fh\u00e1il ina leith.<\/p>\n","protected":false},"excerpt":{"rendered":"<p>\u00c9isteann Rann\u00e1n de chuid an Bhinse gach achomharc ar leith. B\u00edonn tri\u00far comhalta\u00ed ann i Rann\u00e1n agus n\u00ed m\u00f3r gur Cathaoirleach an Bhinse \u00e9 n\u00f3 \u00ed duine amh\u00e1in acu sin n\u00f3 n\u00ed m\u00f3r \u00e9 n\u00f3 \u00ed a bheith ina Leaschathaoirleach de chuid an Bhinse. Le linn \u00e9isteacht achomhairc, tugann gach p\u00e1irt\u00ed fianaise faoi mhionn agus [&hellip;]<\/p>\n","protected":false},"author":2,"featured_media":0,"parent":0,"menu_order":0,"comment_status":"closed","ping_status":"closed","template":"","meta":{"site-sidebar-layout":"default","site-content-layout":"","ast-site-content-layout":"default","site-content-style":"default","site-sidebar-style":"default","ast-global-header-display":"","ast-banner-title-visibility":"","ast-main-header-display":"","ast-hfb-above-header-display":"","ast-hfb-below-header-display":"","ast-hfb-mobile-header-display":"","site-post-title":"","ast-breadcrumbs-content":"","ast-featured-img":"","footer-sml-layout":"","ast-disable-related-posts":"","theme-transparent-header-meta":"","adv-header-id-meta":"","stick-header-meta":"","header-above-stick-meta":"","header-main-stick-meta":"","header-below-stick-meta":"","astra-migrate-meta-layouts":"default","ast-page-background-enabled":"default","ast-page-background-meta":{"desktop":{"background-color":"var(--ast-global-color-4)","background-image":"","background-repeat":"repeat","background-position":"center center","background-size":"auto","background-attachment":"scroll","background-type":"","background-media":"","overlay-type":"","overlay-color":"","overlay-opacity":"","overlay-gradient":""},"tablet":{"background-color":"","background-image":"","background-repeat":"repeat","background-position":"center center","background-size":"auto","background-attachment":"scroll","background-type":"","background-media":"","overlay-type":"","overlay-color":"","overlay-opacity":"","overlay-gradient":""},"mobile":{"background-color":"","background-image":"","background-repeat":"repeat","background-position":"center center","background-size":"auto","background-attachment":"scroll","background-type":"","background-media":"","overlay-type":"","overlay-color":"","overlay-opacity":"","overlay-gradient":""}},"ast-content-background-meta":{"desktop":{"background-color":"var(--ast-global-color-5)","background-image":"","background-repeat":"repeat","background-position":"center center","background-size":"auto","background-attachment":"scroll","background-type":"","background-media":"","overlay-type":"","overlay-color":"","overlay-opacity":"","overlay-gradient":""},"tablet":{"background-color":"var(--ast-global-color-5)","background-image":"","background-repeat":"repeat","background-position":"center center","background-size":"auto","background-attachment":"scroll","background-type":"","background-media":"","overlay-type":"","overlay-color":"","overlay-opacity":"","overlay-gradient":""},"mobile":{"background-color":"var(--ast-global-color-5)","background-image":"","background-repeat":"repeat","background-position":"center center","background-size":"auto","background-attachment":"scroll","background-type":"","background-media":"","overlay-type":"","overlay-color":"","overlay-opacity":"","overlay-gradient":""}},"footnotes":""},"class_list":["post-12659","page","type-page","status-publish","hentry"],"yoast_head":"<!-- This site is optimized with the Yoast SEO plugin v27.3 - https:\/\/yoast.com\/product\/yoast-seo-wordpress\/ -->\n<title>An N\u00f3s Imeachta le linn \u00c9isteachta - An Binse Luach\u00e1la<\/title>\n<meta name=\"robots\" content=\"index, follow, max-snippet:-1, max-image-preview:large, max-video-preview:-1\" \/>\n<link rel=\"canonical\" href=\"https:\/\/www.valuationtribunal.ie\/ga\/an-nos-imeachta-le-linn-eisteachta\/\" \/>\n<meta property=\"og:locale\" content=\"ga_IE\" \/>\n<meta property=\"og:type\" content=\"article\" \/>\n<meta property=\"og:title\" content=\"An N\u00f3s Imeachta le linn \u00c9isteachta - An Binse Luach\u00e1la\" \/>\n<meta property=\"og:description\" content=\"\u00c9isteann Rann\u00e1n de chuid an Bhinse gach achomharc ar leith. B\u00edonn tri\u00far comhalta\u00ed ann i Rann\u00e1n agus n\u00ed m\u00f3r gur Cathaoirleach an Bhinse \u00e9 n\u00f3 \u00ed duine amh\u00e1in acu sin n\u00f3 n\u00ed m\u00f3r \u00e9 n\u00f3 \u00ed a bheith ina Leaschathaoirleach de chuid an Bhinse. Le linn \u00e9isteacht achomhairc, tugann gach p\u00e1irt\u00ed fianaise faoi mhionn agus [&hellip;]\" \/>\n<meta property=\"og:url\" content=\"https:\/\/www.valuationtribunal.ie\/ga\/an-nos-imeachta-le-linn-eisteachta\/\" \/>\n<meta property=\"og:site_name\" content=\"An Binse Luach\u00e1la\" \/>\n<meta property=\"article:modified_time\" content=\"2023-05-05T16:02:39+00:00\" \/>\n<meta name=\"twitter:label1\" content=\"Est. reading time\" \/>\n\t<meta name=\"twitter:data1\" content=\"2 minutes\" \/>\n<script type=\"application\/ld+json\" class=\"yoast-schema-graph\">{\"@context\":\"https:\\\/\\\/schema.org\",\"@graph\":[{\"@type\":\"WebPage\",\"@id\":\"https:\\\/\\\/www.valuationtribunal.ie\\\/ga\\\/an-nos-imeachta-le-linn-eisteachta\\\/\",\"url\":\"https:\\\/\\\/www.valuationtribunal.ie\\\/ga\\\/an-nos-imeachta-le-linn-eisteachta\\\/\",\"name\":\"An N\u00f3s Imeachta le linn \u00c9isteachta - An Binse Luach\u00e1la\",\"isPartOf\":{\"@id\":\"https:\\\/\\\/vt.fusio.dev\\\/#website\"},\"datePublished\":\"2017-10-20T20:36:30+00:00\",\"dateModified\":\"2023-05-05T16:02:39+00:00\",\"breadcrumb\":{\"@id\":\"https:\\\/\\\/www.valuationtribunal.ie\\\/ga\\\/an-nos-imeachta-le-linn-eisteachta\\\/#breadcrumb\"},\"inLanguage\":\"ga-IE\",\"potentialAction\":[{\"@type\":\"ReadAction\",\"target\":[\"https:\\\/\\\/www.valuationtribunal.ie\\\/ga\\\/an-nos-imeachta-le-linn-eisteachta\\\/\"]}]},{\"@type\":\"BreadcrumbList\",\"@id\":\"https:\\\/\\\/www.valuationtribunal.ie\\\/ga\\\/an-nos-imeachta-le-linn-eisteachta\\\/#breadcrumb\",\"itemListElement\":[{\"@type\":\"ListItem\",\"position\":1,\"name\":\"Home\",\"item\":\"https:\\\/\\\/www.valuationtribunal.ie\\\/ga\\\/\"},{\"@type\":\"ListItem\",\"position\":2,\"name\":\"An N\u00f3s Imeachta le linn \u00c9isteachta\"}]},{\"@type\":\"WebSite\",\"@id\":\"https:\\\/\\\/vt.fusio.dev\\\/#website\",\"url\":\"https:\\\/\\\/vt.fusio.dev\\\/\",\"name\":\"An Binse Luach\u00e1la\",\"description\":\"\",\"publisher\":{\"@id\":\"https:\\\/\\\/vt.fusio.dev\\\/#organization\"},\"potentialAction\":[{\"@type\":\"SearchAction\",\"target\":{\"@type\":\"EntryPoint\",\"urlTemplate\":\"https:\\\/\\\/vt.fusio.dev\\\/?s={search_term_string}\"},\"query-input\":{\"@type\":\"PropertyValueSpecification\",\"valueRequired\":true,\"valueName\":\"search_term_string\"}}],\"inLanguage\":\"ga-IE\"},{\"@type\":\"Organization\",\"@id\":\"https:\\\/\\\/vt.fusio.dev\\\/#organization\",\"name\":\"An Binse Luach\u00e1la\",\"url\":\"https:\\\/\\\/vt.fusio.dev\\\/\",\"logo\":{\"@type\":\"ImageObject\",\"inLanguage\":\"ga-IE\",\"@id\":\"https:\\\/\\\/vt.fusio.dev\\\/#\\\/schema\\\/logo\\\/image\\\/\",\"url\":\"https:\\\/\\\/www.valuationtribunal.ie\\\/wp-content\\\/uploads\\\/2017\\\/06\\\/Valuation-Tribunal-Logo-250.jpg\",\"contentUrl\":\"https:\\\/\\\/www.valuationtribunal.ie\\\/wp-content\\\/uploads\\\/2017\\\/06\\\/Valuation-Tribunal-Logo-250.jpg\",\"width\":250,\"height\":72,\"caption\":\"An Binse Luach\u00e1la\"},\"image\":{\"@id\":\"https:\\\/\\\/vt.fusio.dev\\\/#\\\/schema\\\/logo\\\/image\\\/\"}}]}<\/script>\n<!-- \/ Yoast SEO plugin. -->","yoast_head_json":{"title":"An N\u00f3s Imeachta le linn \u00c9isteachta - An Binse Luach\u00e1la","robots":{"index":"index","follow":"follow","max-snippet":"max-snippet:-1","max-image-preview":"max-image-preview:large","max-video-preview":"max-video-preview:-1"},"canonical":"https:\/\/www.valuationtribunal.ie\/ga\/an-nos-imeachta-le-linn-eisteachta\/","og_locale":"ga_IE","og_type":"article","og_title":"An N\u00f3s Imeachta le linn \u00c9isteachta - An Binse Luach\u00e1la","og_description":"\u00c9isteann Rann\u00e1n de chuid an Bhinse gach achomharc ar leith. B\u00edonn tri\u00far comhalta\u00ed ann i Rann\u00e1n agus n\u00ed m\u00f3r gur Cathaoirleach an Bhinse \u00e9 n\u00f3 \u00ed duine amh\u00e1in acu sin n\u00f3 n\u00ed m\u00f3r \u00e9 n\u00f3 \u00ed a bheith ina Leaschathaoirleach de chuid an Bhinse. Le linn \u00e9isteacht achomhairc, tugann gach p\u00e1irt\u00ed fianaise faoi mhionn agus [&hellip;]","og_url":"https:\/\/www.valuationtribunal.ie\/ga\/an-nos-imeachta-le-linn-eisteachta\/","og_site_name":"An Binse Luach\u00e1la","article_modified_time":"2023-05-05T16:02:39+00:00","twitter_misc":{"Est. reading time":"2 minutes"},"schema":{"@context":"https:\/\/schema.org","@graph":[{"@type":"WebPage","@id":"https:\/\/www.valuationtribunal.ie\/ga\/an-nos-imeachta-le-linn-eisteachta\/","url":"https:\/\/www.valuationtribunal.ie\/ga\/an-nos-imeachta-le-linn-eisteachta\/","name":"An N\u00f3s Imeachta le linn \u00c9isteachta - An Binse Luach\u00e1la","isPartOf":{"@id":"https:\/\/vt.fusio.dev\/#website"},"datePublished":"2017-10-20T20:36:30+00:00","dateModified":"2023-05-05T16:02:39+00:00","breadcrumb":{"@id":"https:\/\/www.valuationtribunal.ie\/ga\/an-nos-imeachta-le-linn-eisteachta\/#breadcrumb"},"inLanguage":"ga-IE","potentialAction":[{"@type":"ReadAction","target":["https:\/\/www.valuationtribunal.ie\/ga\/an-nos-imeachta-le-linn-eisteachta\/"]}]},{"@type":"BreadcrumbList","@id":"https:\/\/www.valuationtribunal.ie\/ga\/an-nos-imeachta-le-linn-eisteachta\/#breadcrumb","itemListElement":[{"@type":"ListItem","position":1,"name":"Home","item":"https:\/\/www.valuationtribunal.ie\/ga\/"},{"@type":"ListItem","position":2,"name":"An N\u00f3s Imeachta le linn \u00c9isteachta"}]},{"@type":"WebSite","@id":"https:\/\/vt.fusio.dev\/#website","url":"https:\/\/vt.fusio.dev\/","name":"An Binse Luach\u00e1la","description":"","publisher":{"@id":"https:\/\/vt.fusio.dev\/#organization"},"potentialAction":[{"@type":"SearchAction","target":{"@type":"EntryPoint","urlTemplate":"https:\/\/vt.fusio.dev\/?s={search_term_string}"},"query-input":{"@type":"PropertyValueSpecification","valueRequired":true,"valueName":"search_term_string"}}],"inLanguage":"ga-IE"},{"@type":"Organization","@id":"https:\/\/vt.fusio.dev\/#organization","name":"An Binse Luach\u00e1la","url":"https:\/\/vt.fusio.dev\/","logo":{"@type":"ImageObject","inLanguage":"ga-IE","@id":"https:\/\/vt.fusio.dev\/#\/schema\/logo\/image\/","url":"https:\/\/www.valuationtribunal.ie\/wp-content\/uploads\/2017\/06\/Valuation-Tribunal-Logo-250.jpg","contentUrl":"https:\/\/www.valuationtribunal.ie\/wp-content\/uploads\/2017\/06\/Valuation-Tribunal-Logo-250.jpg","width":250,"height":72,"caption":"An Binse Luach\u00e1la"},"image":{"@id":"https:\/\/vt.fusio.dev\/#\/schema\/logo\/image\/"}}]}},"_links":{"self":[{"href":"https:\/\/www.valuationtribunal.ie\/ga\/wp-json\/wp\/v2\/pages\/12659","targetHints":{"allow":["GET"]}}],"collection":[{"href":"https:\/\/www.valuationtribunal.ie\/ga\/wp-json\/wp\/v2\/pages"}],"about":[{"href":"https:\/\/www.valuationtribunal.ie\/ga\/wp-json\/wp\/v2\/types\/page"}],"author":[{"embeddable":true,"href":"https:\/\/www.valuationtribunal.ie\/ga\/wp-json\/wp\/v2\/users\/2"}],"replies":[{"embeddable":true,"href":"https:\/\/www.valuationtribunal.ie\/ga\/wp-json\/wp\/v2\/comments?post=12659"}],"version-history":[{"count":1,"href":"https:\/\/www.valuationtribunal.ie\/ga\/wp-json\/wp\/v2\/pages\/12659\/revisions"}],"predecessor-version":[{"id":12660,"href":"https:\/\/www.valuationtribunal.ie\/ga\/wp-json\/wp\/v2\/pages\/12659\/revisions\/12660"}],"wp:attachment":[{"href":"https:\/\/www.valuationtribunal.ie\/ga\/wp-json\/wp\/v2\/media?parent=12659"}],"curies":[{"name":"wp","href":"https:\/\/api.w.org\/{rel}","templated":true}]}}